{"id":572569,"date":"2025-09-19T08:52:46","date_gmt":"2025-09-19T06:52:46","guid":{"rendered":"https:\/\/pharma-hemp.com\/?post_type=product&#038;p=572569"},"modified":"2026-03-04T10:42:08","modified_gmt":"2026-03-04T08:42:08","slug":"toner-solucion-illumiel-ac","status":"publish","type":"product","link":"https:\/\/pharma-hemp.com\/es\/shop\/toner-solucion-illumiel-ac\/","title":{"rendered":"T\u00f3ner Soluci\u00f3n Illumiel AC"},"content":{"rendered":"<p><span style=\"font-weight: 400;\">Un t\u00f3nico suave y ligero como el agua que calma la irritaci\u00f3n e infunde una hidrataci\u00f3n duradera. Refina la textura de la piel y ayuda a reducir las acumulaciones con una irritaci\u00f3n m\u00ednima. Formulado para pieles sensibles y con problemas. <\/span><\/p>\n","protected":false},"excerpt":{"rendered":"<p><span style=\"font-weight: 400;\">Un t\u00f3nico suave y ligero como el agua que calma la irritaci\u00f3n e infunde una hidrataci\u00f3n duradera. Refina la textura de la piel y ayuda a reducir las acumulaciones con una irritaci\u00f3n m\u00ednima. Formulado para pieles sensibles y con problemas. <\/span><\/p>\n","protected":false},"featured_media":572574,"template":"","meta":[],"product_brand":[],"product_cat":[293,294],"product_tag":[1225,1424,1417,1423,1217,1396,1397,1181,1425,1422],"class_list":{"0":"post-572569","1":"product","2":"type-product","3":"status-publish","4":"has-post-thumbnail","6":"product_cat-comprar-por-marca","7":"product_cat-illumiel-es","8":"product_tag-acne","9":"product_tag-balance-ph","10":"product_tag-calmante","11":"product_tag-cierre-poros","12":"product_tag-granitos","13":"product_tag-piel-grasa","14":"product_tag-piel-impura","15":"product_tag-piel-sensible","16":"product_tag-preparacion-crema","17":"product_tag-tonico-sin-alcohol","19":"first","20":"instock","21":"shipping-taxable","22":"purchasable","23":"product-type-simple"},"acf":{"konfigurator_product_name":"","konfigurator_product_description":"","konfigurator_product_image_url":""},"yoast_head":"<!-- This site is optimized with the Yoast SEO plugin v27.3 - https:\/\/yoast.com\/product\/yoast-seo-wordpress\/ -->\n<title>T\u00f3ner Soluci\u00f3n Illumiel AC<\/title>\n<meta name=\"description\" content=\"Un t\u00f3nico suave y ligero como el agua que calma la irritaci\u00f3n e infunde una hidrataci\u00f3n duradera. Refina la textura de la piel y ayuda a reducir las acumulaciones con una irritaci\u00f3n m\u00ednima. Formulado para pieles sensibles y con problemas.\" \/>\n<meta name=\"robots\" content=\"index, follow, max-snippet:-1, max-image-preview:large, max-video-preview:-1\" \/>\n<link rel=\"canonical\" href=\"https:\/\/pharma-hemp.com\/es\/shop\/toner-solucion-illumiel-ac\/\" \/>\n<meta property=\"og:locale\" content=\"es_ES\" \/>\n<meta property=\"og:type\" content=\"article\" \/>\n<meta property=\"og:title\" content=\"T\u00f3ner Soluci\u00f3n Illumiel AC\" \/>\n<meta property=\"og:description\" content=\"Un t\u00f3nico suave y ligero como el agua que calma la irritaci\u00f3n e infunde una hidrataci\u00f3n duradera. Refina la textura de la piel y ayuda a reducir las acumulaciones con una irritaci\u00f3n m\u00ednima. Formulado para pieles sensibles y con problemas.\" \/>\n<meta property=\"og:url\" content=\"https:\/\/pharma-hemp.com\/es\/shop\/toner-solucion-illumiel-ac\/\" \/>\n<meta property=\"og:site_name\" content=\"Pharma Hemp\" \/>\n<meta property=\"article:modified_time\" content=\"2026-03-04T08:42:08+00:00\" \/>\n<meta property=\"og:image\" content=\"https:\/\/pharma-hemp.com\/wp-content\/uploads\/2025\/09\/Illumiel_AC_Solution_Toner_01.jpg\" \/>\n\t<meta property=\"og:image:width\" content=\"1000\" \/>\n\t<meta property=\"og:image:height\" content=\"1001\" \/>\n\t<meta property=\"og:image:type\" content=\"image\/jpeg\" \/>\n<meta name=\"twitter:card\" content=\"summary_large_image\" \/>\n<meta name=\"twitter:label1\" content=\"Tiempo de lectura\" \/>\n\t<meta name=\"twitter:data1\" content=\"1 minuto\" \/>\n<script type=\"application\/ld+json\" class=\"yoast-schema-graph\">{\"@context\":\"https:\\\/\\\/schema.org\",\"@graph\":[{\"@type\":\"WebPage\",\"@id\":\"https:\\\/\\\/pharma-hemp.com\\\/es\\\/shop\\\/toner-solucion-illumiel-ac\\\/\",\"url\":\"https:\\\/\\\/pharma-hemp.com\\\/es\\\/shop\\\/toner-solucion-illumiel-ac\\\/\",\"name\":\"T\u00f3ner Soluci\u00f3n Illumiel AC\",\"isPartOf\":{\"@id\":\"https:\\\/\\\/pharma-hemp.com\\\/es\\\/#website\"},\"primaryImageOfPage\":{\"@id\":\"https:\\\/\\\/pharma-hemp.com\\\/es\\\/shop\\\/toner-solucion-illumiel-ac\\\/#primaryimage\"},\"image\":{\"@id\":\"https:\\\/\\\/pharma-hemp.com\\\/es\\\/shop\\\/toner-solucion-illumiel-ac\\\/#primaryimage\"},\"thumbnailUrl\":\"https:\\\/\\\/pharma-hemp.com\\\/wp-content\\\/uploads\\\/2025\\\/09\\\/Illumiel_AC_Solution_Toner_01.jpg\",\"datePublished\":\"2025-09-19T06:52:46+00:00\",\"dateModified\":\"2026-03-04T08:42:08+00:00\",\"description\":\"Un t\u00f3nico suave y ligero como el agua que calma la irritaci\u00f3n e infunde una hidrataci\u00f3n duradera. Refina la textura de la piel y ayuda a reducir las acumulaciones con una irritaci\u00f3n m\u00ednima. Formulado para pieles sensibles y con problemas.\",\"breadcrumb\":{\"@id\":\"https:\\\/\\\/pharma-hemp.com\\\/es\\\/shop\\\/toner-solucion-illumiel-ac\\\/#breadcrumb\"},\"inLanguage\":\"es\",\"potentialAction\":[{\"@type\":\"ReadAction\",\"target\":[\"https:\\\/\\\/pharma-hemp.com\\\/es\\\/shop\\\/toner-solucion-illumiel-ac\\\/\"]}]},{\"@type\":\"ImageObject\",\"inLanguage\":\"es\",\"@id\":\"https:\\\/\\\/pharma-hemp.com\\\/es\\\/shop\\\/toner-solucion-illumiel-ac\\\/#primaryimage\",\"url\":\"https:\\\/\\\/pharma-hemp.com\\\/wp-content\\\/uploads\\\/2025\\\/09\\\/Illumiel_AC_Solution_Toner_01.jpg\",\"contentUrl\":\"https:\\\/\\\/pharma-hemp.com\\\/wp-content\\\/uploads\\\/2025\\\/09\\\/Illumiel_AC_Solution_Toner_01.jpg\",\"width\":1000,\"height\":1001},{\"@type\":\"BreadcrumbList\",\"@id\":\"https:\\\/\\\/pharma-hemp.com\\\/es\\\/shop\\\/toner-solucion-illumiel-ac\\\/#breadcrumb\",\"itemListElement\":[{\"@type\":\"ListItem\",\"position\":1,\"name\":\"Home\",\"item\":\"https:\\\/\\\/pharma-hemp.com\\\/es\\\/\"},{\"@type\":\"ListItem\",\"position\":2,\"name\":\"Tienda\",\"item\":\"https:\\\/\\\/pharma-hemp.com\\\/es\\\/tienda\\\/\"},{\"@type\":\"ListItem\",\"position\":3,\"name\":\"T\u00f3ner Soluci\u00f3n Illumiel AC\"}]},{\"@type\":\"WebSite\",\"@id\":\"https:\\\/\\\/pharma-hemp.com\\\/es\\\/#website\",\"url\":\"https:\\\/\\\/pharma-hemp.com\\\/es\\\/\",\"name\":\"Pharma Hemp\",\"description\":\"CBD store\",\"publisher\":{\"@id\":\"https:\\\/\\\/pharma-hemp.com\\\/es\\\/#organization\"},\"potentialAction\":[{\"@type\":\"SearchAction\",\"target\":{\"@type\":\"EntryPoint\",\"urlTemplate\":\"https:\\\/\\\/pharma-hemp.com\\\/es\\\/?s={search_term_string}\"},\"query-input\":{\"@type\":\"PropertyValueSpecification\",\"valueRequired\":true,\"valueName\":\"search_term_string\"}}],\"inLanguage\":\"es\"},{\"@type\":\"Organization\",\"@id\":\"https:\\\/\\\/pharma-hemp.com\\\/es\\\/#organization\",\"name\":\"PharmaHemp\",\"url\":\"https:\\\/\\\/pharma-hemp.com\\\/es\\\/\",\"logo\":{\"@type\":\"ImageObject\",\"inLanguage\":\"es\",\"@id\":\"https:\\\/\\\/pharma-hemp.com\\\/es\\\/#\\\/schema\\\/logo\\\/image\\\/\",\"url\":\"https:\\\/\\\/pharma-hemp.com\\\/wp-content\\\/uploads\\\/2025\\\/04\\\/Pharma-Hemp-logo_crn-1.png\",\"contentUrl\":\"https:\\\/\\\/pharma-hemp.com\\\/wp-content\\\/uploads\\\/2025\\\/04\\\/Pharma-Hemp-logo_crn-1.png\",\"width\":200,\"height\":44,\"caption\":\"PharmaHemp\"},\"image\":{\"@id\":\"https:\\\/\\\/pharma-hemp.com\\\/es\\\/#\\\/schema\\\/logo\\\/image\\\/\"}}]}<\/script>\n<!-- \/ Yoast SEO plugin. -->","yoast_head_json":{"title":"T\u00f3ner Soluci\u00f3n Illumiel AC","description":"Un t\u00f3nico suave y ligero como el agua que calma la irritaci\u00f3n e infunde una hidrataci\u00f3n duradera. Refina la textura de la piel y ayuda a reducir las acumulaciones con una irritaci\u00f3n m\u00ednima. Formulado para pieles sensibles y con problemas.","robots":{"index":"index","follow":"follow","max-snippet":"max-snippet:-1","max-image-preview":"max-image-preview:large","max-video-preview":"max-video-preview:-1"},"canonical":"https:\/\/pharma-hemp.com\/es\/shop\/toner-solucion-illumiel-ac\/","og_locale":"es_ES","og_type":"article","og_title":"T\u00f3ner Soluci\u00f3n Illumiel AC","og_description":"Un t\u00f3nico suave y ligero como el agua que calma la irritaci\u00f3n e infunde una hidrataci\u00f3n duradera. Refina la textura de la piel y ayuda a reducir las acumulaciones con una irritaci\u00f3n m\u00ednima. Formulado para pieles sensibles y con problemas.","og_url":"https:\/\/pharma-hemp.com\/es\/shop\/toner-solucion-illumiel-ac\/","og_site_name":"Pharma Hemp","article_modified_time":"2026-03-04T08:42:08+00:00","og_image":[{"width":1000,"height":1001,"url":"https:\/\/pharma-hemp.com\/wp-content\/uploads\/2025\/09\/Illumiel_AC_Solution_Toner_01.jpg","type":"image\/jpeg"}],"twitter_card":"summary_large_image","twitter_misc":{"Tiempo de lectura":"1 minuto"},"schema":{"@context":"https:\/\/schema.org","@graph":[{"@type":"WebPage","@id":"https:\/\/pharma-hemp.com\/es\/shop\/toner-solucion-illumiel-ac\/","url":"https:\/\/pharma-hemp.com\/es\/shop\/toner-solucion-illumiel-ac\/","name":"T\u00f3ner Soluci\u00f3n Illumiel AC","isPartOf":{"@id":"https:\/\/pharma-hemp.com\/es\/#website"},"primaryImageOfPage":{"@id":"https:\/\/pharma-hemp.com\/es\/shop\/toner-solucion-illumiel-ac\/#primaryimage"},"image":{"@id":"https:\/\/pharma-hemp.com\/es\/shop\/toner-solucion-illumiel-ac\/#primaryimage"},"thumbnailUrl":"https:\/\/pharma-hemp.com\/wp-content\/uploads\/2025\/09\/Illumiel_AC_Solution_Toner_01.jpg","datePublished":"2025-09-19T06:52:46+00:00","dateModified":"2026-03-04T08:42:08+00:00","description":"Un t\u00f3nico suave y ligero como el agua que calma la irritaci\u00f3n e infunde una hidrataci\u00f3n duradera. Refina la textura de la piel y ayuda a reducir las acumulaciones con una irritaci\u00f3n m\u00ednima. Formulado para pieles sensibles y con problemas.","breadcrumb":{"@id":"https:\/\/pharma-hemp.com\/es\/shop\/toner-solucion-illumiel-ac\/#breadcrumb"},"inLanguage":"es","potentialAction":[{"@type":"ReadAction","target":["https:\/\/pharma-hemp.com\/es\/shop\/toner-solucion-illumiel-ac\/"]}]},{"@type":"ImageObject","inLanguage":"es","@id":"https:\/\/pharma-hemp.com\/es\/shop\/toner-solucion-illumiel-ac\/#primaryimage","url":"https:\/\/pharma-hemp.com\/wp-content\/uploads\/2025\/09\/Illumiel_AC_Solution_Toner_01.jpg","contentUrl":"https:\/\/pharma-hemp.com\/wp-content\/uploads\/2025\/09\/Illumiel_AC_Solution_Toner_01.jpg","width":1000,"height":1001},{"@type":"BreadcrumbList","@id":"https:\/\/pharma-hemp.com\/es\/shop\/toner-solucion-illumiel-ac\/#breadcrumb","itemListElement":[{"@type":"ListItem","position":1,"name":"Home","item":"https:\/\/pharma-hemp.com\/es\/"},{"@type":"ListItem","position":2,"name":"Tienda","item":"https:\/\/pharma-hemp.com\/es\/tienda\/"},{"@type":"ListItem","position":3,"name":"T\u00f3ner Soluci\u00f3n Illumiel AC"}]},{"@type":"WebSite","@id":"https:\/\/pharma-hemp.com\/es\/#website","url":"https:\/\/pharma-hemp.com\/es\/","name":"Pharma Hemp","description":"CBD store","publisher":{"@id":"https:\/\/pharma-hemp.com\/es\/#organization"},"potentialAction":[{"@type":"SearchAction","target":{"@type":"EntryPoint","urlTemplate":"https:\/\/pharma-hemp.com\/es\/?s={search_term_string}"},"query-input":{"@type":"PropertyValueSpecification","valueRequired":true,"valueName":"search_term_string"}}],"inLanguage":"es"},{"@type":"Organization","@id":"https:\/\/pharma-hemp.com\/es\/#organization","name":"PharmaHemp","url":"https:\/\/pharma-hemp.com\/es\/","logo":{"@type":"ImageObject","inLanguage":"es","@id":"https:\/\/pharma-hemp.com\/es\/#\/schema\/logo\/image\/","url":"https:\/\/pharma-hemp.com\/wp-content\/uploads\/2025\/04\/Pharma-Hemp-logo_crn-1.png","contentUrl":"https:\/\/pharma-hemp.com\/wp-content\/uploads\/2025\/04\/Pharma-Hemp-logo_crn-1.png","width":200,"height":44,"caption":"PharmaHemp"},"image":{"@id":"https:\/\/pharma-hemp.com\/es\/#\/schema\/logo\/image\/"}}]}},"_links":{"self":[{"href":"https:\/\/pharma-hemp.com\/es\/wp-json\/wp\/v2\/product\/572569","targetHints":{"allow":["GET"]}}],"collection":[{"href":"https:\/\/pharma-hemp.com\/es\/wp-json\/wp\/v2\/product"}],"about":[{"href":"https:\/\/pharma-hemp.com\/es\/wp-json\/wp\/v2\/types\/product"}],"wp:featuredmedia":[{"embeddable":true,"href":"https:\/\/pharma-hemp.com\/es\/wp-json\/wp\/v2\/media\/572574"}],"wp:attachment":[{"href":"https:\/\/pharma-hemp.com\/es\/wp-json\/wp\/v2\/media?parent=572569"}],"wp:term":[{"taxonomy":"product_brand","embeddable":true,"href":"https:\/\/pharma-hemp.com\/es\/wp-json\/wp\/v2\/product_brand?post=572569"},{"taxonomy":"product_cat","embeddable":true,"href":"https:\/\/pharma-hemp.com\/es\/wp-json\/wp\/v2\/product_cat?post=572569"},{"taxonomy":"product_tag","embeddable":true,"href":"https:\/\/pharma-hemp.com\/es\/wp-json\/wp\/v2\/product_tag?post=572569"}],"curies":[{"name":"wp","href":"https:\/\/api.w.org\/{rel}","templated":true}]}}