{"id":572560,"date":"2025-08-18T11:27:25","date_gmt":"2025-08-18T09:27:25","guid":{"rendered":"https:\/\/pharma-hemp.com\/?post_type=product&#038;p=572560"},"modified":"2026-03-04T10:33:44","modified_gmt":"2026-03-04T08:33:44","slug":"illumiel-ac-solucion-espuma-limpiadora","status":"publish","type":"product","link":"https:\/\/pharma-hemp.com\/es\/shop\/illumiel-ac-solucion-espuma-limpiadora\/","title":{"rendered":"Illumiel AC Soluci\u00f3n Espuma Limpiadora"},"content":{"rendered":"<p>Una espuma limpiadora suave y ligeramente \u00e1cida. Este limpiador cremoso elimina las impurezas y las c\u00e9lulas muertas de la piel, al tiempo que la nutre e hidrata. Calma sin despojar, dejando la piel suave, limpia y equilibrada. Adecuado para pieles sensibles y propensas al acn\u00e9.<\/p>\n","protected":false},"excerpt":{"rendered":"<p><span style=\"font-weight: 400;\">Un limpiador que hace algo m\u00e1s que limpiar: hidrata, calma y restablece tu piel. Dise\u00f1ado para su uso diario en el rostro y el cuello, est\u00e1 repleto de ingredientes de alta calidad que refrescan, nutren y equilibran, dejando tu piel preparada para lo que venga despu\u00e9s. <\/span><\/p>\n","protected":false},"featured_media":572568,"template":"","meta":[],"product_brand":[],"product_cat":[293,294],"product_tag":[1225,1217,1399,1400,1398,1396,1397,1181,1222,1177],"class_list":{"0":"post-572560","1":"product","2":"type-product","3":"status-publish","4":"has-post-thumbnail","6":"product_cat-comprar-por-marca","7":"product_cat-illumiel-es","8":"product_tag-acne","9":"product_tag-granitos","10":"product_tag-imperfecciones","11":"product_tag-limpiador-diario","12":"product_tag-limpieza-facial","13":"product_tag-piel-grasa","14":"product_tag-piel-impura","15":"product_tag-piel-sensible","16":"product_tag-poros-obstruidos","17":"product_tag-rojeces","19":"first","20":"instock","21":"shipping-taxable","22":"purchasable","23":"product-type-simple"},"acf":{"konfigurator_product_name":"","konfigurator_product_description":"","konfigurator_product_image_url":""},"yoast_head":"<!-- This site is optimized with the Yoast SEO plugin v27.1.1 - https:\/\/yoast.com\/product\/yoast-seo-wordpress\/ -->\n<title>Espuma limpiadora Illumiel<\/title>\n<meta name=\"description\" content=\"Una espuma limpiadora suave y ligeramente \u00e1cida. Este limpiador cremoso elimina las impurezas y las c\u00e9lulas muertas de la piel, al tiempo que la nutre e hidrata. Calma sin despojar, dejando la piel suave, limpia y equilibrada. Adecuado para pieles sensibles y propensas al acn\u00e9.\" \/>\n<meta name=\"robots\" content=\"index, follow, max-snippet:-1, max-image-preview:large, max-video-preview:-1\" \/>\n<link rel=\"canonical\" href=\"https:\/\/pharma-hemp.com\/es\/shop\/illumiel-ac-solucion-espuma-limpiadora\/\" \/>\n<meta property=\"og:locale\" content=\"es_ES\" \/>\n<meta property=\"og:type\" content=\"article\" \/>\n<meta property=\"og:title\" content=\"Espuma limpiadora Illumiel\" \/>\n<meta property=\"og:description\" content=\"Una espuma limpiadora suave y ligeramente \u00e1cida. Este limpiador cremoso elimina las impurezas y las c\u00e9lulas muertas de la piel, al tiempo que la nutre e hidrata. Calma sin despojar, dejando la piel suave, limpia y equilibrada. Adecuado para pieles sensibles y propensas al acn\u00e9.\" \/>\n<meta property=\"og:url\" content=\"https:\/\/pharma-hemp.com\/es\/shop\/illumiel-ac-solucion-espuma-limpiadora\/\" \/>\n<meta property=\"og:site_name\" content=\"Pharma Hemp\" \/>\n<meta property=\"article:modified_time\" content=\"2026-03-04T08:33:44+00:00\" \/>\n<meta property=\"og:image\" content=\"https:\/\/pharma-hemp.com\/wp-content\/uploads\/2025\/09\/Illumiel_AC_Solution_Foam_Cleanser_01.jpg\" \/>\n\t<meta property=\"og:image:width\" content=\"999\" \/>\n\t<meta property=\"og:image:height\" content=\"1000\" \/>\n\t<meta property=\"og:image:type\" content=\"image\/jpeg\" \/>\n<meta name=\"twitter:card\" content=\"summary_large_image\" \/>\n<meta name=\"twitter:label1\" content=\"Tiempo de lectura\" \/>\n\t<meta name=\"twitter:data1\" content=\"1 minuto\" \/>\n<script type=\"application\/ld+json\" class=\"yoast-schema-graph\">{\"@context\":\"https:\/\/schema.org\",\"@graph\":[{\"@type\":\"WebPage\",\"@id\":\"https:\/\/pharma-hemp.com\/es\/shop\/illumiel-ac-solucion-espuma-limpiadora\/\",\"url\":\"https:\/\/pharma-hemp.com\/es\/shop\/illumiel-ac-solucion-espuma-limpiadora\/\",\"name\":\"Espuma limpiadora Illumiel\",\"isPartOf\":{\"@id\":\"https:\/\/pharma-hemp.com\/es\/#website\"},\"primaryImageOfPage\":{\"@id\":\"https:\/\/pharma-hemp.com\/es\/shop\/illumiel-ac-solucion-espuma-limpiadora\/#primaryimage\"},\"image\":{\"@id\":\"https:\/\/pharma-hemp.com\/es\/shop\/illumiel-ac-solucion-espuma-limpiadora\/#primaryimage\"},\"thumbnailUrl\":\"https:\/\/pharma-hemp.com\/wp-content\/uploads\/2025\/09\/Illumiel_AC_Solution_Foam_Cleanser_01.jpg\",\"datePublished\":\"2025-08-18T09:27:25+00:00\",\"dateModified\":\"2026-03-04T08:33:44+00:00\",\"description\":\"Una espuma limpiadora suave y ligeramente \u00e1cida. Este limpiador cremoso elimina las impurezas y las c\u00e9lulas muertas de la piel, al tiempo que la nutre e hidrata. Calma sin despojar, dejando la piel suave, limpia y equilibrada. Adecuado para pieles sensibles y propensas al acn\u00e9.\",\"breadcrumb\":{\"@id\":\"https:\/\/pharma-hemp.com\/es\/shop\/illumiel-ac-solucion-espuma-limpiadora\/#breadcrumb\"},\"inLanguage\":\"es\",\"potentialAction\":[{\"@type\":\"ReadAction\",\"target\":[\"https:\/\/pharma-hemp.com\/es\/shop\/illumiel-ac-solucion-espuma-limpiadora\/\"]}]},{\"@type\":\"ImageObject\",\"inLanguage\":\"es\",\"@id\":\"https:\/\/pharma-hemp.com\/es\/shop\/illumiel-ac-solucion-espuma-limpiadora\/#primaryimage\",\"url\":\"https:\/\/pharma-hemp.com\/wp-content\/uploads\/2025\/09\/Illumiel_AC_Solution_Foam_Cleanser_01.jpg\",\"contentUrl\":\"https:\/\/pharma-hemp.com\/wp-content\/uploads\/2025\/09\/Illumiel_AC_Solution_Foam_Cleanser_01.jpg\",\"width\":999,\"height\":1000},{\"@type\":\"BreadcrumbList\",\"@id\":\"https:\/\/pharma-hemp.com\/es\/shop\/illumiel-ac-solucion-espuma-limpiadora\/#breadcrumb\",\"itemListElement\":[{\"@type\":\"ListItem\",\"position\":1,\"name\":\"Home\",\"item\":\"https:\/\/pharma-hemp.com\/es\/\"},{\"@type\":\"ListItem\",\"position\":2,\"name\":\"Tienda\",\"item\":\"https:\/\/pharma-hemp.com\/es\/tienda\/\"},{\"@type\":\"ListItem\",\"position\":3,\"name\":\"Illumiel AC Soluci\u00f3n Espuma Limpiadora\"}]},{\"@type\":\"WebSite\",\"@id\":\"https:\/\/pharma-hemp.com\/es\/#website\",\"url\":\"https:\/\/pharma-hemp.com\/es\/\",\"name\":\"Pharma Hemp\",\"description\":\"CBD store\",\"publisher\":{\"@id\":\"https:\/\/pharma-hemp.com\/es\/#organization\"},\"potentialAction\":[{\"@type\":\"SearchAction\",\"target\":{\"@type\":\"EntryPoint\",\"urlTemplate\":\"https:\/\/pharma-hemp.com\/es\/?s={search_term_string}\"},\"query-input\":{\"@type\":\"PropertyValueSpecification\",\"valueRequired\":true,\"valueName\":\"search_term_string\"}}],\"inLanguage\":\"es\"},{\"@type\":\"Organization\",\"@id\":\"https:\/\/pharma-hemp.com\/es\/#organization\",\"name\":\"PharmaHemp\",\"url\":\"https:\/\/pharma-hemp.com\/es\/\",\"logo\":{\"@type\":\"ImageObject\",\"inLanguage\":\"es\",\"@id\":\"https:\/\/pharma-hemp.com\/es\/#\/schema\/logo\/image\/\",\"url\":\"https:\/\/pharma-hemp.com\/wp-content\/uploads\/2025\/04\/Pharma-Hemp-logo_crn-1.png\",\"contentUrl\":\"https:\/\/pharma-hemp.com\/wp-content\/uploads\/2025\/04\/Pharma-Hemp-logo_crn-1.png\",\"width\":200,\"height\":44,\"caption\":\"PharmaHemp\"},\"image\":{\"@id\":\"https:\/\/pharma-hemp.com\/es\/#\/schema\/logo\/image\/\"}}]}<\/script>\n<!-- \/ Yoast SEO plugin. -->","yoast_head_json":{"title":"Espuma limpiadora Illumiel","description":"Una espuma limpiadora suave y ligeramente \u00e1cida. Este limpiador cremoso elimina las impurezas y las c\u00e9lulas muertas de la piel, al tiempo que la nutre e hidrata. Calma sin despojar, dejando la piel suave, limpia y equilibrada. Adecuado para pieles sensibles y propensas al acn\u00e9.","robots":{"index":"index","follow":"follow","max-snippet":"max-snippet:-1","max-image-preview":"max-image-preview:large","max-video-preview":"max-video-preview:-1"},"canonical":"https:\/\/pharma-hemp.com\/es\/shop\/illumiel-ac-solucion-espuma-limpiadora\/","og_locale":"es_ES","og_type":"article","og_title":"Espuma limpiadora Illumiel","og_description":"Una espuma limpiadora suave y ligeramente \u00e1cida. Este limpiador cremoso elimina las impurezas y las c\u00e9lulas muertas de la piel, al tiempo que la nutre e hidrata. Calma sin despojar, dejando la piel suave, limpia y equilibrada. Adecuado para pieles sensibles y propensas al acn\u00e9.","og_url":"https:\/\/pharma-hemp.com\/es\/shop\/illumiel-ac-solucion-espuma-limpiadora\/","og_site_name":"Pharma Hemp","article_modified_time":"2026-03-04T08:33:44+00:00","og_image":[{"width":999,"height":1000,"url":"https:\/\/pharma-hemp.com\/wp-content\/uploads\/2025\/09\/Illumiel_AC_Solution_Foam_Cleanser_01.jpg","type":"image\/jpeg"}],"twitter_card":"summary_large_image","twitter_misc":{"Tiempo de lectura":"1 minuto"},"schema":{"@context":"https:\/\/schema.org","@graph":[{"@type":"WebPage","@id":"https:\/\/pharma-hemp.com\/es\/shop\/illumiel-ac-solucion-espuma-limpiadora\/","url":"https:\/\/pharma-hemp.com\/es\/shop\/illumiel-ac-solucion-espuma-limpiadora\/","name":"Espuma limpiadora Illumiel","isPartOf":{"@id":"https:\/\/pharma-hemp.com\/es\/#website"},"primaryImageOfPage":{"@id":"https:\/\/pharma-hemp.com\/es\/shop\/illumiel-ac-solucion-espuma-limpiadora\/#primaryimage"},"image":{"@id":"https:\/\/pharma-hemp.com\/es\/shop\/illumiel-ac-solucion-espuma-limpiadora\/#primaryimage"},"thumbnailUrl":"https:\/\/pharma-hemp.com\/wp-content\/uploads\/2025\/09\/Illumiel_AC_Solution_Foam_Cleanser_01.jpg","datePublished":"2025-08-18T09:27:25+00:00","dateModified":"2026-03-04T08:33:44+00:00","description":"Una espuma limpiadora suave y ligeramente \u00e1cida. Este limpiador cremoso elimina las impurezas y las c\u00e9lulas muertas de la piel, al tiempo que la nutre e hidrata. Calma sin despojar, dejando la piel suave, limpia y equilibrada. Adecuado para pieles sensibles y propensas al acn\u00e9.","breadcrumb":{"@id":"https:\/\/pharma-hemp.com\/es\/shop\/illumiel-ac-solucion-espuma-limpiadora\/#breadcrumb"},"inLanguage":"es","potentialAction":[{"@type":"ReadAction","target":["https:\/\/pharma-hemp.com\/es\/shop\/illumiel-ac-solucion-espuma-limpiadora\/"]}]},{"@type":"ImageObject","inLanguage":"es","@id":"https:\/\/pharma-hemp.com\/es\/shop\/illumiel-ac-solucion-espuma-limpiadora\/#primaryimage","url":"https:\/\/pharma-hemp.com\/wp-content\/uploads\/2025\/09\/Illumiel_AC_Solution_Foam_Cleanser_01.jpg","contentUrl":"https:\/\/pharma-hemp.com\/wp-content\/uploads\/2025\/09\/Illumiel_AC_Solution_Foam_Cleanser_01.jpg","width":999,"height":1000},{"@type":"BreadcrumbList","@id":"https:\/\/pharma-hemp.com\/es\/shop\/illumiel-ac-solucion-espuma-limpiadora\/#breadcrumb","itemListElement":[{"@type":"ListItem","position":1,"name":"Home","item":"https:\/\/pharma-hemp.com\/es\/"},{"@type":"ListItem","position":2,"name":"Tienda","item":"https:\/\/pharma-hemp.com\/es\/tienda\/"},{"@type":"ListItem","position":3,"name":"Illumiel AC Soluci\u00f3n Espuma Limpiadora"}]},{"@type":"WebSite","@id":"https:\/\/pharma-hemp.com\/es\/#website","url":"https:\/\/pharma-hemp.com\/es\/","name":"Pharma Hemp","description":"CBD store","publisher":{"@id":"https:\/\/pharma-hemp.com\/es\/#organization"},"potentialAction":[{"@type":"SearchAction","target":{"@type":"EntryPoint","urlTemplate":"https:\/\/pharma-hemp.com\/es\/?s={search_term_string}"},"query-input":{"@type":"PropertyValueSpecification","valueRequired":true,"valueName":"search_term_string"}}],"inLanguage":"es"},{"@type":"Organization","@id":"https:\/\/pharma-hemp.com\/es\/#organization","name":"PharmaHemp","url":"https:\/\/pharma-hemp.com\/es\/","logo":{"@type":"ImageObject","inLanguage":"es","@id":"https:\/\/pharma-hemp.com\/es\/#\/schema\/logo\/image\/","url":"https:\/\/pharma-hemp.com\/wp-content\/uploads\/2025\/04\/Pharma-Hemp-logo_crn-1.png","contentUrl":"https:\/\/pharma-hemp.com\/wp-content\/uploads\/2025\/04\/Pharma-Hemp-logo_crn-1.png","width":200,"height":44,"caption":"PharmaHemp"},"image":{"@id":"https:\/\/pharma-hemp.com\/es\/#\/schema\/logo\/image\/"}}]}},"_links":{"self":[{"href":"https:\/\/pharma-hemp.com\/es\/wp-json\/wp\/v2\/product\/572560","targetHints":{"allow":["GET"]}}],"collection":[{"href":"https:\/\/pharma-hemp.com\/es\/wp-json\/wp\/v2\/product"}],"about":[{"href":"https:\/\/pharma-hemp.com\/es\/wp-json\/wp\/v2\/types\/product"}],"wp:featuredmedia":[{"embeddable":true,"href":"https:\/\/pharma-hemp.com\/es\/wp-json\/wp\/v2\/media\/572568"}],"wp:attachment":[{"href":"https:\/\/pharma-hemp.com\/es\/wp-json\/wp\/v2\/media?parent=572560"}],"wp:term":[{"taxonomy":"product_brand","embeddable":true,"href":"https:\/\/pharma-hemp.com\/es\/wp-json\/wp\/v2\/product_brand?post=572560"},{"taxonomy":"product_cat","embeddable":true,"href":"https:\/\/pharma-hemp.com\/es\/wp-json\/wp\/v2\/product_cat?post=572560"},{"taxonomy":"product_tag","embeddable":true,"href":"https:\/\/pharma-hemp.com\/es\/wp-json\/wp\/v2\/product_tag?post=572560"}],"curies":[{"name":"wp","href":"https:\/\/api.w.org\/{rel}","templated":true}]}}