{"id":572208,"date":"2025-04-28T21:50:14","date_gmt":"2025-04-28T19:50:14","guid":{"rendered":"https:\/\/pharma-hemp.com\/?page_id=572208"},"modified":"2025-10-09T13:00:23","modified_gmt":"2025-10-09T11:00:23","slug":"preguntas-frecuentes","status":"publish","type":"page","link":"https:\/\/pharma-hemp.com\/es\/preguntas-frecuentes\/","title":{"rendered":"PREGUNTAS FRECUENTES"},"content":{"rendered":"\n\t<section class=\"section has-parallax\" id=\"section_1789165856\">\n\t\t<div class=\"section-bg fill\" data-parallax-container=\".section\" data-parallax-background data-parallax=\"-2\">\n\t\t\t<img decoding=\"async\" width=\"1945\" height=\"2125\" src=\"https:\/\/pharma-hemp.com\/wp-content\/uploads\/2025\/09\/Pharma-hemp-background-faq-3.png\" class=\"bg attachment- size-\" alt=\"\" \/>\t\t\t\t\t\t\n\t\t\t\n\n\t\t<\/div>\n\n\t\t\n\n\t\t<div class=\"section-content relative\">\n\t\t\t\n<div class=\"row\"  id=\"row-264784384\">\n\n\t<div id=\"col-1284485186\" class=\"col small-12 large-12\"  >\n\t\t\t\t<div class=\"col-inner\"  >\n\t\t\t\n\t\t\t\n\t<div id=\"text-1052755004\" class=\"text\">\n\t\t\n<h2 class=\"title\">Respuestas a tus preguntas<\/h2>\n\t\t\n<style>\n#text-1052755004 {\n  text-align: center;\n  color: rgb(0, 39, 85);\n}\n#text-1052755004 > * {\n  color: rgb(0, 39, 85);\n}\n<\/style>\n\t<\/div>\n\t\n<div class=\"row row-collapse align-center\"  id=\"row-1872075197\">\n\n\t<div id=\"col-1300270006\" class=\"col medium-10 small-11 large-10\"  >\n\t\t\t\t<div class=\"col-inner\"  >\n\t\t\t\n\t\t\t\n\t<div id=\"gap-87105155\" class=\"gap-element clearfix\" style=\"display:block; height:auto;\">\n\t\t\n<style>\n#gap-87105155 {\n  padding-top: 15px;\n}\n<\/style>\n\t<\/div>\n\t\n<div class=\"accordion\">\n\t<div id=\"accordion-2506485297\" class=\"accordion-item\">\n\t\t<a id=\"accordion-2506485297-label\" class=\"accordion-title plain\" href=\"#accordion-item-\u00bfqu\u00e9-son-los-cannabinoides?\" aria-expanded=\"false\" aria-controls=\"accordion-2506485297-content\">\n\t\t\t<button class=\"toggle\" aria-label=\"Toggle\"><i class=\"icon-angle-down\" aria-hidden=\"true\"><\/i><\/button>\n\t\t\t<span>\u00bfQu\u00e9 son los cannabinoides?<\/span>\n\t\t<\/a>\n\t\t<div id=\"accordion-2506485297-content\" class=\"accordion-inner\" aria-labelledby=\"accordion-2506485297-label\">\n\t\t\t\n\t<div id=\"text-822333391\" class=\"text\">\n\t\t\n<p style=\"text-align: justify;\">Los cannabinoides son las estrellas de la planta de cannabis, que trabajan en sincron\u00eda con el sistema endocannabinoide (SCE) de tu cuerpo para mantener el equilibrio. \u00bfLos grandes nombres? CBD (calma y equilibrio), CBG (concentraci\u00f3n y claridad), CBN (sue\u00f1o profundo) y THC (el que te coloca; no te preocupes, lo dejamos fuera). Estos compuestos ayudan a regular el estado de \u00e1nimo, el dolor, el sue\u00f1o y la inmunidad, por lo que son esenciales para el bienestar diario.   <\/p>\n\t\t\n<style>\n#text-822333391 {\n  text-align: left;\n}\n<\/style>\n\t<\/div>\n\t\n\t\t<\/div>\n\t<\/div>\n\t\n\t<div id=\"accordion-1904463367\" class=\"accordion-item\">\n\t\t<a id=\"accordion-1904463367-label\" class=\"accordion-title plain\" href=\"#accordion-item-\u00bfme-colocar\u00e1-el-cbd-(cannabidiol)?\" aria-expanded=\"false\" aria-controls=\"accordion-1904463367-content\">\n\t\t\t<button class=\"toggle\" aria-label=\"Toggle\"><i class=\"icon-angle-down\" aria-hidden=\"true\"><\/i><\/button>\n\t\t\t<span>\u00bfMe colocar\u00e1 el CBD (cannabidiol)?<\/span>\n\t\t<\/a>\n\t\t<div id=\"accordion-1904463367-content\" class=\"accordion-inner\" aria-labelledby=\"accordion-1904463367-label\">\n\t\t\t\n\t<div id=\"text-3638626079\" class=\"text\">\n\t\t\n<p style=\"text-align: justify;\"><strong>No.<\/strong>  El CBD es todo relajaci\u00f3n, nada de coloc\u00f3n. A diferencia del THC, no te trastorna la cabeza, sino que te ayuda a relajarte, restablecerte y encontrar el equilibrio. <\/p>\n\t\t\n<style>\n#text-3638626079 {\n  text-align: left;\n}\n<\/style>\n\t<\/div>\n\t\n\t\t<\/div>\n\t<\/div>\n\t\n\t<div id=\"accordion-4077162525\" class=\"accordion-item\">\n\t\t<a id=\"accordion-4077162525-label\" class=\"accordion-title plain\" href=\"#accordion-item-\u00bfcu\u00e1les-son-los-beneficios-del-cbd-(cannabidiol)?\" aria-expanded=\"false\" aria-controls=\"accordion-4077162525-content\">\n\t\t\t<button class=\"toggle\" aria-label=\"Toggle\"><i class=\"icon-angle-down\" aria-hidden=\"true\"><\/i><\/button>\n\t\t\t<span>\u00bfCu\u00e1les son los beneficios del CBD (cannabidiol)?<\/span>\n\t\t<\/a>\n\t\t<div id=\"accordion-4077162525-content\" class=\"accordion-inner\" aria-labelledby=\"accordion-4077162525-label\">\n\t\t\t\n\t<div id=\"text-2654797713\" class=\"text\">\n\t\t\n<p>Se sabe que el CBD ayuda:<\/p>\n<ul>\n<li><strong>Alivio del estr\u00e9s y la ansiedad<\/strong> &#8211; Mantiene la mente y el cuerpo en calma.<\/li>\n<li><strong>Dormir mejor<\/strong> &#8211; Favorece un descanso profundo y de calidad.<\/li>\n<li><strong>Dolor e inflamaci\u00f3n<\/strong> &#8211; Alivia las molestias y favorece la recuperaci\u00f3n.<\/li>\n<li><strong>Concentraci\u00f3n y claridad mental<\/strong> &#8211; Elimina la niebla cerebral y mejora la concentraci\u00f3n.<\/li>\n<li><strong>Apoyo inmunitario<\/strong> &#8211; Refuerza las defensas naturales del organismo.<\/li>\n<\/ul>\n<p>Sencillo. Potente. Respaldado por la naturaleza.  <\/p>\n\t\t\n<style>\n#text-2654797713 {\n  text-align: left;\n}\n<\/style>\n\t<\/div>\n\t\n\t\t<\/div>\n\t<\/div>\n\t\n\t<div id=\"accordion-1078328873\" class=\"accordion-item\">\n\t\t<a id=\"accordion-1078328873-label\" class=\"accordion-title plain\" href=\"#accordion-item-\u00bfcu\u00e1nto-tarda-en-hacer-efecto-el-cbd?\" aria-expanded=\"false\" aria-controls=\"accordion-1078328873-content\">\n\t\t\t<button class=\"toggle\" aria-label=\"Toggle\"><i class=\"icon-angle-down\" aria-hidden=\"true\"><\/i><\/button>\n\t\t\t<span>\u00bfCu\u00e1nto tarda en hacer efecto el CBD?<\/span>\n\t\t<\/a>\n\t\t<div id=\"accordion-1078328873-content\" class=\"accordion-inner\" aria-labelledby=\"accordion-1078328873-label\">\n\t\t\t\n\t<div id=\"text-41156627\" class=\"text\">\n\t\t\n<p style=\"text-align: justify;\">El tiempo depende de c\u00f3mo lo tomes. \u00c9ste es el desglose: <\/p>\n<ul>\n<li style=\"text-align: justify;\"><strong>Aceites de CBD<\/strong> (gotas bajo la lengua) &#8211; Hacen <strong>efecto en 15-30 minutos<\/strong> para un alivio r\u00e1pido.<\/li>\n<li style=\"text-align: justify;\"><strong>Comestibles de CBD<\/strong> (c\u00e1psulas, gominolas) &#8211; <strong>Tardan entre 30 y 90 minutos<\/strong> en absorberse por completo, pero los efectos duran m\u00e1s.<\/li>\n<li style=\"text-align: justify;\"><strong>CBD T\u00f3pico<\/strong> (Cremas, B\u00e1lsamos, Sueros) &#8211; <strong>Funciona en 15-45 minutos<\/strong> justo donde lo necesitas.<\/li>\n<\/ul>\n\t\t\n<style>\n#text-41156627 {\n  text-align: left;\n}\n<\/style>\n\t<\/div>\n\t\n\t\t<\/div>\n\t<\/div>\n\t\n\t<div id=\"accordion-2881354283\" class=\"accordion-item\">\n\t\t<a id=\"accordion-2881354283-label\" class=\"accordion-title plain\" href=\"#accordion-item-\u00bfes-legal-el-cbd?\" aria-expanded=\"false\" aria-controls=\"accordion-2881354283-content\">\n\t\t\t<button class=\"toggle\" aria-label=\"Toggle\"><i class=\"icon-angle-down\" aria-hidden=\"true\"><\/i><\/button>\n\t\t\t<span>\u00bfEs legal el CBD?<\/span>\n\t\t<\/a>\n\t\t<div id=\"accordion-2881354283-content\" class=\"accordion-inner\" aria-labelledby=\"accordion-2881354283-label\">\n\t\t\t\n\t<div id=\"text-2004850800\" class=\"text\">\n\t\t\n<p style=\"text-align: justify;\"><strong>Depende de d\u00f3nde te encuentres.<\/strong>  En muchos lugares, el CBD derivado del c\u00e1\u00f1amo con menos de un 0,3% de THC es apto. Pero algunas regiones tienen restricciones, as\u00ed que comprueba siempre las leyes locales antes de comprar. <\/p>\n\t\t\n<style>\n#text-2004850800 {\n  text-align: left;\n}\n<\/style>\n\t<\/div>\n\t\n\t\t<\/div>\n\t<\/div>\n\t\n\t<div id=\"accordion-959152213\" class=\"accordion-item\">\n\t\t<a id=\"accordion-959152213-label\" class=\"accordion-title plain\" href=\"#accordion-item-\u00bfpuede-el-cbd-interactuar-con-los-medicamentos?\" aria-expanded=\"false\" aria-controls=\"accordion-959152213-content\">\n\t\t\t<button class=\"toggle\" aria-label=\"Toggle\"><i class=\"icon-angle-down\" aria-hidden=\"true\"><\/i><\/button>\n\t\t\t<span>\u00bfPuede el CBD interactuar con los medicamentos?<\/span>\n\t\t<\/a>\n\t\t<div id=\"accordion-959152213-content\" class=\"accordion-inner\" aria-labelledby=\"accordion-959152213-label\">\n\t\t\t\n\t<div id=\"text-2876726457\" class=\"text\">\n\t\t\n<p>S\u00ed, puede hacerlo. El CBD afecta a las enzimas hep\u00e1ticas (CYP450), que procesan muchos medicamentos.   <strong>Si tomas medicamentos con receta, habla con tu m\u00e9dico antes de consumir CBD.<\/strong><\/p>\n\t\t\n<style>\n#text-2876726457 {\n  text-align: left;\n}\n<\/style>\n\t<\/div>\n\t\n\t\t<\/div>\n\t<\/div>\n\t\n\t<div id=\"accordion-291095291\" class=\"accordion-item\">\n\t\t<a id=\"accordion-291095291-label\" class=\"accordion-title plain\" href=\"#accordion-item-\u00bfc\u00f3mo-s\u00e9-qu\u00e9-dosis-de-cbd-debo-tomar?\" aria-expanded=\"false\" aria-controls=\"accordion-291095291-content\">\n\t\t\t<button class=\"toggle\" aria-label=\"Toggle\"><i class=\"icon-angle-down\" aria-hidden=\"true\"><\/i><\/button>\n\t\t\t<span>\u00bfC\u00f3mo s\u00e9 qu\u00e9 dosis de CBD debo tomar?<\/span>\n\t\t<\/a>\n\t\t<div id=\"accordion-291095291-content\" class=\"accordion-inner\" aria-labelledby=\"accordion-291095291-label\">\n\t\t\t\n\t<div id=\"text-2780845412\" class=\"text\">\n\t\t\n<p>La dosis depende de tu organismo, metabolismo y para qu\u00e9 la utilices. He aqu\u00ed una gu\u00eda sencilla: <\/p>\n<ul>\n<li><strong>Dosis baja (30 mg)<\/strong> &#8211; Perfecta para principiantes o para un alivio leve.<\/li>\n<li><strong>Dosis media (60 mg)<\/strong> &#8211; Ideal para el estr\u00e9s moderado, el sue\u00f1o o la relajaci\u00f3n.<\/li>\n<li><strong>Dosis altas (m\u00e1s de 100 mg)<\/strong> &#8211; Lo mejor para el dolor cr\u00f3nico o la ansiedad grave.<\/li>\n<\/ul>\n<p>\u00bfRegla de oro? Empieza poco a poco, ve despacio. Aj\u00fastalo seg\u00fan sea necesario hasta que encuentres tu punto \u00f3ptimo.  <\/p>\n\t\t\n<style>\n#text-2780845412 {\n  text-align: left;\n}\n<\/style>\n\t<\/div>\n\t\n\t\t<\/div>\n\t<\/div>\n\t\n\t<div id=\"accordion-3639310935\" class=\"accordion-item\">\n\t\t<a id=\"accordion-3639310935-label\" class=\"accordion-title plain\" href=\"#accordion-item-\u00bfqu\u00e9-son-los-terpenos-y-por-qu\u00e9-son-importantes?\" aria-expanded=\"false\" aria-controls=\"accordion-3639310935-content\">\n\t\t\t<button class=\"toggle\" aria-label=\"Toggle\"><i class=\"icon-angle-down\" aria-hidden=\"true\"><\/i><\/button>\n\t\t\t<span>\u00bfQu\u00e9 son los terpenos y por qu\u00e9 son importantes?<\/span>\n\t\t<\/a>\n\t\t<div id=\"accordion-3639310935-content\" class=\"accordion-inner\" aria-labelledby=\"accordion-3639310935-label\">\n\t\t\t\n\t<div id=\"text-3987428487\" class=\"text\">\n\t\t\n<p style=\"text-align: justify;\"><strong>Los terpenos son las potencias arom\u00e1ticas de las plantas<\/strong>, incluido el cannabis. Proporcionan al c\u00e1\u00f1amo su aroma caracter\u00edstico y son muy beneficiosos para el bienestar. <\/p>\n<p style=\"text-align: left;\">He aqu\u00ed lo que pueden hacer algunos de los terpenos m\u00e1s conocidos:<\/p>\n<ul>\n<li style=\"text-align: left;\"><strong>Linalool<\/strong> &#8211; Favorece la relajaci\u00f3n, ideal para dormir.<\/li>\n<li style=\"text-align: left;\"><strong>Limoneno<\/strong> &#8211; Estimulante, ayuda a disipar el estr\u00e9s.<\/li>\n<li style=\"text-align: left;\"><strong>Mirceno<\/strong> &#8211; Sedante, favorece el alivio del dolor y el descanso profundo.<\/li>\n<li style=\"text-align: left;\"><strong>Pineno<\/strong> &#8211; Agudiza la concentraci\u00f3n, combate la inflamaci\u00f3n.<\/li>\n<li style=\"text-align: left;\"><strong>Terpinoleno<\/strong> &#8211; Energizante, antioxidante, sedante suave.<\/li>\n<li style=\"text-align: left;\"><strong>Ocimeno<\/strong> &#8211; Fresco, antiinflamatorio, descongestionante.<\/li>\n<li style=\"text-align: left;\"><strong>Humuleno<\/strong> &#8211; Terroso, reduce la inflamaci\u00f3n y frena el apetito.<\/li>\n<li style=\"text-align: left;\"><strong>Eucaliptol<\/strong> &#8211; Menta, antibacteriano, potenciador cognitivo.<\/li>\n<\/ul>\n<p style=\"text-align: justify;\">Dato curioso: <strong>Terpenos + cannabinoides = sinergia.<\/strong> El efecto s\u00e9quito se traduce en una mejor absorci\u00f3n, mayores beneficios y mejores resultados.<\/p>\n\t\t\n<style>\n#text-3987428487 {\n  text-align: left;\n}\n<\/style>\n\t<\/div>\n\t\n\t\t<\/div>\n\t<\/div>\n\t\n\t<div id=\"accordion-2116122100\" class=\"accordion-item\">\n\t\t<a id=\"accordion-2116122100-label\" class=\"accordion-title plain\" href=\"#accordion-item-\u00bfqu\u00e9-debo-tener-en-cuenta-al-comprar-cbd?\" aria-expanded=\"false\" aria-controls=\"accordion-2116122100-content\">\n\t\t\t<button class=\"toggle\" aria-label=\"Toggle\"><i class=\"icon-angle-down\" aria-hidden=\"true\"><\/i><\/button>\n\t\t\t<span>\u00bfQu\u00e9 debo tener en cuenta al comprar CBD?<\/span>\n\t\t<\/a>\n\t\t<div id=\"accordion-2116122100-content\" class=\"accordion-inner\" aria-labelledby=\"accordion-2116122100-label\">\n\t\t\t\n\t<div id=\"text-2759551131\" class=\"text\">\n\t\t\n<p><strong>No todo el CBD es igual.<\/strong>  Esto es lo que separa a los buenos de los grandes:<\/p>\n<ul>\n<li><strong>Probado en laboratorio<\/strong> &#8211; Garantiza la pureza y la potencia. Sin conjeturas. <\/li>\n<li><strong>Ecol\u00f3gico y certificado<\/strong>&#8211; Mayor calidad, sin basura.<\/li>\n<li><strong>Marcas transparentes<\/strong> &#8211; Ingredientes claros, abastecimiento claro, sin secretos.<\/li>\n<\/ul>\n<p>Conclusi\u00f3n: Conoce lo que metes en tu cuerpo. La calidad importa. <\/p>\n\t\t\n<style>\n#text-2759551131 {\n  text-align: left;\n}\n<\/style>\n\t<\/div>\n\t\n\t\t<\/div>\n\t<\/div>\n\t\n<\/div>\n\t\t<\/div>\n\t\t\t\t\t<\/div>\n\n\t\n<\/div>\n\t\t<\/div>\n\t\t\t\t\n<style>\n#col-1284485186 > .col-inner {\n  margin: 0px 0px 30px 0px;\n}\n@media (min-width:550px) {\n  #col-1284485186 > .col-inner {\n    margin: 20px 0px 30px 0px;\n  }\n}\n<\/style>\n\t<\/div>\n\n\t\n<\/div>\n\t\t<\/div>\n\n\t\t\n<style>\n#section_1789165856 {\n  padding-top: 30px;\n  padding-bottom: 30px;\n}\n#section_1789165856 .section-bg img {\n  object-position: 73% 29%;\n}\n<\/style>\n\t<\/section>\n\t\n","protected":false},"excerpt":{"rendered":"","protected":false},"author":24310,"featured_media":572212,"parent":0,"menu_order":0,"comment_status":"closed","ping_status":"closed","template":"","meta":{"footnotes":""},"class_list":["post-572208","page","type-page","status-publish","has-post-thumbnail","hentry"],"acf":[],"yoast_head":"<!-- This site is optimized with the Yoast SEO plugin v27.3 - https:\/\/yoast.com\/product\/yoast-seo-wordpress\/ -->\n<title>PREGUNTAS FRECUENTES - Pharma Hemp<\/title>\n<meta name=\"robots\" content=\"index, follow, max-snippet:-1, max-image-preview:large, max-video-preview:-1\" \/>\n<link rel=\"canonical\" href=\"https:\/\/pharma-hemp.com\/es\/preguntas-frecuentes\/\" \/>\n<meta property=\"og:locale\" content=\"es_ES\" \/>\n<meta property=\"og:type\" content=\"article\" \/>\n<meta property=\"og:title\" content=\"PREGUNTAS FRECUENTES - Pharma Hemp\" \/>\n<meta property=\"og:url\" content=\"https:\/\/pharma-hemp.com\/es\/preguntas-frecuentes\/\" \/>\n<meta property=\"og:site_name\" content=\"Pharma Hemp\" \/>\n<meta property=\"article:modified_time\" content=\"2025-10-09T11:00:23+00:00\" \/>\n<meta property=\"og:image\" content=\"https:\/\/pharma-hemp.com\/wp-content\/uploads\/2025\/05\/Faq.png\" \/>\n\t<meta property=\"og:image:width\" content=\"312\" \/>\n\t<meta property=\"og:image:height\" content=\"312\" \/>\n\t<meta property=\"og:image:type\" content=\"image\/png\" \/>\n<meta name=\"twitter:card\" content=\"summary_large_image\" \/>\n<meta name=\"twitter:label1\" content=\"Tiempo de lectura\" \/>\n\t<meta name=\"twitter:data1\" content=\"4 minutos\" \/>\n<script type=\"application\/ld+json\" class=\"yoast-schema-graph\">{\"@context\":\"https:\\\/\\\/schema.org\",\"@graph\":[{\"@type\":\"WebPage\",\"@id\":\"https:\\\/\\\/pharma-hemp.com\\\/es\\\/preguntas-frecuentes\\\/\",\"url\":\"https:\\\/\\\/pharma-hemp.com\\\/es\\\/preguntas-frecuentes\\\/\",\"name\":\"PREGUNTAS FRECUENTES - Pharma Hemp\",\"isPartOf\":{\"@id\":\"https:\\\/\\\/pharma-hemp.com\\\/es\\\/#website\"},\"primaryImageOfPage\":{\"@id\":\"https:\\\/\\\/pharma-hemp.com\\\/es\\\/preguntas-frecuentes\\\/#primaryimage\"},\"image\":{\"@id\":\"https:\\\/\\\/pharma-hemp.com\\\/es\\\/preguntas-frecuentes\\\/#primaryimage\"},\"thumbnailUrl\":\"https:\\\/\\\/pharma-hemp.com\\\/wp-content\\\/uploads\\\/2025\\\/05\\\/Faq.png\",\"datePublished\":\"2025-04-28T19:50:14+00:00\",\"dateModified\":\"2025-10-09T11:00:23+00:00\",\"breadcrumb\":{\"@id\":\"https:\\\/\\\/pharma-hemp.com\\\/es\\\/preguntas-frecuentes\\\/#breadcrumb\"},\"inLanguage\":\"es\",\"potentialAction\":[{\"@type\":\"ReadAction\",\"target\":[\"https:\\\/\\\/pharma-hemp.com\\\/es\\\/preguntas-frecuentes\\\/\"]}]},{\"@type\":\"ImageObject\",\"inLanguage\":\"es\",\"@id\":\"https:\\\/\\\/pharma-hemp.com\\\/es\\\/preguntas-frecuentes\\\/#primaryimage\",\"url\":\"https:\\\/\\\/pharma-hemp.com\\\/wp-content\\\/uploads\\\/2025\\\/05\\\/Faq.png\",\"contentUrl\":\"https:\\\/\\\/pharma-hemp.com\\\/wp-content\\\/uploads\\\/2025\\\/05\\\/Faq.png\",\"width\":312,\"height\":312},{\"@type\":\"BreadcrumbList\",\"@id\":\"https:\\\/\\\/pharma-hemp.com\\\/es\\\/preguntas-frecuentes\\\/#breadcrumb\",\"itemListElement\":[{\"@type\":\"ListItem\",\"position\":1,\"name\":\"Home\",\"item\":\"https:\\\/\\\/pharma-hemp.com\\\/es\\\/\"},{\"@type\":\"ListItem\",\"position\":2,\"name\":\"PREGUNTAS FRECUENTES\"}]},{\"@type\":\"WebSite\",\"@id\":\"https:\\\/\\\/pharma-hemp.com\\\/es\\\/#website\",\"url\":\"https:\\\/\\\/pharma-hemp.com\\\/es\\\/\",\"name\":\"Pharma Hemp\",\"description\":\"CBD store\",\"publisher\":{\"@id\":\"https:\\\/\\\/pharma-hemp.com\\\/es\\\/#organization\"},\"potentialAction\":[{\"@type\":\"SearchAction\",\"target\":{\"@type\":\"EntryPoint\",\"urlTemplate\":\"https:\\\/\\\/pharma-hemp.com\\\/es\\\/?s={search_term_string}\"},\"query-input\":{\"@type\":\"PropertyValueSpecification\",\"valueRequired\":true,\"valueName\":\"search_term_string\"}}],\"inLanguage\":\"es\"},{\"@type\":\"Organization\",\"@id\":\"https:\\\/\\\/pharma-hemp.com\\\/es\\\/#organization\",\"name\":\"PharmaHemp\",\"url\":\"https:\\\/\\\/pharma-hemp.com\\\/es\\\/\",\"logo\":{\"@type\":\"ImageObject\",\"inLanguage\":\"es\",\"@id\":\"https:\\\/\\\/pharma-hemp.com\\\/es\\\/#\\\/schema\\\/logo\\\/image\\\/\",\"url\":\"https:\\\/\\\/pharma-hemp.com\\\/wp-content\\\/uploads\\\/2025\\\/04\\\/Pharma-Hemp-logo_crn-1.png\",\"contentUrl\":\"https:\\\/\\\/pharma-hemp.com\\\/wp-content\\\/uploads\\\/2025\\\/04\\\/Pharma-Hemp-logo_crn-1.png\",\"width\":200,\"height\":44,\"caption\":\"PharmaHemp\"},\"image\":{\"@id\":\"https:\\\/\\\/pharma-hemp.com\\\/es\\\/#\\\/schema\\\/logo\\\/image\\\/\"}}]}<\/script>\n<!-- \/ Yoast SEO plugin. -->","yoast_head_json":{"title":"PREGUNTAS FRECUENTES - Pharma Hemp","robots":{"index":"index","follow":"follow","max-snippet":"max-snippet:-1","max-image-preview":"max-image-preview:large","max-video-preview":"max-video-preview:-1"},"canonical":"https:\/\/pharma-hemp.com\/es\/preguntas-frecuentes\/","og_locale":"es_ES","og_type":"article","og_title":"PREGUNTAS FRECUENTES - Pharma Hemp","og_url":"https:\/\/pharma-hemp.com\/es\/preguntas-frecuentes\/","og_site_name":"Pharma Hemp","article_modified_time":"2025-10-09T11:00:23+00:00","og_image":[{"width":312,"height":312,"url":"https:\/\/pharma-hemp.com\/wp-content\/uploads\/2025\/05\/Faq.png","type":"image\/png"}],"twitter_card":"summary_large_image","twitter_misc":{"Tiempo de lectura":"4 minutos"},"schema":{"@context":"https:\/\/schema.org","@graph":[{"@type":"WebPage","@id":"https:\/\/pharma-hemp.com\/es\/preguntas-frecuentes\/","url":"https:\/\/pharma-hemp.com\/es\/preguntas-frecuentes\/","name":"PREGUNTAS FRECUENTES - Pharma Hemp","isPartOf":{"@id":"https:\/\/pharma-hemp.com\/es\/#website"},"primaryImageOfPage":{"@id":"https:\/\/pharma-hemp.com\/es\/preguntas-frecuentes\/#primaryimage"},"image":{"@id":"https:\/\/pharma-hemp.com\/es\/preguntas-frecuentes\/#primaryimage"},"thumbnailUrl":"https:\/\/pharma-hemp.com\/wp-content\/uploads\/2025\/05\/Faq.png","datePublished":"2025-04-28T19:50:14+00:00","dateModified":"2025-10-09T11:00:23+00:00","breadcrumb":{"@id":"https:\/\/pharma-hemp.com\/es\/preguntas-frecuentes\/#breadcrumb"},"inLanguage":"es","potentialAction":[{"@type":"ReadAction","target":["https:\/\/pharma-hemp.com\/es\/preguntas-frecuentes\/"]}]},{"@type":"ImageObject","inLanguage":"es","@id":"https:\/\/pharma-hemp.com\/es\/preguntas-frecuentes\/#primaryimage","url":"https:\/\/pharma-hemp.com\/wp-content\/uploads\/2025\/05\/Faq.png","contentUrl":"https:\/\/pharma-hemp.com\/wp-content\/uploads\/2025\/05\/Faq.png","width":312,"height":312},{"@type":"BreadcrumbList","@id":"https:\/\/pharma-hemp.com\/es\/preguntas-frecuentes\/#breadcrumb","itemListElement":[{"@type":"ListItem","position":1,"name":"Home","item":"https:\/\/pharma-hemp.com\/es\/"},{"@type":"ListItem","position":2,"name":"PREGUNTAS FRECUENTES"}]},{"@type":"WebSite","@id":"https:\/\/pharma-hemp.com\/es\/#website","url":"https:\/\/pharma-hemp.com\/es\/","name":"Pharma Hemp","description":"CBD store","publisher":{"@id":"https:\/\/pharma-hemp.com\/es\/#organization"},"potentialAction":[{"@type":"SearchAction","target":{"@type":"EntryPoint","urlTemplate":"https:\/\/pharma-hemp.com\/es\/?s={search_term_string}"},"query-input":{"@type":"PropertyValueSpecification","valueRequired":true,"valueName":"search_term_string"}}],"inLanguage":"es"},{"@type":"Organization","@id":"https:\/\/pharma-hemp.com\/es\/#organization","name":"PharmaHemp","url":"https:\/\/pharma-hemp.com\/es\/","logo":{"@type":"ImageObject","inLanguage":"es","@id":"https:\/\/pharma-hemp.com\/es\/#\/schema\/logo\/image\/","url":"https:\/\/pharma-hemp.com\/wp-content\/uploads\/2025\/04\/Pharma-Hemp-logo_crn-1.png","contentUrl":"https:\/\/pharma-hemp.com\/wp-content\/uploads\/2025\/04\/Pharma-Hemp-logo_crn-1.png","width":200,"height":44,"caption":"PharmaHemp"},"image":{"@id":"https:\/\/pharma-hemp.com\/es\/#\/schema\/logo\/image\/"}}]}},"_links":{"self":[{"href":"https:\/\/pharma-hemp.com\/es\/wp-json\/wp\/v2\/pages\/572208","targetHints":{"allow":["GET"]}}],"collection":[{"href":"https:\/\/pharma-hemp.com\/es\/wp-json\/wp\/v2\/pages"}],"about":[{"href":"https:\/\/pharma-hemp.com\/es\/wp-json\/wp\/v2\/types\/page"}],"author":[{"embeddable":true,"href":"https:\/\/pharma-hemp.com\/es\/wp-json\/wp\/v2\/users\/24310"}],"replies":[{"embeddable":true,"href":"https:\/\/pharma-hemp.com\/es\/wp-json\/wp\/v2\/comments?post=572208"}],"version-history":[{"count":2,"href":"https:\/\/pharma-hemp.com\/es\/wp-json\/wp\/v2\/pages\/572208\/revisions"}],"predecessor-version":[{"id":572214,"href":"https:\/\/pharma-hemp.com\/es\/wp-json\/wp\/v2\/pages\/572208\/revisions\/572214"}],"wp:featuredmedia":[{"embeddable":true,"href":"https:\/\/pharma-hemp.com\/es\/wp-json\/wp\/v2\/media\/572212"}],"wp:attachment":[{"href":"https:\/\/pharma-hemp.com\/es\/wp-json\/wp\/v2\/media?parent=572208"}],"curies":[{"name":"wp","href":"https:\/\/api.w.org\/{rel}","templated":true}]}}