{"id":577619,"date":"2025-05-08T10:54:25","date_gmt":"2025-05-08T08:54:25","guid":{"rendered":"https:\/\/pharma-hemp.com\/?post_type=product&#038;p=577619"},"modified":"2026-04-02T11:37:52","modified_gmt":"2026-04-02T09:37:52","slug":"nachtprogramm-buendel","status":"publish","type":"product","link":"https:\/\/pharma-hemp.com\/de\/shop\/nachtprogramm-buendel\/","title":{"rendered":"NACHTPROGRAMM-B\u00dcNDEL"},"content":{"rendered":"","protected":false},"excerpt":{"rendered":"<p><strong data-start=\"710\" data-end=\"750\">Entspannen Sie sich, reparieren Sie sich und wachen Sie erneuert auf.<\/strong><br \/>\nDieses beruhigende Abendritual verbindet wohltuende Hautpflege mit der Unterst\u00fctzung des Tiefschlafs. Denn Sch\u00f6nheit und Wohlbefinden beginnen mit Ruhe.<\/p>\n","protected":false},"featured_media":579237,"template":"","meta":[],"product_brand":[],"product_cat":[346],"product_tag":[1172,1169,1194,1192,1526,1883,344,1549,1163,1193],"class_list":{"0":"post-577619","1":"product","2":"type-product","3":"status-publish","4":"has-post-thumbnail","6":"product_cat-bundel","7":"product_tag-anti-aging","8":"product_tag-empfindliche-haut","9":"product_tag-fahle-haut","10":"product_tag-falten","11":"product_tag-feuchtigkeit","12":"product_tag-nacht-routine","13":"product_tag-nachtcreme","14":"product_tag-nachtpflege","15":"product_tag-roetungen","16":"product_tag-trockene-haut","18":"first","19":"instock","20":"sale","21":"shipping-taxable","22":"purchasable","23":"product-type-simple"},"acf":{"konfigurator_product_name":"","konfigurator_product_description":"","konfigurator_product_image_url":""},"yoast_head":"<!-- This site is optimized with the Yoast SEO plugin v27.3 - https:\/\/yoast.com\/product\/yoast-seo-wordpress\/ -->\n<title>NACHTPROGRAMM-B\u00dcNDEL - Pharma Hemp<\/title>\n<meta name=\"description\" content=\"CBD bundle NIGHT RITUAL verbindet beruhigende Hautpflege mit der Unterst\u00fctzung des Tiefschlafs. Denn Sch\u00f6nheit und Wohlbefinden beginnen mit Ruhe.\" \/>\n<meta name=\"robots\" content=\"index, follow, max-snippet:-1, max-image-preview:large, max-video-preview:-1\" \/>\n<link rel=\"canonical\" href=\"https:\/\/pharma-hemp.com\/de\/shop\/nachtprogramm-buendel\/\" \/>\n<meta property=\"og:locale\" content=\"de_DE\" \/>\n<meta property=\"og:type\" content=\"article\" \/>\n<meta property=\"og:title\" content=\"NACHTPROGRAMM-B\u00dcNDEL - Pharma Hemp\" \/>\n<meta property=\"og:description\" content=\"CBD bundle NIGHT RITUAL verbindet beruhigende Hautpflege mit der Unterst\u00fctzung des Tiefschlafs. Denn Sch\u00f6nheit und Wohlbefinden beginnen mit Ruhe.\" \/>\n<meta property=\"og:url\" content=\"https:\/\/pharma-hemp.com\/de\/shop\/nachtprogramm-buendel\/\" \/>\n<meta property=\"og:site_name\" content=\"Pharma Hemp\" \/>\n<meta property=\"article:modified_time\" content=\"2026-04-02T09:37:52+00:00\" \/>\n<meta property=\"og:image\" content=\"https:\/\/pharma-hemp.com\/wp-content\/uploads\/2025\/05\/nightRoutineBundle1.png\" \/>\n\t<meta property=\"og:image:width\" content=\"600\" \/>\n\t<meta property=\"og:image:height\" content=\"600\" \/>\n\t<meta property=\"og:image:type\" content=\"image\/png\" \/>\n<meta name=\"twitter:card\" content=\"summary_large_image\" \/>\n<meta name=\"twitter:label1\" content=\"Gesch\u00e4tzte Lesezeit\" \/>\n\t<meta name=\"twitter:data1\" content=\"1\u00a0Minute\" \/>\n<script type=\"application\/ld+json\" class=\"yoast-schema-graph\">{\"@context\":\"https:\\\/\\\/schema.org\",\"@graph\":[{\"@type\":\"WebPage\",\"@id\":\"https:\\\/\\\/pharma-hemp.com\\\/de\\\/shop\\\/nachtprogramm-buendel\\\/\",\"url\":\"https:\\\/\\\/pharma-hemp.com\\\/de\\\/shop\\\/nachtprogramm-buendel\\\/\",\"name\":\"NACHTPROGRAMM-B\u00dcNDEL - Pharma Hemp\",\"isPartOf\":{\"@id\":\"https:\\\/\\\/pharma-hemp.com\\\/de\\\/#website\"},\"primaryImageOfPage\":{\"@id\":\"https:\\\/\\\/pharma-hemp.com\\\/de\\\/shop\\\/nachtprogramm-buendel\\\/#primaryimage\"},\"image\":{\"@id\":\"https:\\\/\\\/pharma-hemp.com\\\/de\\\/shop\\\/nachtprogramm-buendel\\\/#primaryimage\"},\"thumbnailUrl\":\"https:\\\/\\\/pharma-hemp.com\\\/wp-content\\\/uploads\\\/2025\\\/05\\\/nightRoutineBundle1.png\",\"datePublished\":\"2025-05-08T08:54:25+00:00\",\"dateModified\":\"2026-04-02T09:37:52+00:00\",\"description\":\"CBD bundle NIGHT RITUAL verbindet beruhigende Hautpflege mit der Unterst\u00fctzung des Tiefschlafs. Denn Sch\u00f6nheit und Wohlbefinden beginnen mit Ruhe.\",\"breadcrumb\":{\"@id\":\"https:\\\/\\\/pharma-hemp.com\\\/de\\\/shop\\\/nachtprogramm-buendel\\\/#breadcrumb\"},\"inLanguage\":\"de\",\"potentialAction\":[{\"@type\":\"ReadAction\",\"target\":[\"https:\\\/\\\/pharma-hemp.com\\\/de\\\/shop\\\/nachtprogramm-buendel\\\/\"]}]},{\"@type\":\"ImageObject\",\"inLanguage\":\"de\",\"@id\":\"https:\\\/\\\/pharma-hemp.com\\\/de\\\/shop\\\/nachtprogramm-buendel\\\/#primaryimage\",\"url\":\"https:\\\/\\\/pharma-hemp.com\\\/wp-content\\\/uploads\\\/2025\\\/05\\\/nightRoutineBundle1.png\",\"contentUrl\":\"https:\\\/\\\/pharma-hemp.com\\\/wp-content\\\/uploads\\\/2025\\\/05\\\/nightRoutineBundle1.png\",\"width\":600,\"height\":600},{\"@type\":\"BreadcrumbList\",\"@id\":\"https:\\\/\\\/pharma-hemp.com\\\/de\\\/shop\\\/nachtprogramm-buendel\\\/#breadcrumb\",\"itemListElement\":[{\"@type\":\"ListItem\",\"position\":1,\"name\":\"Home\",\"item\":\"https:\\\/\\\/pharma-hemp.com\\\/de\\\/\"},{\"@type\":\"ListItem\",\"position\":2,\"name\":\"Shop\",\"item\":\"https:\\\/\\\/pharma-hemp.com\\\/de\\\/shop\\\/\"},{\"@type\":\"ListItem\",\"position\":3,\"name\":\"NACHTPROGRAMM-B\u00dcNDEL\"}]},{\"@type\":\"WebSite\",\"@id\":\"https:\\\/\\\/pharma-hemp.com\\\/de\\\/#website\",\"url\":\"https:\\\/\\\/pharma-hemp.com\\\/de\\\/\",\"name\":\"Pharma Hemp\",\"description\":\"CBD store\",\"publisher\":{\"@id\":\"https:\\\/\\\/pharma-hemp.com\\\/de\\\/#organization\"},\"potentialAction\":[{\"@type\":\"SearchAction\",\"target\":{\"@type\":\"EntryPoint\",\"urlTemplate\":\"https:\\\/\\\/pharma-hemp.com\\\/de\\\/?s={search_term_string}\"},\"query-input\":{\"@type\":\"PropertyValueSpecification\",\"valueRequired\":true,\"valueName\":\"search_term_string\"}}],\"inLanguage\":\"de\"},{\"@type\":\"Organization\",\"@id\":\"https:\\\/\\\/pharma-hemp.com\\\/de\\\/#organization\",\"name\":\"PharmaHemp\",\"url\":\"https:\\\/\\\/pharma-hemp.com\\\/de\\\/\",\"logo\":{\"@type\":\"ImageObject\",\"inLanguage\":\"de\",\"@id\":\"https:\\\/\\\/pharma-hemp.com\\\/de\\\/#\\\/schema\\\/logo\\\/image\\\/\",\"url\":\"https:\\\/\\\/pharma-hemp.com\\\/wp-content\\\/uploads\\\/2025\\\/04\\\/Pharma-Hemp-logo_crn-1.png\",\"contentUrl\":\"https:\\\/\\\/pharma-hemp.com\\\/wp-content\\\/uploads\\\/2025\\\/04\\\/Pharma-Hemp-logo_crn-1.png\",\"width\":200,\"height\":44,\"caption\":\"PharmaHemp\"},\"image\":{\"@id\":\"https:\\\/\\\/pharma-hemp.com\\\/de\\\/#\\\/schema\\\/logo\\\/image\\\/\"}}]}<\/script>\n<!-- \/ Yoast SEO plugin. -->","yoast_head_json":{"title":"NACHTPROGRAMM-B\u00dcNDEL - Pharma Hemp","description":"CBD bundle NIGHT RITUAL verbindet beruhigende Hautpflege mit der Unterst\u00fctzung des Tiefschlafs. Denn Sch\u00f6nheit und Wohlbefinden beginnen mit Ruhe.","robots":{"index":"index","follow":"follow","max-snippet":"max-snippet:-1","max-image-preview":"max-image-preview:large","max-video-preview":"max-video-preview:-1"},"canonical":"https:\/\/pharma-hemp.com\/de\/shop\/nachtprogramm-buendel\/","og_locale":"de_DE","og_type":"article","og_title":"NACHTPROGRAMM-B\u00dcNDEL - Pharma Hemp","og_description":"CBD bundle NIGHT RITUAL verbindet beruhigende Hautpflege mit der Unterst\u00fctzung des Tiefschlafs. Denn Sch\u00f6nheit und Wohlbefinden beginnen mit Ruhe.","og_url":"https:\/\/pharma-hemp.com\/de\/shop\/nachtprogramm-buendel\/","og_site_name":"Pharma Hemp","article_modified_time":"2026-04-02T09:37:52+00:00","og_image":[{"width":600,"height":600,"url":"https:\/\/pharma-hemp.com\/wp-content\/uploads\/2025\/05\/nightRoutineBundle1.png","type":"image\/png"}],"twitter_card":"summary_large_image","twitter_misc":{"Gesch\u00e4tzte Lesezeit":"1\u00a0Minute"},"schema":{"@context":"https:\/\/schema.org","@graph":[{"@type":"WebPage","@id":"https:\/\/pharma-hemp.com\/de\/shop\/nachtprogramm-buendel\/","url":"https:\/\/pharma-hemp.com\/de\/shop\/nachtprogramm-buendel\/","name":"NACHTPROGRAMM-B\u00dcNDEL - Pharma Hemp","isPartOf":{"@id":"https:\/\/pharma-hemp.com\/de\/#website"},"primaryImageOfPage":{"@id":"https:\/\/pharma-hemp.com\/de\/shop\/nachtprogramm-buendel\/#primaryimage"},"image":{"@id":"https:\/\/pharma-hemp.com\/de\/shop\/nachtprogramm-buendel\/#primaryimage"},"thumbnailUrl":"https:\/\/pharma-hemp.com\/wp-content\/uploads\/2025\/05\/nightRoutineBundle1.png","datePublished":"2025-05-08T08:54:25+00:00","dateModified":"2026-04-02T09:37:52+00:00","description":"CBD bundle NIGHT RITUAL verbindet beruhigende Hautpflege mit der Unterst\u00fctzung des Tiefschlafs. Denn Sch\u00f6nheit und Wohlbefinden beginnen mit Ruhe.","breadcrumb":{"@id":"https:\/\/pharma-hemp.com\/de\/shop\/nachtprogramm-buendel\/#breadcrumb"},"inLanguage":"de","potentialAction":[{"@type":"ReadAction","target":["https:\/\/pharma-hemp.com\/de\/shop\/nachtprogramm-buendel\/"]}]},{"@type":"ImageObject","inLanguage":"de","@id":"https:\/\/pharma-hemp.com\/de\/shop\/nachtprogramm-buendel\/#primaryimage","url":"https:\/\/pharma-hemp.com\/wp-content\/uploads\/2025\/05\/nightRoutineBundle1.png","contentUrl":"https:\/\/pharma-hemp.com\/wp-content\/uploads\/2025\/05\/nightRoutineBundle1.png","width":600,"height":600},{"@type":"BreadcrumbList","@id":"https:\/\/pharma-hemp.com\/de\/shop\/nachtprogramm-buendel\/#breadcrumb","itemListElement":[{"@type":"ListItem","position":1,"name":"Home","item":"https:\/\/pharma-hemp.com\/de\/"},{"@type":"ListItem","position":2,"name":"Shop","item":"https:\/\/pharma-hemp.com\/de\/shop\/"},{"@type":"ListItem","position":3,"name":"NACHTPROGRAMM-B\u00dcNDEL"}]},{"@type":"WebSite","@id":"https:\/\/pharma-hemp.com\/de\/#website","url":"https:\/\/pharma-hemp.com\/de\/","name":"Pharma Hemp","description":"CBD store","publisher":{"@id":"https:\/\/pharma-hemp.com\/de\/#organization"},"potentialAction":[{"@type":"SearchAction","target":{"@type":"EntryPoint","urlTemplate":"https:\/\/pharma-hemp.com\/de\/?s={search_term_string}"},"query-input":{"@type":"PropertyValueSpecification","valueRequired":true,"valueName":"search_term_string"}}],"inLanguage":"de"},{"@type":"Organization","@id":"https:\/\/pharma-hemp.com\/de\/#organization","name":"PharmaHemp","url":"https:\/\/pharma-hemp.com\/de\/","logo":{"@type":"ImageObject","inLanguage":"de","@id":"https:\/\/pharma-hemp.com\/de\/#\/schema\/logo\/image\/","url":"https:\/\/pharma-hemp.com\/wp-content\/uploads\/2025\/04\/Pharma-Hemp-logo_crn-1.png","contentUrl":"https:\/\/pharma-hemp.com\/wp-content\/uploads\/2025\/04\/Pharma-Hemp-logo_crn-1.png","width":200,"height":44,"caption":"PharmaHemp"},"image":{"@id":"https:\/\/pharma-hemp.com\/de\/#\/schema\/logo\/image\/"}}]}},"_links":{"self":[{"href":"https:\/\/pharma-hemp.com\/de\/wp-json\/wp\/v2\/product\/577619","targetHints":{"allow":["GET"]}}],"collection":[{"href":"https:\/\/pharma-hemp.com\/de\/wp-json\/wp\/v2\/product"}],"about":[{"href":"https:\/\/pharma-hemp.com\/de\/wp-json\/wp\/v2\/types\/product"}],"wp:featuredmedia":[{"embeddable":true,"href":"https:\/\/pharma-hemp.com\/de\/wp-json\/wp\/v2\/media\/579237"}],"wp:attachment":[{"href":"https:\/\/pharma-hemp.com\/de\/wp-json\/wp\/v2\/media?parent=577619"}],"wp:term":[{"taxonomy":"product_brand","embeddable":true,"href":"https:\/\/pharma-hemp.com\/de\/wp-json\/wp\/v2\/product_brand?post=577619"},{"taxonomy":"product_cat","embeddable":true,"href":"https:\/\/pharma-hemp.com\/de\/wp-json\/wp\/v2\/product_cat?post=577619"},{"taxonomy":"product_tag","embeddable":true,"href":"https:\/\/pharma-hemp.com\/de\/wp-json\/wp\/v2\/product_tag?post=577619"}],"curies":[{"name":"wp","href":"https:\/\/api.w.org\/{rel}","templated":true}]}}