{"id":577610,"date":"2025-05-08T10:49:15","date_gmt":"2025-05-08T08:49:15","guid":{"rendered":"https:\/\/pharma-hemp.com\/?post_type=product&#038;p=577610"},"modified":"2026-04-02T11:44:12","modified_gmt":"2026-04-02T09:44:12","slug":"phix-ihr-leben","status":"publish","type":"product","link":"https:\/\/pharma-hemp.com\/de\/shop\/phix-ihr-leben\/","title":{"rendered":"PHIX IHR LEBEN"},"content":{"rendered":"","protected":false},"excerpt":{"rendered":"<p><strong data-start=\"203\" data-end=\"262\">Wenn das Leben schnell auf Sie zukommt, h\u00e4lt Ihnen dieses Paket den R\u00fccken frei.<\/strong><br \/>\nEin synergetisches Set aus f\u00fcnf kraftvollen Formeln, die Ihre Nerven beruhigen, Ihren Fokus sch\u00e4rfen, Beschwerden lindern, Ihr Immunsystem unterst\u00fctzen und Ihnen beim Schlafen helfen. Ihr t\u00e4gliches Grundnahrungsmittel, unterst\u00fctzt von der Natur.<\/p>\n","protected":false},"featured_media":577613,"template":"","meta":[],"product_brand":[],"product_cat":[346],"product_tag":[1904,993,1776,1810,1316,1905,1015,1077,1812,1062],"class_list":{"0":"post-577610","1":"product","2":"type-product","3":"status-publish","4":"has-post-thumbnail","6":"product_cat-bundel","7":"product_tag-alltags-wellness","8":"product_tag-cbd-tropfen","9":"product_tag-energie","10":"product_tag-immunsystem","11":"product_tag-konzentration","12":"product_tag-lebens-paket","13":"product_tag-schlafhilfe","14":"product_tag-schmerzlinderung","15":"product_tag-starter-set","16":"product_tag-stress","18":"first","19":"instock","20":"sale","21":"shipping-taxable","22":"purchasable","23":"product-type-simple"},"acf":{"konfigurator_product_name":"","konfigurator_product_description":"","konfigurator_product_image_url":""},"yoast_head":"<!-- This site is optimized with the Yoast SEO plugin v27.3 - https:\/\/yoast.com\/product\/yoast-seo-wordpress\/ -->\n<title>PHIX IHR LEBEN - Pharma Hemp<\/title>\n<meta name=\"description\" content=\"CBD-Tropfen b\u00fcndeln PHIX, um Ihre Nerven zu beruhigen, Ihren Fokus zu sch\u00e4rfen, Beschwerden zu lindern, Ihr Immunsystem zu unterst\u00fctzen und Ihnen beim Schlafen zu helfen.\" \/>\n<meta name=\"robots\" content=\"index, follow, max-snippet:-1, max-image-preview:large, max-video-preview:-1\" \/>\n<link rel=\"canonical\" href=\"https:\/\/pharma-hemp.com\/de\/shop\/phix-ihr-leben\/\" \/>\n<meta property=\"og:locale\" content=\"de_DE\" \/>\n<meta property=\"og:type\" content=\"article\" \/>\n<meta property=\"og:title\" content=\"PHIX IHR LEBEN - Pharma Hemp\" \/>\n<meta property=\"og:description\" content=\"CBD-Tropfen b\u00fcndeln PHIX, um Ihre Nerven zu beruhigen, Ihren Fokus zu sch\u00e4rfen, Beschwerden zu lindern, Ihr Immunsystem zu unterst\u00fctzen und Ihnen beim Schlafen zu helfen.\" \/>\n<meta property=\"og:url\" content=\"https:\/\/pharma-hemp.com\/de\/shop\/phix-ihr-leben\/\" \/>\n<meta property=\"og:site_name\" content=\"Pharma Hemp\" \/>\n<meta property=\"article:modified_time\" content=\"2026-04-02T09:44:12+00:00\" \/>\n<meta property=\"og:image\" content=\"https:\/\/pharma-hemp.com\/wp-content\/uploads\/2025\/12\/phixYourLIfe.png\" \/>\n\t<meta property=\"og:image:width\" content=\"1250\" \/>\n\t<meta property=\"og:image:height\" content=\"1250\" \/>\n\t<meta property=\"og:image:type\" content=\"image\/png\" \/>\n<meta name=\"twitter:card\" content=\"summary_large_image\" \/>\n<meta name=\"twitter:label1\" content=\"Gesch\u00e4tzte Lesezeit\" \/>\n\t<meta name=\"twitter:data1\" content=\"1\u00a0Minute\" \/>\n<script type=\"application\/ld+json\" class=\"yoast-schema-graph\">{\"@context\":\"https:\\\/\\\/schema.org\",\"@graph\":[{\"@type\":\"WebPage\",\"@id\":\"https:\\\/\\\/pharma-hemp.com\\\/de\\\/shop\\\/phix-ihr-leben\\\/\",\"url\":\"https:\\\/\\\/pharma-hemp.com\\\/de\\\/shop\\\/phix-ihr-leben\\\/\",\"name\":\"PHIX IHR LEBEN - Pharma Hemp\",\"isPartOf\":{\"@id\":\"https:\\\/\\\/pharma-hemp.com\\\/de\\\/#website\"},\"primaryImageOfPage\":{\"@id\":\"https:\\\/\\\/pharma-hemp.com\\\/de\\\/shop\\\/phix-ihr-leben\\\/#primaryimage\"},\"image\":{\"@id\":\"https:\\\/\\\/pharma-hemp.com\\\/de\\\/shop\\\/phix-ihr-leben\\\/#primaryimage\"},\"thumbnailUrl\":\"https:\\\/\\\/pharma-hemp.com\\\/wp-content\\\/uploads\\\/2025\\\/12\\\/phixYourLIfe.png\",\"datePublished\":\"2025-05-08T08:49:15+00:00\",\"dateModified\":\"2026-04-02T09:44:12+00:00\",\"description\":\"CBD-Tropfen b\u00fcndeln PHIX, um Ihre Nerven zu beruhigen, Ihren Fokus zu sch\u00e4rfen, Beschwerden zu lindern, Ihr Immunsystem zu unterst\u00fctzen und Ihnen beim Schlafen zu helfen.\",\"breadcrumb\":{\"@id\":\"https:\\\/\\\/pharma-hemp.com\\\/de\\\/shop\\\/phix-ihr-leben\\\/#breadcrumb\"},\"inLanguage\":\"de\",\"potentialAction\":[{\"@type\":\"ReadAction\",\"target\":[\"https:\\\/\\\/pharma-hemp.com\\\/de\\\/shop\\\/phix-ihr-leben\\\/\"]}]},{\"@type\":\"ImageObject\",\"inLanguage\":\"de\",\"@id\":\"https:\\\/\\\/pharma-hemp.com\\\/de\\\/shop\\\/phix-ihr-leben\\\/#primaryimage\",\"url\":\"https:\\\/\\\/pharma-hemp.com\\\/wp-content\\\/uploads\\\/2025\\\/12\\\/phixYourLIfe.png\",\"contentUrl\":\"https:\\\/\\\/pharma-hemp.com\\\/wp-content\\\/uploads\\\/2025\\\/12\\\/phixYourLIfe.png\",\"width\":1250,\"height\":1250},{\"@type\":\"BreadcrumbList\",\"@id\":\"https:\\\/\\\/pharma-hemp.com\\\/de\\\/shop\\\/phix-ihr-leben\\\/#breadcrumb\",\"itemListElement\":[{\"@type\":\"ListItem\",\"position\":1,\"name\":\"Home\",\"item\":\"https:\\\/\\\/pharma-hemp.com\\\/de\\\/\"},{\"@type\":\"ListItem\",\"position\":2,\"name\":\"Shop\",\"item\":\"https:\\\/\\\/pharma-hemp.com\\\/de\\\/shop\\\/\"},{\"@type\":\"ListItem\",\"position\":3,\"name\":\"PHIX IHR LEBEN\"}]},{\"@type\":\"WebSite\",\"@id\":\"https:\\\/\\\/pharma-hemp.com\\\/de\\\/#website\",\"url\":\"https:\\\/\\\/pharma-hemp.com\\\/de\\\/\",\"name\":\"Pharma Hemp\",\"description\":\"CBD store\",\"publisher\":{\"@id\":\"https:\\\/\\\/pharma-hemp.com\\\/de\\\/#organization\"},\"potentialAction\":[{\"@type\":\"SearchAction\",\"target\":{\"@type\":\"EntryPoint\",\"urlTemplate\":\"https:\\\/\\\/pharma-hemp.com\\\/de\\\/?s={search_term_string}\"},\"query-input\":{\"@type\":\"PropertyValueSpecification\",\"valueRequired\":true,\"valueName\":\"search_term_string\"}}],\"inLanguage\":\"de\"},{\"@type\":\"Organization\",\"@id\":\"https:\\\/\\\/pharma-hemp.com\\\/de\\\/#organization\",\"name\":\"PharmaHemp\",\"url\":\"https:\\\/\\\/pharma-hemp.com\\\/de\\\/\",\"logo\":{\"@type\":\"ImageObject\",\"inLanguage\":\"de\",\"@id\":\"https:\\\/\\\/pharma-hemp.com\\\/de\\\/#\\\/schema\\\/logo\\\/image\\\/\",\"url\":\"https:\\\/\\\/pharma-hemp.com\\\/wp-content\\\/uploads\\\/2025\\\/04\\\/Pharma-Hemp-logo_crn-1.png\",\"contentUrl\":\"https:\\\/\\\/pharma-hemp.com\\\/wp-content\\\/uploads\\\/2025\\\/04\\\/Pharma-Hemp-logo_crn-1.png\",\"width\":200,\"height\":44,\"caption\":\"PharmaHemp\"},\"image\":{\"@id\":\"https:\\\/\\\/pharma-hemp.com\\\/de\\\/#\\\/schema\\\/logo\\\/image\\\/\"}}]}<\/script>\n<!-- \/ Yoast SEO plugin. -->","yoast_head_json":{"title":"PHIX IHR LEBEN - Pharma Hemp","description":"CBD-Tropfen b\u00fcndeln PHIX, um Ihre Nerven zu beruhigen, Ihren Fokus zu sch\u00e4rfen, Beschwerden zu lindern, Ihr Immunsystem zu unterst\u00fctzen und Ihnen beim Schlafen zu helfen.","robots":{"index":"index","follow":"follow","max-snippet":"max-snippet:-1","max-image-preview":"max-image-preview:large","max-video-preview":"max-video-preview:-1"},"canonical":"https:\/\/pharma-hemp.com\/de\/shop\/phix-ihr-leben\/","og_locale":"de_DE","og_type":"article","og_title":"PHIX IHR LEBEN - Pharma Hemp","og_description":"CBD-Tropfen b\u00fcndeln PHIX, um Ihre Nerven zu beruhigen, Ihren Fokus zu sch\u00e4rfen, Beschwerden zu lindern, Ihr Immunsystem zu unterst\u00fctzen und Ihnen beim Schlafen zu helfen.","og_url":"https:\/\/pharma-hemp.com\/de\/shop\/phix-ihr-leben\/","og_site_name":"Pharma Hemp","article_modified_time":"2026-04-02T09:44:12+00:00","og_image":[{"width":1250,"height":1250,"url":"https:\/\/pharma-hemp.com\/wp-content\/uploads\/2025\/12\/phixYourLIfe.png","type":"image\/png"}],"twitter_card":"summary_large_image","twitter_misc":{"Gesch\u00e4tzte Lesezeit":"1\u00a0Minute"},"schema":{"@context":"https:\/\/schema.org","@graph":[{"@type":"WebPage","@id":"https:\/\/pharma-hemp.com\/de\/shop\/phix-ihr-leben\/","url":"https:\/\/pharma-hemp.com\/de\/shop\/phix-ihr-leben\/","name":"PHIX IHR LEBEN - Pharma Hemp","isPartOf":{"@id":"https:\/\/pharma-hemp.com\/de\/#website"},"primaryImageOfPage":{"@id":"https:\/\/pharma-hemp.com\/de\/shop\/phix-ihr-leben\/#primaryimage"},"image":{"@id":"https:\/\/pharma-hemp.com\/de\/shop\/phix-ihr-leben\/#primaryimage"},"thumbnailUrl":"https:\/\/pharma-hemp.com\/wp-content\/uploads\/2025\/12\/phixYourLIfe.png","datePublished":"2025-05-08T08:49:15+00:00","dateModified":"2026-04-02T09:44:12+00:00","description":"CBD-Tropfen b\u00fcndeln PHIX, um Ihre Nerven zu beruhigen, Ihren Fokus zu sch\u00e4rfen, Beschwerden zu lindern, Ihr Immunsystem zu unterst\u00fctzen und Ihnen beim Schlafen zu helfen.","breadcrumb":{"@id":"https:\/\/pharma-hemp.com\/de\/shop\/phix-ihr-leben\/#breadcrumb"},"inLanguage":"de","potentialAction":[{"@type":"ReadAction","target":["https:\/\/pharma-hemp.com\/de\/shop\/phix-ihr-leben\/"]}]},{"@type":"ImageObject","inLanguage":"de","@id":"https:\/\/pharma-hemp.com\/de\/shop\/phix-ihr-leben\/#primaryimage","url":"https:\/\/pharma-hemp.com\/wp-content\/uploads\/2025\/12\/phixYourLIfe.png","contentUrl":"https:\/\/pharma-hemp.com\/wp-content\/uploads\/2025\/12\/phixYourLIfe.png","width":1250,"height":1250},{"@type":"BreadcrumbList","@id":"https:\/\/pharma-hemp.com\/de\/shop\/phix-ihr-leben\/#breadcrumb","itemListElement":[{"@type":"ListItem","position":1,"name":"Home","item":"https:\/\/pharma-hemp.com\/de\/"},{"@type":"ListItem","position":2,"name":"Shop","item":"https:\/\/pharma-hemp.com\/de\/shop\/"},{"@type":"ListItem","position":3,"name":"PHIX IHR LEBEN"}]},{"@type":"WebSite","@id":"https:\/\/pharma-hemp.com\/de\/#website","url":"https:\/\/pharma-hemp.com\/de\/","name":"Pharma Hemp","description":"CBD store","publisher":{"@id":"https:\/\/pharma-hemp.com\/de\/#organization"},"potentialAction":[{"@type":"SearchAction","target":{"@type":"EntryPoint","urlTemplate":"https:\/\/pharma-hemp.com\/de\/?s={search_term_string}"},"query-input":{"@type":"PropertyValueSpecification","valueRequired":true,"valueName":"search_term_string"}}],"inLanguage":"de"},{"@type":"Organization","@id":"https:\/\/pharma-hemp.com\/de\/#organization","name":"PharmaHemp","url":"https:\/\/pharma-hemp.com\/de\/","logo":{"@type":"ImageObject","inLanguage":"de","@id":"https:\/\/pharma-hemp.com\/de\/#\/schema\/logo\/image\/","url":"https:\/\/pharma-hemp.com\/wp-content\/uploads\/2025\/04\/Pharma-Hemp-logo_crn-1.png","contentUrl":"https:\/\/pharma-hemp.com\/wp-content\/uploads\/2025\/04\/Pharma-Hemp-logo_crn-1.png","width":200,"height":44,"caption":"PharmaHemp"},"image":{"@id":"https:\/\/pharma-hemp.com\/de\/#\/schema\/logo\/image\/"}}]}},"_links":{"self":[{"href":"https:\/\/pharma-hemp.com\/de\/wp-json\/wp\/v2\/product\/577610","targetHints":{"allow":["GET"]}}],"collection":[{"href":"https:\/\/pharma-hemp.com\/de\/wp-json\/wp\/v2\/product"}],"about":[{"href":"https:\/\/pharma-hemp.com\/de\/wp-json\/wp\/v2\/types\/product"}],"wp:featuredmedia":[{"embeddable":true,"href":"https:\/\/pharma-hemp.com\/de\/wp-json\/wp\/v2\/media\/577613"}],"wp:attachment":[{"href":"https:\/\/pharma-hemp.com\/de\/wp-json\/wp\/v2\/media?parent=577610"}],"wp:term":[{"taxonomy":"product_brand","embeddable":true,"href":"https:\/\/pharma-hemp.com\/de\/wp-json\/wp\/v2\/product_brand?post=577610"},{"taxonomy":"product_cat","embeddable":true,"href":"https:\/\/pharma-hemp.com\/de\/wp-json\/wp\/v2\/product_cat?post=577610"},{"taxonomy":"product_tag","embeddable":true,"href":"https:\/\/pharma-hemp.com\/de\/wp-json\/wp\/v2\/product_tag?post=577610"}],"curies":[{"name":"wp","href":"https:\/\/api.w.org\/{rel}","templated":true}]}}