{"id":577602,"date":"2025-05-06T08:48:32","date_gmt":"2025-05-06T07:48:32","guid":{"rendered":"https:\/\/pharma-hemp.com\/?post_type=product&#038;p=577602"},"modified":"2026-03-06T10:06:20","modified_gmt":"2026-03-06T08:06:20","slug":"mycomix-immun-k-70g","status":"publish","type":"product","link":"https:\/\/pharma-hemp.com\/de\/shop\/mycomix-immun-k-70g\/","title":{"rendered":"MYCOMIX IMMUN K (70G)"},"content":{"rendered":"","protected":false},"excerpt":{"rendered":"<p>IMMUNE-BOOSTING SUPER BLEND<\/p>\n<p>Ein<span style=\"font-weight: 400;\">Nahrungserg\u00e4nzungsmittel mit einem vollst\u00e4ndigen Spektrum an Pilzen, das die Immunfunktion st\u00e4rkt und M\u00fcdigkeit bek\u00e4mpft.<\/span><\/p>\n","protected":false},"featured_media":577609,"template":"","meta":[],"product_brand":[],"product_cat":[349,371,372,375,354],"product_tag":[1729,1728,1724,1726,1727,1698,1730,1695,1725,1041,362],"class_list":{"0":"post-577602","1":"product","2":"type-product","3":"status-publish","4":"has-post-thumbnail","6":"product_cat-andere-marken","7":"product_cat-geist","8":"product_cat-immunitat","9":"product_cat-kapseln","10":"product_cat-kuhlen-sie","11":"product_tag-allgemeine-muedigkeit","12":"product_tag-geringe-widerstandskraft","13":"product_tag-haeufige-krankheiten","14":"product_tag-immun-kapseln","15":"product_tag-immunungleichgewicht","16":"product_tag-kapseln","17":"product_tag-langfristige-gesundheit","18":"product_tag-langsamer-erholung","19":"product_tag-pilze-fuer-immunitaet","20":"product_tag-schwaches-immunsystem","21":"product_tag-tropfen","23":"first","24":"outofstock","25":"shipping-taxable","26":"purchasable","27":"product-type-simple"},"acf":{"konfigurator_product_name":"","konfigurator_product_description":"","konfigurator_product_image_url":""},"yoast_head":"<!-- This site is optimized with the Yoast SEO plugin v27.3 - https:\/\/yoast.com\/product\/yoast-seo-wordpress\/ -->\n<title>Pilzkapseln MYCOMIX IMMUN K (70G) - Pharma Hemp %<\/title>\n<meta name=\"description\" content=\"Pilzkapseln MYCOMIX IMMUN K (70G) Steigert die Energie, die Ausdauer und die Widerstandsf\u00e4higkeit des Immunsystems. St\u00e4rkt die Immunabwehr und f\u00f6rdert die Gesundheit des Herzens.\" \/>\n<meta name=\"robots\" content=\"index, follow, max-snippet:-1, max-image-preview:large, max-video-preview:-1\" \/>\n<link rel=\"canonical\" href=\"https:\/\/pharma-hemp.com\/de\/shop\/mycomix-immun-k-70g\/\" \/>\n<meta property=\"og:locale\" content=\"de_DE\" \/>\n<meta property=\"og:type\" content=\"article\" \/>\n<meta property=\"og:title\" content=\"Pilzkapseln MYCOMIX IMMUN K (70G) - Pharma Hemp %\" \/>\n<meta property=\"og:description\" content=\"Pilzkapseln MYCOMIX IMMUN K (70G) Steigert die Energie, die Ausdauer und die Widerstandsf\u00e4higkeit des Immunsystems. St\u00e4rkt die Immunabwehr und f\u00f6rdert die Gesundheit des Herzens.\" \/>\n<meta property=\"og:url\" content=\"https:\/\/pharma-hemp.com\/de\/shop\/mycomix-immun-k-70g\/\" \/>\n<meta property=\"og:site_name\" content=\"Pharma Hemp\" \/>\n<meta property=\"article:modified_time\" content=\"2026-03-06T08:06:20+00:00\" \/>\n<meta property=\"og:image\" content=\"https:\/\/pharma-hemp.com\/wp-content\/uploads\/2025\/05\/MYXOMIX-IMMUN-K-70G_1.png\" \/>\n\t<meta property=\"og:image:width\" content=\"800\" \/>\n\t<meta property=\"og:image:height\" content=\"800\" \/>\n\t<meta property=\"og:image:type\" content=\"image\/png\" \/>\n<meta name=\"twitter:card\" content=\"summary_large_image\" \/>\n<meta name=\"twitter:label1\" content=\"Gesch\u00e4tzte Lesezeit\" \/>\n\t<meta name=\"twitter:data1\" content=\"1\u00a0Minute\" \/>\n<script type=\"application\/ld+json\" class=\"yoast-schema-graph\">{\"@context\":\"https:\\\/\\\/schema.org\",\"@graph\":[{\"@type\":\"WebPage\",\"@id\":\"https:\\\/\\\/pharma-hemp.com\\\/de\\\/shop\\\/mycomix-immun-k-70g\\\/\",\"url\":\"https:\\\/\\\/pharma-hemp.com\\\/de\\\/shop\\\/mycomix-immun-k-70g\\\/\",\"name\":\"Pilzkapseln MYCOMIX IMMUN K (70G) - Pharma Hemp %\",\"isPartOf\":{\"@id\":\"https:\\\/\\\/pharma-hemp.com\\\/de\\\/#website\"},\"primaryImageOfPage\":{\"@id\":\"https:\\\/\\\/pharma-hemp.com\\\/de\\\/shop\\\/mycomix-immun-k-70g\\\/#primaryimage\"},\"image\":{\"@id\":\"https:\\\/\\\/pharma-hemp.com\\\/de\\\/shop\\\/mycomix-immun-k-70g\\\/#primaryimage\"},\"thumbnailUrl\":\"https:\\\/\\\/pharma-hemp.com\\\/wp-content\\\/uploads\\\/2025\\\/05\\\/MYXOMIX-IMMUN-K-70G_1.png\",\"datePublished\":\"2025-05-06T07:48:32+00:00\",\"dateModified\":\"2026-03-06T08:06:20+00:00\",\"description\":\"Pilzkapseln MYCOMIX IMMUN K (70G) Steigert die Energie, die Ausdauer und die Widerstandsf\u00e4higkeit des Immunsystems. St\u00e4rkt die Immunabwehr und f\u00f6rdert die Gesundheit des Herzens.\",\"breadcrumb\":{\"@id\":\"https:\\\/\\\/pharma-hemp.com\\\/de\\\/shop\\\/mycomix-immun-k-70g\\\/#breadcrumb\"},\"inLanguage\":\"de\",\"potentialAction\":[{\"@type\":\"ReadAction\",\"target\":[\"https:\\\/\\\/pharma-hemp.com\\\/de\\\/shop\\\/mycomix-immun-k-70g\\\/\"]}]},{\"@type\":\"ImageObject\",\"inLanguage\":\"de\",\"@id\":\"https:\\\/\\\/pharma-hemp.com\\\/de\\\/shop\\\/mycomix-immun-k-70g\\\/#primaryimage\",\"url\":\"https:\\\/\\\/pharma-hemp.com\\\/wp-content\\\/uploads\\\/2025\\\/05\\\/MYXOMIX-IMMUN-K-70G_1.png\",\"contentUrl\":\"https:\\\/\\\/pharma-hemp.com\\\/wp-content\\\/uploads\\\/2025\\\/05\\\/MYXOMIX-IMMUN-K-70G_1.png\",\"width\":800,\"height\":800},{\"@type\":\"BreadcrumbList\",\"@id\":\"https:\\\/\\\/pharma-hemp.com\\\/de\\\/shop\\\/mycomix-immun-k-70g\\\/#breadcrumb\",\"itemListElement\":[{\"@type\":\"ListItem\",\"position\":1,\"name\":\"Home\",\"item\":\"https:\\\/\\\/pharma-hemp.com\\\/de\\\/\"},{\"@type\":\"ListItem\",\"position\":2,\"name\":\"Shop\",\"item\":\"https:\\\/\\\/pharma-hemp.com\\\/de\\\/shop\\\/\"},{\"@type\":\"ListItem\",\"position\":3,\"name\":\"MYCOMIX IMMUN K (70G)\"}]},{\"@type\":\"WebSite\",\"@id\":\"https:\\\/\\\/pharma-hemp.com\\\/de\\\/#website\",\"url\":\"https:\\\/\\\/pharma-hemp.com\\\/de\\\/\",\"name\":\"Pharma Hemp\",\"description\":\"CBD store\",\"publisher\":{\"@id\":\"https:\\\/\\\/pharma-hemp.com\\\/de\\\/#organization\"},\"potentialAction\":[{\"@type\":\"SearchAction\",\"target\":{\"@type\":\"EntryPoint\",\"urlTemplate\":\"https:\\\/\\\/pharma-hemp.com\\\/de\\\/?s={search_term_string}\"},\"query-input\":{\"@type\":\"PropertyValueSpecification\",\"valueRequired\":true,\"valueName\":\"search_term_string\"}}],\"inLanguage\":\"de\"},{\"@type\":\"Organization\",\"@id\":\"https:\\\/\\\/pharma-hemp.com\\\/de\\\/#organization\",\"name\":\"PharmaHemp\",\"url\":\"https:\\\/\\\/pharma-hemp.com\\\/de\\\/\",\"logo\":{\"@type\":\"ImageObject\",\"inLanguage\":\"de\",\"@id\":\"https:\\\/\\\/pharma-hemp.com\\\/de\\\/#\\\/schema\\\/logo\\\/image\\\/\",\"url\":\"https:\\\/\\\/pharma-hemp.com\\\/wp-content\\\/uploads\\\/2025\\\/04\\\/Pharma-Hemp-logo_crn-1.png\",\"contentUrl\":\"https:\\\/\\\/pharma-hemp.com\\\/wp-content\\\/uploads\\\/2025\\\/04\\\/Pharma-Hemp-logo_crn-1.png\",\"width\":200,\"height\":44,\"caption\":\"PharmaHemp\"},\"image\":{\"@id\":\"https:\\\/\\\/pharma-hemp.com\\\/de\\\/#\\\/schema\\\/logo\\\/image\\\/\"}}]}<\/script>\n<!-- \/ Yoast SEO plugin. -->","yoast_head_json":{"title":"Pilzkapseln MYCOMIX IMMUN K (70G) - Pharma Hemp %","description":"Pilzkapseln MYCOMIX IMMUN K (70G) Steigert die Energie, die Ausdauer und die Widerstandsf\u00e4higkeit des Immunsystems. St\u00e4rkt die Immunabwehr und f\u00f6rdert die Gesundheit des Herzens.","robots":{"index":"index","follow":"follow","max-snippet":"max-snippet:-1","max-image-preview":"max-image-preview:large","max-video-preview":"max-video-preview:-1"},"canonical":"https:\/\/pharma-hemp.com\/de\/shop\/mycomix-immun-k-70g\/","og_locale":"de_DE","og_type":"article","og_title":"Pilzkapseln MYCOMIX IMMUN K (70G) - Pharma Hemp %","og_description":"Pilzkapseln MYCOMIX IMMUN K (70G) Steigert die Energie, die Ausdauer und die Widerstandsf\u00e4higkeit des Immunsystems. St\u00e4rkt die Immunabwehr und f\u00f6rdert die Gesundheit des Herzens.","og_url":"https:\/\/pharma-hemp.com\/de\/shop\/mycomix-immun-k-70g\/","og_site_name":"Pharma Hemp","article_modified_time":"2026-03-06T08:06:20+00:00","og_image":[{"width":800,"height":800,"url":"https:\/\/pharma-hemp.com\/wp-content\/uploads\/2025\/05\/MYXOMIX-IMMUN-K-70G_1.png","type":"image\/png"}],"twitter_card":"summary_large_image","twitter_misc":{"Gesch\u00e4tzte Lesezeit":"1\u00a0Minute"},"schema":{"@context":"https:\/\/schema.org","@graph":[{"@type":"WebPage","@id":"https:\/\/pharma-hemp.com\/de\/shop\/mycomix-immun-k-70g\/","url":"https:\/\/pharma-hemp.com\/de\/shop\/mycomix-immun-k-70g\/","name":"Pilzkapseln MYCOMIX IMMUN K (70G) - Pharma Hemp %","isPartOf":{"@id":"https:\/\/pharma-hemp.com\/de\/#website"},"primaryImageOfPage":{"@id":"https:\/\/pharma-hemp.com\/de\/shop\/mycomix-immun-k-70g\/#primaryimage"},"image":{"@id":"https:\/\/pharma-hemp.com\/de\/shop\/mycomix-immun-k-70g\/#primaryimage"},"thumbnailUrl":"https:\/\/pharma-hemp.com\/wp-content\/uploads\/2025\/05\/MYXOMIX-IMMUN-K-70G_1.png","datePublished":"2025-05-06T07:48:32+00:00","dateModified":"2026-03-06T08:06:20+00:00","description":"Pilzkapseln MYCOMIX IMMUN K (70G) Steigert die Energie, die Ausdauer und die Widerstandsf\u00e4higkeit des Immunsystems. St\u00e4rkt die Immunabwehr und f\u00f6rdert die Gesundheit des Herzens.","breadcrumb":{"@id":"https:\/\/pharma-hemp.com\/de\/shop\/mycomix-immun-k-70g\/#breadcrumb"},"inLanguage":"de","potentialAction":[{"@type":"ReadAction","target":["https:\/\/pharma-hemp.com\/de\/shop\/mycomix-immun-k-70g\/"]}]},{"@type":"ImageObject","inLanguage":"de","@id":"https:\/\/pharma-hemp.com\/de\/shop\/mycomix-immun-k-70g\/#primaryimage","url":"https:\/\/pharma-hemp.com\/wp-content\/uploads\/2025\/05\/MYXOMIX-IMMUN-K-70G_1.png","contentUrl":"https:\/\/pharma-hemp.com\/wp-content\/uploads\/2025\/05\/MYXOMIX-IMMUN-K-70G_1.png","width":800,"height":800},{"@type":"BreadcrumbList","@id":"https:\/\/pharma-hemp.com\/de\/shop\/mycomix-immun-k-70g\/#breadcrumb","itemListElement":[{"@type":"ListItem","position":1,"name":"Home","item":"https:\/\/pharma-hemp.com\/de\/"},{"@type":"ListItem","position":2,"name":"Shop","item":"https:\/\/pharma-hemp.com\/de\/shop\/"},{"@type":"ListItem","position":3,"name":"MYCOMIX IMMUN K (70G)"}]},{"@type":"WebSite","@id":"https:\/\/pharma-hemp.com\/de\/#website","url":"https:\/\/pharma-hemp.com\/de\/","name":"Pharma Hemp","description":"CBD store","publisher":{"@id":"https:\/\/pharma-hemp.com\/de\/#organization"},"potentialAction":[{"@type":"SearchAction","target":{"@type":"EntryPoint","urlTemplate":"https:\/\/pharma-hemp.com\/de\/?s={search_term_string}"},"query-input":{"@type":"PropertyValueSpecification","valueRequired":true,"valueName":"search_term_string"}}],"inLanguage":"de"},{"@type":"Organization","@id":"https:\/\/pharma-hemp.com\/de\/#organization","name":"PharmaHemp","url":"https:\/\/pharma-hemp.com\/de\/","logo":{"@type":"ImageObject","inLanguage":"de","@id":"https:\/\/pharma-hemp.com\/de\/#\/schema\/logo\/image\/","url":"https:\/\/pharma-hemp.com\/wp-content\/uploads\/2025\/04\/Pharma-Hemp-logo_crn-1.png","contentUrl":"https:\/\/pharma-hemp.com\/wp-content\/uploads\/2025\/04\/Pharma-Hemp-logo_crn-1.png","width":200,"height":44,"caption":"PharmaHemp"},"image":{"@id":"https:\/\/pharma-hemp.com\/de\/#\/schema\/logo\/image\/"}}]}},"_links":{"self":[{"href":"https:\/\/pharma-hemp.com\/de\/wp-json\/wp\/v2\/product\/577602","targetHints":{"allow":["GET"]}}],"collection":[{"href":"https:\/\/pharma-hemp.com\/de\/wp-json\/wp\/v2\/product"}],"about":[{"href":"https:\/\/pharma-hemp.com\/de\/wp-json\/wp\/v2\/types\/product"}],"wp:featuredmedia":[{"embeddable":true,"href":"https:\/\/pharma-hemp.com\/de\/wp-json\/wp\/v2\/media\/577609"}],"wp:attachment":[{"href":"https:\/\/pharma-hemp.com\/de\/wp-json\/wp\/v2\/media?parent=577602"}],"wp:term":[{"taxonomy":"product_brand","embeddable":true,"href":"https:\/\/pharma-hemp.com\/de\/wp-json\/wp\/v2\/product_brand?post=577602"},{"taxonomy":"product_cat","embeddable":true,"href":"https:\/\/pharma-hemp.com\/de\/wp-json\/wp\/v2\/product_cat?post=577602"},{"taxonomy":"product_tag","embeddable":true,"href":"https:\/\/pharma-hemp.com\/de\/wp-json\/wp\/v2\/product_tag?post=577602"}],"curies":[{"name":"wp","href":"https:\/\/api.w.org\/{rel}","templated":true}]}}