{"id":577579,"date":"2025-05-05T09:12:46","date_gmt":"2025-05-05T08:12:46","guid":{"rendered":"https:\/\/pharma-hemp.com\/?post_type=product&#038;p=577579"},"modified":"2026-03-04T10:25:03","modified_gmt":"2026-03-04T08:25:03","slug":"dr-kent-glucosamin-creme","status":"publish","type":"product","link":"https:\/\/pharma-hemp.com\/de\/shop\/dr-kent-glucosamin-creme\/","title":{"rendered":"Dr. Kent Glucosamin Creme"},"content":{"rendered":"","protected":false},"excerpt":{"rendered":"<p><span style=\"font-weight: 400;\">GEZIELTE ENTLASTUNG F\u00dcR DIE GELENKE<\/span><\/p>\n<p>Eine kraftvolle Formel zur Linderung von Gelenkbeschwerden und zur Unterst\u00fctzung der Beweglichkeit &#8211; ohne das fettige Gef\u00fchl. Vollgepackt mit hochwertigem CBD, Kr\u00e4uterextrakten und gelenkunterst\u00fctzenden Verbindungen ist diese Creme ein Muss, um Ihren K\u00f6rper mit Leichtigkeit in Bewegung zu halten.<\/p>\n","protected":false},"featured_media":577595,"template":"","meta":[],"product_brand":[],"product_cat":[356,374,353,351],"product_tag":[1115,1359,1075,1363,1073,1361,1362,1360,1358,1357],"class_list":{"0":"post-577579","1":"product","2":"type-product","3":"status-publish","4":"has-post-thumbnail","6":"product_cat-aktive-cremes","7":"product_cat-dr-kent","8":"product_cat-erholung","9":"product_cat-nach-marke-einkaufen","10":"product_tag-arthritis","11":"product_tag-beweglichkeit","12":"product_tag-entzuendung","13":"product_tag-gelenke-im-alter","14":"product_tag-gelenkschmerzen","15":"product_tag-gelenkunterstuetzung","16":"product_tag-glucosamin","17":"product_tag-knieschmerzen","18":"product_tag-knorpel","19":"product_tag-steife-gelenke","21":"first","22":"instock","23":"shipping-taxable","24":"purchasable","25":"product-type-simple"},"acf":{"konfigurator_product_name":"","konfigurator_product_description":"","konfigurator_product_image_url":""},"yoast_head":"<!-- This site is optimized with the Yoast SEO plugin v27.3 - https:\/\/yoast.com\/product\/yoast-seo-wordpress\/ -->\n<title>Cbd Hanf Glucosamin Creme Dr Kent 1100 mg cbd - Pharma Hemp<\/title>\n<meta name=\"description\" content=\"Cbd Hanf Glucosamin Creme Dr. Kent f\u00f6rdert die Gesundheit und Beweglichkeit der Knorpel, hilft Entz\u00fcndungen zu reduzieren und unterst\u00fctzt die Gelenkfunktion.\" \/>\n<meta name=\"robots\" content=\"index, follow, max-snippet:-1, max-image-preview:large, max-video-preview:-1\" \/>\n<link rel=\"canonical\" href=\"https:\/\/pharma-hemp.com\/de\/shop\/dr-kent-glucosamin-creme\/\" \/>\n<meta property=\"og:locale\" content=\"de_DE\" \/>\n<meta property=\"og:type\" content=\"article\" \/>\n<meta property=\"og:title\" content=\"Cbd Hanf Glucosamin Creme Dr Kent 1100 mg cbd - Pharma Hemp\" \/>\n<meta property=\"og:description\" content=\"Cbd Hanf Glucosamin Creme Dr. Kent f\u00f6rdert die Gesundheit und Beweglichkeit der Knorpel, hilft Entz\u00fcndungen zu reduzieren und unterst\u00fctzt die Gelenkfunktion.\" \/>\n<meta property=\"og:url\" content=\"https:\/\/pharma-hemp.com\/de\/shop\/dr-kent-glucosamin-creme\/\" \/>\n<meta property=\"og:site_name\" content=\"Pharma Hemp\" \/>\n<meta property=\"article:modified_time\" content=\"2026-03-04T08:25:03+00:00\" \/>\n<meta property=\"og:image\" content=\"https:\/\/pharma-hemp.com\/wp-content\/uploads\/2025\/05\/GLUSOSAMINE.png\" \/>\n\t<meta property=\"og:image:width\" content=\"600\" \/>\n\t<meta property=\"og:image:height\" content=\"600\" \/>\n\t<meta property=\"og:image:type\" content=\"image\/png\" \/>\n<meta name=\"twitter:card\" content=\"summary_large_image\" \/>\n<meta name=\"twitter:label1\" content=\"Gesch\u00e4tzte Lesezeit\" \/>\n\t<meta name=\"twitter:data1\" content=\"1\u00a0Minute\" \/>\n<script type=\"application\/ld+json\" class=\"yoast-schema-graph\">{\"@context\":\"https:\\\/\\\/schema.org\",\"@graph\":[{\"@type\":\"WebPage\",\"@id\":\"https:\\\/\\\/pharma-hemp.com\\\/de\\\/shop\\\/dr-kent-glucosamin-creme\\\/\",\"url\":\"https:\\\/\\\/pharma-hemp.com\\\/de\\\/shop\\\/dr-kent-glucosamin-creme\\\/\",\"name\":\"Cbd Hanf Glucosamin Creme Dr Kent 1100 mg cbd - Pharma Hemp\",\"isPartOf\":{\"@id\":\"https:\\\/\\\/pharma-hemp.com\\\/de\\\/#website\"},\"primaryImageOfPage\":{\"@id\":\"https:\\\/\\\/pharma-hemp.com\\\/de\\\/shop\\\/dr-kent-glucosamin-creme\\\/#primaryimage\"},\"image\":{\"@id\":\"https:\\\/\\\/pharma-hemp.com\\\/de\\\/shop\\\/dr-kent-glucosamin-creme\\\/#primaryimage\"},\"thumbnailUrl\":\"https:\\\/\\\/pharma-hemp.com\\\/wp-content\\\/uploads\\\/2025\\\/05\\\/GLUSOSAMINE.png\",\"datePublished\":\"2025-05-05T08:12:46+00:00\",\"dateModified\":\"2026-03-04T08:25:03+00:00\",\"description\":\"Cbd Hanf Glucosamin Creme Dr. Kent f\u00f6rdert die Gesundheit und Beweglichkeit der Knorpel, hilft Entz\u00fcndungen zu reduzieren und unterst\u00fctzt die Gelenkfunktion.\",\"breadcrumb\":{\"@id\":\"https:\\\/\\\/pharma-hemp.com\\\/de\\\/shop\\\/dr-kent-glucosamin-creme\\\/#breadcrumb\"},\"inLanguage\":\"de\",\"potentialAction\":[{\"@type\":\"ReadAction\",\"target\":[\"https:\\\/\\\/pharma-hemp.com\\\/de\\\/shop\\\/dr-kent-glucosamin-creme\\\/\"]}]},{\"@type\":\"ImageObject\",\"inLanguage\":\"de\",\"@id\":\"https:\\\/\\\/pharma-hemp.com\\\/de\\\/shop\\\/dr-kent-glucosamin-creme\\\/#primaryimage\",\"url\":\"https:\\\/\\\/pharma-hemp.com\\\/wp-content\\\/uploads\\\/2025\\\/05\\\/GLUSOSAMINE.png\",\"contentUrl\":\"https:\\\/\\\/pharma-hemp.com\\\/wp-content\\\/uploads\\\/2025\\\/05\\\/GLUSOSAMINE.png\",\"width\":600,\"height\":600},{\"@type\":\"BreadcrumbList\",\"@id\":\"https:\\\/\\\/pharma-hemp.com\\\/de\\\/shop\\\/dr-kent-glucosamin-creme\\\/#breadcrumb\",\"itemListElement\":[{\"@type\":\"ListItem\",\"position\":1,\"name\":\"Home\",\"item\":\"https:\\\/\\\/pharma-hemp.com\\\/de\\\/\"},{\"@type\":\"ListItem\",\"position\":2,\"name\":\"Shop\",\"item\":\"https:\\\/\\\/pharma-hemp.com\\\/de\\\/shop\\\/\"},{\"@type\":\"ListItem\",\"position\":3,\"name\":\"Dr. Kent Glucosamin Creme\"}]},{\"@type\":\"WebSite\",\"@id\":\"https:\\\/\\\/pharma-hemp.com\\\/de\\\/#website\",\"url\":\"https:\\\/\\\/pharma-hemp.com\\\/de\\\/\",\"name\":\"Pharma Hemp\",\"description\":\"CBD store\",\"publisher\":{\"@id\":\"https:\\\/\\\/pharma-hemp.com\\\/de\\\/#organization\"},\"potentialAction\":[{\"@type\":\"SearchAction\",\"target\":{\"@type\":\"EntryPoint\",\"urlTemplate\":\"https:\\\/\\\/pharma-hemp.com\\\/de\\\/?s={search_term_string}\"},\"query-input\":{\"@type\":\"PropertyValueSpecification\",\"valueRequired\":true,\"valueName\":\"search_term_string\"}}],\"inLanguage\":\"de\"},{\"@type\":\"Organization\",\"@id\":\"https:\\\/\\\/pharma-hemp.com\\\/de\\\/#organization\",\"name\":\"PharmaHemp\",\"url\":\"https:\\\/\\\/pharma-hemp.com\\\/de\\\/\",\"logo\":{\"@type\":\"ImageObject\",\"inLanguage\":\"de\",\"@id\":\"https:\\\/\\\/pharma-hemp.com\\\/de\\\/#\\\/schema\\\/logo\\\/image\\\/\",\"url\":\"https:\\\/\\\/pharma-hemp.com\\\/wp-content\\\/uploads\\\/2025\\\/04\\\/Pharma-Hemp-logo_crn-1.png\",\"contentUrl\":\"https:\\\/\\\/pharma-hemp.com\\\/wp-content\\\/uploads\\\/2025\\\/04\\\/Pharma-Hemp-logo_crn-1.png\",\"width\":200,\"height\":44,\"caption\":\"PharmaHemp\"},\"image\":{\"@id\":\"https:\\\/\\\/pharma-hemp.com\\\/de\\\/#\\\/schema\\\/logo\\\/image\\\/\"}}]}<\/script>\n<!-- \/ Yoast SEO plugin. -->","yoast_head_json":{"title":"Cbd Hanf Glucosamin Creme Dr Kent 1100 mg cbd - Pharma Hemp","description":"Cbd Hanf Glucosamin Creme Dr. Kent f\u00f6rdert die Gesundheit und Beweglichkeit der Knorpel, hilft Entz\u00fcndungen zu reduzieren und unterst\u00fctzt die Gelenkfunktion.","robots":{"index":"index","follow":"follow","max-snippet":"max-snippet:-1","max-image-preview":"max-image-preview:large","max-video-preview":"max-video-preview:-1"},"canonical":"https:\/\/pharma-hemp.com\/de\/shop\/dr-kent-glucosamin-creme\/","og_locale":"de_DE","og_type":"article","og_title":"Cbd Hanf Glucosamin Creme Dr Kent 1100 mg cbd - Pharma Hemp","og_description":"Cbd Hanf Glucosamin Creme Dr. Kent f\u00f6rdert die Gesundheit und Beweglichkeit der Knorpel, hilft Entz\u00fcndungen zu reduzieren und unterst\u00fctzt die Gelenkfunktion.","og_url":"https:\/\/pharma-hemp.com\/de\/shop\/dr-kent-glucosamin-creme\/","og_site_name":"Pharma Hemp","article_modified_time":"2026-03-04T08:25:03+00:00","og_image":[{"width":600,"height":600,"url":"https:\/\/pharma-hemp.com\/wp-content\/uploads\/2025\/05\/GLUSOSAMINE.png","type":"image\/png"}],"twitter_card":"summary_large_image","twitter_misc":{"Gesch\u00e4tzte Lesezeit":"1\u00a0Minute"},"schema":{"@context":"https:\/\/schema.org","@graph":[{"@type":"WebPage","@id":"https:\/\/pharma-hemp.com\/de\/shop\/dr-kent-glucosamin-creme\/","url":"https:\/\/pharma-hemp.com\/de\/shop\/dr-kent-glucosamin-creme\/","name":"Cbd Hanf Glucosamin Creme Dr Kent 1100 mg cbd - Pharma Hemp","isPartOf":{"@id":"https:\/\/pharma-hemp.com\/de\/#website"},"primaryImageOfPage":{"@id":"https:\/\/pharma-hemp.com\/de\/shop\/dr-kent-glucosamin-creme\/#primaryimage"},"image":{"@id":"https:\/\/pharma-hemp.com\/de\/shop\/dr-kent-glucosamin-creme\/#primaryimage"},"thumbnailUrl":"https:\/\/pharma-hemp.com\/wp-content\/uploads\/2025\/05\/GLUSOSAMINE.png","datePublished":"2025-05-05T08:12:46+00:00","dateModified":"2026-03-04T08:25:03+00:00","description":"Cbd Hanf Glucosamin Creme Dr. Kent f\u00f6rdert die Gesundheit und Beweglichkeit der Knorpel, hilft Entz\u00fcndungen zu reduzieren und unterst\u00fctzt die Gelenkfunktion.","breadcrumb":{"@id":"https:\/\/pharma-hemp.com\/de\/shop\/dr-kent-glucosamin-creme\/#breadcrumb"},"inLanguage":"de","potentialAction":[{"@type":"ReadAction","target":["https:\/\/pharma-hemp.com\/de\/shop\/dr-kent-glucosamin-creme\/"]}]},{"@type":"ImageObject","inLanguage":"de","@id":"https:\/\/pharma-hemp.com\/de\/shop\/dr-kent-glucosamin-creme\/#primaryimage","url":"https:\/\/pharma-hemp.com\/wp-content\/uploads\/2025\/05\/GLUSOSAMINE.png","contentUrl":"https:\/\/pharma-hemp.com\/wp-content\/uploads\/2025\/05\/GLUSOSAMINE.png","width":600,"height":600},{"@type":"BreadcrumbList","@id":"https:\/\/pharma-hemp.com\/de\/shop\/dr-kent-glucosamin-creme\/#breadcrumb","itemListElement":[{"@type":"ListItem","position":1,"name":"Home","item":"https:\/\/pharma-hemp.com\/de\/"},{"@type":"ListItem","position":2,"name":"Shop","item":"https:\/\/pharma-hemp.com\/de\/shop\/"},{"@type":"ListItem","position":3,"name":"Dr. Kent Glucosamin Creme"}]},{"@type":"WebSite","@id":"https:\/\/pharma-hemp.com\/de\/#website","url":"https:\/\/pharma-hemp.com\/de\/","name":"Pharma Hemp","description":"CBD store","publisher":{"@id":"https:\/\/pharma-hemp.com\/de\/#organization"},"potentialAction":[{"@type":"SearchAction","target":{"@type":"EntryPoint","urlTemplate":"https:\/\/pharma-hemp.com\/de\/?s={search_term_string}"},"query-input":{"@type":"PropertyValueSpecification","valueRequired":true,"valueName":"search_term_string"}}],"inLanguage":"de"},{"@type":"Organization","@id":"https:\/\/pharma-hemp.com\/de\/#organization","name":"PharmaHemp","url":"https:\/\/pharma-hemp.com\/de\/","logo":{"@type":"ImageObject","inLanguage":"de","@id":"https:\/\/pharma-hemp.com\/de\/#\/schema\/logo\/image\/","url":"https:\/\/pharma-hemp.com\/wp-content\/uploads\/2025\/04\/Pharma-Hemp-logo_crn-1.png","contentUrl":"https:\/\/pharma-hemp.com\/wp-content\/uploads\/2025\/04\/Pharma-Hemp-logo_crn-1.png","width":200,"height":44,"caption":"PharmaHemp"},"image":{"@id":"https:\/\/pharma-hemp.com\/de\/#\/schema\/logo\/image\/"}}]}},"_links":{"self":[{"href":"https:\/\/pharma-hemp.com\/de\/wp-json\/wp\/v2\/product\/577579","targetHints":{"allow":["GET"]}}],"collection":[{"href":"https:\/\/pharma-hemp.com\/de\/wp-json\/wp\/v2\/product"}],"about":[{"href":"https:\/\/pharma-hemp.com\/de\/wp-json\/wp\/v2\/types\/product"}],"wp:featuredmedia":[{"embeddable":true,"href":"https:\/\/pharma-hemp.com\/de\/wp-json\/wp\/v2\/media\/577595"}],"wp:attachment":[{"href":"https:\/\/pharma-hemp.com\/de\/wp-json\/wp\/v2\/media?parent=577579"}],"wp:term":[{"taxonomy":"product_brand","embeddable":true,"href":"https:\/\/pharma-hemp.com\/de\/wp-json\/wp\/v2\/product_brand?post=577579"},{"taxonomy":"product_cat","embeddable":true,"href":"https:\/\/pharma-hemp.com\/de\/wp-json\/wp\/v2\/product_cat?post=577579"},{"taxonomy":"product_tag","embeddable":true,"href":"https:\/\/pharma-hemp.com\/de\/wp-json\/wp\/v2\/product_tag?post=577579"}],"curies":[{"name":"wp","href":"https:\/\/api.w.org\/{rel}","templated":true}]}}