{"id":577556,"date":"2025-05-05T12:33:57","date_gmt":"2025-05-05T11:33:57","guid":{"rendered":"https:\/\/pharma-hemp.com\/?post_type=product&#038;p=577556"},"modified":"2026-03-04T10:21:30","modified_gmt":"2026-03-04T08:21:30","slug":"dr-kent-sportgel","status":"publish","type":"product","link":"https:\/\/pharma-hemp.com\/de\/shop\/dr-kent-sportgel\/","title":{"rendered":"Dr. Kent Sportgel"},"content":{"rendered":"","protected":false},"excerpt":{"rendered":"<p><span style=\"font-weight: 400;\">K\u00dcHLEN, BERUHIGEN, ERHOLEN<\/span><\/p>\n<p><span style=\"font-weight: 400;\">Ein leistungsstarkes Erholungsgel f\u00fcr aktive K\u00f6rper. Egal, ob Sie im Fitnessstudio oder auf den Wanderwegen trainieren oder einfach nur mit allt\u00e4glichen Verspannungen zu k\u00e4mpfen haben, dieses schnell einziehende Gel bietet die k\u00fchlende Linderung, nach der sich Ihre Muskeln sehnen. <\/span><\/p>\n","protected":false},"featured_media":577570,"template":"","meta":[],"product_brand":[],"product_cat":[356,374,353,359],"product_tag":[1075,1347,1074,1345,1346,1078,1349,1348,1344,1079],"class_list":{"0":"post-577556","1":"product","2":"type-product","3":"status-publish","4":"has-post-thumbnail","6":"product_cat-aktive-cremes","7":"product_cat-dr-kent","8":"product_cat-erholung","9":"product_cat-superstars","10":"product_tag-entzuendung","11":"product_tag-muede-muskeln","12":"product_tag-muskelschmerzen","13":"product_tag-muskelzerrung","14":"product_tag-prellungen","15":"product_tag-schmerz-nach-training","16":"product_tag-schnelle-linderung","17":"product_tag-sportgel","18":"product_tag-sportverletzungen","19":"product_tag-steifheit","21":"first","22":"instock","23":"shipping-taxable","24":"purchasable","25":"product-type-simple"},"acf":{"konfigurator_product_name":"","konfigurator_product_description":"","konfigurator_product_image_url":""},"yoast_head":"<!-- This site is optimized with the Yoast SEO plugin v27.3 - https:\/\/yoast.com\/product\/yoast-seo-wordpress\/ -->\n<title>Cbd Muskel Gel Sport Dr Kent 1100 mg cbd - Pharma Hemp<\/title>\n<meta name=\"description\" content=\"Cbd Muskelgel Sport Dr. Kent reduziert Mikroverletzungen und unterst\u00fctzt eine schnellere Heilung, lindert Hitze und beruhigt Spannungen nach der Aktivit\u00e4t.\" \/>\n<meta name=\"robots\" content=\"index, follow, max-snippet:-1, max-image-preview:large, max-video-preview:-1\" \/>\n<link rel=\"canonical\" href=\"https:\/\/pharma-hemp.com\/de\/shop\/dr-kent-sportgel\/\" \/>\n<meta property=\"og:locale\" content=\"de_DE\" \/>\n<meta property=\"og:type\" content=\"article\" \/>\n<meta property=\"og:title\" content=\"Cbd Muskel Gel Sport Dr Kent 1100 mg cbd - Pharma Hemp\" \/>\n<meta property=\"og:description\" content=\"Cbd Muskelgel Sport Dr. Kent reduziert Mikroverletzungen und unterst\u00fctzt eine schnellere Heilung, lindert Hitze und beruhigt Spannungen nach der Aktivit\u00e4t.\" \/>\n<meta property=\"og:url\" content=\"https:\/\/pharma-hemp.com\/de\/shop\/dr-kent-sportgel\/\" \/>\n<meta property=\"og:site_name\" content=\"Pharma Hemp\" \/>\n<meta property=\"article:modified_time\" content=\"2026-03-04T08:21:30+00:00\" \/>\n<meta property=\"og:image\" content=\"https:\/\/pharma-hemp.com\/wp-content\/uploads\/2025\/05\/SPORT-GEL.png\" \/>\n\t<meta property=\"og:image:width\" content=\"600\" \/>\n\t<meta property=\"og:image:height\" content=\"600\" \/>\n\t<meta property=\"og:image:type\" content=\"image\/png\" \/>\n<meta name=\"twitter:card\" content=\"summary_large_image\" \/>\n<meta name=\"twitter:label1\" content=\"Gesch\u00e4tzte Lesezeit\" \/>\n\t<meta name=\"twitter:data1\" content=\"1\u00a0Minute\" \/>\n<script type=\"application\/ld+json\" class=\"yoast-schema-graph\">{\"@context\":\"https:\\\/\\\/schema.org\",\"@graph\":[{\"@type\":\"WebPage\",\"@id\":\"https:\\\/\\\/pharma-hemp.com\\\/de\\\/shop\\\/dr-kent-sportgel\\\/\",\"url\":\"https:\\\/\\\/pharma-hemp.com\\\/de\\\/shop\\\/dr-kent-sportgel\\\/\",\"name\":\"Cbd Muskel Gel Sport Dr Kent 1100 mg cbd - Pharma Hemp\",\"isPartOf\":{\"@id\":\"https:\\\/\\\/pharma-hemp.com\\\/de\\\/#website\"},\"primaryImageOfPage\":{\"@id\":\"https:\\\/\\\/pharma-hemp.com\\\/de\\\/shop\\\/dr-kent-sportgel\\\/#primaryimage\"},\"image\":{\"@id\":\"https:\\\/\\\/pharma-hemp.com\\\/de\\\/shop\\\/dr-kent-sportgel\\\/#primaryimage\"},\"thumbnailUrl\":\"https:\\\/\\\/pharma-hemp.com\\\/wp-content\\\/uploads\\\/2025\\\/05\\\/SPORT-GEL.png\",\"datePublished\":\"2025-05-05T11:33:57+00:00\",\"dateModified\":\"2026-03-04T08:21:30+00:00\",\"description\":\"Cbd Muskelgel Sport Dr. Kent reduziert Mikroverletzungen und unterst\u00fctzt eine schnellere Heilung, lindert Hitze und beruhigt Spannungen nach der Aktivit\u00e4t.\",\"breadcrumb\":{\"@id\":\"https:\\\/\\\/pharma-hemp.com\\\/de\\\/shop\\\/dr-kent-sportgel\\\/#breadcrumb\"},\"inLanguage\":\"de\",\"potentialAction\":[{\"@type\":\"ReadAction\",\"target\":[\"https:\\\/\\\/pharma-hemp.com\\\/de\\\/shop\\\/dr-kent-sportgel\\\/\"]}]},{\"@type\":\"ImageObject\",\"inLanguage\":\"de\",\"@id\":\"https:\\\/\\\/pharma-hemp.com\\\/de\\\/shop\\\/dr-kent-sportgel\\\/#primaryimage\",\"url\":\"https:\\\/\\\/pharma-hemp.com\\\/wp-content\\\/uploads\\\/2025\\\/05\\\/SPORT-GEL.png\",\"contentUrl\":\"https:\\\/\\\/pharma-hemp.com\\\/wp-content\\\/uploads\\\/2025\\\/05\\\/SPORT-GEL.png\",\"width\":600,\"height\":600},{\"@type\":\"BreadcrumbList\",\"@id\":\"https:\\\/\\\/pharma-hemp.com\\\/de\\\/shop\\\/dr-kent-sportgel\\\/#breadcrumb\",\"itemListElement\":[{\"@type\":\"ListItem\",\"position\":1,\"name\":\"Home\",\"item\":\"https:\\\/\\\/pharma-hemp.com\\\/de\\\/\"},{\"@type\":\"ListItem\",\"position\":2,\"name\":\"Shop\",\"item\":\"https:\\\/\\\/pharma-hemp.com\\\/de\\\/shop\\\/\"},{\"@type\":\"ListItem\",\"position\":3,\"name\":\"Dr. Kent Sportgel\"}]},{\"@type\":\"WebSite\",\"@id\":\"https:\\\/\\\/pharma-hemp.com\\\/de\\\/#website\",\"url\":\"https:\\\/\\\/pharma-hemp.com\\\/de\\\/\",\"name\":\"Pharma Hemp\",\"description\":\"CBD store\",\"publisher\":{\"@id\":\"https:\\\/\\\/pharma-hemp.com\\\/de\\\/#organization\"},\"potentialAction\":[{\"@type\":\"SearchAction\",\"target\":{\"@type\":\"EntryPoint\",\"urlTemplate\":\"https:\\\/\\\/pharma-hemp.com\\\/de\\\/?s={search_term_string}\"},\"query-input\":{\"@type\":\"PropertyValueSpecification\",\"valueRequired\":true,\"valueName\":\"search_term_string\"}}],\"inLanguage\":\"de\"},{\"@type\":\"Organization\",\"@id\":\"https:\\\/\\\/pharma-hemp.com\\\/de\\\/#organization\",\"name\":\"PharmaHemp\",\"url\":\"https:\\\/\\\/pharma-hemp.com\\\/de\\\/\",\"logo\":{\"@type\":\"ImageObject\",\"inLanguage\":\"de\",\"@id\":\"https:\\\/\\\/pharma-hemp.com\\\/de\\\/#\\\/schema\\\/logo\\\/image\\\/\",\"url\":\"https:\\\/\\\/pharma-hemp.com\\\/wp-content\\\/uploads\\\/2025\\\/04\\\/Pharma-Hemp-logo_crn-1.png\",\"contentUrl\":\"https:\\\/\\\/pharma-hemp.com\\\/wp-content\\\/uploads\\\/2025\\\/04\\\/Pharma-Hemp-logo_crn-1.png\",\"width\":200,\"height\":44,\"caption\":\"PharmaHemp\"},\"image\":{\"@id\":\"https:\\\/\\\/pharma-hemp.com\\\/de\\\/#\\\/schema\\\/logo\\\/image\\\/\"}}]}<\/script>\n<!-- \/ Yoast SEO plugin. -->","yoast_head_json":{"title":"Cbd Muskel Gel Sport Dr Kent 1100 mg cbd - Pharma Hemp","description":"Cbd Muskelgel Sport Dr. Kent reduziert Mikroverletzungen und unterst\u00fctzt eine schnellere Heilung, lindert Hitze und beruhigt Spannungen nach der Aktivit\u00e4t.","robots":{"index":"index","follow":"follow","max-snippet":"max-snippet:-1","max-image-preview":"max-image-preview:large","max-video-preview":"max-video-preview:-1"},"canonical":"https:\/\/pharma-hemp.com\/de\/shop\/dr-kent-sportgel\/","og_locale":"de_DE","og_type":"article","og_title":"Cbd Muskel Gel Sport Dr Kent 1100 mg cbd - Pharma Hemp","og_description":"Cbd Muskelgel Sport Dr. Kent reduziert Mikroverletzungen und unterst\u00fctzt eine schnellere Heilung, lindert Hitze und beruhigt Spannungen nach der Aktivit\u00e4t.","og_url":"https:\/\/pharma-hemp.com\/de\/shop\/dr-kent-sportgel\/","og_site_name":"Pharma Hemp","article_modified_time":"2026-03-04T08:21:30+00:00","og_image":[{"width":600,"height":600,"url":"https:\/\/pharma-hemp.com\/wp-content\/uploads\/2025\/05\/SPORT-GEL.png","type":"image\/png"}],"twitter_card":"summary_large_image","twitter_misc":{"Gesch\u00e4tzte Lesezeit":"1\u00a0Minute"},"schema":{"@context":"https:\/\/schema.org","@graph":[{"@type":"WebPage","@id":"https:\/\/pharma-hemp.com\/de\/shop\/dr-kent-sportgel\/","url":"https:\/\/pharma-hemp.com\/de\/shop\/dr-kent-sportgel\/","name":"Cbd Muskel Gel Sport Dr Kent 1100 mg cbd - Pharma Hemp","isPartOf":{"@id":"https:\/\/pharma-hemp.com\/de\/#website"},"primaryImageOfPage":{"@id":"https:\/\/pharma-hemp.com\/de\/shop\/dr-kent-sportgel\/#primaryimage"},"image":{"@id":"https:\/\/pharma-hemp.com\/de\/shop\/dr-kent-sportgel\/#primaryimage"},"thumbnailUrl":"https:\/\/pharma-hemp.com\/wp-content\/uploads\/2025\/05\/SPORT-GEL.png","datePublished":"2025-05-05T11:33:57+00:00","dateModified":"2026-03-04T08:21:30+00:00","description":"Cbd Muskelgel Sport Dr. Kent reduziert Mikroverletzungen und unterst\u00fctzt eine schnellere Heilung, lindert Hitze und beruhigt Spannungen nach der Aktivit\u00e4t.","breadcrumb":{"@id":"https:\/\/pharma-hemp.com\/de\/shop\/dr-kent-sportgel\/#breadcrumb"},"inLanguage":"de","potentialAction":[{"@type":"ReadAction","target":["https:\/\/pharma-hemp.com\/de\/shop\/dr-kent-sportgel\/"]}]},{"@type":"ImageObject","inLanguage":"de","@id":"https:\/\/pharma-hemp.com\/de\/shop\/dr-kent-sportgel\/#primaryimage","url":"https:\/\/pharma-hemp.com\/wp-content\/uploads\/2025\/05\/SPORT-GEL.png","contentUrl":"https:\/\/pharma-hemp.com\/wp-content\/uploads\/2025\/05\/SPORT-GEL.png","width":600,"height":600},{"@type":"BreadcrumbList","@id":"https:\/\/pharma-hemp.com\/de\/shop\/dr-kent-sportgel\/#breadcrumb","itemListElement":[{"@type":"ListItem","position":1,"name":"Home","item":"https:\/\/pharma-hemp.com\/de\/"},{"@type":"ListItem","position":2,"name":"Shop","item":"https:\/\/pharma-hemp.com\/de\/shop\/"},{"@type":"ListItem","position":3,"name":"Dr. Kent Sportgel"}]},{"@type":"WebSite","@id":"https:\/\/pharma-hemp.com\/de\/#website","url":"https:\/\/pharma-hemp.com\/de\/","name":"Pharma Hemp","description":"CBD store","publisher":{"@id":"https:\/\/pharma-hemp.com\/de\/#organization"},"potentialAction":[{"@type":"SearchAction","target":{"@type":"EntryPoint","urlTemplate":"https:\/\/pharma-hemp.com\/de\/?s={search_term_string}"},"query-input":{"@type":"PropertyValueSpecification","valueRequired":true,"valueName":"search_term_string"}}],"inLanguage":"de"},{"@type":"Organization","@id":"https:\/\/pharma-hemp.com\/de\/#organization","name":"PharmaHemp","url":"https:\/\/pharma-hemp.com\/de\/","logo":{"@type":"ImageObject","inLanguage":"de","@id":"https:\/\/pharma-hemp.com\/de\/#\/schema\/logo\/image\/","url":"https:\/\/pharma-hemp.com\/wp-content\/uploads\/2025\/04\/Pharma-Hemp-logo_crn-1.png","contentUrl":"https:\/\/pharma-hemp.com\/wp-content\/uploads\/2025\/04\/Pharma-Hemp-logo_crn-1.png","width":200,"height":44,"caption":"PharmaHemp"},"image":{"@id":"https:\/\/pharma-hemp.com\/de\/#\/schema\/logo\/image\/"}}]}},"_links":{"self":[{"href":"https:\/\/pharma-hemp.com\/de\/wp-json\/wp\/v2\/product\/577556","targetHints":{"allow":["GET"]}}],"collection":[{"href":"https:\/\/pharma-hemp.com\/de\/wp-json\/wp\/v2\/product"}],"about":[{"href":"https:\/\/pharma-hemp.com\/de\/wp-json\/wp\/v2\/types\/product"}],"wp:featuredmedia":[{"embeddable":true,"href":"https:\/\/pharma-hemp.com\/de\/wp-json\/wp\/v2\/media\/577570"}],"wp:attachment":[{"href":"https:\/\/pharma-hemp.com\/de\/wp-json\/wp\/v2\/media?parent=577556"}],"wp:term":[{"taxonomy":"product_brand","embeddable":true,"href":"https:\/\/pharma-hemp.com\/de\/wp-json\/wp\/v2\/product_brand?post=577556"},{"taxonomy":"product_cat","embeddable":true,"href":"https:\/\/pharma-hemp.com\/de\/wp-json\/wp\/v2\/product_cat?post=577556"},{"taxonomy":"product_tag","embeddable":true,"href":"https:\/\/pharma-hemp.com\/de\/wp-json\/wp\/v2\/product_tag?post=577556"}],"curies":[{"name":"wp","href":"https:\/\/api.w.org\/{rel}","templated":true}]}}