{"id":577529,"date":"2025-04-30T10:32:37","date_gmt":"2025-04-30T09:32:37","guid":{"rendered":"https:\/\/pharma-hemp.com\/?post_type=product&#038;p=577529"},"modified":"2026-03-03T10:51:04","modified_gmt":"2026-03-03T08:51:04","slug":"mikka-revitalisierende-lippenpflege","status":"publish","type":"product","link":"https:\/\/pharma-hemp.com\/de\/shop\/mikka-revitalisierende-lippenpflege\/","title":{"rendered":"Mikka Revitalisierende Lippenpflege"},"content":{"rendered":"","protected":false},"excerpt":{"rendered":"<p><span style=\"font-weight: 400;\">Weiche, mit Feuchtigkeit versorgte Lippen &#8211; jederzeit und \u00fcberall. Diese pflegende Lippenpflege spendet tiefgehende Feuchtigkeit, schlie\u00dft die Feuchtigkeit ein und verleiht Ihren Lippen einen gesunden, nat\u00fcrlichen Glanz. Sie enth\u00e4lt CBD, pflanzliche \u00d6le und reichhaltige Butter und ist der ultimative Schutz gegen Trockenheit und Umweltbelastungen. <\/span><\/p>\n","protected":false},"featured_media":577326,"template":"","meta":[],"product_brand":[],"product_cat":[358,367,368,351],"product_tag":[1285,1280,1284,1281,1286,1283,1282,1278,1279,1277],"class_list":{"0":"post-577529","1":"product","2":"type-product","3":"status-publish","4":"has-post-thumbnail","6":"product_cat-dermokosmetika","7":"product_cat-hautpflege","8":"product_cat-mikka","9":"product_cat-nach-marke-einkaufen","10":"product_tag-dehydrierte-lippen","11":"product_tag-lippenirritation","12":"product_tag-lippenlinien","13":"product_tag-lippenpeeling","14":"product_tag-lippenpflege","15":"product_tag-matte-lippen","16":"product_tag-raue-lippen","17":"product_tag-rissige-lippen","18":"product_tag-sproede-lippen","19":"product_tag-trockene-lippen","21":"first","22":"instock","23":"shipping-taxable","24":"purchasable","25":"product-type-simple"},"acf":{"konfigurator_product_name":"","konfigurator_product_description":"","konfigurator_product_image_url":""},"yoast_head":"<!-- This site is optimized with the Yoast SEO plugin v27.3 - https:\/\/yoast.com\/product\/yoast-seo-wordpress\/ -->\n<title>CBD Hanf Lipgloss mikka 50 mg cbd - Pharma Hemp %<\/title>\n<meta name=\"description\" content=\"CBD Hanf-Lipgloss macht trockene Lippen weich, spendet Feuchtigkeit und sch\u00fctzt sie. Eine n\u00e4hrende Formel f\u00fcr glatte, gesund aussehende Lippen den ganzen Tag lang.\" \/>\n<meta name=\"robots\" content=\"index, follow, max-snippet:-1, max-image-preview:large, max-video-preview:-1\" \/>\n<link rel=\"canonical\" href=\"https:\/\/pharma-hemp.com\/de\/shop\/mikka-revitalisierende-lippenpflege\/\" \/>\n<meta property=\"og:locale\" content=\"de_DE\" \/>\n<meta property=\"og:type\" content=\"article\" \/>\n<meta property=\"og:title\" content=\"CBD Hanf Lipgloss mikka 50 mg cbd - Pharma Hemp %\" \/>\n<meta property=\"og:description\" content=\"CBD Hanf-Lipgloss macht trockene Lippen weich, spendet Feuchtigkeit und sch\u00fctzt sie. Eine n\u00e4hrende Formel f\u00fcr glatte, gesund aussehende Lippen den ganzen Tag lang.\" \/>\n<meta property=\"og:url\" content=\"https:\/\/pharma-hemp.com\/de\/shop\/mikka-revitalisierende-lippenpflege\/\" \/>\n<meta property=\"og:site_name\" content=\"Pharma Hemp\" \/>\n<meta property=\"article:modified_time\" content=\"2026-03-03T08:51:04+00:00\" \/>\n<meta property=\"og:image\" content=\"https:\/\/pharma-hemp.com\/wp-content\/uploads\/2025\/05\/LiparDesignPhotography-02021.jpg\" \/>\n\t<meta property=\"og:image:width\" content=\"2048\" \/>\n\t<meta property=\"og:image:height\" content=\"2048\" \/>\n\t<meta property=\"og:image:type\" content=\"image\/jpeg\" \/>\n<meta name=\"twitter:card\" content=\"summary_large_image\" \/>\n<meta name=\"twitter:label1\" content=\"Gesch\u00e4tzte Lesezeit\" \/>\n\t<meta name=\"twitter:data1\" content=\"1\u00a0Minute\" \/>\n<script type=\"application\/ld+json\" class=\"yoast-schema-graph\">{\"@context\":\"https:\\\/\\\/schema.org\",\"@graph\":[{\"@type\":\"WebPage\",\"@id\":\"https:\\\/\\\/pharma-hemp.com\\\/de\\\/shop\\\/mikka-revitalisierende-lippenpflege\\\/\",\"url\":\"https:\\\/\\\/pharma-hemp.com\\\/de\\\/shop\\\/mikka-revitalisierende-lippenpflege\\\/\",\"name\":\"CBD Hanf Lipgloss mikka 50 mg cbd - Pharma Hemp %\",\"isPartOf\":{\"@id\":\"https:\\\/\\\/pharma-hemp.com\\\/de\\\/#website\"},\"primaryImageOfPage\":{\"@id\":\"https:\\\/\\\/pharma-hemp.com\\\/de\\\/shop\\\/mikka-revitalisierende-lippenpflege\\\/#primaryimage\"},\"image\":{\"@id\":\"https:\\\/\\\/pharma-hemp.com\\\/de\\\/shop\\\/mikka-revitalisierende-lippenpflege\\\/#primaryimage\"},\"thumbnailUrl\":\"https:\\\/\\\/pharma-hemp.com\\\/wp-content\\\/uploads\\\/2025\\\/05\\\/LiparDesignPhotography-02021.jpg\",\"datePublished\":\"2025-04-30T09:32:37+00:00\",\"dateModified\":\"2026-03-03T08:51:04+00:00\",\"description\":\"CBD Hanf-Lipgloss macht trockene Lippen weich, spendet Feuchtigkeit und sch\u00fctzt sie. Eine n\u00e4hrende Formel f\u00fcr glatte, gesund aussehende Lippen den ganzen Tag lang.\",\"breadcrumb\":{\"@id\":\"https:\\\/\\\/pharma-hemp.com\\\/de\\\/shop\\\/mikka-revitalisierende-lippenpflege\\\/#breadcrumb\"},\"inLanguage\":\"de\",\"potentialAction\":[{\"@type\":\"ReadAction\",\"target\":[\"https:\\\/\\\/pharma-hemp.com\\\/de\\\/shop\\\/mikka-revitalisierende-lippenpflege\\\/\"]}]},{\"@type\":\"ImageObject\",\"inLanguage\":\"de\",\"@id\":\"https:\\\/\\\/pharma-hemp.com\\\/de\\\/shop\\\/mikka-revitalisierende-lippenpflege\\\/#primaryimage\",\"url\":\"https:\\\/\\\/pharma-hemp.com\\\/wp-content\\\/uploads\\\/2025\\\/05\\\/LiparDesignPhotography-02021.jpg\",\"contentUrl\":\"https:\\\/\\\/pharma-hemp.com\\\/wp-content\\\/uploads\\\/2025\\\/05\\\/LiparDesignPhotography-02021.jpg\",\"width\":2048,\"height\":2048,\"caption\":\"Mikka revitalisierende Lippenpflege\"},{\"@type\":\"BreadcrumbList\",\"@id\":\"https:\\\/\\\/pharma-hemp.com\\\/de\\\/shop\\\/mikka-revitalisierende-lippenpflege\\\/#breadcrumb\",\"itemListElement\":[{\"@type\":\"ListItem\",\"position\":1,\"name\":\"Home\",\"item\":\"https:\\\/\\\/pharma-hemp.com\\\/de\\\/\"},{\"@type\":\"ListItem\",\"position\":2,\"name\":\"Shop\",\"item\":\"https:\\\/\\\/pharma-hemp.com\\\/de\\\/shop\\\/\"},{\"@type\":\"ListItem\",\"position\":3,\"name\":\"Mikka Revitalisierende Lippenpflege\"}]},{\"@type\":\"WebSite\",\"@id\":\"https:\\\/\\\/pharma-hemp.com\\\/de\\\/#website\",\"url\":\"https:\\\/\\\/pharma-hemp.com\\\/de\\\/\",\"name\":\"Pharma Hemp\",\"description\":\"CBD store\",\"publisher\":{\"@id\":\"https:\\\/\\\/pharma-hemp.com\\\/de\\\/#organization\"},\"potentialAction\":[{\"@type\":\"SearchAction\",\"target\":{\"@type\":\"EntryPoint\",\"urlTemplate\":\"https:\\\/\\\/pharma-hemp.com\\\/de\\\/?s={search_term_string}\"},\"query-input\":{\"@type\":\"PropertyValueSpecification\",\"valueRequired\":true,\"valueName\":\"search_term_string\"}}],\"inLanguage\":\"de\"},{\"@type\":\"Organization\",\"@id\":\"https:\\\/\\\/pharma-hemp.com\\\/de\\\/#organization\",\"name\":\"PharmaHemp\",\"url\":\"https:\\\/\\\/pharma-hemp.com\\\/de\\\/\",\"logo\":{\"@type\":\"ImageObject\",\"inLanguage\":\"de\",\"@id\":\"https:\\\/\\\/pharma-hemp.com\\\/de\\\/#\\\/schema\\\/logo\\\/image\\\/\",\"url\":\"https:\\\/\\\/pharma-hemp.com\\\/wp-content\\\/uploads\\\/2025\\\/04\\\/Pharma-Hemp-logo_crn-1.png\",\"contentUrl\":\"https:\\\/\\\/pharma-hemp.com\\\/wp-content\\\/uploads\\\/2025\\\/04\\\/Pharma-Hemp-logo_crn-1.png\",\"width\":200,\"height\":44,\"caption\":\"PharmaHemp\"},\"image\":{\"@id\":\"https:\\\/\\\/pharma-hemp.com\\\/de\\\/#\\\/schema\\\/logo\\\/image\\\/\"}}]}<\/script>\n<!-- \/ Yoast SEO plugin. -->","yoast_head_json":{"title":"CBD Hanf Lipgloss mikka 50 mg cbd - Pharma Hemp %","description":"CBD Hanf-Lipgloss macht trockene Lippen weich, spendet Feuchtigkeit und sch\u00fctzt sie. Eine n\u00e4hrende Formel f\u00fcr glatte, gesund aussehende Lippen den ganzen Tag lang.","robots":{"index":"index","follow":"follow","max-snippet":"max-snippet:-1","max-image-preview":"max-image-preview:large","max-video-preview":"max-video-preview:-1"},"canonical":"https:\/\/pharma-hemp.com\/de\/shop\/mikka-revitalisierende-lippenpflege\/","og_locale":"de_DE","og_type":"article","og_title":"CBD Hanf Lipgloss mikka 50 mg cbd - Pharma Hemp %","og_description":"CBD Hanf-Lipgloss macht trockene Lippen weich, spendet Feuchtigkeit und sch\u00fctzt sie. Eine n\u00e4hrende Formel f\u00fcr glatte, gesund aussehende Lippen den ganzen Tag lang.","og_url":"https:\/\/pharma-hemp.com\/de\/shop\/mikka-revitalisierende-lippenpflege\/","og_site_name":"Pharma Hemp","article_modified_time":"2026-03-03T08:51:04+00:00","og_image":[{"width":2048,"height":2048,"url":"https:\/\/pharma-hemp.com\/wp-content\/uploads\/2025\/05\/LiparDesignPhotography-02021.jpg","type":"image\/jpeg"}],"twitter_card":"summary_large_image","twitter_misc":{"Gesch\u00e4tzte Lesezeit":"1\u00a0Minute"},"schema":{"@context":"https:\/\/schema.org","@graph":[{"@type":"WebPage","@id":"https:\/\/pharma-hemp.com\/de\/shop\/mikka-revitalisierende-lippenpflege\/","url":"https:\/\/pharma-hemp.com\/de\/shop\/mikka-revitalisierende-lippenpflege\/","name":"CBD Hanf Lipgloss mikka 50 mg cbd - Pharma Hemp %","isPartOf":{"@id":"https:\/\/pharma-hemp.com\/de\/#website"},"primaryImageOfPage":{"@id":"https:\/\/pharma-hemp.com\/de\/shop\/mikka-revitalisierende-lippenpflege\/#primaryimage"},"image":{"@id":"https:\/\/pharma-hemp.com\/de\/shop\/mikka-revitalisierende-lippenpflege\/#primaryimage"},"thumbnailUrl":"https:\/\/pharma-hemp.com\/wp-content\/uploads\/2025\/05\/LiparDesignPhotography-02021.jpg","datePublished":"2025-04-30T09:32:37+00:00","dateModified":"2026-03-03T08:51:04+00:00","description":"CBD Hanf-Lipgloss macht trockene Lippen weich, spendet Feuchtigkeit und sch\u00fctzt sie. Eine n\u00e4hrende Formel f\u00fcr glatte, gesund aussehende Lippen den ganzen Tag lang.","breadcrumb":{"@id":"https:\/\/pharma-hemp.com\/de\/shop\/mikka-revitalisierende-lippenpflege\/#breadcrumb"},"inLanguage":"de","potentialAction":[{"@type":"ReadAction","target":["https:\/\/pharma-hemp.com\/de\/shop\/mikka-revitalisierende-lippenpflege\/"]}]},{"@type":"ImageObject","inLanguage":"de","@id":"https:\/\/pharma-hemp.com\/de\/shop\/mikka-revitalisierende-lippenpflege\/#primaryimage","url":"https:\/\/pharma-hemp.com\/wp-content\/uploads\/2025\/05\/LiparDesignPhotography-02021.jpg","contentUrl":"https:\/\/pharma-hemp.com\/wp-content\/uploads\/2025\/05\/LiparDesignPhotography-02021.jpg","width":2048,"height":2048,"caption":"Mikka revitalisierende Lippenpflege"},{"@type":"BreadcrumbList","@id":"https:\/\/pharma-hemp.com\/de\/shop\/mikka-revitalisierende-lippenpflege\/#breadcrumb","itemListElement":[{"@type":"ListItem","position":1,"name":"Home","item":"https:\/\/pharma-hemp.com\/de\/"},{"@type":"ListItem","position":2,"name":"Shop","item":"https:\/\/pharma-hemp.com\/de\/shop\/"},{"@type":"ListItem","position":3,"name":"Mikka Revitalisierende Lippenpflege"}]},{"@type":"WebSite","@id":"https:\/\/pharma-hemp.com\/de\/#website","url":"https:\/\/pharma-hemp.com\/de\/","name":"Pharma Hemp","description":"CBD store","publisher":{"@id":"https:\/\/pharma-hemp.com\/de\/#organization"},"potentialAction":[{"@type":"SearchAction","target":{"@type":"EntryPoint","urlTemplate":"https:\/\/pharma-hemp.com\/de\/?s={search_term_string}"},"query-input":{"@type":"PropertyValueSpecification","valueRequired":true,"valueName":"search_term_string"}}],"inLanguage":"de"},{"@type":"Organization","@id":"https:\/\/pharma-hemp.com\/de\/#organization","name":"PharmaHemp","url":"https:\/\/pharma-hemp.com\/de\/","logo":{"@type":"ImageObject","inLanguage":"de","@id":"https:\/\/pharma-hemp.com\/de\/#\/schema\/logo\/image\/","url":"https:\/\/pharma-hemp.com\/wp-content\/uploads\/2025\/04\/Pharma-Hemp-logo_crn-1.png","contentUrl":"https:\/\/pharma-hemp.com\/wp-content\/uploads\/2025\/04\/Pharma-Hemp-logo_crn-1.png","width":200,"height":44,"caption":"PharmaHemp"},"image":{"@id":"https:\/\/pharma-hemp.com\/de\/#\/schema\/logo\/image\/"}}]}},"_links":{"self":[{"href":"https:\/\/pharma-hemp.com\/de\/wp-json\/wp\/v2\/product\/577529","targetHints":{"allow":["GET"]}}],"collection":[{"href":"https:\/\/pharma-hemp.com\/de\/wp-json\/wp\/v2\/product"}],"about":[{"href":"https:\/\/pharma-hemp.com\/de\/wp-json\/wp\/v2\/types\/product"}],"wp:featuredmedia":[{"embeddable":true,"href":"https:\/\/pharma-hemp.com\/de\/wp-json\/wp\/v2\/media\/577326"}],"wp:attachment":[{"href":"https:\/\/pharma-hemp.com\/de\/wp-json\/wp\/v2\/media?parent=577529"}],"wp:term":[{"taxonomy":"product_brand","embeddable":true,"href":"https:\/\/pharma-hemp.com\/de\/wp-json\/wp\/v2\/product_brand?post=577529"},{"taxonomy":"product_cat","embeddable":true,"href":"https:\/\/pharma-hemp.com\/de\/wp-json\/wp\/v2\/product_cat?post=577529"},{"taxonomy":"product_tag","embeddable":true,"href":"https:\/\/pharma-hemp.com\/de\/wp-json\/wp\/v2\/product_tag?post=577529"}],"curies":[{"name":"wp","href":"https:\/\/api.w.org\/{rel}","templated":true}]}}