{"id":577518,"date":"2025-04-30T10:00:31","date_gmt":"2025-04-30T09:00:31","guid":{"rendered":"https:\/\/pharma-hemp.com\/?post_type=product&#038;p=577518"},"modified":"2026-04-08T10:39:31","modified_gmt":"2026-04-08T08:39:31","slug":"mikka-beruhigendes-oel-serum","status":"publish","type":"product","link":"https:\/\/pharma-hemp.com\/de\/shop\/mikka-beruhigendes-oel-serum\/","title":{"rendered":"Mikka Beruhigendes \u00d6l-Serum"},"content":{"rendered":"","protected":false},"excerpt":{"rendered":"<p><span style=\"font-weight: 400;\">AUFF\u00dcLLEN, WIEDERHERSTELLEN, LEUCHTEN<\/span><\/p>\n<p><span style=\"font-weight: 400;\">Dieses aufbauende Serum beruhigt, sch\u00fctzt und hydratisiert die Haut, die ein wenig mehr Liebe braucht. Es ist vollgepackt mit wirksamen Antioxidantien und pflegenden \u00d6len und ist Ihre erste Wahl f\u00fcr glatte, strahlende Haut. <\/span><\/p>\n","protected":false},"featured_media":577102,"template":"","meta":[],"product_brand":[],"product_cat":[358,367,368,351],"product_tag":[1172,1169,1170,1165,1166,1171,1168,1163,1164,1167],"class_list":{"0":"post-577518","1":"product","2":"type-product","3":"status-publish","4":"has-post-thumbnail","6":"product_cat-dermokosmetika","7":"product_cat-hautpflege","8":"product_cat-mikka","9":"product_cat-nach-marke-einkaufen","10":"product_tag-anti-aging","11":"product_tag-empfindliche-haut","12":"product_tag-fahler-teint","13":"product_tag-feine-linien","14":"product_tag-gereizte-haut","15":"product_tag-nachtserum","16":"product_tag-raue-textur","17":"product_tag-roetungen","18":"product_tag-trockene-stellen","19":"product_tag-ungleichmaessiger-teint","21":"first","22":"instock","23":"shipping-taxable","24":"purchasable","25":"product-type-simple"},"acf":{"konfigurator_product_name":"","konfigurator_product_description":"","konfigurator_product_image_url":""},"yoast_head":"<!-- This site is optimized with the Yoast SEO plugin v27.3 - https:\/\/yoast.com\/product\/yoast-seo-wordpress\/ -->\n<title>Cbd Hanf Gesichts\u00f6l Beruhigendes Serum Mikka 300 mg cbd - Pharma Hemp<\/title>\n<meta name=\"description\" content=\"Das beruhigende Cbd-Hanf-Gesichts\u00f6l-Serum Mikka verbessert die Elastizit\u00e4t der Haut, strafft sie und spendet ihr Feuchtigkeit f\u00fcr ein glatteres und strafferes Aussehen. Ideal f\u00fcr die t\u00e4gliche Hautpflegeroutine.\" \/>\n<meta name=\"robots\" content=\"index, follow, max-snippet:-1, max-image-preview:large, max-video-preview:-1\" \/>\n<link rel=\"canonical\" href=\"https:\/\/pharma-hemp.com\/de\/shop\/mikka-beruhigendes-oel-serum\/\" \/>\n<meta property=\"og:locale\" content=\"de_DE\" \/>\n<meta property=\"og:type\" content=\"article\" \/>\n<meta property=\"og:title\" content=\"Cbd Hanf Gesichts\u00f6l Beruhigendes Serum Mikka 300 mg cbd - Pharma Hemp\" \/>\n<meta property=\"og:description\" content=\"Das beruhigende Cbd-Hanf-Gesichts\u00f6l-Serum Mikka verbessert die Elastizit\u00e4t der Haut, strafft sie und spendet ihr Feuchtigkeit f\u00fcr ein glatteres und strafferes Aussehen. Ideal f\u00fcr die t\u00e4gliche Hautpflegeroutine.\" \/>\n<meta property=\"og:url\" content=\"https:\/\/pharma-hemp.com\/de\/shop\/mikka-beruhigendes-oel-serum\/\" \/>\n<meta property=\"og:site_name\" content=\"Pharma Hemp\" \/>\n<meta property=\"article:modified_time\" content=\"2026-04-08T08:39:31+00:00\" \/>\n<meta property=\"og:image\" content=\"https:\/\/pharma-hemp.com\/wp-content\/uploads\/2025\/05\/night-serum-1.png\" \/>\n\t<meta property=\"og:image:width\" content=\"600\" \/>\n\t<meta property=\"og:image:height\" content=\"600\" \/>\n\t<meta property=\"og:image:type\" content=\"image\/png\" \/>\n<meta name=\"twitter:card\" content=\"summary_large_image\" \/>\n<meta name=\"twitter:label1\" content=\"Gesch\u00e4tzte Lesezeit\" \/>\n\t<meta name=\"twitter:data1\" content=\"1\u00a0Minute\" \/>\n<script type=\"application\/ld+json\" class=\"yoast-schema-graph\">{\"@context\":\"https:\\\/\\\/schema.org\",\"@graph\":[{\"@type\":\"WebPage\",\"@id\":\"https:\\\/\\\/pharma-hemp.com\\\/de\\\/shop\\\/mikka-beruhigendes-oel-serum\\\/\",\"url\":\"https:\\\/\\\/pharma-hemp.com\\\/de\\\/shop\\\/mikka-beruhigendes-oel-serum\\\/\",\"name\":\"Cbd Hanf Gesichts\u00f6l Beruhigendes Serum Mikka 300 mg cbd - Pharma Hemp\",\"isPartOf\":{\"@id\":\"https:\\\/\\\/pharma-hemp.com\\\/de\\\/#website\"},\"primaryImageOfPage\":{\"@id\":\"https:\\\/\\\/pharma-hemp.com\\\/de\\\/shop\\\/mikka-beruhigendes-oel-serum\\\/#primaryimage\"},\"image\":{\"@id\":\"https:\\\/\\\/pharma-hemp.com\\\/de\\\/shop\\\/mikka-beruhigendes-oel-serum\\\/#primaryimage\"},\"thumbnailUrl\":\"https:\\\/\\\/pharma-hemp.com\\\/wp-content\\\/uploads\\\/2025\\\/05\\\/night-serum-1.png\",\"datePublished\":\"2025-04-30T09:00:31+00:00\",\"dateModified\":\"2026-04-08T08:39:31+00:00\",\"description\":\"Das beruhigende Cbd-Hanf-Gesichts\u00f6l-Serum Mikka verbessert die Elastizit\u00e4t der Haut, strafft sie und spendet ihr Feuchtigkeit f\u00fcr ein glatteres und strafferes Aussehen. Ideal f\u00fcr die t\u00e4gliche Hautpflegeroutine.\",\"breadcrumb\":{\"@id\":\"https:\\\/\\\/pharma-hemp.com\\\/de\\\/shop\\\/mikka-beruhigendes-oel-serum\\\/#breadcrumb\"},\"inLanguage\":\"de\",\"potentialAction\":[{\"@type\":\"ReadAction\",\"target\":[\"https:\\\/\\\/pharma-hemp.com\\\/de\\\/shop\\\/mikka-beruhigendes-oel-serum\\\/\"]}]},{\"@type\":\"ImageObject\",\"inLanguage\":\"de\",\"@id\":\"https:\\\/\\\/pharma-hemp.com\\\/de\\\/shop\\\/mikka-beruhigendes-oel-serum\\\/#primaryimage\",\"url\":\"https:\\\/\\\/pharma-hemp.com\\\/wp-content\\\/uploads\\\/2025\\\/05\\\/night-serum-1.png\",\"contentUrl\":\"https:\\\/\\\/pharma-hemp.com\\\/wp-content\\\/uploads\\\/2025\\\/05\\\/night-serum-1.png\",\"width\":600,\"height\":600},{\"@type\":\"BreadcrumbList\",\"@id\":\"https:\\\/\\\/pharma-hemp.com\\\/de\\\/shop\\\/mikka-beruhigendes-oel-serum\\\/#breadcrumb\",\"itemListElement\":[{\"@type\":\"ListItem\",\"position\":1,\"name\":\"Home\",\"item\":\"https:\\\/\\\/pharma-hemp.com\\\/de\\\/\"},{\"@type\":\"ListItem\",\"position\":2,\"name\":\"Shop\",\"item\":\"https:\\\/\\\/pharma-hemp.com\\\/de\\\/shop\\\/\"},{\"@type\":\"ListItem\",\"position\":3,\"name\":\"Mikka Beruhigendes \u00d6l-Serum\"}]},{\"@type\":\"WebSite\",\"@id\":\"https:\\\/\\\/pharma-hemp.com\\\/de\\\/#website\",\"url\":\"https:\\\/\\\/pharma-hemp.com\\\/de\\\/\",\"name\":\"Pharma Hemp\",\"description\":\"CBD store\",\"publisher\":{\"@id\":\"https:\\\/\\\/pharma-hemp.com\\\/de\\\/#organization\"},\"potentialAction\":[{\"@type\":\"SearchAction\",\"target\":{\"@type\":\"EntryPoint\",\"urlTemplate\":\"https:\\\/\\\/pharma-hemp.com\\\/de\\\/?s={search_term_string}\"},\"query-input\":{\"@type\":\"PropertyValueSpecification\",\"valueRequired\":true,\"valueName\":\"search_term_string\"}}],\"inLanguage\":\"de\"},{\"@type\":\"Organization\",\"@id\":\"https:\\\/\\\/pharma-hemp.com\\\/de\\\/#organization\",\"name\":\"PharmaHemp\",\"url\":\"https:\\\/\\\/pharma-hemp.com\\\/de\\\/\",\"logo\":{\"@type\":\"ImageObject\",\"inLanguage\":\"de\",\"@id\":\"https:\\\/\\\/pharma-hemp.com\\\/de\\\/#\\\/schema\\\/logo\\\/image\\\/\",\"url\":\"https:\\\/\\\/pharma-hemp.com\\\/wp-content\\\/uploads\\\/2025\\\/04\\\/Pharma-Hemp-logo_crn-1.png\",\"contentUrl\":\"https:\\\/\\\/pharma-hemp.com\\\/wp-content\\\/uploads\\\/2025\\\/04\\\/Pharma-Hemp-logo_crn-1.png\",\"width\":200,\"height\":44,\"caption\":\"PharmaHemp\"},\"image\":{\"@id\":\"https:\\\/\\\/pharma-hemp.com\\\/de\\\/#\\\/schema\\\/logo\\\/image\\\/\"}}]}<\/script>\n<!-- \/ Yoast SEO plugin. -->","yoast_head_json":{"title":"Cbd Hanf Gesichts\u00f6l Beruhigendes Serum Mikka 300 mg cbd - Pharma Hemp","description":"Das beruhigende Cbd-Hanf-Gesichts\u00f6l-Serum Mikka verbessert die Elastizit\u00e4t der Haut, strafft sie und spendet ihr Feuchtigkeit f\u00fcr ein glatteres und strafferes Aussehen. Ideal f\u00fcr die t\u00e4gliche Hautpflegeroutine.","robots":{"index":"index","follow":"follow","max-snippet":"max-snippet:-1","max-image-preview":"max-image-preview:large","max-video-preview":"max-video-preview:-1"},"canonical":"https:\/\/pharma-hemp.com\/de\/shop\/mikka-beruhigendes-oel-serum\/","og_locale":"de_DE","og_type":"article","og_title":"Cbd Hanf Gesichts\u00f6l Beruhigendes Serum Mikka 300 mg cbd - Pharma Hemp","og_description":"Das beruhigende Cbd-Hanf-Gesichts\u00f6l-Serum Mikka verbessert die Elastizit\u00e4t der Haut, strafft sie und spendet ihr Feuchtigkeit f\u00fcr ein glatteres und strafferes Aussehen. Ideal f\u00fcr die t\u00e4gliche Hautpflegeroutine.","og_url":"https:\/\/pharma-hemp.com\/de\/shop\/mikka-beruhigendes-oel-serum\/","og_site_name":"Pharma Hemp","article_modified_time":"2026-04-08T08:39:31+00:00","og_image":[{"width":600,"height":600,"url":"https:\/\/pharma-hemp.com\/wp-content\/uploads\/2025\/05\/night-serum-1.png","type":"image\/png"}],"twitter_card":"summary_large_image","twitter_misc":{"Gesch\u00e4tzte Lesezeit":"1\u00a0Minute"},"schema":{"@context":"https:\/\/schema.org","@graph":[{"@type":"WebPage","@id":"https:\/\/pharma-hemp.com\/de\/shop\/mikka-beruhigendes-oel-serum\/","url":"https:\/\/pharma-hemp.com\/de\/shop\/mikka-beruhigendes-oel-serum\/","name":"Cbd Hanf Gesichts\u00f6l Beruhigendes Serum Mikka 300 mg cbd - Pharma Hemp","isPartOf":{"@id":"https:\/\/pharma-hemp.com\/de\/#website"},"primaryImageOfPage":{"@id":"https:\/\/pharma-hemp.com\/de\/shop\/mikka-beruhigendes-oel-serum\/#primaryimage"},"image":{"@id":"https:\/\/pharma-hemp.com\/de\/shop\/mikka-beruhigendes-oel-serum\/#primaryimage"},"thumbnailUrl":"https:\/\/pharma-hemp.com\/wp-content\/uploads\/2025\/05\/night-serum-1.png","datePublished":"2025-04-30T09:00:31+00:00","dateModified":"2026-04-08T08:39:31+00:00","description":"Das beruhigende Cbd-Hanf-Gesichts\u00f6l-Serum Mikka verbessert die Elastizit\u00e4t der Haut, strafft sie und spendet ihr Feuchtigkeit f\u00fcr ein glatteres und strafferes Aussehen. Ideal f\u00fcr die t\u00e4gliche Hautpflegeroutine.","breadcrumb":{"@id":"https:\/\/pharma-hemp.com\/de\/shop\/mikka-beruhigendes-oel-serum\/#breadcrumb"},"inLanguage":"de","potentialAction":[{"@type":"ReadAction","target":["https:\/\/pharma-hemp.com\/de\/shop\/mikka-beruhigendes-oel-serum\/"]}]},{"@type":"ImageObject","inLanguage":"de","@id":"https:\/\/pharma-hemp.com\/de\/shop\/mikka-beruhigendes-oel-serum\/#primaryimage","url":"https:\/\/pharma-hemp.com\/wp-content\/uploads\/2025\/05\/night-serum-1.png","contentUrl":"https:\/\/pharma-hemp.com\/wp-content\/uploads\/2025\/05\/night-serum-1.png","width":600,"height":600},{"@type":"BreadcrumbList","@id":"https:\/\/pharma-hemp.com\/de\/shop\/mikka-beruhigendes-oel-serum\/#breadcrumb","itemListElement":[{"@type":"ListItem","position":1,"name":"Home","item":"https:\/\/pharma-hemp.com\/de\/"},{"@type":"ListItem","position":2,"name":"Shop","item":"https:\/\/pharma-hemp.com\/de\/shop\/"},{"@type":"ListItem","position":3,"name":"Mikka Beruhigendes \u00d6l-Serum"}]},{"@type":"WebSite","@id":"https:\/\/pharma-hemp.com\/de\/#website","url":"https:\/\/pharma-hemp.com\/de\/","name":"Pharma Hemp","description":"CBD store","publisher":{"@id":"https:\/\/pharma-hemp.com\/de\/#organization"},"potentialAction":[{"@type":"SearchAction","target":{"@type":"EntryPoint","urlTemplate":"https:\/\/pharma-hemp.com\/de\/?s={search_term_string}"},"query-input":{"@type":"PropertyValueSpecification","valueRequired":true,"valueName":"search_term_string"}}],"inLanguage":"de"},{"@type":"Organization","@id":"https:\/\/pharma-hemp.com\/de\/#organization","name":"PharmaHemp","url":"https:\/\/pharma-hemp.com\/de\/","logo":{"@type":"ImageObject","inLanguage":"de","@id":"https:\/\/pharma-hemp.com\/de\/#\/schema\/logo\/image\/","url":"https:\/\/pharma-hemp.com\/wp-content\/uploads\/2025\/04\/Pharma-Hemp-logo_crn-1.png","contentUrl":"https:\/\/pharma-hemp.com\/wp-content\/uploads\/2025\/04\/Pharma-Hemp-logo_crn-1.png","width":200,"height":44,"caption":"PharmaHemp"},"image":{"@id":"https:\/\/pharma-hemp.com\/de\/#\/schema\/logo\/image\/"}}]}},"_links":{"self":[{"href":"https:\/\/pharma-hemp.com\/de\/wp-json\/wp\/v2\/product\/577518","targetHints":{"allow":["GET"]}}],"collection":[{"href":"https:\/\/pharma-hemp.com\/de\/wp-json\/wp\/v2\/product"}],"about":[{"href":"https:\/\/pharma-hemp.com\/de\/wp-json\/wp\/v2\/types\/product"}],"wp:featuredmedia":[{"embeddable":true,"href":"https:\/\/pharma-hemp.com\/de\/wp-json\/wp\/v2\/media\/577102"}],"wp:attachment":[{"href":"https:\/\/pharma-hemp.com\/de\/wp-json\/wp\/v2\/media?parent=577518"}],"wp:term":[{"taxonomy":"product_brand","embeddable":true,"href":"https:\/\/pharma-hemp.com\/de\/wp-json\/wp\/v2\/product_brand?post=577518"},{"taxonomy":"product_cat","embeddable":true,"href":"https:\/\/pharma-hemp.com\/de\/wp-json\/wp\/v2\/product_cat?post=577518"},{"taxonomy":"product_tag","embeddable":true,"href":"https:\/\/pharma-hemp.com\/de\/wp-json\/wp\/v2\/product_tag?post=577518"}],"curies":[{"name":"wp","href":"https:\/\/api.w.org\/{rel}","templated":true}]}}