{"id":577507,"date":"2025-04-29T10:28:03","date_gmt":"2025-04-29T09:28:03","guid":{"rendered":"https:\/\/pharma-hemp.com\/?post_type=product&#038;p=577507"},"modified":"2026-03-03T14:00:04","modified_gmt":"2026-03-03T12:00:04","slug":"phix-therapiepaste","status":"publish","type":"product","link":"https:\/\/pharma-hemp.com\/de\/shop\/phix-therapiepaste\/","title":{"rendered":"PHIX Therapiepaste"},"content":{"rendered":"","protected":false},"excerpt":{"rendered":"<p><span style=\"font-weight: 400;\">F\u00fcr den Fall, dass Ihr K\u00f6rper eine tiefgreifende Regeneration ben\u00f6tigt. PHIX THERAPY ist eine hochwirksame Formel, die die Genesung von innen heraus unterst\u00fctzt und auf anhaltende Beschwerden und Entz\u00fcndungen abzielt. <\/span><\/p>\n","protected":false},"featured_media":577516,"template":"","meta":[],"product_brand":[],"product_cat":[353,351,369,357,359],"product_tag":[1115,1107,1108,1116,1110,373,1112,1111,1109,1113],"class_list":{"0":"post-577507","1":"product","2":"type-product","3":"status-publish","4":"has-post-thumbnail","6":"product_cat-erholung","7":"product_cat-nach-marke-einkaufen","8":"product_cat-pasten","9":"product_cat-phix","10":"product_cat-superstars","11":"product_tag-arthritis","12":"product_tag-chronische-entzuendung","13":"product_tag-gelenksteifheit","14":"product_tag-langanhaltendes-unwohlsein","15":"product_tag-muskelverspannung","16":"product_tag-schmerz","17":"product_tag-schmerz-nach-verletzung","18":"product_tag-schmerzen","19":"product_tag-tiefe-schmerzlinderung","20":"product_tag-tiefer-schmerz","22":"first","23":"instock","24":"shipping-taxable","25":"purchasable","26":"product-type-simple"},"acf":{"konfigurator_product_name":"","konfigurator_product_description":"","konfigurator_product_image_url":""},"yoast_head":"<!-- This site is optimized with the Yoast SEO plugin v27.3 - https:\/\/yoast.com\/product\/yoast-seo-wordpress\/ -->\n<title>CBD Paste PHIX Therapie -<\/title>\n<meta name=\"description\" content=\"CBD Paste PHIX Therapy f\u00f6rdert das allgemeine Gleichgewicht des K\u00f6rpers, unterst\u00fctzt eine tiefgreifende Erholung und Linderung und bietet eine starke Unterst\u00fctzung f\u00fcr das allgemeine Wohlbefinden.\" \/>\n<meta name=\"robots\" content=\"index, follow, max-snippet:-1, max-image-preview:large, max-video-preview:-1\" \/>\n<link rel=\"canonical\" href=\"https:\/\/pharma-hemp.com\/de\/shop\/phix-therapiepaste\/\" \/>\n<meta property=\"og:locale\" content=\"de_DE\" \/>\n<meta property=\"og:type\" content=\"article\" \/>\n<meta property=\"og:title\" content=\"CBD Paste PHIX Therapie -\" \/>\n<meta property=\"og:description\" content=\"CBD Paste PHIX Therapy f\u00f6rdert das allgemeine Gleichgewicht des K\u00f6rpers, unterst\u00fctzt eine tiefgreifende Erholung und Linderung und bietet eine starke Unterst\u00fctzung f\u00fcr das allgemeine Wohlbefinden.\" \/>\n<meta property=\"og:url\" content=\"https:\/\/pharma-hemp.com\/de\/shop\/phix-therapiepaste\/\" \/>\n<meta property=\"og:site_name\" content=\"Pharma Hemp\" \/>\n<meta property=\"article:modified_time\" content=\"2026-03-03T12:00:04+00:00\" \/>\n<meta property=\"og:image\" content=\"https:\/\/pharma-hemp.com\/wp-content\/uploads\/2025\/05\/therapy-1.png\" \/>\n\t<meta property=\"og:image:width\" content=\"600\" \/>\n\t<meta property=\"og:image:height\" content=\"600\" \/>\n\t<meta property=\"og:image:type\" content=\"image\/png\" \/>\n<meta name=\"twitter:card\" content=\"summary_large_image\" \/>\n<meta name=\"twitter:label1\" content=\"Gesch\u00e4tzte Lesezeit\" \/>\n\t<meta name=\"twitter:data1\" content=\"1\u00a0Minute\" \/>\n<script type=\"application\/ld+json\" class=\"yoast-schema-graph\">{\"@context\":\"https:\\\/\\\/schema.org\",\"@graph\":[{\"@type\":\"WebPage\",\"@id\":\"https:\\\/\\\/pharma-hemp.com\\\/de\\\/shop\\\/phix-therapiepaste\\\/\",\"url\":\"https:\\\/\\\/pharma-hemp.com\\\/de\\\/shop\\\/phix-therapiepaste\\\/\",\"name\":\"CBD Paste PHIX Therapie -\",\"isPartOf\":{\"@id\":\"https:\\\/\\\/pharma-hemp.com\\\/de\\\/#website\"},\"primaryImageOfPage\":{\"@id\":\"https:\\\/\\\/pharma-hemp.com\\\/de\\\/shop\\\/phix-therapiepaste\\\/#primaryimage\"},\"image\":{\"@id\":\"https:\\\/\\\/pharma-hemp.com\\\/de\\\/shop\\\/phix-therapiepaste\\\/#primaryimage\"},\"thumbnailUrl\":\"https:\\\/\\\/pharma-hemp.com\\\/wp-content\\\/uploads\\\/2025\\\/05\\\/therapy-1.png\",\"datePublished\":\"2025-04-29T09:28:03+00:00\",\"dateModified\":\"2026-03-03T12:00:04+00:00\",\"description\":\"CBD Paste PHIX Therapy f\u00f6rdert das allgemeine Gleichgewicht des K\u00f6rpers, unterst\u00fctzt eine tiefgreifende Erholung und Linderung und bietet eine starke Unterst\u00fctzung f\u00fcr das allgemeine Wohlbefinden.\",\"breadcrumb\":{\"@id\":\"https:\\\/\\\/pharma-hemp.com\\\/de\\\/shop\\\/phix-therapiepaste\\\/#breadcrumb\"},\"inLanguage\":\"de\",\"potentialAction\":[{\"@type\":\"ReadAction\",\"target\":[\"https:\\\/\\\/pharma-hemp.com\\\/de\\\/shop\\\/phix-therapiepaste\\\/\"]}]},{\"@type\":\"ImageObject\",\"inLanguage\":\"de\",\"@id\":\"https:\\\/\\\/pharma-hemp.com\\\/de\\\/shop\\\/phix-therapiepaste\\\/#primaryimage\",\"url\":\"https:\\\/\\\/pharma-hemp.com\\\/wp-content\\\/uploads\\\/2025\\\/05\\\/therapy-1.png\",\"contentUrl\":\"https:\\\/\\\/pharma-hemp.com\\\/wp-content\\\/uploads\\\/2025\\\/05\\\/therapy-1.png\",\"width\":600,\"height\":600},{\"@type\":\"BreadcrumbList\",\"@id\":\"https:\\\/\\\/pharma-hemp.com\\\/de\\\/shop\\\/phix-therapiepaste\\\/#breadcrumb\",\"itemListElement\":[{\"@type\":\"ListItem\",\"position\":1,\"name\":\"Home\",\"item\":\"https:\\\/\\\/pharma-hemp.com\\\/de\\\/\"},{\"@type\":\"ListItem\",\"position\":2,\"name\":\"Shop\",\"item\":\"https:\\\/\\\/pharma-hemp.com\\\/de\\\/shop\\\/\"},{\"@type\":\"ListItem\",\"position\":3,\"name\":\"PHIX Therapiepaste\"}]},{\"@type\":\"WebSite\",\"@id\":\"https:\\\/\\\/pharma-hemp.com\\\/de\\\/#website\",\"url\":\"https:\\\/\\\/pharma-hemp.com\\\/de\\\/\",\"name\":\"Pharma Hemp\",\"description\":\"CBD store\",\"publisher\":{\"@id\":\"https:\\\/\\\/pharma-hemp.com\\\/de\\\/#organization\"},\"potentialAction\":[{\"@type\":\"SearchAction\",\"target\":{\"@type\":\"EntryPoint\",\"urlTemplate\":\"https:\\\/\\\/pharma-hemp.com\\\/de\\\/?s={search_term_string}\"},\"query-input\":{\"@type\":\"PropertyValueSpecification\",\"valueRequired\":true,\"valueName\":\"search_term_string\"}}],\"inLanguage\":\"de\"},{\"@type\":\"Organization\",\"@id\":\"https:\\\/\\\/pharma-hemp.com\\\/de\\\/#organization\",\"name\":\"PharmaHemp\",\"url\":\"https:\\\/\\\/pharma-hemp.com\\\/de\\\/\",\"logo\":{\"@type\":\"ImageObject\",\"inLanguage\":\"de\",\"@id\":\"https:\\\/\\\/pharma-hemp.com\\\/de\\\/#\\\/schema\\\/logo\\\/image\\\/\",\"url\":\"https:\\\/\\\/pharma-hemp.com\\\/wp-content\\\/uploads\\\/2025\\\/04\\\/Pharma-Hemp-logo_crn-1.png\",\"contentUrl\":\"https:\\\/\\\/pharma-hemp.com\\\/wp-content\\\/uploads\\\/2025\\\/04\\\/Pharma-Hemp-logo_crn-1.png\",\"width\":200,\"height\":44,\"caption\":\"PharmaHemp\"},\"image\":{\"@id\":\"https:\\\/\\\/pharma-hemp.com\\\/de\\\/#\\\/schema\\\/logo\\\/image\\\/\"}}]}<\/script>\n<!-- \/ Yoast SEO plugin. -->","yoast_head_json":{"title":"CBD Paste PHIX Therapie -","description":"CBD Paste PHIX Therapy f\u00f6rdert das allgemeine Gleichgewicht des K\u00f6rpers, unterst\u00fctzt eine tiefgreifende Erholung und Linderung und bietet eine starke Unterst\u00fctzung f\u00fcr das allgemeine Wohlbefinden.","robots":{"index":"index","follow":"follow","max-snippet":"max-snippet:-1","max-image-preview":"max-image-preview:large","max-video-preview":"max-video-preview:-1"},"canonical":"https:\/\/pharma-hemp.com\/de\/shop\/phix-therapiepaste\/","og_locale":"de_DE","og_type":"article","og_title":"CBD Paste PHIX Therapie -","og_description":"CBD Paste PHIX Therapy f\u00f6rdert das allgemeine Gleichgewicht des K\u00f6rpers, unterst\u00fctzt eine tiefgreifende Erholung und Linderung und bietet eine starke Unterst\u00fctzung f\u00fcr das allgemeine Wohlbefinden.","og_url":"https:\/\/pharma-hemp.com\/de\/shop\/phix-therapiepaste\/","og_site_name":"Pharma Hemp","article_modified_time":"2026-03-03T12:00:04+00:00","og_image":[{"width":600,"height":600,"url":"https:\/\/pharma-hemp.com\/wp-content\/uploads\/2025\/05\/therapy-1.png","type":"image\/png"}],"twitter_card":"summary_large_image","twitter_misc":{"Gesch\u00e4tzte Lesezeit":"1\u00a0Minute"},"schema":{"@context":"https:\/\/schema.org","@graph":[{"@type":"WebPage","@id":"https:\/\/pharma-hemp.com\/de\/shop\/phix-therapiepaste\/","url":"https:\/\/pharma-hemp.com\/de\/shop\/phix-therapiepaste\/","name":"CBD Paste PHIX Therapie -","isPartOf":{"@id":"https:\/\/pharma-hemp.com\/de\/#website"},"primaryImageOfPage":{"@id":"https:\/\/pharma-hemp.com\/de\/shop\/phix-therapiepaste\/#primaryimage"},"image":{"@id":"https:\/\/pharma-hemp.com\/de\/shop\/phix-therapiepaste\/#primaryimage"},"thumbnailUrl":"https:\/\/pharma-hemp.com\/wp-content\/uploads\/2025\/05\/therapy-1.png","datePublished":"2025-04-29T09:28:03+00:00","dateModified":"2026-03-03T12:00:04+00:00","description":"CBD Paste PHIX Therapy f\u00f6rdert das allgemeine Gleichgewicht des K\u00f6rpers, unterst\u00fctzt eine tiefgreifende Erholung und Linderung und bietet eine starke Unterst\u00fctzung f\u00fcr das allgemeine Wohlbefinden.","breadcrumb":{"@id":"https:\/\/pharma-hemp.com\/de\/shop\/phix-therapiepaste\/#breadcrumb"},"inLanguage":"de","potentialAction":[{"@type":"ReadAction","target":["https:\/\/pharma-hemp.com\/de\/shop\/phix-therapiepaste\/"]}]},{"@type":"ImageObject","inLanguage":"de","@id":"https:\/\/pharma-hemp.com\/de\/shop\/phix-therapiepaste\/#primaryimage","url":"https:\/\/pharma-hemp.com\/wp-content\/uploads\/2025\/05\/therapy-1.png","contentUrl":"https:\/\/pharma-hemp.com\/wp-content\/uploads\/2025\/05\/therapy-1.png","width":600,"height":600},{"@type":"BreadcrumbList","@id":"https:\/\/pharma-hemp.com\/de\/shop\/phix-therapiepaste\/#breadcrumb","itemListElement":[{"@type":"ListItem","position":1,"name":"Home","item":"https:\/\/pharma-hemp.com\/de\/"},{"@type":"ListItem","position":2,"name":"Shop","item":"https:\/\/pharma-hemp.com\/de\/shop\/"},{"@type":"ListItem","position":3,"name":"PHIX Therapiepaste"}]},{"@type":"WebSite","@id":"https:\/\/pharma-hemp.com\/de\/#website","url":"https:\/\/pharma-hemp.com\/de\/","name":"Pharma Hemp","description":"CBD store","publisher":{"@id":"https:\/\/pharma-hemp.com\/de\/#organization"},"potentialAction":[{"@type":"SearchAction","target":{"@type":"EntryPoint","urlTemplate":"https:\/\/pharma-hemp.com\/de\/?s={search_term_string}"},"query-input":{"@type":"PropertyValueSpecification","valueRequired":true,"valueName":"search_term_string"}}],"inLanguage":"de"},{"@type":"Organization","@id":"https:\/\/pharma-hemp.com\/de\/#organization","name":"PharmaHemp","url":"https:\/\/pharma-hemp.com\/de\/","logo":{"@type":"ImageObject","inLanguage":"de","@id":"https:\/\/pharma-hemp.com\/de\/#\/schema\/logo\/image\/","url":"https:\/\/pharma-hemp.com\/wp-content\/uploads\/2025\/04\/Pharma-Hemp-logo_crn-1.png","contentUrl":"https:\/\/pharma-hemp.com\/wp-content\/uploads\/2025\/04\/Pharma-Hemp-logo_crn-1.png","width":200,"height":44,"caption":"PharmaHemp"},"image":{"@id":"https:\/\/pharma-hemp.com\/de\/#\/schema\/logo\/image\/"}}]}},"_links":{"self":[{"href":"https:\/\/pharma-hemp.com\/de\/wp-json\/wp\/v2\/product\/577507","targetHints":{"allow":["GET"]}}],"collection":[{"href":"https:\/\/pharma-hemp.com\/de\/wp-json\/wp\/v2\/product"}],"about":[{"href":"https:\/\/pharma-hemp.com\/de\/wp-json\/wp\/v2\/types\/product"}],"wp:featuredmedia":[{"embeddable":true,"href":"https:\/\/pharma-hemp.com\/de\/wp-json\/wp\/v2\/media\/577516"}],"wp:attachment":[{"href":"https:\/\/pharma-hemp.com\/de\/wp-json\/wp\/v2\/media?parent=577507"}],"wp:term":[{"taxonomy":"product_brand","embeddable":true,"href":"https:\/\/pharma-hemp.com\/de\/wp-json\/wp\/v2\/product_brand?post=577507"},{"taxonomy":"product_cat","embeddable":true,"href":"https:\/\/pharma-hemp.com\/de\/wp-json\/wp\/v2\/product_cat?post=577507"},{"taxonomy":"product_tag","embeddable":true,"href":"https:\/\/pharma-hemp.com\/de\/wp-json\/wp\/v2\/product_tag?post=577507"}],"curies":[{"name":"wp","href":"https:\/\/api.w.org\/{rel}","templated":true}]}}