{"id":577497,"date":"2025-04-29T10:15:11","date_gmt":"2025-04-29T09:15:11","guid":{"rendered":"https:\/\/pharma-hemp.com\/?post_type=product&#038;p=577497"},"modified":"2026-04-08T09:45:28","modified_gmt":"2026-04-08T07:45:28","slug":"phix-schlaftropfen","status":"publish","type":"product","link":"https:\/\/pharma-hemp.com\/de\/shop\/phix-schlaftropfen\/","title":{"rendered":"PHIX Schlaftropfen"},"content":{"rendered":"","protected":false},"excerpt":{"rendered":"<p><span style=\"font-weight: 400;\">Wenn Ihr Geist rasend ist und Sie einen tiefen, erholsamen Schlaf brauchen. PHIX SLEEP hilft Ihnen, sich zu entspannen und in einen friedlichen Schlummer zu versinken. <\/span><\/p>\n","protected":false},"featured_media":577506,"template":"","meta":[],"product_brand":[],"product_cat":[355,361,354,351,357,359],"product_tag":[1014,1016,1017,1020,1021,1018,1015,1013,1022,1019],"class_list":{"0":"post-577497","1":"product","2":"type-product","3":"status-publish","4":"has-post-thumbnail","6":"product_cat-drops","7":"product_cat-drops-box","8":"product_cat-kuhlen-sie","9":"product_cat-nach-marke-einkaufen","10":"product_cat-phix","11":"product_cat-superstars","12":"product_tag-besserer-schlaf","13":"product_tag-entspannung","14":"product_tag-muedigkeit","15":"product_tag-naechtliches-aufwachen","16":"product_tag-rasende-gedanken","17":"product_tag-ruhe","18":"product_tag-schlafhilfe","19":"product_tag-schlaflosigkeit","20":"product_tag-schlafprobleme","21":"product_tag-schlechte-schlafqualitaet","23":"first","24":"instock","25":"shipping-taxable","26":"purchasable","27":"product-type-simple"},"acf":{"konfigurator_product_name":"","konfigurator_product_description":"","konfigurator_product_image_url":""},"yoast_head":"<!-- This site is optimized with the Yoast SEO plugin v27.3 - https:\/\/yoast.com\/product\/yoast-seo-wordpress\/ -->\n<title>CBD Tropfen f\u00fcr den Schlaf PHIX - Pharma Hemp<\/title>\n<meta name=\"description\" content=\"CBD Tropfen f\u00fcr den Schlaf PHIX f\u00f6rdert Entspannung und erholsamen Schlaf, hilft einen \u00fcberaktiven Geist zu beruhigen und unterst\u00fctzt einen nat\u00fcrlichen Schlafzyklus.\" \/>\n<meta name=\"robots\" content=\"index, follow, max-snippet:-1, max-image-preview:large, max-video-preview:-1\" \/>\n<link rel=\"canonical\" href=\"https:\/\/pharma-hemp.com\/de\/shop\/phix-schlaftropfen\/\" \/>\n<meta property=\"og:locale\" content=\"de_DE\" \/>\n<meta property=\"og:type\" content=\"article\" \/>\n<meta property=\"og:title\" content=\"CBD Tropfen f\u00fcr den Schlaf PHIX - Pharma Hemp\" \/>\n<meta property=\"og:description\" content=\"CBD Tropfen f\u00fcr den Schlaf PHIX f\u00f6rdert Entspannung und erholsamen Schlaf, hilft einen \u00fcberaktiven Geist zu beruhigen und unterst\u00fctzt einen nat\u00fcrlichen Schlafzyklus.\" \/>\n<meta property=\"og:url\" content=\"https:\/\/pharma-hemp.com\/de\/shop\/phix-schlaftropfen\/\" \/>\n<meta property=\"og:site_name\" content=\"Pharma Hemp\" \/>\n<meta property=\"article:modified_time\" content=\"2026-04-08T07:45:28+00:00\" \/>\n<meta property=\"og:image\" content=\"https:\/\/pharma-hemp.com\/wp-content\/uploads\/2025\/05\/SLEEP-1.png\" \/>\n\t<meta property=\"og:image:width\" content=\"600\" \/>\n\t<meta property=\"og:image:height\" content=\"600\" \/>\n\t<meta property=\"og:image:type\" content=\"image\/png\" \/>\n<meta name=\"twitter:card\" content=\"summary_large_image\" \/>\n<meta name=\"twitter:label1\" content=\"Gesch\u00e4tzte Lesezeit\" \/>\n\t<meta name=\"twitter:data1\" content=\"1\u00a0Minute\" \/>\n<script type=\"application\/ld+json\" class=\"yoast-schema-graph\">{\"@context\":\"https:\\\/\\\/schema.org\",\"@graph\":[{\"@type\":\"WebPage\",\"@id\":\"https:\\\/\\\/pharma-hemp.com\\\/de\\\/shop\\\/phix-schlaftropfen\\\/\",\"url\":\"https:\\\/\\\/pharma-hemp.com\\\/de\\\/shop\\\/phix-schlaftropfen\\\/\",\"name\":\"CBD Tropfen f\u00fcr den Schlaf PHIX - Pharma Hemp\",\"isPartOf\":{\"@id\":\"https:\\\/\\\/pharma-hemp.com\\\/de\\\/#website\"},\"primaryImageOfPage\":{\"@id\":\"https:\\\/\\\/pharma-hemp.com\\\/de\\\/shop\\\/phix-schlaftropfen\\\/#primaryimage\"},\"image\":{\"@id\":\"https:\\\/\\\/pharma-hemp.com\\\/de\\\/shop\\\/phix-schlaftropfen\\\/#primaryimage\"},\"thumbnailUrl\":\"https:\\\/\\\/pharma-hemp.com\\\/wp-content\\\/uploads\\\/2025\\\/05\\\/SLEEP-1.png\",\"datePublished\":\"2025-04-29T09:15:11+00:00\",\"dateModified\":\"2026-04-08T07:45:28+00:00\",\"description\":\"CBD Tropfen f\u00fcr den Schlaf PHIX f\u00f6rdert Entspannung und erholsamen Schlaf, hilft einen \u00fcberaktiven Geist zu beruhigen und unterst\u00fctzt einen nat\u00fcrlichen Schlafzyklus.\",\"breadcrumb\":{\"@id\":\"https:\\\/\\\/pharma-hemp.com\\\/de\\\/shop\\\/phix-schlaftropfen\\\/#breadcrumb\"},\"inLanguage\":\"de\",\"potentialAction\":[{\"@type\":\"ReadAction\",\"target\":[\"https:\\\/\\\/pharma-hemp.com\\\/de\\\/shop\\\/phix-schlaftropfen\\\/\"]}]},{\"@type\":\"ImageObject\",\"inLanguage\":\"de\",\"@id\":\"https:\\\/\\\/pharma-hemp.com\\\/de\\\/shop\\\/phix-schlaftropfen\\\/#primaryimage\",\"url\":\"https:\\\/\\\/pharma-hemp.com\\\/wp-content\\\/uploads\\\/2025\\\/05\\\/SLEEP-1.png\",\"contentUrl\":\"https:\\\/\\\/pharma-hemp.com\\\/wp-content\\\/uploads\\\/2025\\\/05\\\/SLEEP-1.png\",\"width\":600,\"height\":600},{\"@type\":\"BreadcrumbList\",\"@id\":\"https:\\\/\\\/pharma-hemp.com\\\/de\\\/shop\\\/phix-schlaftropfen\\\/#breadcrumb\",\"itemListElement\":[{\"@type\":\"ListItem\",\"position\":1,\"name\":\"Home\",\"item\":\"https:\\\/\\\/pharma-hemp.com\\\/de\\\/\"},{\"@type\":\"ListItem\",\"position\":2,\"name\":\"Shop\",\"item\":\"https:\\\/\\\/pharma-hemp.com\\\/de\\\/shop\\\/\"},{\"@type\":\"ListItem\",\"position\":3,\"name\":\"PHIX Schlaftropfen\"}]},{\"@type\":\"WebSite\",\"@id\":\"https:\\\/\\\/pharma-hemp.com\\\/de\\\/#website\",\"url\":\"https:\\\/\\\/pharma-hemp.com\\\/de\\\/\",\"name\":\"Pharma Hemp\",\"description\":\"CBD store\",\"publisher\":{\"@id\":\"https:\\\/\\\/pharma-hemp.com\\\/de\\\/#organization\"},\"potentialAction\":[{\"@type\":\"SearchAction\",\"target\":{\"@type\":\"EntryPoint\",\"urlTemplate\":\"https:\\\/\\\/pharma-hemp.com\\\/de\\\/?s={search_term_string}\"},\"query-input\":{\"@type\":\"PropertyValueSpecification\",\"valueRequired\":true,\"valueName\":\"search_term_string\"}}],\"inLanguage\":\"de\"},{\"@type\":\"Organization\",\"@id\":\"https:\\\/\\\/pharma-hemp.com\\\/de\\\/#organization\",\"name\":\"PharmaHemp\",\"url\":\"https:\\\/\\\/pharma-hemp.com\\\/de\\\/\",\"logo\":{\"@type\":\"ImageObject\",\"inLanguage\":\"de\",\"@id\":\"https:\\\/\\\/pharma-hemp.com\\\/de\\\/#\\\/schema\\\/logo\\\/image\\\/\",\"url\":\"https:\\\/\\\/pharma-hemp.com\\\/wp-content\\\/uploads\\\/2025\\\/04\\\/Pharma-Hemp-logo_crn-1.png\",\"contentUrl\":\"https:\\\/\\\/pharma-hemp.com\\\/wp-content\\\/uploads\\\/2025\\\/04\\\/Pharma-Hemp-logo_crn-1.png\",\"width\":200,\"height\":44,\"caption\":\"PharmaHemp\"},\"image\":{\"@id\":\"https:\\\/\\\/pharma-hemp.com\\\/de\\\/#\\\/schema\\\/logo\\\/image\\\/\"}}]}<\/script>\n<!-- \/ Yoast SEO plugin. -->","yoast_head_json":{"title":"CBD Tropfen f\u00fcr den Schlaf PHIX - Pharma Hemp","description":"CBD Tropfen f\u00fcr den Schlaf PHIX f\u00f6rdert Entspannung und erholsamen Schlaf, hilft einen \u00fcberaktiven Geist zu beruhigen und unterst\u00fctzt einen nat\u00fcrlichen Schlafzyklus.","robots":{"index":"index","follow":"follow","max-snippet":"max-snippet:-1","max-image-preview":"max-image-preview:large","max-video-preview":"max-video-preview:-1"},"canonical":"https:\/\/pharma-hemp.com\/de\/shop\/phix-schlaftropfen\/","og_locale":"de_DE","og_type":"article","og_title":"CBD Tropfen f\u00fcr den Schlaf PHIX - Pharma Hemp","og_description":"CBD Tropfen f\u00fcr den Schlaf PHIX f\u00f6rdert Entspannung und erholsamen Schlaf, hilft einen \u00fcberaktiven Geist zu beruhigen und unterst\u00fctzt einen nat\u00fcrlichen Schlafzyklus.","og_url":"https:\/\/pharma-hemp.com\/de\/shop\/phix-schlaftropfen\/","og_site_name":"Pharma Hemp","article_modified_time":"2026-04-08T07:45:28+00:00","og_image":[{"width":600,"height":600,"url":"https:\/\/pharma-hemp.com\/wp-content\/uploads\/2025\/05\/SLEEP-1.png","type":"image\/png"}],"twitter_card":"summary_large_image","twitter_misc":{"Gesch\u00e4tzte Lesezeit":"1\u00a0Minute"},"schema":{"@context":"https:\/\/schema.org","@graph":[{"@type":"WebPage","@id":"https:\/\/pharma-hemp.com\/de\/shop\/phix-schlaftropfen\/","url":"https:\/\/pharma-hemp.com\/de\/shop\/phix-schlaftropfen\/","name":"CBD Tropfen f\u00fcr den Schlaf PHIX - Pharma Hemp","isPartOf":{"@id":"https:\/\/pharma-hemp.com\/de\/#website"},"primaryImageOfPage":{"@id":"https:\/\/pharma-hemp.com\/de\/shop\/phix-schlaftropfen\/#primaryimage"},"image":{"@id":"https:\/\/pharma-hemp.com\/de\/shop\/phix-schlaftropfen\/#primaryimage"},"thumbnailUrl":"https:\/\/pharma-hemp.com\/wp-content\/uploads\/2025\/05\/SLEEP-1.png","datePublished":"2025-04-29T09:15:11+00:00","dateModified":"2026-04-08T07:45:28+00:00","description":"CBD Tropfen f\u00fcr den Schlaf PHIX f\u00f6rdert Entspannung und erholsamen Schlaf, hilft einen \u00fcberaktiven Geist zu beruhigen und unterst\u00fctzt einen nat\u00fcrlichen Schlafzyklus.","breadcrumb":{"@id":"https:\/\/pharma-hemp.com\/de\/shop\/phix-schlaftropfen\/#breadcrumb"},"inLanguage":"de","potentialAction":[{"@type":"ReadAction","target":["https:\/\/pharma-hemp.com\/de\/shop\/phix-schlaftropfen\/"]}]},{"@type":"ImageObject","inLanguage":"de","@id":"https:\/\/pharma-hemp.com\/de\/shop\/phix-schlaftropfen\/#primaryimage","url":"https:\/\/pharma-hemp.com\/wp-content\/uploads\/2025\/05\/SLEEP-1.png","contentUrl":"https:\/\/pharma-hemp.com\/wp-content\/uploads\/2025\/05\/SLEEP-1.png","width":600,"height":600},{"@type":"BreadcrumbList","@id":"https:\/\/pharma-hemp.com\/de\/shop\/phix-schlaftropfen\/#breadcrumb","itemListElement":[{"@type":"ListItem","position":1,"name":"Home","item":"https:\/\/pharma-hemp.com\/de\/"},{"@type":"ListItem","position":2,"name":"Shop","item":"https:\/\/pharma-hemp.com\/de\/shop\/"},{"@type":"ListItem","position":3,"name":"PHIX Schlaftropfen"}]},{"@type":"WebSite","@id":"https:\/\/pharma-hemp.com\/de\/#website","url":"https:\/\/pharma-hemp.com\/de\/","name":"Pharma Hemp","description":"CBD store","publisher":{"@id":"https:\/\/pharma-hemp.com\/de\/#organization"},"potentialAction":[{"@type":"SearchAction","target":{"@type":"EntryPoint","urlTemplate":"https:\/\/pharma-hemp.com\/de\/?s={search_term_string}"},"query-input":{"@type":"PropertyValueSpecification","valueRequired":true,"valueName":"search_term_string"}}],"inLanguage":"de"},{"@type":"Organization","@id":"https:\/\/pharma-hemp.com\/de\/#organization","name":"PharmaHemp","url":"https:\/\/pharma-hemp.com\/de\/","logo":{"@type":"ImageObject","inLanguage":"de","@id":"https:\/\/pharma-hemp.com\/de\/#\/schema\/logo\/image\/","url":"https:\/\/pharma-hemp.com\/wp-content\/uploads\/2025\/04\/Pharma-Hemp-logo_crn-1.png","contentUrl":"https:\/\/pharma-hemp.com\/wp-content\/uploads\/2025\/04\/Pharma-Hemp-logo_crn-1.png","width":200,"height":44,"caption":"PharmaHemp"},"image":{"@id":"https:\/\/pharma-hemp.com\/de\/#\/schema\/logo\/image\/"}}]}},"_links":{"self":[{"href":"https:\/\/pharma-hemp.com\/de\/wp-json\/wp\/v2\/product\/577497","targetHints":{"allow":["GET"]}}],"collection":[{"href":"https:\/\/pharma-hemp.com\/de\/wp-json\/wp\/v2\/product"}],"about":[{"href":"https:\/\/pharma-hemp.com\/de\/wp-json\/wp\/v2\/types\/product"}],"wp:featuredmedia":[{"embeddable":true,"href":"https:\/\/pharma-hemp.com\/de\/wp-json\/wp\/v2\/media\/577506"}],"wp:attachment":[{"href":"https:\/\/pharma-hemp.com\/de\/wp-json\/wp\/v2\/media?parent=577497"}],"wp:term":[{"taxonomy":"product_brand","embeddable":true,"href":"https:\/\/pharma-hemp.com\/de\/wp-json\/wp\/v2\/product_brand?post=577497"},{"taxonomy":"product_cat","embeddable":true,"href":"https:\/\/pharma-hemp.com\/de\/wp-json\/wp\/v2\/product_cat?post=577497"},{"taxonomy":"product_tag","embeddable":true,"href":"https:\/\/pharma-hemp.com\/de\/wp-json\/wp\/v2\/product_tag?post=577497"}],"curies":[{"name":"wp","href":"https:\/\/api.w.org\/{rel}","templated":true}]}}