{"id":577446,"date":"2025-04-30T09:21:25","date_gmt":"2025-04-30T08:21:25","guid":{"rendered":"https:\/\/pharma-hemp.com\/?post_type=product&#038;p=577446"},"modified":"2026-04-08T10:17:46","modified_gmt":"2026-04-08T08:17:46","slug":"mikka-collagen-tagescreme","status":"publish","type":"product","link":"https:\/\/pharma-hemp.com\/de\/shop\/mikka-collagen-tagescreme\/","title":{"rendered":"Mikka Collagen Tagescreme"},"content":{"rendered":"","protected":false},"excerpt":{"rendered":"<p><span style=\"font-weight: 400;\">Eine Tagescreme, die alles kann &#8211; sie spendet Feuchtigkeit, strafft und sch\u00fctzt Ihre Haut und bewahrt ihr jugendliches Strahlen. Diese Formel enth\u00e4lt hochwertiges Kollagen, CBD und eine Vielzahl pflanzlicher Inhaltsstoffe und sorgt daf\u00fcr, dass Ihre Haut den ganzen Tag lang frisch, prall und widerstandsf\u00e4hig aussieht. <\/span><\/p>\n","protected":false},"featured_media":577355,"template":"","meta":[],"product_brand":[],"product_cat":[358,367,368,351],"product_tag":[1172,1201,1170,1192,1165,1202,1168,1200,1193,1199],"class_list":{"0":"post-577446","1":"product","2":"type-product","3":"status-publish","4":"has-post-thumbnail","6":"product_cat-dermokosmetika","7":"product_cat-hautpflege","8":"product_cat-mikka","9":"product_cat-nach-marke-einkaufen","10":"product_tag-anti-aging","11":"product_tag-dehydrierte-haut","12":"product_tag-fahler-teint","13":"product_tag-falten","14":"product_tag-feine-linien","15":"product_tag-frische","16":"product_tag-raue-textur","17":"product_tag-tageshydratation","18":"product_tag-trockene-haut","19":"product_tag-verlust-an-straffheit","21":"first","22":"instock","23":"shipping-taxable","24":"purchasable","25":"product-type-simple"},"acf":{"konfigurator_product_name":"","konfigurator_product_description":"","konfigurator_product_image_url":""},"yoast_head":"<!-- This site is optimized with the Yoast SEO plugin v27.3 - https:\/\/yoast.com\/product\/yoast-seo-wordpress\/ -->\n<title>CBD Hanf Gesichtscreme Kollagen Mikka - Pharma Hemp<\/title>\n<meta name=\"description\" content=\"Die CBD-Hanf-Gesichtscreme Mikka mit Kollagen und Hyalurons\u00e4ure spendet Feuchtigkeit, reduziert die Zeichen der Hautalterung, erh\u00f6ht die Elastizit\u00e4t und beseitigt Pickel f\u00fcr eine strahlende Haut.\" \/>\n<meta name=\"robots\" content=\"index, follow, max-snippet:-1, max-image-preview:large, max-video-preview:-1\" \/>\n<link rel=\"canonical\" href=\"https:\/\/pharma-hemp.com\/de\/shop\/mikka-collagen-tagescreme\/\" \/>\n<meta property=\"og:locale\" content=\"de_DE\" \/>\n<meta property=\"og:type\" content=\"article\" \/>\n<meta property=\"og:title\" content=\"CBD Hanf Gesichtscreme Kollagen Mikka - Pharma Hemp\" \/>\n<meta property=\"og:description\" content=\"Die CBD-Hanf-Gesichtscreme Mikka mit Kollagen und Hyalurons\u00e4ure spendet Feuchtigkeit, reduziert die Zeichen der Hautalterung, erh\u00f6ht die Elastizit\u00e4t und beseitigt Pickel f\u00fcr eine strahlende Haut.\" \/>\n<meta property=\"og:url\" content=\"https:\/\/pharma-hemp.com\/de\/shop\/mikka-collagen-tagescreme\/\" \/>\n<meta property=\"og:site_name\" content=\"Pharma Hemp\" \/>\n<meta property=\"article:modified_time\" content=\"2026-04-08T08:17:46+00:00\" \/>\n<meta property=\"og:image\" content=\"https:\/\/pharma-hemp.com\/wp-content\/uploads\/2025\/05\/day-cream-1.png\" \/>\n\t<meta property=\"og:image:width\" content=\"600\" \/>\n\t<meta property=\"og:image:height\" content=\"600\" \/>\n\t<meta property=\"og:image:type\" content=\"image\/png\" \/>\n<meta name=\"twitter:card\" content=\"summary_large_image\" \/>\n<meta name=\"twitter:label1\" content=\"Gesch\u00e4tzte Lesezeit\" \/>\n\t<meta name=\"twitter:data1\" content=\"1\u00a0Minute\" \/>\n<script type=\"application\/ld+json\" class=\"yoast-schema-graph\">{\"@context\":\"https:\\\/\\\/schema.org\",\"@graph\":[{\"@type\":\"WebPage\",\"@id\":\"https:\\\/\\\/pharma-hemp.com\\\/de\\\/shop\\\/mikka-collagen-tagescreme\\\/\",\"url\":\"https:\\\/\\\/pharma-hemp.com\\\/de\\\/shop\\\/mikka-collagen-tagescreme\\\/\",\"name\":\"CBD Hanf Gesichtscreme Kollagen Mikka - Pharma Hemp\",\"isPartOf\":{\"@id\":\"https:\\\/\\\/pharma-hemp.com\\\/de\\\/#website\"},\"primaryImageOfPage\":{\"@id\":\"https:\\\/\\\/pharma-hemp.com\\\/de\\\/shop\\\/mikka-collagen-tagescreme\\\/#primaryimage\"},\"image\":{\"@id\":\"https:\\\/\\\/pharma-hemp.com\\\/de\\\/shop\\\/mikka-collagen-tagescreme\\\/#primaryimage\"},\"thumbnailUrl\":\"https:\\\/\\\/pharma-hemp.com\\\/wp-content\\\/uploads\\\/2025\\\/05\\\/day-cream-1.png\",\"datePublished\":\"2025-04-30T08:21:25+00:00\",\"dateModified\":\"2026-04-08T08:17:46+00:00\",\"description\":\"Die CBD-Hanf-Gesichtscreme Mikka mit Kollagen und Hyalurons\u00e4ure spendet Feuchtigkeit, reduziert die Zeichen der Hautalterung, erh\u00f6ht die Elastizit\u00e4t und beseitigt Pickel f\u00fcr eine strahlende Haut.\",\"breadcrumb\":{\"@id\":\"https:\\\/\\\/pharma-hemp.com\\\/de\\\/shop\\\/mikka-collagen-tagescreme\\\/#breadcrumb\"},\"inLanguage\":\"de\",\"potentialAction\":[{\"@type\":\"ReadAction\",\"target\":[\"https:\\\/\\\/pharma-hemp.com\\\/de\\\/shop\\\/mikka-collagen-tagescreme\\\/\"]}]},{\"@type\":\"ImageObject\",\"inLanguage\":\"de\",\"@id\":\"https:\\\/\\\/pharma-hemp.com\\\/de\\\/shop\\\/mikka-collagen-tagescreme\\\/#primaryimage\",\"url\":\"https:\\\/\\\/pharma-hemp.com\\\/wp-content\\\/uploads\\\/2025\\\/05\\\/day-cream-1.png\",\"contentUrl\":\"https:\\\/\\\/pharma-hemp.com\\\/wp-content\\\/uploads\\\/2025\\\/05\\\/day-cream-1.png\",\"width\":600,\"height\":600},{\"@type\":\"BreadcrumbList\",\"@id\":\"https:\\\/\\\/pharma-hemp.com\\\/de\\\/shop\\\/mikka-collagen-tagescreme\\\/#breadcrumb\",\"itemListElement\":[{\"@type\":\"ListItem\",\"position\":1,\"name\":\"Home\",\"item\":\"https:\\\/\\\/pharma-hemp.com\\\/de\\\/\"},{\"@type\":\"ListItem\",\"position\":2,\"name\":\"Shop\",\"item\":\"https:\\\/\\\/pharma-hemp.com\\\/de\\\/shop\\\/\"},{\"@type\":\"ListItem\",\"position\":3,\"name\":\"Mikka Collagen Tagescreme\"}]},{\"@type\":\"WebSite\",\"@id\":\"https:\\\/\\\/pharma-hemp.com\\\/de\\\/#website\",\"url\":\"https:\\\/\\\/pharma-hemp.com\\\/de\\\/\",\"name\":\"Pharma Hemp\",\"description\":\"CBD store\",\"publisher\":{\"@id\":\"https:\\\/\\\/pharma-hemp.com\\\/de\\\/#organization\"},\"potentialAction\":[{\"@type\":\"SearchAction\",\"target\":{\"@type\":\"EntryPoint\",\"urlTemplate\":\"https:\\\/\\\/pharma-hemp.com\\\/de\\\/?s={search_term_string}\"},\"query-input\":{\"@type\":\"PropertyValueSpecification\",\"valueRequired\":true,\"valueName\":\"search_term_string\"}}],\"inLanguage\":\"de\"},{\"@type\":\"Organization\",\"@id\":\"https:\\\/\\\/pharma-hemp.com\\\/de\\\/#organization\",\"name\":\"PharmaHemp\",\"url\":\"https:\\\/\\\/pharma-hemp.com\\\/de\\\/\",\"logo\":{\"@type\":\"ImageObject\",\"inLanguage\":\"de\",\"@id\":\"https:\\\/\\\/pharma-hemp.com\\\/de\\\/#\\\/schema\\\/logo\\\/image\\\/\",\"url\":\"https:\\\/\\\/pharma-hemp.com\\\/wp-content\\\/uploads\\\/2025\\\/04\\\/Pharma-Hemp-logo_crn-1.png\",\"contentUrl\":\"https:\\\/\\\/pharma-hemp.com\\\/wp-content\\\/uploads\\\/2025\\\/04\\\/Pharma-Hemp-logo_crn-1.png\",\"width\":200,\"height\":44,\"caption\":\"PharmaHemp\"},\"image\":{\"@id\":\"https:\\\/\\\/pharma-hemp.com\\\/de\\\/#\\\/schema\\\/logo\\\/image\\\/\"}}]}<\/script>\n<!-- \/ Yoast SEO plugin. -->","yoast_head_json":{"title":"CBD Hanf Gesichtscreme Kollagen Mikka - Pharma Hemp","description":"Die CBD-Hanf-Gesichtscreme Mikka mit Kollagen und Hyalurons\u00e4ure spendet Feuchtigkeit, reduziert die Zeichen der Hautalterung, erh\u00f6ht die Elastizit\u00e4t und beseitigt Pickel f\u00fcr eine strahlende Haut.","robots":{"index":"index","follow":"follow","max-snippet":"max-snippet:-1","max-image-preview":"max-image-preview:large","max-video-preview":"max-video-preview:-1"},"canonical":"https:\/\/pharma-hemp.com\/de\/shop\/mikka-collagen-tagescreme\/","og_locale":"de_DE","og_type":"article","og_title":"CBD Hanf Gesichtscreme Kollagen Mikka - Pharma Hemp","og_description":"Die CBD-Hanf-Gesichtscreme Mikka mit Kollagen und Hyalurons\u00e4ure spendet Feuchtigkeit, reduziert die Zeichen der Hautalterung, erh\u00f6ht die Elastizit\u00e4t und beseitigt Pickel f\u00fcr eine strahlende Haut.","og_url":"https:\/\/pharma-hemp.com\/de\/shop\/mikka-collagen-tagescreme\/","og_site_name":"Pharma Hemp","article_modified_time":"2026-04-08T08:17:46+00:00","og_image":[{"width":600,"height":600,"url":"https:\/\/pharma-hemp.com\/wp-content\/uploads\/2025\/05\/day-cream-1.png","type":"image\/png"}],"twitter_card":"summary_large_image","twitter_misc":{"Gesch\u00e4tzte Lesezeit":"1\u00a0Minute"},"schema":{"@context":"https:\/\/schema.org","@graph":[{"@type":"WebPage","@id":"https:\/\/pharma-hemp.com\/de\/shop\/mikka-collagen-tagescreme\/","url":"https:\/\/pharma-hemp.com\/de\/shop\/mikka-collagen-tagescreme\/","name":"CBD Hanf Gesichtscreme Kollagen Mikka - Pharma Hemp","isPartOf":{"@id":"https:\/\/pharma-hemp.com\/de\/#website"},"primaryImageOfPage":{"@id":"https:\/\/pharma-hemp.com\/de\/shop\/mikka-collagen-tagescreme\/#primaryimage"},"image":{"@id":"https:\/\/pharma-hemp.com\/de\/shop\/mikka-collagen-tagescreme\/#primaryimage"},"thumbnailUrl":"https:\/\/pharma-hemp.com\/wp-content\/uploads\/2025\/05\/day-cream-1.png","datePublished":"2025-04-30T08:21:25+00:00","dateModified":"2026-04-08T08:17:46+00:00","description":"Die CBD-Hanf-Gesichtscreme Mikka mit Kollagen und Hyalurons\u00e4ure spendet Feuchtigkeit, reduziert die Zeichen der Hautalterung, erh\u00f6ht die Elastizit\u00e4t und beseitigt Pickel f\u00fcr eine strahlende Haut.","breadcrumb":{"@id":"https:\/\/pharma-hemp.com\/de\/shop\/mikka-collagen-tagescreme\/#breadcrumb"},"inLanguage":"de","potentialAction":[{"@type":"ReadAction","target":["https:\/\/pharma-hemp.com\/de\/shop\/mikka-collagen-tagescreme\/"]}]},{"@type":"ImageObject","inLanguage":"de","@id":"https:\/\/pharma-hemp.com\/de\/shop\/mikka-collagen-tagescreme\/#primaryimage","url":"https:\/\/pharma-hemp.com\/wp-content\/uploads\/2025\/05\/day-cream-1.png","contentUrl":"https:\/\/pharma-hemp.com\/wp-content\/uploads\/2025\/05\/day-cream-1.png","width":600,"height":600},{"@type":"BreadcrumbList","@id":"https:\/\/pharma-hemp.com\/de\/shop\/mikka-collagen-tagescreme\/#breadcrumb","itemListElement":[{"@type":"ListItem","position":1,"name":"Home","item":"https:\/\/pharma-hemp.com\/de\/"},{"@type":"ListItem","position":2,"name":"Shop","item":"https:\/\/pharma-hemp.com\/de\/shop\/"},{"@type":"ListItem","position":3,"name":"Mikka Collagen Tagescreme"}]},{"@type":"WebSite","@id":"https:\/\/pharma-hemp.com\/de\/#website","url":"https:\/\/pharma-hemp.com\/de\/","name":"Pharma Hemp","description":"CBD store","publisher":{"@id":"https:\/\/pharma-hemp.com\/de\/#organization"},"potentialAction":[{"@type":"SearchAction","target":{"@type":"EntryPoint","urlTemplate":"https:\/\/pharma-hemp.com\/de\/?s={search_term_string}"},"query-input":{"@type":"PropertyValueSpecification","valueRequired":true,"valueName":"search_term_string"}}],"inLanguage":"de"},{"@type":"Organization","@id":"https:\/\/pharma-hemp.com\/de\/#organization","name":"PharmaHemp","url":"https:\/\/pharma-hemp.com\/de\/","logo":{"@type":"ImageObject","inLanguage":"de","@id":"https:\/\/pharma-hemp.com\/de\/#\/schema\/logo\/image\/","url":"https:\/\/pharma-hemp.com\/wp-content\/uploads\/2025\/04\/Pharma-Hemp-logo_crn-1.png","contentUrl":"https:\/\/pharma-hemp.com\/wp-content\/uploads\/2025\/04\/Pharma-Hemp-logo_crn-1.png","width":200,"height":44,"caption":"PharmaHemp"},"image":{"@id":"https:\/\/pharma-hemp.com\/de\/#\/schema\/logo\/image\/"}}]}},"_links":{"self":[{"href":"https:\/\/pharma-hemp.com\/de\/wp-json\/wp\/v2\/product\/577446","targetHints":{"allow":["GET"]}}],"collection":[{"href":"https:\/\/pharma-hemp.com\/de\/wp-json\/wp\/v2\/product"}],"about":[{"href":"https:\/\/pharma-hemp.com\/de\/wp-json\/wp\/v2\/types\/product"}],"wp:featuredmedia":[{"embeddable":true,"href":"https:\/\/pharma-hemp.com\/de\/wp-json\/wp\/v2\/media\/577355"}],"wp:attachment":[{"href":"https:\/\/pharma-hemp.com\/de\/wp-json\/wp\/v2\/media?parent=577446"}],"wp:term":[{"taxonomy":"product_brand","embeddable":true,"href":"https:\/\/pharma-hemp.com\/de\/wp-json\/wp\/v2\/product_brand?post=577446"},{"taxonomy":"product_cat","embeddable":true,"href":"https:\/\/pharma-hemp.com\/de\/wp-json\/wp\/v2\/product_cat?post=577446"},{"taxonomy":"product_tag","embeddable":true,"href":"https:\/\/pharma-hemp.com\/de\/wp-json\/wp\/v2\/product_tag?post=577446"}],"curies":[{"name":"wp","href":"https:\/\/api.w.org\/{rel}","templated":true}]}}