{"id":577434,"date":"2025-04-29T09:49:55","date_gmt":"2025-04-29T08:49:55","guid":{"rendered":"https:\/\/pharma-hemp.com\/?post_type=product&#038;p=577434"},"modified":"2026-03-03T13:54:44","modified_gmt":"2026-03-03T11:54:44","slug":"phix-immunitaetstropfen","status":"publish","type":"product","link":"https:\/\/pharma-hemp.com\/de\/shop\/phix-immunitaetstropfen\/","title":{"rendered":"PHIX Immunit\u00e4tstropfen"},"content":{"rendered":"","protected":false},"excerpt":{"rendered":"<p><span style=\"font-weight: 400;\">Wenn sich die Jahreszeiten \u00e4ndern und Sie eine zus\u00e4tzliche Verteidigungslinie brauchen. PHIX IMMUNITY ist vollgepackt mit kraftvollen Pflanzenstoffen, die die nat\u00fcrliche Widerstandskraft Ihres K\u00f6rpers unterst\u00fctzen. <\/span><\/p>\n","protected":false},"featured_media":577483,"template":"","meta":[],"product_brand":[],"product_cat":[355,361,372,351,357],"product_tag":[1049,1042,1043,1047,1045,1046,1048,1044,1041,1050],"class_list":{"0":"post-577434","1":"product","2":"type-product","3":"status-publish","4":"has-post-thumbnail","6":"product_cat-drops","7":"product_cat-drops-box","8":"product_cat-immunitat","9":"product_cat-nach-marke-einkaufen","10":"product_cat-phix","11":"product_tag-allgemeines-wohlbefinden","12":"product_tag-grippehilfe","13":"product_tag-haeufige-erkaeltungen","14":"product_tag-immununterstuetzung","15":"product_tag-laufende-nase","16":"product_tag-niedrige-immunitaet","17":"product_tag-saisonale-krankheiten","18":"product_tag-schwaechegefuehl","19":"product_tag-schwaches-immunsystem","20":"product_tag-vorbeugung","22":"first","23":"instock","24":"shipping-taxable","25":"purchasable","26":"product-type-simple"},"acf":{"konfigurator_product_name":"","konfigurator_product_description":"","konfigurator_product_image_url":""},"yoast_head":"<!-- This site is optimized with the Yoast SEO plugin v27.3 - https:\/\/yoast.com\/product\/yoast-seo-wordpress\/ -->\n<title>CBD Tropfen PHIX Immunit\u00e4t -<\/title>\n<meta name=\"description\" content=\"PHIX Immunity CBD Tropfen st\u00e4rken die Immunabwehr, unterst\u00fctzen die Antioxidantien und tragen zum allgemeinen Wohlbefinden bei. St\u00e4rke: 3% CBD.\" \/>\n<meta name=\"robots\" content=\"index, follow, max-snippet:-1, max-image-preview:large, max-video-preview:-1\" \/>\n<link rel=\"canonical\" href=\"https:\/\/pharma-hemp.com\/de\/shop\/phix-immunitaetstropfen\/\" \/>\n<meta property=\"og:locale\" content=\"de_DE\" \/>\n<meta property=\"og:type\" content=\"article\" \/>\n<meta property=\"og:title\" content=\"CBD Tropfen PHIX Immunit\u00e4t -\" \/>\n<meta property=\"og:description\" content=\"PHIX Immunity CBD Tropfen st\u00e4rken die Immunabwehr, unterst\u00fctzen die Antioxidantien und tragen zum allgemeinen Wohlbefinden bei. St\u00e4rke: 3% CBD.\" \/>\n<meta property=\"og:url\" content=\"https:\/\/pharma-hemp.com\/de\/shop\/phix-immunitaetstropfen\/\" \/>\n<meta property=\"og:site_name\" content=\"Pharma Hemp\" \/>\n<meta property=\"article:modified_time\" content=\"2026-03-03T11:54:44+00:00\" \/>\n<meta property=\"og:image\" content=\"https:\/\/pharma-hemp.com\/wp-content\/uploads\/2025\/07\/immunity1.png\" \/>\n\t<meta property=\"og:image:width\" content=\"600\" \/>\n\t<meta property=\"og:image:height\" content=\"600\" \/>\n\t<meta property=\"og:image:type\" content=\"image\/png\" \/>\n<meta name=\"twitter:card\" content=\"summary_large_image\" \/>\n<meta name=\"twitter:label1\" content=\"Gesch\u00e4tzte Lesezeit\" \/>\n\t<meta name=\"twitter:data1\" content=\"1\u00a0Minute\" \/>\n<script type=\"application\/ld+json\" class=\"yoast-schema-graph\">{\"@context\":\"https:\\\/\\\/schema.org\",\"@graph\":[{\"@type\":\"WebPage\",\"@id\":\"https:\\\/\\\/pharma-hemp.com\\\/de\\\/shop\\\/phix-immunitaetstropfen\\\/\",\"url\":\"https:\\\/\\\/pharma-hemp.com\\\/de\\\/shop\\\/phix-immunitaetstropfen\\\/\",\"name\":\"CBD Tropfen PHIX Immunit\u00e4t -\",\"isPartOf\":{\"@id\":\"https:\\\/\\\/pharma-hemp.com\\\/de\\\/#website\"},\"primaryImageOfPage\":{\"@id\":\"https:\\\/\\\/pharma-hemp.com\\\/de\\\/shop\\\/phix-immunitaetstropfen\\\/#primaryimage\"},\"image\":{\"@id\":\"https:\\\/\\\/pharma-hemp.com\\\/de\\\/shop\\\/phix-immunitaetstropfen\\\/#primaryimage\"},\"thumbnailUrl\":\"https:\\\/\\\/pharma-hemp.com\\\/wp-content\\\/uploads\\\/2025\\\/07\\\/immunity1.png\",\"datePublished\":\"2025-04-29T08:49:55+00:00\",\"dateModified\":\"2026-03-03T11:54:44+00:00\",\"description\":\"PHIX Immunity CBD Tropfen st\u00e4rken die Immunabwehr, unterst\u00fctzen die Antioxidantien und tragen zum allgemeinen Wohlbefinden bei. St\u00e4rke: 3% CBD.\",\"breadcrumb\":{\"@id\":\"https:\\\/\\\/pharma-hemp.com\\\/de\\\/shop\\\/phix-immunitaetstropfen\\\/#breadcrumb\"},\"inLanguage\":\"de\",\"potentialAction\":[{\"@type\":\"ReadAction\",\"target\":[\"https:\\\/\\\/pharma-hemp.com\\\/de\\\/shop\\\/phix-immunitaetstropfen\\\/\"]}]},{\"@type\":\"ImageObject\",\"inLanguage\":\"de\",\"@id\":\"https:\\\/\\\/pharma-hemp.com\\\/de\\\/shop\\\/phix-immunitaetstropfen\\\/#primaryimage\",\"url\":\"https:\\\/\\\/pharma-hemp.com\\\/wp-content\\\/uploads\\\/2025\\\/07\\\/immunity1.png\",\"contentUrl\":\"https:\\\/\\\/pharma-hemp.com\\\/wp-content\\\/uploads\\\/2025\\\/07\\\/immunity1.png\",\"width\":600,\"height\":600,\"caption\":\"phix immunity cbd drops for boosting your immunity\"},{\"@type\":\"BreadcrumbList\",\"@id\":\"https:\\\/\\\/pharma-hemp.com\\\/de\\\/shop\\\/phix-immunitaetstropfen\\\/#breadcrumb\",\"itemListElement\":[{\"@type\":\"ListItem\",\"position\":1,\"name\":\"Home\",\"item\":\"https:\\\/\\\/pharma-hemp.com\\\/de\\\/\"},{\"@type\":\"ListItem\",\"position\":2,\"name\":\"Shop\",\"item\":\"https:\\\/\\\/pharma-hemp.com\\\/de\\\/shop\\\/\"},{\"@type\":\"ListItem\",\"position\":3,\"name\":\"PHIX Immunit\u00e4tstropfen\"}]},{\"@type\":\"WebSite\",\"@id\":\"https:\\\/\\\/pharma-hemp.com\\\/de\\\/#website\",\"url\":\"https:\\\/\\\/pharma-hemp.com\\\/de\\\/\",\"name\":\"Pharma Hemp\",\"description\":\"CBD store\",\"publisher\":{\"@id\":\"https:\\\/\\\/pharma-hemp.com\\\/de\\\/#organization\"},\"potentialAction\":[{\"@type\":\"SearchAction\",\"target\":{\"@type\":\"EntryPoint\",\"urlTemplate\":\"https:\\\/\\\/pharma-hemp.com\\\/de\\\/?s={search_term_string}\"},\"query-input\":{\"@type\":\"PropertyValueSpecification\",\"valueRequired\":true,\"valueName\":\"search_term_string\"}}],\"inLanguage\":\"de\"},{\"@type\":\"Organization\",\"@id\":\"https:\\\/\\\/pharma-hemp.com\\\/de\\\/#organization\",\"name\":\"PharmaHemp\",\"url\":\"https:\\\/\\\/pharma-hemp.com\\\/de\\\/\",\"logo\":{\"@type\":\"ImageObject\",\"inLanguage\":\"de\",\"@id\":\"https:\\\/\\\/pharma-hemp.com\\\/de\\\/#\\\/schema\\\/logo\\\/image\\\/\",\"url\":\"https:\\\/\\\/pharma-hemp.com\\\/wp-content\\\/uploads\\\/2025\\\/04\\\/Pharma-Hemp-logo_crn-1.png\",\"contentUrl\":\"https:\\\/\\\/pharma-hemp.com\\\/wp-content\\\/uploads\\\/2025\\\/04\\\/Pharma-Hemp-logo_crn-1.png\",\"width\":200,\"height\":44,\"caption\":\"PharmaHemp\"},\"image\":{\"@id\":\"https:\\\/\\\/pharma-hemp.com\\\/de\\\/#\\\/schema\\\/logo\\\/image\\\/\"}}]}<\/script>\n<!-- \/ Yoast SEO plugin. -->","yoast_head_json":{"title":"CBD Tropfen PHIX Immunit\u00e4t -","description":"PHIX Immunity CBD Tropfen st\u00e4rken die Immunabwehr, unterst\u00fctzen die Antioxidantien und tragen zum allgemeinen Wohlbefinden bei. St\u00e4rke: 3% CBD.","robots":{"index":"index","follow":"follow","max-snippet":"max-snippet:-1","max-image-preview":"max-image-preview:large","max-video-preview":"max-video-preview:-1"},"canonical":"https:\/\/pharma-hemp.com\/de\/shop\/phix-immunitaetstropfen\/","og_locale":"de_DE","og_type":"article","og_title":"CBD Tropfen PHIX Immunit\u00e4t -","og_description":"PHIX Immunity CBD Tropfen st\u00e4rken die Immunabwehr, unterst\u00fctzen die Antioxidantien und tragen zum allgemeinen Wohlbefinden bei. St\u00e4rke: 3% CBD.","og_url":"https:\/\/pharma-hemp.com\/de\/shop\/phix-immunitaetstropfen\/","og_site_name":"Pharma Hemp","article_modified_time":"2026-03-03T11:54:44+00:00","og_image":[{"width":600,"height":600,"url":"https:\/\/pharma-hemp.com\/wp-content\/uploads\/2025\/07\/immunity1.png","type":"image\/png"}],"twitter_card":"summary_large_image","twitter_misc":{"Gesch\u00e4tzte Lesezeit":"1\u00a0Minute"},"schema":{"@context":"https:\/\/schema.org","@graph":[{"@type":"WebPage","@id":"https:\/\/pharma-hemp.com\/de\/shop\/phix-immunitaetstropfen\/","url":"https:\/\/pharma-hemp.com\/de\/shop\/phix-immunitaetstropfen\/","name":"CBD Tropfen PHIX Immunit\u00e4t -","isPartOf":{"@id":"https:\/\/pharma-hemp.com\/de\/#website"},"primaryImageOfPage":{"@id":"https:\/\/pharma-hemp.com\/de\/shop\/phix-immunitaetstropfen\/#primaryimage"},"image":{"@id":"https:\/\/pharma-hemp.com\/de\/shop\/phix-immunitaetstropfen\/#primaryimage"},"thumbnailUrl":"https:\/\/pharma-hemp.com\/wp-content\/uploads\/2025\/07\/immunity1.png","datePublished":"2025-04-29T08:49:55+00:00","dateModified":"2026-03-03T11:54:44+00:00","description":"PHIX Immunity CBD Tropfen st\u00e4rken die Immunabwehr, unterst\u00fctzen die Antioxidantien und tragen zum allgemeinen Wohlbefinden bei. St\u00e4rke: 3% CBD.","breadcrumb":{"@id":"https:\/\/pharma-hemp.com\/de\/shop\/phix-immunitaetstropfen\/#breadcrumb"},"inLanguage":"de","potentialAction":[{"@type":"ReadAction","target":["https:\/\/pharma-hemp.com\/de\/shop\/phix-immunitaetstropfen\/"]}]},{"@type":"ImageObject","inLanguage":"de","@id":"https:\/\/pharma-hemp.com\/de\/shop\/phix-immunitaetstropfen\/#primaryimage","url":"https:\/\/pharma-hemp.com\/wp-content\/uploads\/2025\/07\/immunity1.png","contentUrl":"https:\/\/pharma-hemp.com\/wp-content\/uploads\/2025\/07\/immunity1.png","width":600,"height":600,"caption":"phix immunity cbd drops for boosting your immunity"},{"@type":"BreadcrumbList","@id":"https:\/\/pharma-hemp.com\/de\/shop\/phix-immunitaetstropfen\/#breadcrumb","itemListElement":[{"@type":"ListItem","position":1,"name":"Home","item":"https:\/\/pharma-hemp.com\/de\/"},{"@type":"ListItem","position":2,"name":"Shop","item":"https:\/\/pharma-hemp.com\/de\/shop\/"},{"@type":"ListItem","position":3,"name":"PHIX Immunit\u00e4tstropfen"}]},{"@type":"WebSite","@id":"https:\/\/pharma-hemp.com\/de\/#website","url":"https:\/\/pharma-hemp.com\/de\/","name":"Pharma Hemp","description":"CBD store","publisher":{"@id":"https:\/\/pharma-hemp.com\/de\/#organization"},"potentialAction":[{"@type":"SearchAction","target":{"@type":"EntryPoint","urlTemplate":"https:\/\/pharma-hemp.com\/de\/?s={search_term_string}"},"query-input":{"@type":"PropertyValueSpecification","valueRequired":true,"valueName":"search_term_string"}}],"inLanguage":"de"},{"@type":"Organization","@id":"https:\/\/pharma-hemp.com\/de\/#organization","name":"PharmaHemp","url":"https:\/\/pharma-hemp.com\/de\/","logo":{"@type":"ImageObject","inLanguage":"de","@id":"https:\/\/pharma-hemp.com\/de\/#\/schema\/logo\/image\/","url":"https:\/\/pharma-hemp.com\/wp-content\/uploads\/2025\/04\/Pharma-Hemp-logo_crn-1.png","contentUrl":"https:\/\/pharma-hemp.com\/wp-content\/uploads\/2025\/04\/Pharma-Hemp-logo_crn-1.png","width":200,"height":44,"caption":"PharmaHemp"},"image":{"@id":"https:\/\/pharma-hemp.com\/de\/#\/schema\/logo\/image\/"}}]}},"_links":{"self":[{"href":"https:\/\/pharma-hemp.com\/de\/wp-json\/wp\/v2\/product\/577434","targetHints":{"allow":["GET"]}}],"collection":[{"href":"https:\/\/pharma-hemp.com\/de\/wp-json\/wp\/v2\/product"}],"about":[{"href":"https:\/\/pharma-hemp.com\/de\/wp-json\/wp\/v2\/types\/product"}],"wp:featuredmedia":[{"embeddable":true,"href":"https:\/\/pharma-hemp.com\/de\/wp-json\/wp\/v2\/media\/577483"}],"wp:attachment":[{"href":"https:\/\/pharma-hemp.com\/de\/wp-json\/wp\/v2\/media?parent=577434"}],"wp:term":[{"taxonomy":"product_brand","embeddable":true,"href":"https:\/\/pharma-hemp.com\/de\/wp-json\/wp\/v2\/product_brand?post=577434"},{"taxonomy":"product_cat","embeddable":true,"href":"https:\/\/pharma-hemp.com\/de\/wp-json\/wp\/v2\/product_cat?post=577434"},{"taxonomy":"product_tag","embeddable":true,"href":"https:\/\/pharma-hemp.com\/de\/wp-json\/wp\/v2\/product_tag?post=577434"}],"curies":[{"name":"wp","href":"https:\/\/api.w.org\/{rel}","templated":true}]}}