{"id":577387,"date":"2025-04-30T07:45:10","date_gmt":"2025-04-30T06:45:10","guid":{"rendered":"https:\/\/pharma-hemp.com\/?post_type=product&#038;p=577387"},"modified":"2026-03-03T10:40:31","modified_gmt":"2026-03-03T08:40:31","slug":"spot-off-nightcare-patch","status":"publish","type":"product","link":"https:\/\/pharma-hemp.com\/de\/shop\/spot-off-nightcare-patch\/","title":{"rendered":"Spot Off Nightcare Patch"},"content":{"rendered":"","protected":false},"excerpt":{"rendered":"<p><span style=\"font-weight: 400;\">F\u00fcr alle, die mit reinerer Haut aufwachen m\u00f6chten, wirkt das Spot Off Nightcare Patch, w\u00e4hrend Sie schlafen &#8211; es absorbiert Unreinheiten, beschleunigt die Heilung, h\u00e4lt<\/span> <span style=\"font-weight: 400;\">Hautunreinheiten mit wasserfestem Schutz und beugt weiteren Irritationen vor. <\/span><\/p>\n<p><span style=\"font-weight: 400;\">Dieses kleine Pflaster hat eine gro\u00dfe Wirkung. Es ist f\u00fcr die Aknepflege \u00fcber Nacht auf Gesicht und K\u00f6rper gedacht! <\/span><\/p>\n","protected":false},"featured_media":577400,"template":"","meta":[],"product_brand":[],"product_cat":[358,367,368],"product_tag":[1239,1232,1169,1075,1227,1241,1226,1240,1242,1228],"class_list":{"0":"post-577387","1":"product","2":"type-product","3":"status-publish","4":"has-post-thumbnail","6":"product_cat-dermokosmetika","7":"product_cat-hautpflege","8":"product_cat-mikka","9":"product_tag-akne-schwellung","10":"product_tag-ausbrueche","11":"product_tag-empfindliche-haut","12":"product_tag-entzuendung","13":"product_tag-mitesser","14":"product_tag-nachtbehandlung-akne","15":"product_tag-pickel","16":"product_tag-rote-flecken","17":"product_tag-tiefe-pickel","18":"product_tag-unreinheiten","20":"first","21":"instock","22":"shipping-taxable","23":"purchasable","24":"product-type-simple"},"acf":{"konfigurator_product_name":"","konfigurator_product_description":"","konfigurator_product_image_url":""},"yoast_head":"<!-- This site is optimized with the Yoast SEO plugin v27.3 - https:\/\/yoast.com\/product\/yoast-seo-wordpress\/ -->\n<title>Aknefleckenpflaster Spot Off Nachtpflege - Pharma Hemp<\/title>\n<meta name=\"description\" content=\"Aknefleckenpflaster Spot Off Nightcare absorbiert Unreinheiten und beschleunigt die Heilung. Der Polyurethanfilm sch\u00fctzt vor Bakterien und externen Verunreinigungen.\" \/>\n<meta name=\"robots\" content=\"index, follow, max-snippet:-1, max-image-preview:large, max-video-preview:-1\" \/>\n<link rel=\"canonical\" href=\"https:\/\/pharma-hemp.com\/de\/shop\/spot-off-nightcare-patch\/\" \/>\n<meta property=\"og:locale\" content=\"de_DE\" \/>\n<meta property=\"og:type\" content=\"article\" \/>\n<meta property=\"og:title\" content=\"Aknefleckenpflaster Spot Off Nachtpflege - Pharma Hemp\" \/>\n<meta property=\"og:description\" content=\"Aknefleckenpflaster Spot Off Nightcare absorbiert Unreinheiten und beschleunigt die Heilung. Der Polyurethanfilm sch\u00fctzt vor Bakterien und externen Verunreinigungen.\" \/>\n<meta property=\"og:url\" content=\"https:\/\/pharma-hemp.com\/de\/shop\/spot-off-nightcare-patch\/\" \/>\n<meta property=\"og:site_name\" content=\"Pharma Hemp\" \/>\n<meta property=\"article:modified_time\" content=\"2026-03-03T08:40:31+00:00\" \/>\n<meta property=\"og:image\" content=\"https:\/\/pharma-hemp.com\/wp-content\/uploads\/2025\/05\/night-patch-1.png\" \/>\n\t<meta property=\"og:image:width\" content=\"600\" \/>\n\t<meta property=\"og:image:height\" content=\"600\" \/>\n\t<meta property=\"og:image:type\" content=\"image\/png\" \/>\n<meta name=\"twitter:card\" content=\"summary_large_image\" \/>\n<meta name=\"twitter:label1\" content=\"Gesch\u00e4tzte Lesezeit\" \/>\n\t<meta name=\"twitter:data1\" content=\"1\u00a0Minute\" \/>\n<script type=\"application\/ld+json\" class=\"yoast-schema-graph\">{\"@context\":\"https:\\\/\\\/schema.org\",\"@graph\":[{\"@type\":\"WebPage\",\"@id\":\"https:\\\/\\\/pharma-hemp.com\\\/de\\\/shop\\\/spot-off-nightcare-patch\\\/\",\"url\":\"https:\\\/\\\/pharma-hemp.com\\\/de\\\/shop\\\/spot-off-nightcare-patch\\\/\",\"name\":\"Aknefleckenpflaster Spot Off Nachtpflege - Pharma Hemp\",\"isPartOf\":{\"@id\":\"https:\\\/\\\/pharma-hemp.com\\\/de\\\/#website\"},\"primaryImageOfPage\":{\"@id\":\"https:\\\/\\\/pharma-hemp.com\\\/de\\\/shop\\\/spot-off-nightcare-patch\\\/#primaryimage\"},\"image\":{\"@id\":\"https:\\\/\\\/pharma-hemp.com\\\/de\\\/shop\\\/spot-off-nightcare-patch\\\/#primaryimage\"},\"thumbnailUrl\":\"https:\\\/\\\/pharma-hemp.com\\\/wp-content\\\/uploads\\\/2025\\\/05\\\/night-patch-1.png\",\"datePublished\":\"2025-04-30T06:45:10+00:00\",\"dateModified\":\"2026-03-03T08:40:31+00:00\",\"description\":\"Aknefleckenpflaster Spot Off Nightcare absorbiert Unreinheiten und beschleunigt die Heilung. Der Polyurethanfilm sch\u00fctzt vor Bakterien und externen Verunreinigungen.\",\"breadcrumb\":{\"@id\":\"https:\\\/\\\/pharma-hemp.com\\\/de\\\/shop\\\/spot-off-nightcare-patch\\\/#breadcrumb\"},\"inLanguage\":\"de\",\"potentialAction\":[{\"@type\":\"ReadAction\",\"target\":[\"https:\\\/\\\/pharma-hemp.com\\\/de\\\/shop\\\/spot-off-nightcare-patch\\\/\"]}]},{\"@type\":\"ImageObject\",\"inLanguage\":\"de\",\"@id\":\"https:\\\/\\\/pharma-hemp.com\\\/de\\\/shop\\\/spot-off-nightcare-patch\\\/#primaryimage\",\"url\":\"https:\\\/\\\/pharma-hemp.com\\\/wp-content\\\/uploads\\\/2025\\\/05\\\/night-patch-1.png\",\"contentUrl\":\"https:\\\/\\\/pharma-hemp.com\\\/wp-content\\\/uploads\\\/2025\\\/05\\\/night-patch-1.png\",\"width\":600,\"height\":600},{\"@type\":\"BreadcrumbList\",\"@id\":\"https:\\\/\\\/pharma-hemp.com\\\/de\\\/shop\\\/spot-off-nightcare-patch\\\/#breadcrumb\",\"itemListElement\":[{\"@type\":\"ListItem\",\"position\":1,\"name\":\"Home\",\"item\":\"https:\\\/\\\/pharma-hemp.com\\\/de\\\/\"},{\"@type\":\"ListItem\",\"position\":2,\"name\":\"Shop\",\"item\":\"https:\\\/\\\/pharma-hemp.com\\\/de\\\/shop\\\/\"},{\"@type\":\"ListItem\",\"position\":3,\"name\":\"Spot Off Nightcare Patch\"}]},{\"@type\":\"WebSite\",\"@id\":\"https:\\\/\\\/pharma-hemp.com\\\/de\\\/#website\",\"url\":\"https:\\\/\\\/pharma-hemp.com\\\/de\\\/\",\"name\":\"Pharma Hemp\",\"description\":\"CBD store\",\"publisher\":{\"@id\":\"https:\\\/\\\/pharma-hemp.com\\\/de\\\/#organization\"},\"potentialAction\":[{\"@type\":\"SearchAction\",\"target\":{\"@type\":\"EntryPoint\",\"urlTemplate\":\"https:\\\/\\\/pharma-hemp.com\\\/de\\\/?s={search_term_string}\"},\"query-input\":{\"@type\":\"PropertyValueSpecification\",\"valueRequired\":true,\"valueName\":\"search_term_string\"}}],\"inLanguage\":\"de\"},{\"@type\":\"Organization\",\"@id\":\"https:\\\/\\\/pharma-hemp.com\\\/de\\\/#organization\",\"name\":\"PharmaHemp\",\"url\":\"https:\\\/\\\/pharma-hemp.com\\\/de\\\/\",\"logo\":{\"@type\":\"ImageObject\",\"inLanguage\":\"de\",\"@id\":\"https:\\\/\\\/pharma-hemp.com\\\/de\\\/#\\\/schema\\\/logo\\\/image\\\/\",\"url\":\"https:\\\/\\\/pharma-hemp.com\\\/wp-content\\\/uploads\\\/2025\\\/04\\\/Pharma-Hemp-logo_crn-1.png\",\"contentUrl\":\"https:\\\/\\\/pharma-hemp.com\\\/wp-content\\\/uploads\\\/2025\\\/04\\\/Pharma-Hemp-logo_crn-1.png\",\"width\":200,\"height\":44,\"caption\":\"PharmaHemp\"},\"image\":{\"@id\":\"https:\\\/\\\/pharma-hemp.com\\\/de\\\/#\\\/schema\\\/logo\\\/image\\\/\"}}]}<\/script>\n<!-- \/ Yoast SEO plugin. -->","yoast_head_json":{"title":"Aknefleckenpflaster Spot Off Nachtpflege - Pharma Hemp","description":"Aknefleckenpflaster Spot Off Nightcare absorbiert Unreinheiten und beschleunigt die Heilung. Der Polyurethanfilm sch\u00fctzt vor Bakterien und externen Verunreinigungen.","robots":{"index":"index","follow":"follow","max-snippet":"max-snippet:-1","max-image-preview":"max-image-preview:large","max-video-preview":"max-video-preview:-1"},"canonical":"https:\/\/pharma-hemp.com\/de\/shop\/spot-off-nightcare-patch\/","og_locale":"de_DE","og_type":"article","og_title":"Aknefleckenpflaster Spot Off Nachtpflege - Pharma Hemp","og_description":"Aknefleckenpflaster Spot Off Nightcare absorbiert Unreinheiten und beschleunigt die Heilung. Der Polyurethanfilm sch\u00fctzt vor Bakterien und externen Verunreinigungen.","og_url":"https:\/\/pharma-hemp.com\/de\/shop\/spot-off-nightcare-patch\/","og_site_name":"Pharma Hemp","article_modified_time":"2026-03-03T08:40:31+00:00","og_image":[{"width":600,"height":600,"url":"https:\/\/pharma-hemp.com\/wp-content\/uploads\/2025\/05\/night-patch-1.png","type":"image\/png"}],"twitter_card":"summary_large_image","twitter_misc":{"Gesch\u00e4tzte Lesezeit":"1\u00a0Minute"},"schema":{"@context":"https:\/\/schema.org","@graph":[{"@type":"WebPage","@id":"https:\/\/pharma-hemp.com\/de\/shop\/spot-off-nightcare-patch\/","url":"https:\/\/pharma-hemp.com\/de\/shop\/spot-off-nightcare-patch\/","name":"Aknefleckenpflaster Spot Off Nachtpflege - Pharma Hemp","isPartOf":{"@id":"https:\/\/pharma-hemp.com\/de\/#website"},"primaryImageOfPage":{"@id":"https:\/\/pharma-hemp.com\/de\/shop\/spot-off-nightcare-patch\/#primaryimage"},"image":{"@id":"https:\/\/pharma-hemp.com\/de\/shop\/spot-off-nightcare-patch\/#primaryimage"},"thumbnailUrl":"https:\/\/pharma-hemp.com\/wp-content\/uploads\/2025\/05\/night-patch-1.png","datePublished":"2025-04-30T06:45:10+00:00","dateModified":"2026-03-03T08:40:31+00:00","description":"Aknefleckenpflaster Spot Off Nightcare absorbiert Unreinheiten und beschleunigt die Heilung. Der Polyurethanfilm sch\u00fctzt vor Bakterien und externen Verunreinigungen.","breadcrumb":{"@id":"https:\/\/pharma-hemp.com\/de\/shop\/spot-off-nightcare-patch\/#breadcrumb"},"inLanguage":"de","potentialAction":[{"@type":"ReadAction","target":["https:\/\/pharma-hemp.com\/de\/shop\/spot-off-nightcare-patch\/"]}]},{"@type":"ImageObject","inLanguage":"de","@id":"https:\/\/pharma-hemp.com\/de\/shop\/spot-off-nightcare-patch\/#primaryimage","url":"https:\/\/pharma-hemp.com\/wp-content\/uploads\/2025\/05\/night-patch-1.png","contentUrl":"https:\/\/pharma-hemp.com\/wp-content\/uploads\/2025\/05\/night-patch-1.png","width":600,"height":600},{"@type":"BreadcrumbList","@id":"https:\/\/pharma-hemp.com\/de\/shop\/spot-off-nightcare-patch\/#breadcrumb","itemListElement":[{"@type":"ListItem","position":1,"name":"Home","item":"https:\/\/pharma-hemp.com\/de\/"},{"@type":"ListItem","position":2,"name":"Shop","item":"https:\/\/pharma-hemp.com\/de\/shop\/"},{"@type":"ListItem","position":3,"name":"Spot Off Nightcare Patch"}]},{"@type":"WebSite","@id":"https:\/\/pharma-hemp.com\/de\/#website","url":"https:\/\/pharma-hemp.com\/de\/","name":"Pharma Hemp","description":"CBD store","publisher":{"@id":"https:\/\/pharma-hemp.com\/de\/#organization"},"potentialAction":[{"@type":"SearchAction","target":{"@type":"EntryPoint","urlTemplate":"https:\/\/pharma-hemp.com\/de\/?s={search_term_string}"},"query-input":{"@type":"PropertyValueSpecification","valueRequired":true,"valueName":"search_term_string"}}],"inLanguage":"de"},{"@type":"Organization","@id":"https:\/\/pharma-hemp.com\/de\/#organization","name":"PharmaHemp","url":"https:\/\/pharma-hemp.com\/de\/","logo":{"@type":"ImageObject","inLanguage":"de","@id":"https:\/\/pharma-hemp.com\/de\/#\/schema\/logo\/image\/","url":"https:\/\/pharma-hemp.com\/wp-content\/uploads\/2025\/04\/Pharma-Hemp-logo_crn-1.png","contentUrl":"https:\/\/pharma-hemp.com\/wp-content\/uploads\/2025\/04\/Pharma-Hemp-logo_crn-1.png","width":200,"height":44,"caption":"PharmaHemp"},"image":{"@id":"https:\/\/pharma-hemp.com\/de\/#\/schema\/logo\/image\/"}}]}},"_links":{"self":[{"href":"https:\/\/pharma-hemp.com\/de\/wp-json\/wp\/v2\/product\/577387","targetHints":{"allow":["GET"]}}],"collection":[{"href":"https:\/\/pharma-hemp.com\/de\/wp-json\/wp\/v2\/product"}],"about":[{"href":"https:\/\/pharma-hemp.com\/de\/wp-json\/wp\/v2\/types\/product"}],"wp:featuredmedia":[{"embeddable":true,"href":"https:\/\/pharma-hemp.com\/de\/wp-json\/wp\/v2\/media\/577400"}],"wp:attachment":[{"href":"https:\/\/pharma-hemp.com\/de\/wp-json\/wp\/v2\/media?parent=577387"}],"wp:term":[{"taxonomy":"product_brand","embeddable":true,"href":"https:\/\/pharma-hemp.com\/de\/wp-json\/wp\/v2\/product_brand?post=577387"},{"taxonomy":"product_cat","embeddable":true,"href":"https:\/\/pharma-hemp.com\/de\/wp-json\/wp\/v2\/product_cat?post=577387"},{"taxonomy":"product_tag","embeddable":true,"href":"https:\/\/pharma-hemp.com\/de\/wp-json\/wp\/v2\/product_tag?post=577387"}],"curies":[{"name":"wp","href":"https:\/\/api.w.org\/{rel}","templated":true}]}}