{"id":577343,"date":"2025-05-06T08:32:12","date_gmt":"2025-05-06T07:32:12","guid":{"rendered":"https:\/\/pharma-hemp.com\/?post_type=product&#038;p=577343"},"modified":"2026-03-04T10:17:33","modified_gmt":"2026-03-04T08:17:33","slug":"pha-nutritionals-sleep-drops","status":"publish","type":"product","link":"https:\/\/pharma-hemp.com\/de\/shop\/pha-nutritionals-sleep-drops\/","title":{"rendered":"PHA Nutritionals SLEEP DROPS"},"content":{"rendered":"","protected":false},"excerpt":{"rendered":"<p><span style=\"font-weight: 400;\">Entspannen Sie sich, nat\u00fcrlich. Diese von Experten entwickelten Schlaftropfen kombinieren Melatonin mit beruhigenden Kr\u00e4uterextrakten, um einen tiefen, erholsamen Schlaf zu unterst\u00fctzen. Ganz gleich, ob Sie mit Schlaflosigkeit zu k\u00e4mpfen haben oder einfach nur besser zur Ruhe kommen m\u00f6chten, diese Formel hilft Ihnen, Ihren Rhythmus wiederherzustellen und Ruhe in Ihre Nacht zu bringen. <\/span><span style=\"font-weight: 400;\">Sanft. Wirksam. Nat\u00fcrlich. Die Schlafhilfe, die Ihr K\u00f6rper wirklich versteht. <\/span><\/p>\n","protected":false},"featured_media":577118,"template":"","meta":[],"product_brand":[],"product_cat":[349,355,361,354],"product_tag":[1331,1333,1332,1335,1334,1021,1013,1022,1019,1315],"class_list":{"0":"post-577343","1":"product","2":"type-product","3":"status-publish","4":"has-post-thumbnail","6":"product_cat-andere-marken","7":"product_cat-drops","8":"product_cat-drops-box","9":"product_cat-kuhlen-sie","10":"product_tag-haeufiges-aufwachen","11":"product_tag-jetlag","12":"product_tag-leichter-schlaf","13":"product_tag-melatonin","14":"product_tag-naechtlicher-stress","15":"product_tag-rasende-gedanken","16":"product_tag-schlaflosigkeit","17":"product_tag-schlafprobleme","18":"product_tag-schlechte-schlafqualitaet","19":"product_tag-unruhe","21":"first","22":"instock","23":"shipping-taxable","24":"purchasable","25":"product-type-simple"},"acf":{"konfigurator_product_name":"","konfigurator_product_description":"","konfigurator_product_image_url":""},"yoast_head":"<!-- This site is optimized with the Yoast SEO plugin v27.3 - https:\/\/yoast.com\/product\/yoast-seo-wordpress\/ -->\n<title>PHA Nutritionals SLEEP DROPS - Pharma Hemp<\/title>\n<meta name=\"description\" content=\"Schlaftropfen PHA Nutritionals unterst\u00fctzt den Schlafbeginn, f\u00f6rdert die Entspannung und hat eine synergistische Wirkung.\" \/>\n<meta name=\"robots\" content=\"index, follow, max-snippet:-1, max-image-preview:large, max-video-preview:-1\" \/>\n<link rel=\"canonical\" href=\"https:\/\/pharma-hemp.com\/de\/shop\/pha-nutritionals-sleep-drops\/\" \/>\n<meta property=\"og:locale\" content=\"de_DE\" \/>\n<meta property=\"og:type\" content=\"article\" \/>\n<meta property=\"og:title\" content=\"PHA Nutritionals SLEEP DROPS - Pharma Hemp\" \/>\n<meta property=\"og:description\" content=\"Schlaftropfen PHA Nutritionals unterst\u00fctzt den Schlafbeginn, f\u00f6rdert die Entspannung und hat eine synergistische Wirkung.\" \/>\n<meta property=\"og:url\" content=\"https:\/\/pharma-hemp.com\/de\/shop\/pha-nutritionals-sleep-drops\/\" \/>\n<meta property=\"og:site_name\" content=\"Pharma Hemp\" \/>\n<meta property=\"article:modified_time\" content=\"2026-03-04T08:17:33+00:00\" \/>\n<meta property=\"og:image\" content=\"https:\/\/pharma-hemp.com\/wp-content\/uploads\/2025\/05\/LiparDesignPhotography-02000.jpg\" \/>\n\t<meta property=\"og:image:width\" content=\"2048\" \/>\n\t<meta property=\"og:image:height\" content=\"2048\" \/>\n\t<meta property=\"og:image:type\" content=\"image\/jpeg\" \/>\n<meta name=\"twitter:card\" content=\"summary_large_image\" \/>\n<meta name=\"twitter:label1\" content=\"Gesch\u00e4tzte Lesezeit\" \/>\n\t<meta name=\"twitter:data1\" content=\"1\u00a0Minute\" \/>\n<script type=\"application\/ld+json\" class=\"yoast-schema-graph\">{\"@context\":\"https:\\\/\\\/schema.org\",\"@graph\":[{\"@type\":\"WebPage\",\"@id\":\"https:\\\/\\\/pharma-hemp.com\\\/de\\\/shop\\\/pha-nutritionals-sleep-drops\\\/\",\"url\":\"https:\\\/\\\/pharma-hemp.com\\\/de\\\/shop\\\/pha-nutritionals-sleep-drops\\\/\",\"name\":\"PHA Nutritionals SLEEP DROPS - Pharma Hemp\",\"isPartOf\":{\"@id\":\"https:\\\/\\\/pharma-hemp.com\\\/de\\\/#website\"},\"primaryImageOfPage\":{\"@id\":\"https:\\\/\\\/pharma-hemp.com\\\/de\\\/shop\\\/pha-nutritionals-sleep-drops\\\/#primaryimage\"},\"image\":{\"@id\":\"https:\\\/\\\/pharma-hemp.com\\\/de\\\/shop\\\/pha-nutritionals-sleep-drops\\\/#primaryimage\"},\"thumbnailUrl\":\"https:\\\/\\\/pharma-hemp.com\\\/wp-content\\\/uploads\\\/2025\\\/05\\\/LiparDesignPhotography-02000.jpg\",\"datePublished\":\"2025-05-06T07:32:12+00:00\",\"dateModified\":\"2026-03-04T08:17:33+00:00\",\"description\":\"Schlaftropfen PHA Nutritionals unterst\u00fctzt den Schlafbeginn, f\u00f6rdert die Entspannung und hat eine synergistische Wirkung.\",\"breadcrumb\":{\"@id\":\"https:\\\/\\\/pharma-hemp.com\\\/de\\\/shop\\\/pha-nutritionals-sleep-drops\\\/#breadcrumb\"},\"inLanguage\":\"de\",\"potentialAction\":[{\"@type\":\"ReadAction\",\"target\":[\"https:\\\/\\\/pharma-hemp.com\\\/de\\\/shop\\\/pha-nutritionals-sleep-drops\\\/\"]}]},{\"@type\":\"ImageObject\",\"inLanguage\":\"de\",\"@id\":\"https:\\\/\\\/pharma-hemp.com\\\/de\\\/shop\\\/pha-nutritionals-sleep-drops\\\/#primaryimage\",\"url\":\"https:\\\/\\\/pharma-hemp.com\\\/wp-content\\\/uploads\\\/2025\\\/05\\\/LiparDesignPhotography-02000.jpg\",\"contentUrl\":\"https:\\\/\\\/pharma-hemp.com\\\/wp-content\\\/uploads\\\/2025\\\/05\\\/LiparDesignPhotography-02000.jpg\",\"width\":2048,\"height\":2048,\"caption\":\"pha nutritionals Schlaftropfen mit Melatonin\"},{\"@type\":\"BreadcrumbList\",\"@id\":\"https:\\\/\\\/pharma-hemp.com\\\/de\\\/shop\\\/pha-nutritionals-sleep-drops\\\/#breadcrumb\",\"itemListElement\":[{\"@type\":\"ListItem\",\"position\":1,\"name\":\"Home\",\"item\":\"https:\\\/\\\/pharma-hemp.com\\\/de\\\/\"},{\"@type\":\"ListItem\",\"position\":2,\"name\":\"Shop\",\"item\":\"https:\\\/\\\/pharma-hemp.com\\\/de\\\/shop\\\/\"},{\"@type\":\"ListItem\",\"position\":3,\"name\":\"PHA Nutritionals SLEEP DROPS\"}]},{\"@type\":\"WebSite\",\"@id\":\"https:\\\/\\\/pharma-hemp.com\\\/de\\\/#website\",\"url\":\"https:\\\/\\\/pharma-hemp.com\\\/de\\\/\",\"name\":\"Pharma Hemp\",\"description\":\"CBD store\",\"publisher\":{\"@id\":\"https:\\\/\\\/pharma-hemp.com\\\/de\\\/#organization\"},\"potentialAction\":[{\"@type\":\"SearchAction\",\"target\":{\"@type\":\"EntryPoint\",\"urlTemplate\":\"https:\\\/\\\/pharma-hemp.com\\\/de\\\/?s={search_term_string}\"},\"query-input\":{\"@type\":\"PropertyValueSpecification\",\"valueRequired\":true,\"valueName\":\"search_term_string\"}}],\"inLanguage\":\"de\"},{\"@type\":\"Organization\",\"@id\":\"https:\\\/\\\/pharma-hemp.com\\\/de\\\/#organization\",\"name\":\"PharmaHemp\",\"url\":\"https:\\\/\\\/pharma-hemp.com\\\/de\\\/\",\"logo\":{\"@type\":\"ImageObject\",\"inLanguage\":\"de\",\"@id\":\"https:\\\/\\\/pharma-hemp.com\\\/de\\\/#\\\/schema\\\/logo\\\/image\\\/\",\"url\":\"https:\\\/\\\/pharma-hemp.com\\\/wp-content\\\/uploads\\\/2025\\\/04\\\/Pharma-Hemp-logo_crn-1.png\",\"contentUrl\":\"https:\\\/\\\/pharma-hemp.com\\\/wp-content\\\/uploads\\\/2025\\\/04\\\/Pharma-Hemp-logo_crn-1.png\",\"width\":200,\"height\":44,\"caption\":\"PharmaHemp\"},\"image\":{\"@id\":\"https:\\\/\\\/pharma-hemp.com\\\/de\\\/#\\\/schema\\\/logo\\\/image\\\/\"}}]}<\/script>\n<!-- \/ Yoast SEO plugin. -->","yoast_head_json":{"title":"PHA Nutritionals SLEEP DROPS - Pharma Hemp","description":"Schlaftropfen PHA Nutritionals unterst\u00fctzt den Schlafbeginn, f\u00f6rdert die Entspannung und hat eine synergistische Wirkung.","robots":{"index":"index","follow":"follow","max-snippet":"max-snippet:-1","max-image-preview":"max-image-preview:large","max-video-preview":"max-video-preview:-1"},"canonical":"https:\/\/pharma-hemp.com\/de\/shop\/pha-nutritionals-sleep-drops\/","og_locale":"de_DE","og_type":"article","og_title":"PHA Nutritionals SLEEP DROPS - Pharma Hemp","og_description":"Schlaftropfen PHA Nutritionals unterst\u00fctzt den Schlafbeginn, f\u00f6rdert die Entspannung und hat eine synergistische Wirkung.","og_url":"https:\/\/pharma-hemp.com\/de\/shop\/pha-nutritionals-sleep-drops\/","og_site_name":"Pharma Hemp","article_modified_time":"2026-03-04T08:17:33+00:00","og_image":[{"width":2048,"height":2048,"url":"https:\/\/pharma-hemp.com\/wp-content\/uploads\/2025\/05\/LiparDesignPhotography-02000.jpg","type":"image\/jpeg"}],"twitter_card":"summary_large_image","twitter_misc":{"Gesch\u00e4tzte Lesezeit":"1\u00a0Minute"},"schema":{"@context":"https:\/\/schema.org","@graph":[{"@type":"WebPage","@id":"https:\/\/pharma-hemp.com\/de\/shop\/pha-nutritionals-sleep-drops\/","url":"https:\/\/pharma-hemp.com\/de\/shop\/pha-nutritionals-sleep-drops\/","name":"PHA Nutritionals SLEEP DROPS - Pharma Hemp","isPartOf":{"@id":"https:\/\/pharma-hemp.com\/de\/#website"},"primaryImageOfPage":{"@id":"https:\/\/pharma-hemp.com\/de\/shop\/pha-nutritionals-sleep-drops\/#primaryimage"},"image":{"@id":"https:\/\/pharma-hemp.com\/de\/shop\/pha-nutritionals-sleep-drops\/#primaryimage"},"thumbnailUrl":"https:\/\/pharma-hemp.com\/wp-content\/uploads\/2025\/05\/LiparDesignPhotography-02000.jpg","datePublished":"2025-05-06T07:32:12+00:00","dateModified":"2026-03-04T08:17:33+00:00","description":"Schlaftropfen PHA Nutritionals unterst\u00fctzt den Schlafbeginn, f\u00f6rdert die Entspannung und hat eine synergistische Wirkung.","breadcrumb":{"@id":"https:\/\/pharma-hemp.com\/de\/shop\/pha-nutritionals-sleep-drops\/#breadcrumb"},"inLanguage":"de","potentialAction":[{"@type":"ReadAction","target":["https:\/\/pharma-hemp.com\/de\/shop\/pha-nutritionals-sleep-drops\/"]}]},{"@type":"ImageObject","inLanguage":"de","@id":"https:\/\/pharma-hemp.com\/de\/shop\/pha-nutritionals-sleep-drops\/#primaryimage","url":"https:\/\/pharma-hemp.com\/wp-content\/uploads\/2025\/05\/LiparDesignPhotography-02000.jpg","contentUrl":"https:\/\/pharma-hemp.com\/wp-content\/uploads\/2025\/05\/LiparDesignPhotography-02000.jpg","width":2048,"height":2048,"caption":"pha nutritionals Schlaftropfen mit Melatonin"},{"@type":"BreadcrumbList","@id":"https:\/\/pharma-hemp.com\/de\/shop\/pha-nutritionals-sleep-drops\/#breadcrumb","itemListElement":[{"@type":"ListItem","position":1,"name":"Home","item":"https:\/\/pharma-hemp.com\/de\/"},{"@type":"ListItem","position":2,"name":"Shop","item":"https:\/\/pharma-hemp.com\/de\/shop\/"},{"@type":"ListItem","position":3,"name":"PHA Nutritionals SLEEP DROPS"}]},{"@type":"WebSite","@id":"https:\/\/pharma-hemp.com\/de\/#website","url":"https:\/\/pharma-hemp.com\/de\/","name":"Pharma Hemp","description":"CBD store","publisher":{"@id":"https:\/\/pharma-hemp.com\/de\/#organization"},"potentialAction":[{"@type":"SearchAction","target":{"@type":"EntryPoint","urlTemplate":"https:\/\/pharma-hemp.com\/de\/?s={search_term_string}"},"query-input":{"@type":"PropertyValueSpecification","valueRequired":true,"valueName":"search_term_string"}}],"inLanguage":"de"},{"@type":"Organization","@id":"https:\/\/pharma-hemp.com\/de\/#organization","name":"PharmaHemp","url":"https:\/\/pharma-hemp.com\/de\/","logo":{"@type":"ImageObject","inLanguage":"de","@id":"https:\/\/pharma-hemp.com\/de\/#\/schema\/logo\/image\/","url":"https:\/\/pharma-hemp.com\/wp-content\/uploads\/2025\/04\/Pharma-Hemp-logo_crn-1.png","contentUrl":"https:\/\/pharma-hemp.com\/wp-content\/uploads\/2025\/04\/Pharma-Hemp-logo_crn-1.png","width":200,"height":44,"caption":"PharmaHemp"},"image":{"@id":"https:\/\/pharma-hemp.com\/de\/#\/schema\/logo\/image\/"}}]}},"_links":{"self":[{"href":"https:\/\/pharma-hemp.com\/de\/wp-json\/wp\/v2\/product\/577343","targetHints":{"allow":["GET"]}}],"collection":[{"href":"https:\/\/pharma-hemp.com\/de\/wp-json\/wp\/v2\/product"}],"about":[{"href":"https:\/\/pharma-hemp.com\/de\/wp-json\/wp\/v2\/types\/product"}],"wp:featuredmedia":[{"embeddable":true,"href":"https:\/\/pharma-hemp.com\/de\/wp-json\/wp\/v2\/media\/577118"}],"wp:attachment":[{"href":"https:\/\/pharma-hemp.com\/de\/wp-json\/wp\/v2\/media?parent=577343"}],"wp:term":[{"taxonomy":"product_brand","embeddable":true,"href":"https:\/\/pharma-hemp.com\/de\/wp-json\/wp\/v2\/product_brand?post=577343"},{"taxonomy":"product_cat","embeddable":true,"href":"https:\/\/pharma-hemp.com\/de\/wp-json\/wp\/v2\/product_cat?post=577343"},{"taxonomy":"product_tag","embeddable":true,"href":"https:\/\/pharma-hemp.com\/de\/wp-json\/wp\/v2\/product_tag?post=577343"}],"curies":[{"name":"wp","href":"https:\/\/api.w.org\/{rel}","templated":true}]}}