{"id":577329,"date":"2025-05-05T13:08:57","date_gmt":"2025-05-05T12:08:57","guid":{"rendered":"https:\/\/pharma-hemp.com\/?post_type=product&#038;p=577329"},"modified":"2026-03-05T10:08:16","modified_gmt":"2026-03-05T08:08:16","slug":"cosmo-hanf-cbd-zahnpasta-100mg-cbd","status":"publish","type":"product","link":"https:\/\/pharma-hemp.com\/de\/shop\/cosmo-hanf-cbd-zahnpasta-100mg-cbd\/","title":{"rendered":"Cosmo Hanf CBD Zahnpasta &#8211; 100mg CBD"},"content":{"rendered":"","protected":false},"excerpt":{"rendered":"<p><span style=\"font-weight: 400;\">SAUBERERE Z\u00c4HNE, GES\u00dcNDERES ZAHNFLEISCH<\/span><\/p>\n<p>Eine Zahnpasta, die mehr tut als nur zu reinigen &#8211; sie st\u00e4rkt, beruhigt und sch\u00fctzt. Speziell f\u00fcr empfindliche Mundschleimh\u00e4ute entwickelt, hilft diese hochwertige CBD-Zahnpasta, gesundes Zahnfleisch zu erhalten, die Bildung von Plaque zu verhindern und f\u00fcr anhaltende Frische zu sorgen.<\/p>\n<p>&nbsp;<\/p>\n","protected":false},"featured_media":577339,"template":"","meta":[],"product_brand":[],"product_cat":[349,369],"product_tag":[1515,1514,1510,1519,1518,1513,1516,1512,1511,1517],"class_list":{"0":"post-577329","1":"product","2":"type-product","3":"status-publish","4":"has-post-thumbnail","6":"product_cat-andere-marken","7":"product_cat-pasten","8":"product_tag-blutendes-zahnfleisch","9":"product_tag-empfindliche-zaehne","10":"product_tag-empfindliches-zahnfleisch","11":"product_tag-gingivitis","12":"product_tag-karies","13":"product_tag-schlechter-atem","14":"product_tag-trockener-mund","15":"product_tag-zahnbelag","16":"product_tag-zahnfleischentzuendung","17":"product_tag-zahnpflege","19":"first","20":"instock","21":"shipping-taxable","22":"purchasable","23":"product-type-simple"},"acf":{"konfigurator_product_name":"","konfigurator_product_description":"","konfigurator_product_image_url":""},"yoast_head":"<!-- This site is optimized with the Yoast SEO plugin v27.3 - https:\/\/yoast.com\/product\/yoast-seo-wordpress\/ -->\n<title>CBD Hanf Zahnpasta Cosmo Hanf - 100mg CBD - Pharma Hemp<\/title>\n<meta name=\"description\" content=\"CBD Hanf Zahnpasta Cosmo Hanf reduziert Entz\u00fcndungen und beruhigt das Zahnfleisch, sch\u00fctzt die Mundschleimhaut und beugt Karies vor.\" \/>\n<meta name=\"robots\" content=\"index, follow, max-snippet:-1, max-image-preview:large, max-video-preview:-1\" \/>\n<link rel=\"canonical\" href=\"https:\/\/pharma-hemp.com\/de\/shop\/cosmo-hanf-cbd-zahnpasta-100mg-cbd\/\" \/>\n<meta property=\"og:locale\" content=\"de_DE\" \/>\n<meta property=\"og:type\" content=\"article\" \/>\n<meta property=\"og:title\" content=\"CBD Hanf Zahnpasta Cosmo Hanf - 100mg CBD - Pharma Hemp\" \/>\n<meta property=\"og:description\" content=\"CBD Hanf Zahnpasta Cosmo Hanf reduziert Entz\u00fcndungen und beruhigt das Zahnfleisch, sch\u00fctzt die Mundschleimhaut und beugt Karies vor.\" \/>\n<meta property=\"og:url\" content=\"https:\/\/pharma-hemp.com\/de\/shop\/cosmo-hanf-cbd-zahnpasta-100mg-cbd\/\" \/>\n<meta property=\"og:site_name\" content=\"Pharma Hemp\" \/>\n<meta property=\"article:modified_time\" content=\"2026-03-05T08:08:16+00:00\" \/>\n<meta property=\"og:image\" content=\"https:\/\/pharma-hemp.com\/wp-content\/uploads\/2025\/05\/TOOTHPASTE.png\" \/>\n\t<meta property=\"og:image:width\" content=\"600\" \/>\n\t<meta property=\"og:image:height\" content=\"600\" \/>\n\t<meta property=\"og:image:type\" content=\"image\/png\" \/>\n<meta name=\"twitter:card\" content=\"summary_large_image\" \/>\n<meta name=\"twitter:label1\" content=\"Gesch\u00e4tzte Lesezeit\" \/>\n\t<meta name=\"twitter:data1\" content=\"1\u00a0Minute\" \/>\n<script type=\"application\/ld+json\" class=\"yoast-schema-graph\">{\"@context\":\"https:\\\/\\\/schema.org\",\"@graph\":[{\"@type\":\"WebPage\",\"@id\":\"https:\\\/\\\/pharma-hemp.com\\\/de\\\/shop\\\/cosmo-hanf-cbd-zahnpasta-100mg-cbd\\\/\",\"url\":\"https:\\\/\\\/pharma-hemp.com\\\/de\\\/shop\\\/cosmo-hanf-cbd-zahnpasta-100mg-cbd\\\/\",\"name\":\"CBD Hanf Zahnpasta Cosmo Hanf - 100mg CBD - Pharma Hemp\",\"isPartOf\":{\"@id\":\"https:\\\/\\\/pharma-hemp.com\\\/de\\\/#website\"},\"primaryImageOfPage\":{\"@id\":\"https:\\\/\\\/pharma-hemp.com\\\/de\\\/shop\\\/cosmo-hanf-cbd-zahnpasta-100mg-cbd\\\/#primaryimage\"},\"image\":{\"@id\":\"https:\\\/\\\/pharma-hemp.com\\\/de\\\/shop\\\/cosmo-hanf-cbd-zahnpasta-100mg-cbd\\\/#primaryimage\"},\"thumbnailUrl\":\"https:\\\/\\\/pharma-hemp.com\\\/wp-content\\\/uploads\\\/2025\\\/05\\\/TOOTHPASTE.png\",\"datePublished\":\"2025-05-05T12:08:57+00:00\",\"dateModified\":\"2026-03-05T08:08:16+00:00\",\"description\":\"CBD Hanf Zahnpasta Cosmo Hanf reduziert Entz\u00fcndungen und beruhigt das Zahnfleisch, sch\u00fctzt die Mundschleimhaut und beugt Karies vor.\",\"breadcrumb\":{\"@id\":\"https:\\\/\\\/pharma-hemp.com\\\/de\\\/shop\\\/cosmo-hanf-cbd-zahnpasta-100mg-cbd\\\/#breadcrumb\"},\"inLanguage\":\"de\",\"potentialAction\":[{\"@type\":\"ReadAction\",\"target\":[\"https:\\\/\\\/pharma-hemp.com\\\/de\\\/shop\\\/cosmo-hanf-cbd-zahnpasta-100mg-cbd\\\/\"]}]},{\"@type\":\"ImageObject\",\"inLanguage\":\"de\",\"@id\":\"https:\\\/\\\/pharma-hemp.com\\\/de\\\/shop\\\/cosmo-hanf-cbd-zahnpasta-100mg-cbd\\\/#primaryimage\",\"url\":\"https:\\\/\\\/pharma-hemp.com\\\/wp-content\\\/uploads\\\/2025\\\/05\\\/TOOTHPASTE.png\",\"contentUrl\":\"https:\\\/\\\/pharma-hemp.com\\\/wp-content\\\/uploads\\\/2025\\\/05\\\/TOOTHPASTE.png\",\"width\":600,\"height\":600},{\"@type\":\"BreadcrumbList\",\"@id\":\"https:\\\/\\\/pharma-hemp.com\\\/de\\\/shop\\\/cosmo-hanf-cbd-zahnpasta-100mg-cbd\\\/#breadcrumb\",\"itemListElement\":[{\"@type\":\"ListItem\",\"position\":1,\"name\":\"Home\",\"item\":\"https:\\\/\\\/pharma-hemp.com\\\/de\\\/\"},{\"@type\":\"ListItem\",\"position\":2,\"name\":\"Shop\",\"item\":\"https:\\\/\\\/pharma-hemp.com\\\/de\\\/shop\\\/\"},{\"@type\":\"ListItem\",\"position\":3,\"name\":\"Cosmo Hanf CBD Zahnpasta &#8211; 100mg CBD\"}]},{\"@type\":\"WebSite\",\"@id\":\"https:\\\/\\\/pharma-hemp.com\\\/de\\\/#website\",\"url\":\"https:\\\/\\\/pharma-hemp.com\\\/de\\\/\",\"name\":\"Pharma Hemp\",\"description\":\"CBD store\",\"publisher\":{\"@id\":\"https:\\\/\\\/pharma-hemp.com\\\/de\\\/#organization\"},\"potentialAction\":[{\"@type\":\"SearchAction\",\"target\":{\"@type\":\"EntryPoint\",\"urlTemplate\":\"https:\\\/\\\/pharma-hemp.com\\\/de\\\/?s={search_term_string}\"},\"query-input\":{\"@type\":\"PropertyValueSpecification\",\"valueRequired\":true,\"valueName\":\"search_term_string\"}}],\"inLanguage\":\"de\"},{\"@type\":\"Organization\",\"@id\":\"https:\\\/\\\/pharma-hemp.com\\\/de\\\/#organization\",\"name\":\"PharmaHemp\",\"url\":\"https:\\\/\\\/pharma-hemp.com\\\/de\\\/\",\"logo\":{\"@type\":\"ImageObject\",\"inLanguage\":\"de\",\"@id\":\"https:\\\/\\\/pharma-hemp.com\\\/de\\\/#\\\/schema\\\/logo\\\/image\\\/\",\"url\":\"https:\\\/\\\/pharma-hemp.com\\\/wp-content\\\/uploads\\\/2025\\\/04\\\/Pharma-Hemp-logo_crn-1.png\",\"contentUrl\":\"https:\\\/\\\/pharma-hemp.com\\\/wp-content\\\/uploads\\\/2025\\\/04\\\/Pharma-Hemp-logo_crn-1.png\",\"width\":200,\"height\":44,\"caption\":\"PharmaHemp\"},\"image\":{\"@id\":\"https:\\\/\\\/pharma-hemp.com\\\/de\\\/#\\\/schema\\\/logo\\\/image\\\/\"}}]}<\/script>\n<!-- \/ Yoast SEO plugin. -->","yoast_head_json":{"title":"CBD Hanf Zahnpasta Cosmo Hanf - 100mg CBD - Pharma Hemp","description":"CBD Hanf Zahnpasta Cosmo Hanf reduziert Entz\u00fcndungen und beruhigt das Zahnfleisch, sch\u00fctzt die Mundschleimhaut und beugt Karies vor.","robots":{"index":"index","follow":"follow","max-snippet":"max-snippet:-1","max-image-preview":"max-image-preview:large","max-video-preview":"max-video-preview:-1"},"canonical":"https:\/\/pharma-hemp.com\/de\/shop\/cosmo-hanf-cbd-zahnpasta-100mg-cbd\/","og_locale":"de_DE","og_type":"article","og_title":"CBD Hanf Zahnpasta Cosmo Hanf - 100mg CBD - Pharma Hemp","og_description":"CBD Hanf Zahnpasta Cosmo Hanf reduziert Entz\u00fcndungen und beruhigt das Zahnfleisch, sch\u00fctzt die Mundschleimhaut und beugt Karies vor.","og_url":"https:\/\/pharma-hemp.com\/de\/shop\/cosmo-hanf-cbd-zahnpasta-100mg-cbd\/","og_site_name":"Pharma Hemp","article_modified_time":"2026-03-05T08:08:16+00:00","og_image":[{"width":600,"height":600,"url":"https:\/\/pharma-hemp.com\/wp-content\/uploads\/2025\/05\/TOOTHPASTE.png","type":"image\/png"}],"twitter_card":"summary_large_image","twitter_misc":{"Gesch\u00e4tzte Lesezeit":"1\u00a0Minute"},"schema":{"@context":"https:\/\/schema.org","@graph":[{"@type":"WebPage","@id":"https:\/\/pharma-hemp.com\/de\/shop\/cosmo-hanf-cbd-zahnpasta-100mg-cbd\/","url":"https:\/\/pharma-hemp.com\/de\/shop\/cosmo-hanf-cbd-zahnpasta-100mg-cbd\/","name":"CBD Hanf Zahnpasta Cosmo Hanf - 100mg CBD - Pharma Hemp","isPartOf":{"@id":"https:\/\/pharma-hemp.com\/de\/#website"},"primaryImageOfPage":{"@id":"https:\/\/pharma-hemp.com\/de\/shop\/cosmo-hanf-cbd-zahnpasta-100mg-cbd\/#primaryimage"},"image":{"@id":"https:\/\/pharma-hemp.com\/de\/shop\/cosmo-hanf-cbd-zahnpasta-100mg-cbd\/#primaryimage"},"thumbnailUrl":"https:\/\/pharma-hemp.com\/wp-content\/uploads\/2025\/05\/TOOTHPASTE.png","datePublished":"2025-05-05T12:08:57+00:00","dateModified":"2026-03-05T08:08:16+00:00","description":"CBD Hanf Zahnpasta Cosmo Hanf reduziert Entz\u00fcndungen und beruhigt das Zahnfleisch, sch\u00fctzt die Mundschleimhaut und beugt Karies vor.","breadcrumb":{"@id":"https:\/\/pharma-hemp.com\/de\/shop\/cosmo-hanf-cbd-zahnpasta-100mg-cbd\/#breadcrumb"},"inLanguage":"de","potentialAction":[{"@type":"ReadAction","target":["https:\/\/pharma-hemp.com\/de\/shop\/cosmo-hanf-cbd-zahnpasta-100mg-cbd\/"]}]},{"@type":"ImageObject","inLanguage":"de","@id":"https:\/\/pharma-hemp.com\/de\/shop\/cosmo-hanf-cbd-zahnpasta-100mg-cbd\/#primaryimage","url":"https:\/\/pharma-hemp.com\/wp-content\/uploads\/2025\/05\/TOOTHPASTE.png","contentUrl":"https:\/\/pharma-hemp.com\/wp-content\/uploads\/2025\/05\/TOOTHPASTE.png","width":600,"height":600},{"@type":"BreadcrumbList","@id":"https:\/\/pharma-hemp.com\/de\/shop\/cosmo-hanf-cbd-zahnpasta-100mg-cbd\/#breadcrumb","itemListElement":[{"@type":"ListItem","position":1,"name":"Home","item":"https:\/\/pharma-hemp.com\/de\/"},{"@type":"ListItem","position":2,"name":"Shop","item":"https:\/\/pharma-hemp.com\/de\/shop\/"},{"@type":"ListItem","position":3,"name":"Cosmo Hanf CBD Zahnpasta &#8211; 100mg CBD"}]},{"@type":"WebSite","@id":"https:\/\/pharma-hemp.com\/de\/#website","url":"https:\/\/pharma-hemp.com\/de\/","name":"Pharma Hemp","description":"CBD store","publisher":{"@id":"https:\/\/pharma-hemp.com\/de\/#organization"},"potentialAction":[{"@type":"SearchAction","target":{"@type":"EntryPoint","urlTemplate":"https:\/\/pharma-hemp.com\/de\/?s={search_term_string}"},"query-input":{"@type":"PropertyValueSpecification","valueRequired":true,"valueName":"search_term_string"}}],"inLanguage":"de"},{"@type":"Organization","@id":"https:\/\/pharma-hemp.com\/de\/#organization","name":"PharmaHemp","url":"https:\/\/pharma-hemp.com\/de\/","logo":{"@type":"ImageObject","inLanguage":"de","@id":"https:\/\/pharma-hemp.com\/de\/#\/schema\/logo\/image\/","url":"https:\/\/pharma-hemp.com\/wp-content\/uploads\/2025\/04\/Pharma-Hemp-logo_crn-1.png","contentUrl":"https:\/\/pharma-hemp.com\/wp-content\/uploads\/2025\/04\/Pharma-Hemp-logo_crn-1.png","width":200,"height":44,"caption":"PharmaHemp"},"image":{"@id":"https:\/\/pharma-hemp.com\/de\/#\/schema\/logo\/image\/"}}]}},"_links":{"self":[{"href":"https:\/\/pharma-hemp.com\/de\/wp-json\/wp\/v2\/product\/577329","targetHints":{"allow":["GET"]}}],"collection":[{"href":"https:\/\/pharma-hemp.com\/de\/wp-json\/wp\/v2\/product"}],"about":[{"href":"https:\/\/pharma-hemp.com\/de\/wp-json\/wp\/v2\/types\/product"}],"wp:featuredmedia":[{"embeddable":true,"href":"https:\/\/pharma-hemp.com\/de\/wp-json\/wp\/v2\/media\/577339"}],"wp:attachment":[{"href":"https:\/\/pharma-hemp.com\/de\/wp-json\/wp\/v2\/media?parent=577329"}],"wp:term":[{"taxonomy":"product_brand","embeddable":true,"href":"https:\/\/pharma-hemp.com\/de\/wp-json\/wp\/v2\/product_brand?post=577329"},{"taxonomy":"product_cat","embeddable":true,"href":"https:\/\/pharma-hemp.com\/de\/wp-json\/wp\/v2\/product_cat?post=577329"},{"taxonomy":"product_tag","embeddable":true,"href":"https:\/\/pharma-hemp.com\/de\/wp-json\/wp\/v2\/product_tag?post=577329"}],"curies":[{"name":"wp","href":"https:\/\/api.w.org\/{rel}","templated":true}]}}