{"id":577305,"date":"2025-05-06T08:16:08","date_gmt":"2025-05-06T07:16:08","guid":{"rendered":"https:\/\/pharma-hemp.com\/?post_type=product&#038;p=577305"},"modified":"2026-02-05T14:51:36","modified_gmt":"2026-02-05T12:51:36","slug":"cannapad-schuetzen-pflegen","status":"publish","type":"product","link":"https:\/\/pharma-hemp.com\/de\/shop\/cannapad-schuetzen-pflegen\/","title":{"rendered":"CannaPad Sch\u00fctzen &amp; Pflegen"},"content":{"rendered":"","protected":false},"excerpt":{"rendered":"<p><span style=\"font-weight: 400;\">PFOTENSCHUTZ WIE NIE ZUVOR<\/span><\/p>\n<p><span style=\"font-weight: 400;\">Eine spezielle \u00d6lmischung, die die Pfotenballen Ihres Haustieres sch\u00fctzt und pflegt, damit sie widerstandsf\u00e4hig gegen raue Oberfl\u00e4chen und Wetterbedingungen bleiben. <\/span><\/p>\n","protected":false},"featured_media":577306,"template":"","meta":[],"product_brand":[],"product_cat":[366,360],"product_tag":[],"class_list":{"0":"post-577305","1":"product","2":"type-product","3":"status-publish","4":"has-post-thumbnail","6":"product_cat-armer-hund-charlie","7":"product_cat-haustierpflege","9":"first","10":"outofstock","11":"shipping-taxable","12":"purchasable","13":"product-type-simple"},"acf":{"konfigurator_product_name":"","konfigurator_product_description":"","konfigurator_product_image_url":""},"yoast_head":"<!-- This site is optimized with the Yoast SEO plugin v27.3 - https:\/\/yoast.com\/product\/yoast-seo-wordpress\/ -->\n<title>Paw Soother Roll on cbd Balsam CannaPad Protect &amp; Care - Pharma Hemp<\/title>\n<meta name=\"description\" content=\"Paw soother roll on cbd balm CannaPad Protect &amp; Care ist antioxidativ und entz\u00fcndungshemmend, spendet Feuchtigkeit, repariert und reduziert R\u00f6tungen und Irritationen.\" \/>\n<meta name=\"robots\" content=\"index, follow, max-snippet:-1, max-image-preview:large, max-video-preview:-1\" \/>\n<link rel=\"canonical\" href=\"https:\/\/pharma-hemp.com\/de\/shop\/cannapad-schuetzen-pflegen\/\" \/>\n<meta property=\"og:locale\" content=\"de_DE\" \/>\n<meta property=\"og:type\" content=\"article\" \/>\n<meta property=\"og:title\" content=\"Paw Soother Roll on cbd Balsam CannaPad Protect &amp; Care - Pharma Hemp\" \/>\n<meta property=\"og:description\" content=\"Paw soother roll on cbd balm CannaPad Protect &amp; Care ist antioxidativ und entz\u00fcndungshemmend, spendet Feuchtigkeit, repariert und reduziert R\u00f6tungen und Irritationen.\" \/>\n<meta property=\"og:url\" content=\"https:\/\/pharma-hemp.com\/de\/shop\/cannapad-schuetzen-pflegen\/\" \/>\n<meta property=\"og:site_name\" content=\"Pharma Hemp\" \/>\n<meta property=\"article:modified_time\" content=\"2026-02-05T12:51:36+00:00\" \/>\n<meta property=\"og:image\" content=\"https:\/\/pharma-hemp.com\/wp-content\/uploads\/2025\/05\/rollon-pdc-1.png\" \/>\n\t<meta property=\"og:image:width\" content=\"600\" \/>\n\t<meta property=\"og:image:height\" content=\"600\" \/>\n\t<meta property=\"og:image:type\" content=\"image\/png\" \/>\n<meta name=\"twitter:card\" content=\"summary_large_image\" \/>\n<meta name=\"twitter:label1\" content=\"Gesch\u00e4tzte Lesezeit\" \/>\n\t<meta name=\"twitter:data1\" content=\"1\u00a0Minute\" \/>\n<script type=\"application\/ld+json\" class=\"yoast-schema-graph\">{\"@context\":\"https:\\\/\\\/schema.org\",\"@graph\":[{\"@type\":\"WebPage\",\"@id\":\"https:\\\/\\\/pharma-hemp.com\\\/de\\\/shop\\\/cannapad-schuetzen-pflegen\\\/\",\"url\":\"https:\\\/\\\/pharma-hemp.com\\\/de\\\/shop\\\/cannapad-schuetzen-pflegen\\\/\",\"name\":\"Paw Soother Roll on cbd Balsam CannaPad Protect & Care - Pharma Hemp\",\"isPartOf\":{\"@id\":\"https:\\\/\\\/pharma-hemp.com\\\/de\\\/#website\"},\"primaryImageOfPage\":{\"@id\":\"https:\\\/\\\/pharma-hemp.com\\\/de\\\/shop\\\/cannapad-schuetzen-pflegen\\\/#primaryimage\"},\"image\":{\"@id\":\"https:\\\/\\\/pharma-hemp.com\\\/de\\\/shop\\\/cannapad-schuetzen-pflegen\\\/#primaryimage\"},\"thumbnailUrl\":\"https:\\\/\\\/pharma-hemp.com\\\/wp-content\\\/uploads\\\/2025\\\/05\\\/rollon-pdc-1.png\",\"datePublished\":\"2025-05-06T07:16:08+00:00\",\"dateModified\":\"2026-02-05T12:51:36+00:00\",\"description\":\"Paw soother roll on cbd balm CannaPad Protect & Care ist antioxidativ und entz\u00fcndungshemmend, spendet Feuchtigkeit, repariert und reduziert R\u00f6tungen und Irritationen.\",\"breadcrumb\":{\"@id\":\"https:\\\/\\\/pharma-hemp.com\\\/de\\\/shop\\\/cannapad-schuetzen-pflegen\\\/#breadcrumb\"},\"inLanguage\":\"de\",\"potentialAction\":[{\"@type\":\"ReadAction\",\"target\":[\"https:\\\/\\\/pharma-hemp.com\\\/de\\\/shop\\\/cannapad-schuetzen-pflegen\\\/\"]}]},{\"@type\":\"ImageObject\",\"inLanguage\":\"de\",\"@id\":\"https:\\\/\\\/pharma-hemp.com\\\/de\\\/shop\\\/cannapad-schuetzen-pflegen\\\/#primaryimage\",\"url\":\"https:\\\/\\\/pharma-hemp.com\\\/wp-content\\\/uploads\\\/2025\\\/05\\\/rollon-pdc-1.png\",\"contentUrl\":\"https:\\\/\\\/pharma-hemp.com\\\/wp-content\\\/uploads\\\/2025\\\/05\\\/rollon-pdc-1.png\",\"width\":600,\"height\":600},{\"@type\":\"BreadcrumbList\",\"@id\":\"https:\\\/\\\/pharma-hemp.com\\\/de\\\/shop\\\/cannapad-schuetzen-pflegen\\\/#breadcrumb\",\"itemListElement\":[{\"@type\":\"ListItem\",\"position\":1,\"name\":\"Home\",\"item\":\"https:\\\/\\\/pharma-hemp.com\\\/de\\\/\"},{\"@type\":\"ListItem\",\"position\":2,\"name\":\"Shop\",\"item\":\"https:\\\/\\\/pharma-hemp.com\\\/de\\\/shop\\\/\"},{\"@type\":\"ListItem\",\"position\":3,\"name\":\"CannaPad Sch\u00fctzen &amp; Pflegen\"}]},{\"@type\":\"WebSite\",\"@id\":\"https:\\\/\\\/pharma-hemp.com\\\/de\\\/#website\",\"url\":\"https:\\\/\\\/pharma-hemp.com\\\/de\\\/\",\"name\":\"Pharma Hemp\",\"description\":\"CBD store\",\"publisher\":{\"@id\":\"https:\\\/\\\/pharma-hemp.com\\\/de\\\/#organization\"},\"potentialAction\":[{\"@type\":\"SearchAction\",\"target\":{\"@type\":\"EntryPoint\",\"urlTemplate\":\"https:\\\/\\\/pharma-hemp.com\\\/de\\\/?s={search_term_string}\"},\"query-input\":{\"@type\":\"PropertyValueSpecification\",\"valueRequired\":true,\"valueName\":\"search_term_string\"}}],\"inLanguage\":\"de\"},{\"@type\":\"Organization\",\"@id\":\"https:\\\/\\\/pharma-hemp.com\\\/de\\\/#organization\",\"name\":\"PharmaHemp\",\"url\":\"https:\\\/\\\/pharma-hemp.com\\\/de\\\/\",\"logo\":{\"@type\":\"ImageObject\",\"inLanguage\":\"de\",\"@id\":\"https:\\\/\\\/pharma-hemp.com\\\/de\\\/#\\\/schema\\\/logo\\\/image\\\/\",\"url\":\"https:\\\/\\\/pharma-hemp.com\\\/wp-content\\\/uploads\\\/2025\\\/04\\\/Pharma-Hemp-logo_crn-1.png\",\"contentUrl\":\"https:\\\/\\\/pharma-hemp.com\\\/wp-content\\\/uploads\\\/2025\\\/04\\\/Pharma-Hemp-logo_crn-1.png\",\"width\":200,\"height\":44,\"caption\":\"PharmaHemp\"},\"image\":{\"@id\":\"https:\\\/\\\/pharma-hemp.com\\\/de\\\/#\\\/schema\\\/logo\\\/image\\\/\"}}]}<\/script>\n<!-- \/ Yoast SEO plugin. -->","yoast_head_json":{"title":"Paw Soother Roll on cbd Balsam CannaPad Protect & Care - Pharma Hemp","description":"Paw soother roll on cbd balm CannaPad Protect & Care ist antioxidativ und entz\u00fcndungshemmend, spendet Feuchtigkeit, repariert und reduziert R\u00f6tungen und Irritationen.","robots":{"index":"index","follow":"follow","max-snippet":"max-snippet:-1","max-image-preview":"max-image-preview:large","max-video-preview":"max-video-preview:-1"},"canonical":"https:\/\/pharma-hemp.com\/de\/shop\/cannapad-schuetzen-pflegen\/","og_locale":"de_DE","og_type":"article","og_title":"Paw Soother Roll on cbd Balsam CannaPad Protect & Care - Pharma Hemp","og_description":"Paw soother roll on cbd balm CannaPad Protect & Care ist antioxidativ und entz\u00fcndungshemmend, spendet Feuchtigkeit, repariert und reduziert R\u00f6tungen und Irritationen.","og_url":"https:\/\/pharma-hemp.com\/de\/shop\/cannapad-schuetzen-pflegen\/","og_site_name":"Pharma Hemp","article_modified_time":"2026-02-05T12:51:36+00:00","og_image":[{"width":600,"height":600,"url":"https:\/\/pharma-hemp.com\/wp-content\/uploads\/2025\/05\/rollon-pdc-1.png","type":"image\/png"}],"twitter_card":"summary_large_image","twitter_misc":{"Gesch\u00e4tzte Lesezeit":"1\u00a0Minute"},"schema":{"@context":"https:\/\/schema.org","@graph":[{"@type":"WebPage","@id":"https:\/\/pharma-hemp.com\/de\/shop\/cannapad-schuetzen-pflegen\/","url":"https:\/\/pharma-hemp.com\/de\/shop\/cannapad-schuetzen-pflegen\/","name":"Paw Soother Roll on cbd Balsam CannaPad Protect & Care - Pharma Hemp","isPartOf":{"@id":"https:\/\/pharma-hemp.com\/de\/#website"},"primaryImageOfPage":{"@id":"https:\/\/pharma-hemp.com\/de\/shop\/cannapad-schuetzen-pflegen\/#primaryimage"},"image":{"@id":"https:\/\/pharma-hemp.com\/de\/shop\/cannapad-schuetzen-pflegen\/#primaryimage"},"thumbnailUrl":"https:\/\/pharma-hemp.com\/wp-content\/uploads\/2025\/05\/rollon-pdc-1.png","datePublished":"2025-05-06T07:16:08+00:00","dateModified":"2026-02-05T12:51:36+00:00","description":"Paw soother roll on cbd balm CannaPad Protect & Care ist antioxidativ und entz\u00fcndungshemmend, spendet Feuchtigkeit, repariert und reduziert R\u00f6tungen und Irritationen.","breadcrumb":{"@id":"https:\/\/pharma-hemp.com\/de\/shop\/cannapad-schuetzen-pflegen\/#breadcrumb"},"inLanguage":"de","potentialAction":[{"@type":"ReadAction","target":["https:\/\/pharma-hemp.com\/de\/shop\/cannapad-schuetzen-pflegen\/"]}]},{"@type":"ImageObject","inLanguage":"de","@id":"https:\/\/pharma-hemp.com\/de\/shop\/cannapad-schuetzen-pflegen\/#primaryimage","url":"https:\/\/pharma-hemp.com\/wp-content\/uploads\/2025\/05\/rollon-pdc-1.png","contentUrl":"https:\/\/pharma-hemp.com\/wp-content\/uploads\/2025\/05\/rollon-pdc-1.png","width":600,"height":600},{"@type":"BreadcrumbList","@id":"https:\/\/pharma-hemp.com\/de\/shop\/cannapad-schuetzen-pflegen\/#breadcrumb","itemListElement":[{"@type":"ListItem","position":1,"name":"Home","item":"https:\/\/pharma-hemp.com\/de\/"},{"@type":"ListItem","position":2,"name":"Shop","item":"https:\/\/pharma-hemp.com\/de\/shop\/"},{"@type":"ListItem","position":3,"name":"CannaPad Sch\u00fctzen &amp; Pflegen"}]},{"@type":"WebSite","@id":"https:\/\/pharma-hemp.com\/de\/#website","url":"https:\/\/pharma-hemp.com\/de\/","name":"Pharma Hemp","description":"CBD store","publisher":{"@id":"https:\/\/pharma-hemp.com\/de\/#organization"},"potentialAction":[{"@type":"SearchAction","target":{"@type":"EntryPoint","urlTemplate":"https:\/\/pharma-hemp.com\/de\/?s={search_term_string}"},"query-input":{"@type":"PropertyValueSpecification","valueRequired":true,"valueName":"search_term_string"}}],"inLanguage":"de"},{"@type":"Organization","@id":"https:\/\/pharma-hemp.com\/de\/#organization","name":"PharmaHemp","url":"https:\/\/pharma-hemp.com\/de\/","logo":{"@type":"ImageObject","inLanguage":"de","@id":"https:\/\/pharma-hemp.com\/de\/#\/schema\/logo\/image\/","url":"https:\/\/pharma-hemp.com\/wp-content\/uploads\/2025\/04\/Pharma-Hemp-logo_crn-1.png","contentUrl":"https:\/\/pharma-hemp.com\/wp-content\/uploads\/2025\/04\/Pharma-Hemp-logo_crn-1.png","width":200,"height":44,"caption":"PharmaHemp"},"image":{"@id":"https:\/\/pharma-hemp.com\/de\/#\/schema\/logo\/image\/"}}]}},"_links":{"self":[{"href":"https:\/\/pharma-hemp.com\/de\/wp-json\/wp\/v2\/product\/577305","targetHints":{"allow":["GET"]}}],"collection":[{"href":"https:\/\/pharma-hemp.com\/de\/wp-json\/wp\/v2\/product"}],"about":[{"href":"https:\/\/pharma-hemp.com\/de\/wp-json\/wp\/v2\/types\/product"}],"wp:featuredmedia":[{"embeddable":true,"href":"https:\/\/pharma-hemp.com\/de\/wp-json\/wp\/v2\/media\/577306"}],"wp:attachment":[{"href":"https:\/\/pharma-hemp.com\/de\/wp-json\/wp\/v2\/media?parent=577305"}],"wp:term":[{"taxonomy":"product_brand","embeddable":true,"href":"https:\/\/pharma-hemp.com\/de\/wp-json\/wp\/v2\/product_brand?post=577305"},{"taxonomy":"product_cat","embeddable":true,"href":"https:\/\/pharma-hemp.com\/de\/wp-json\/wp\/v2\/product_cat?post=577305"},{"taxonomy":"product_tag","embeddable":true,"href":"https:\/\/pharma-hemp.com\/de\/wp-json\/wp\/v2\/product_tag?post=577305"}],"curies":[{"name":"wp","href":"https:\/\/api.w.org\/{rel}","templated":true}]}}