{"id":577283,"date":"2025-05-06T08:01:16","date_gmt":"2025-05-06T07:01:16","guid":{"rendered":"https:\/\/pharma-hemp.com\/?post_type=product&#038;p=577283"},"modified":"2026-03-04T10:08:49","modified_gmt":"2026-03-04T08:08:49","slug":"armer-hund-charlie-5-cbd-tropfen","status":"publish","type":"product","link":"https:\/\/pharma-hemp.com\/de\/shop\/armer-hund-charlie-5-cbd-tropfen\/","title":{"rendered":"Armer Hund Charlie 5% CBD-Tropfen"},"content":{"rendered":"","protected":false},"excerpt":{"rendered":"<p><span style=\"font-weight: 400;\">AUSGEWOGENE WELLNESS F\u00dcR HAUSTIERE<\/span><\/p>\n<p><span style=\"font-weight: 400;\">CBD-Tropfen mit vollem Wirkungsspektrum, die die allgemeine Gesundheit, Entspannung und Vitalit\u00e4t Ihres Haustieres unterst\u00fctzen. Angereichert mit Lachs\u00f6l f\u00fcr optimale Aufnahme und Wohlbefinden. <\/span><\/p>\n","protected":false},"featured_media":577304,"template":"","meta":[],"product_brand":[],"product_cat":[366,355,361,360,359],"product_tag":[1305,1308,1309,1310,1313,1307,1312,1306,1311,1314],"class_list":{"0":"post-577283","1":"product","2":"type-product","3":"status-publish","4":"has-post-thumbnail","6":"product_cat-armer-hund-charlie","7":"product_cat-drops","8":"product_cat-drops-box","9":"product_cat-haustierpflege","10":"product_cat-superstars","11":"product_tag-angst-bei-haustieren","12":"product_tag-beruhigung-hund","13":"product_tag-beruhigung-katze","14":"product_tag-gelenkschmerzen-tier","15":"product_tag-schlaf-haustiere","16":"product_tag-stress-bei-hunden","17":"product_tag-trennungsstress","18":"product_tag-unruhige-tiere","19":"product_tag-verdauungsprobleme","20":"product_tag-wohlbefinden-tiere","22":"first","23":"instock","24":"shipping-taxable","25":"purchasable","26":"product-type-simple"},"acf":{"konfigurator_product_name":"","konfigurator_product_description":"","konfigurator_product_image_url":""},"yoast_head":"<!-- This site is optimized with the Yoast SEO plugin v27.3 - https:\/\/yoast.com\/product\/yoast-seo-wordpress\/ -->\n<title>5% CBD Haustier Tropfen Poor Dog Charlie - Pharma Hemp<\/title>\n<meta name=\"description\" content=\"5% CBD pet Drops Poor Dog Charlie hilft Stress abzubauen, f\u00f6rdert die Entspannung, verbessert die Schlafqualit\u00e4t, unterst\u00fctzt die Verdauung und den Stoffwechsel.\" \/>\n<meta name=\"robots\" content=\"index, follow, max-snippet:-1, max-image-preview:large, max-video-preview:-1\" \/>\n<link rel=\"canonical\" href=\"https:\/\/pharma-hemp.com\/de\/shop\/armer-hund-charlie-5-cbd-tropfen\/\" \/>\n<meta property=\"og:locale\" content=\"de_DE\" \/>\n<meta property=\"og:type\" content=\"article\" \/>\n<meta property=\"og:title\" content=\"5% CBD Haustier Tropfen Poor Dog Charlie - Pharma Hemp\" \/>\n<meta property=\"og:description\" content=\"5% CBD pet Drops Poor Dog Charlie hilft Stress abzubauen, f\u00f6rdert die Entspannung, verbessert die Schlafqualit\u00e4t, unterst\u00fctzt die Verdauung und den Stoffwechsel.\" \/>\n<meta property=\"og:url\" content=\"https:\/\/pharma-hemp.com\/de\/shop\/armer-hund-charlie-5-cbd-tropfen\/\" \/>\n<meta property=\"og:site_name\" content=\"Pharma Hemp\" \/>\n<meta property=\"article:modified_time\" content=\"2026-03-04T08:08:49+00:00\" \/>\n<meta property=\"og:image\" content=\"https:\/\/pharma-hemp.com\/wp-content\/uploads\/2025\/05\/pdc-drops-1.png\" \/>\n\t<meta property=\"og:image:width\" content=\"600\" \/>\n\t<meta property=\"og:image:height\" content=\"600\" \/>\n\t<meta property=\"og:image:type\" content=\"image\/png\" \/>\n<meta name=\"twitter:card\" content=\"summary_large_image\" \/>\n<meta name=\"twitter:label1\" content=\"Gesch\u00e4tzte Lesezeit\" \/>\n\t<meta name=\"twitter:data1\" content=\"1\u00a0Minute\" \/>\n<script type=\"application\/ld+json\" class=\"yoast-schema-graph\">{\"@context\":\"https:\\\/\\\/schema.org\",\"@graph\":[{\"@type\":\"WebPage\",\"@id\":\"https:\\\/\\\/pharma-hemp.com\\\/de\\\/shop\\\/armer-hund-charlie-5-cbd-tropfen\\\/\",\"url\":\"https:\\\/\\\/pharma-hemp.com\\\/de\\\/shop\\\/armer-hund-charlie-5-cbd-tropfen\\\/\",\"name\":\"5% CBD Haustier Tropfen Poor Dog Charlie - Pharma Hemp\",\"isPartOf\":{\"@id\":\"https:\\\/\\\/pharma-hemp.com\\\/de\\\/#website\"},\"primaryImageOfPage\":{\"@id\":\"https:\\\/\\\/pharma-hemp.com\\\/de\\\/shop\\\/armer-hund-charlie-5-cbd-tropfen\\\/#primaryimage\"},\"image\":{\"@id\":\"https:\\\/\\\/pharma-hemp.com\\\/de\\\/shop\\\/armer-hund-charlie-5-cbd-tropfen\\\/#primaryimage\"},\"thumbnailUrl\":\"https:\\\/\\\/pharma-hemp.com\\\/wp-content\\\/uploads\\\/2025\\\/05\\\/pdc-drops-1.png\",\"datePublished\":\"2025-05-06T07:01:16+00:00\",\"dateModified\":\"2026-03-04T08:08:49+00:00\",\"description\":\"5% CBD pet Drops Poor Dog Charlie hilft Stress abzubauen, f\u00f6rdert die Entspannung, verbessert die Schlafqualit\u00e4t, unterst\u00fctzt die Verdauung und den Stoffwechsel.\",\"breadcrumb\":{\"@id\":\"https:\\\/\\\/pharma-hemp.com\\\/de\\\/shop\\\/armer-hund-charlie-5-cbd-tropfen\\\/#breadcrumb\"},\"inLanguage\":\"de\",\"potentialAction\":[{\"@type\":\"ReadAction\",\"target\":[\"https:\\\/\\\/pharma-hemp.com\\\/de\\\/shop\\\/armer-hund-charlie-5-cbd-tropfen\\\/\"]}]},{\"@type\":\"ImageObject\",\"inLanguage\":\"de\",\"@id\":\"https:\\\/\\\/pharma-hemp.com\\\/de\\\/shop\\\/armer-hund-charlie-5-cbd-tropfen\\\/#primaryimage\",\"url\":\"https:\\\/\\\/pharma-hemp.com\\\/wp-content\\\/uploads\\\/2025\\\/05\\\/pdc-drops-1.png\",\"contentUrl\":\"https:\\\/\\\/pharma-hemp.com\\\/wp-content\\\/uploads\\\/2025\\\/05\\\/pdc-drops-1.png\",\"width\":600,\"height\":600},{\"@type\":\"BreadcrumbList\",\"@id\":\"https:\\\/\\\/pharma-hemp.com\\\/de\\\/shop\\\/armer-hund-charlie-5-cbd-tropfen\\\/#breadcrumb\",\"itemListElement\":[{\"@type\":\"ListItem\",\"position\":1,\"name\":\"Home\",\"item\":\"https:\\\/\\\/pharma-hemp.com\\\/de\\\/\"},{\"@type\":\"ListItem\",\"position\":2,\"name\":\"Shop\",\"item\":\"https:\\\/\\\/pharma-hemp.com\\\/de\\\/shop\\\/\"},{\"@type\":\"ListItem\",\"position\":3,\"name\":\"Armer Hund Charlie 5% CBD-Tropfen\"}]},{\"@type\":\"WebSite\",\"@id\":\"https:\\\/\\\/pharma-hemp.com\\\/de\\\/#website\",\"url\":\"https:\\\/\\\/pharma-hemp.com\\\/de\\\/\",\"name\":\"Pharma Hemp\",\"description\":\"CBD store\",\"publisher\":{\"@id\":\"https:\\\/\\\/pharma-hemp.com\\\/de\\\/#organization\"},\"potentialAction\":[{\"@type\":\"SearchAction\",\"target\":{\"@type\":\"EntryPoint\",\"urlTemplate\":\"https:\\\/\\\/pharma-hemp.com\\\/de\\\/?s={search_term_string}\"},\"query-input\":{\"@type\":\"PropertyValueSpecification\",\"valueRequired\":true,\"valueName\":\"search_term_string\"}}],\"inLanguage\":\"de\"},{\"@type\":\"Organization\",\"@id\":\"https:\\\/\\\/pharma-hemp.com\\\/de\\\/#organization\",\"name\":\"PharmaHemp\",\"url\":\"https:\\\/\\\/pharma-hemp.com\\\/de\\\/\",\"logo\":{\"@type\":\"ImageObject\",\"inLanguage\":\"de\",\"@id\":\"https:\\\/\\\/pharma-hemp.com\\\/de\\\/#\\\/schema\\\/logo\\\/image\\\/\",\"url\":\"https:\\\/\\\/pharma-hemp.com\\\/wp-content\\\/uploads\\\/2025\\\/04\\\/Pharma-Hemp-logo_crn-1.png\",\"contentUrl\":\"https:\\\/\\\/pharma-hemp.com\\\/wp-content\\\/uploads\\\/2025\\\/04\\\/Pharma-Hemp-logo_crn-1.png\",\"width\":200,\"height\":44,\"caption\":\"PharmaHemp\"},\"image\":{\"@id\":\"https:\\\/\\\/pharma-hemp.com\\\/de\\\/#\\\/schema\\\/logo\\\/image\\\/\"}}]}<\/script>\n<!-- \/ Yoast SEO plugin. -->","yoast_head_json":{"title":"5% CBD Haustier Tropfen Poor Dog Charlie - Pharma Hemp","description":"5% CBD pet Drops Poor Dog Charlie hilft Stress abzubauen, f\u00f6rdert die Entspannung, verbessert die Schlafqualit\u00e4t, unterst\u00fctzt die Verdauung und den Stoffwechsel.","robots":{"index":"index","follow":"follow","max-snippet":"max-snippet:-1","max-image-preview":"max-image-preview:large","max-video-preview":"max-video-preview:-1"},"canonical":"https:\/\/pharma-hemp.com\/de\/shop\/armer-hund-charlie-5-cbd-tropfen\/","og_locale":"de_DE","og_type":"article","og_title":"5% CBD Haustier Tropfen Poor Dog Charlie - Pharma Hemp","og_description":"5% CBD pet Drops Poor Dog Charlie hilft Stress abzubauen, f\u00f6rdert die Entspannung, verbessert die Schlafqualit\u00e4t, unterst\u00fctzt die Verdauung und den Stoffwechsel.","og_url":"https:\/\/pharma-hemp.com\/de\/shop\/armer-hund-charlie-5-cbd-tropfen\/","og_site_name":"Pharma Hemp","article_modified_time":"2026-03-04T08:08:49+00:00","og_image":[{"width":600,"height":600,"url":"https:\/\/pharma-hemp.com\/wp-content\/uploads\/2025\/05\/pdc-drops-1.png","type":"image\/png"}],"twitter_card":"summary_large_image","twitter_misc":{"Gesch\u00e4tzte Lesezeit":"1\u00a0Minute"},"schema":{"@context":"https:\/\/schema.org","@graph":[{"@type":"WebPage","@id":"https:\/\/pharma-hemp.com\/de\/shop\/armer-hund-charlie-5-cbd-tropfen\/","url":"https:\/\/pharma-hemp.com\/de\/shop\/armer-hund-charlie-5-cbd-tropfen\/","name":"5% CBD Haustier Tropfen Poor Dog Charlie - Pharma Hemp","isPartOf":{"@id":"https:\/\/pharma-hemp.com\/de\/#website"},"primaryImageOfPage":{"@id":"https:\/\/pharma-hemp.com\/de\/shop\/armer-hund-charlie-5-cbd-tropfen\/#primaryimage"},"image":{"@id":"https:\/\/pharma-hemp.com\/de\/shop\/armer-hund-charlie-5-cbd-tropfen\/#primaryimage"},"thumbnailUrl":"https:\/\/pharma-hemp.com\/wp-content\/uploads\/2025\/05\/pdc-drops-1.png","datePublished":"2025-05-06T07:01:16+00:00","dateModified":"2026-03-04T08:08:49+00:00","description":"5% CBD pet Drops Poor Dog Charlie hilft Stress abzubauen, f\u00f6rdert die Entspannung, verbessert die Schlafqualit\u00e4t, unterst\u00fctzt die Verdauung und den Stoffwechsel.","breadcrumb":{"@id":"https:\/\/pharma-hemp.com\/de\/shop\/armer-hund-charlie-5-cbd-tropfen\/#breadcrumb"},"inLanguage":"de","potentialAction":[{"@type":"ReadAction","target":["https:\/\/pharma-hemp.com\/de\/shop\/armer-hund-charlie-5-cbd-tropfen\/"]}]},{"@type":"ImageObject","inLanguage":"de","@id":"https:\/\/pharma-hemp.com\/de\/shop\/armer-hund-charlie-5-cbd-tropfen\/#primaryimage","url":"https:\/\/pharma-hemp.com\/wp-content\/uploads\/2025\/05\/pdc-drops-1.png","contentUrl":"https:\/\/pharma-hemp.com\/wp-content\/uploads\/2025\/05\/pdc-drops-1.png","width":600,"height":600},{"@type":"BreadcrumbList","@id":"https:\/\/pharma-hemp.com\/de\/shop\/armer-hund-charlie-5-cbd-tropfen\/#breadcrumb","itemListElement":[{"@type":"ListItem","position":1,"name":"Home","item":"https:\/\/pharma-hemp.com\/de\/"},{"@type":"ListItem","position":2,"name":"Shop","item":"https:\/\/pharma-hemp.com\/de\/shop\/"},{"@type":"ListItem","position":3,"name":"Armer Hund Charlie 5% CBD-Tropfen"}]},{"@type":"WebSite","@id":"https:\/\/pharma-hemp.com\/de\/#website","url":"https:\/\/pharma-hemp.com\/de\/","name":"Pharma Hemp","description":"CBD store","publisher":{"@id":"https:\/\/pharma-hemp.com\/de\/#organization"},"potentialAction":[{"@type":"SearchAction","target":{"@type":"EntryPoint","urlTemplate":"https:\/\/pharma-hemp.com\/de\/?s={search_term_string}"},"query-input":{"@type":"PropertyValueSpecification","valueRequired":true,"valueName":"search_term_string"}}],"inLanguage":"de"},{"@type":"Organization","@id":"https:\/\/pharma-hemp.com\/de\/#organization","name":"PharmaHemp","url":"https:\/\/pharma-hemp.com\/de\/","logo":{"@type":"ImageObject","inLanguage":"de","@id":"https:\/\/pharma-hemp.com\/de\/#\/schema\/logo\/image\/","url":"https:\/\/pharma-hemp.com\/wp-content\/uploads\/2025\/04\/Pharma-Hemp-logo_crn-1.png","contentUrl":"https:\/\/pharma-hemp.com\/wp-content\/uploads\/2025\/04\/Pharma-Hemp-logo_crn-1.png","width":200,"height":44,"caption":"PharmaHemp"},"image":{"@id":"https:\/\/pharma-hemp.com\/de\/#\/schema\/logo\/image\/"}}]}},"_links":{"self":[{"href":"https:\/\/pharma-hemp.com\/de\/wp-json\/wp\/v2\/product\/577283","targetHints":{"allow":["GET"]}}],"collection":[{"href":"https:\/\/pharma-hemp.com\/de\/wp-json\/wp\/v2\/product"}],"about":[{"href":"https:\/\/pharma-hemp.com\/de\/wp-json\/wp\/v2\/types\/product"}],"wp:featuredmedia":[{"embeddable":true,"href":"https:\/\/pharma-hemp.com\/de\/wp-json\/wp\/v2\/media\/577304"}],"wp:attachment":[{"href":"https:\/\/pharma-hemp.com\/de\/wp-json\/wp\/v2\/media?parent=577283"}],"wp:term":[{"taxonomy":"product_brand","embeddable":true,"href":"https:\/\/pharma-hemp.com\/de\/wp-json\/wp\/v2\/product_brand?post=577283"},{"taxonomy":"product_cat","embeddable":true,"href":"https:\/\/pharma-hemp.com\/de\/wp-json\/wp\/v2\/product_cat?post=577283"},{"taxonomy":"product_tag","embeddable":true,"href":"https:\/\/pharma-hemp.com\/de\/wp-json\/wp\/v2\/product_tag?post=577283"}],"curies":[{"name":"wp","href":"https:\/\/api.w.org\/{rel}","templated":true}]}}