{"id":577205,"date":"2025-09-19T11:05:38","date_gmt":"2025-09-19T09:05:38","guid":{"rendered":"https:\/\/pharma-hemp.com\/?post_type=product&#038;p=577205"},"modified":"2026-03-04T10:37:49","modified_gmt":"2026-03-04T08:37:49","slug":"illumiel-ac-solution-milky-calming-nemo-pad","status":"publish","type":"product","link":"https:\/\/pharma-hemp.com\/de\/shop\/illumiel-ac-solution-milky-calming-nemo-pad\/","title":{"rendered":"Illumiel AC Solution Milky Calming NEMO Pad"},"content":{"rendered":"<p><span style=\"font-weight: 400;\">Ein weiches, quadratisches Ampullenkissen, das mit einer n\u00e4hrstoffreichen, milchigen Fl\u00fcssigkeit f\u00fcr eine beruhigende Detailpflege gef\u00fcllt ist. <\/span><span style=\"font-weight: 400;\">Es spendet Feuchtigkeit, beruhigt hitzeempfindliche, gereizte Haut und verfeinert die Textur. Dieses Pad spendet sanfte Pflege und nachhaltige Feuchtigkeit. <\/span><\/p>\n","protected":false},"excerpt":{"rendered":"<p><span style=\"font-weight: 400;\">Ein weiches, quadratisches Ampullenkissen, das mit einer n\u00e4hrstoffreichen, milchigen Fl\u00fcssigkeit f\u00fcr eine beruhigende Detailpflege gef\u00fcllt ist. <\/span><span style=\"font-weight: 400;\">Es spendet Feuchtigkeit, beruhigt hitzeempfindliche, gereizte Haut und verfeinert die Textur. Dieses Pad spendet sanfte Pflege und nachhaltige Feuchtigkeit. <\/span><\/p>\n","protected":false},"featured_media":577212,"template":"","meta":[],"product_brand":[],"product_cat":[352,351],"product_tag":[1410,1169,1075,1194,1230,1412,1226,1163,1164,1411],"class_list":{"0":"post-577205","1":"product","2":"type-product","3":"status-publish","4":"has-post-thumbnail","6":"product_cat-illumiel","7":"product_cat-nach-marke-einkaufen","8":"product_tag-akne-ausbrueche","9":"product_tag-empfindliche-haut","10":"product_tag-entzuendung","11":"product_tag-fahle-haut","12":"product_tag-hautirritation","13":"product_tag-heisse-haut","14":"product_tag-pickel","15":"product_tag-roetungen","16":"product_tag-trockene-stellen","17":"product_tag-unebene-textur","19":"first","20":"instock","21":"shipping-taxable","22":"purchasable","23":"product-type-simple"},"acf":{"konfigurator_product_name":"","konfigurator_product_description":"","konfigurator_product_image_url":""},"yoast_head":"<!-- This site is optimized with the Yoast SEO plugin v27.3 - https:\/\/yoast.com\/product\/yoast-seo-wordpress\/ -->\n<title>Illumiel Aqua Hydrating Square Toner Pads<\/title>\n<meta name=\"description\" content=\"Ein weiches, quadratisches Ampullen-Pad mit einer n\u00e4hrstoffreichen, milchigen Fl\u00fcssigkeit f\u00fcr eine beruhigende Detailpflege, die hitzeempfindliche, gereizte Haut mit Feuchtigkeit versorgt und beruhigt und gleichzeitig die Textur verfeinert. Dieses Pad spendet sanfte Pflege und nachhaltige Feuchtigkeit.\" \/>\n<meta name=\"robots\" content=\"index, follow, max-snippet:-1, max-image-preview:large, max-video-preview:-1\" \/>\n<link rel=\"canonical\" href=\"https:\/\/pharma-hemp.com\/de\/shop\/illumiel-ac-solution-milky-calming-nemo-pad\/\" \/>\n<meta property=\"og:locale\" content=\"de_DE\" \/>\n<meta property=\"og:type\" content=\"article\" \/>\n<meta property=\"og:title\" content=\"Illumiel Aqua Hydrating Square Toner Pads\" \/>\n<meta property=\"og:description\" content=\"Ein weiches, quadratisches Ampullen-Pad mit einer n\u00e4hrstoffreichen, milchigen Fl\u00fcssigkeit f\u00fcr eine beruhigende Detailpflege, die hitzeempfindliche, gereizte Haut mit Feuchtigkeit versorgt und beruhigt und gleichzeitig die Textur verfeinert. Dieses Pad spendet sanfte Pflege und nachhaltige Feuchtigkeit.\" \/>\n<meta property=\"og:url\" content=\"https:\/\/pharma-hemp.com\/de\/shop\/illumiel-ac-solution-milky-calming-nemo-pad\/\" \/>\n<meta property=\"og:site_name\" content=\"Pharma Hemp\" \/>\n<meta property=\"article:modified_time\" content=\"2026-03-04T08:37:49+00:00\" \/>\n<meta property=\"og:image\" content=\"https:\/\/pharma-hemp.com\/wp-content\/uploads\/2025\/09\/Illumiel_AC_Solution_Milky_Clming_NEMO_Pad_01.jpg\" \/>\n\t<meta property=\"og:image:width\" content=\"998\" \/>\n\t<meta property=\"og:image:height\" content=\"1000\" \/>\n\t<meta property=\"og:image:type\" content=\"image\/jpeg\" \/>\n<meta name=\"twitter:card\" content=\"summary_large_image\" \/>\n<meta name=\"twitter:label1\" content=\"Gesch\u00e4tzte Lesezeit\" \/>\n\t<meta name=\"twitter:data1\" content=\"1\u00a0Minute\" \/>\n<script type=\"application\/ld+json\" class=\"yoast-schema-graph\">{\"@context\":\"https:\\\/\\\/schema.org\",\"@graph\":[{\"@type\":\"WebPage\",\"@id\":\"https:\\\/\\\/pharma-hemp.com\\\/de\\\/shop\\\/illumiel-ac-solution-milky-calming-nemo-pad\\\/\",\"url\":\"https:\\\/\\\/pharma-hemp.com\\\/de\\\/shop\\\/illumiel-ac-solution-milky-calming-nemo-pad\\\/\",\"name\":\"Illumiel Aqua Hydrating Square Toner Pads\",\"isPartOf\":{\"@id\":\"https:\\\/\\\/pharma-hemp.com\\\/de\\\/#website\"},\"primaryImageOfPage\":{\"@id\":\"https:\\\/\\\/pharma-hemp.com\\\/de\\\/shop\\\/illumiel-ac-solution-milky-calming-nemo-pad\\\/#primaryimage\"},\"image\":{\"@id\":\"https:\\\/\\\/pharma-hemp.com\\\/de\\\/shop\\\/illumiel-ac-solution-milky-calming-nemo-pad\\\/#primaryimage\"},\"thumbnailUrl\":\"https:\\\/\\\/pharma-hemp.com\\\/wp-content\\\/uploads\\\/2025\\\/09\\\/Illumiel_AC_Solution_Milky_Clming_NEMO_Pad_01.jpg\",\"datePublished\":\"2025-09-19T09:05:38+00:00\",\"dateModified\":\"2026-03-04T08:37:49+00:00\",\"description\":\"Ein weiches, quadratisches Ampullen-Pad mit einer n\u00e4hrstoffreichen, milchigen Fl\u00fcssigkeit f\u00fcr eine beruhigende Detailpflege, die hitzeempfindliche, gereizte Haut mit Feuchtigkeit versorgt und beruhigt und gleichzeitig die Textur verfeinert. Dieses Pad spendet sanfte Pflege und nachhaltige Feuchtigkeit.\",\"breadcrumb\":{\"@id\":\"https:\\\/\\\/pharma-hemp.com\\\/de\\\/shop\\\/illumiel-ac-solution-milky-calming-nemo-pad\\\/#breadcrumb\"},\"inLanguage\":\"de\",\"potentialAction\":[{\"@type\":\"ReadAction\",\"target\":[\"https:\\\/\\\/pharma-hemp.com\\\/de\\\/shop\\\/illumiel-ac-solution-milky-calming-nemo-pad\\\/\"]}]},{\"@type\":\"ImageObject\",\"inLanguage\":\"de\",\"@id\":\"https:\\\/\\\/pharma-hemp.com\\\/de\\\/shop\\\/illumiel-ac-solution-milky-calming-nemo-pad\\\/#primaryimage\",\"url\":\"https:\\\/\\\/pharma-hemp.com\\\/wp-content\\\/uploads\\\/2025\\\/09\\\/Illumiel_AC_Solution_Milky_Clming_NEMO_Pad_01.jpg\",\"contentUrl\":\"https:\\\/\\\/pharma-hemp.com\\\/wp-content\\\/uploads\\\/2025\\\/09\\\/Illumiel_AC_Solution_Milky_Clming_NEMO_Pad_01.jpg\",\"width\":998,\"height\":1000},{\"@type\":\"BreadcrumbList\",\"@id\":\"https:\\\/\\\/pharma-hemp.com\\\/de\\\/shop\\\/illumiel-ac-solution-milky-calming-nemo-pad\\\/#breadcrumb\",\"itemListElement\":[{\"@type\":\"ListItem\",\"position\":1,\"name\":\"Home\",\"item\":\"https:\\\/\\\/pharma-hemp.com\\\/de\\\/\"},{\"@type\":\"ListItem\",\"position\":2,\"name\":\"Shop\",\"item\":\"https:\\\/\\\/pharma-hemp.com\\\/de\\\/shop\\\/\"},{\"@type\":\"ListItem\",\"position\":3,\"name\":\"Illumiel AC Solution Milky Calming NEMO Pad\"}]},{\"@type\":\"WebSite\",\"@id\":\"https:\\\/\\\/pharma-hemp.com\\\/de\\\/#website\",\"url\":\"https:\\\/\\\/pharma-hemp.com\\\/de\\\/\",\"name\":\"Pharma Hemp\",\"description\":\"CBD store\",\"publisher\":{\"@id\":\"https:\\\/\\\/pharma-hemp.com\\\/de\\\/#organization\"},\"potentialAction\":[{\"@type\":\"SearchAction\",\"target\":{\"@type\":\"EntryPoint\",\"urlTemplate\":\"https:\\\/\\\/pharma-hemp.com\\\/de\\\/?s={search_term_string}\"},\"query-input\":{\"@type\":\"PropertyValueSpecification\",\"valueRequired\":true,\"valueName\":\"search_term_string\"}}],\"inLanguage\":\"de\"},{\"@type\":\"Organization\",\"@id\":\"https:\\\/\\\/pharma-hemp.com\\\/de\\\/#organization\",\"name\":\"PharmaHemp\",\"url\":\"https:\\\/\\\/pharma-hemp.com\\\/de\\\/\",\"logo\":{\"@type\":\"ImageObject\",\"inLanguage\":\"de\",\"@id\":\"https:\\\/\\\/pharma-hemp.com\\\/de\\\/#\\\/schema\\\/logo\\\/image\\\/\",\"url\":\"https:\\\/\\\/pharma-hemp.com\\\/wp-content\\\/uploads\\\/2025\\\/04\\\/Pharma-Hemp-logo_crn-1.png\",\"contentUrl\":\"https:\\\/\\\/pharma-hemp.com\\\/wp-content\\\/uploads\\\/2025\\\/04\\\/Pharma-Hemp-logo_crn-1.png\",\"width\":200,\"height\":44,\"caption\":\"PharmaHemp\"},\"image\":{\"@id\":\"https:\\\/\\\/pharma-hemp.com\\\/de\\\/#\\\/schema\\\/logo\\\/image\\\/\"}}]}<\/script>\n<!-- \/ Yoast SEO plugin. -->","yoast_head_json":{"title":"Illumiel Aqua Hydrating Square Toner Pads","description":"Ein weiches, quadratisches Ampullen-Pad mit einer n\u00e4hrstoffreichen, milchigen Fl\u00fcssigkeit f\u00fcr eine beruhigende Detailpflege, die hitzeempfindliche, gereizte Haut mit Feuchtigkeit versorgt und beruhigt und gleichzeitig die Textur verfeinert. Dieses Pad spendet sanfte Pflege und nachhaltige Feuchtigkeit.","robots":{"index":"index","follow":"follow","max-snippet":"max-snippet:-1","max-image-preview":"max-image-preview:large","max-video-preview":"max-video-preview:-1"},"canonical":"https:\/\/pharma-hemp.com\/de\/shop\/illumiel-ac-solution-milky-calming-nemo-pad\/","og_locale":"de_DE","og_type":"article","og_title":"Illumiel Aqua Hydrating Square Toner Pads","og_description":"Ein weiches, quadratisches Ampullen-Pad mit einer n\u00e4hrstoffreichen, milchigen Fl\u00fcssigkeit f\u00fcr eine beruhigende Detailpflege, die hitzeempfindliche, gereizte Haut mit Feuchtigkeit versorgt und beruhigt und gleichzeitig die Textur verfeinert. Dieses Pad spendet sanfte Pflege und nachhaltige Feuchtigkeit.","og_url":"https:\/\/pharma-hemp.com\/de\/shop\/illumiel-ac-solution-milky-calming-nemo-pad\/","og_site_name":"Pharma Hemp","article_modified_time":"2026-03-04T08:37:49+00:00","og_image":[{"width":998,"height":1000,"url":"https:\/\/pharma-hemp.com\/wp-content\/uploads\/2025\/09\/Illumiel_AC_Solution_Milky_Clming_NEMO_Pad_01.jpg","type":"image\/jpeg"}],"twitter_card":"summary_large_image","twitter_misc":{"Gesch\u00e4tzte Lesezeit":"1\u00a0Minute"},"schema":{"@context":"https:\/\/schema.org","@graph":[{"@type":"WebPage","@id":"https:\/\/pharma-hemp.com\/de\/shop\/illumiel-ac-solution-milky-calming-nemo-pad\/","url":"https:\/\/pharma-hemp.com\/de\/shop\/illumiel-ac-solution-milky-calming-nemo-pad\/","name":"Illumiel Aqua Hydrating Square Toner Pads","isPartOf":{"@id":"https:\/\/pharma-hemp.com\/de\/#website"},"primaryImageOfPage":{"@id":"https:\/\/pharma-hemp.com\/de\/shop\/illumiel-ac-solution-milky-calming-nemo-pad\/#primaryimage"},"image":{"@id":"https:\/\/pharma-hemp.com\/de\/shop\/illumiel-ac-solution-milky-calming-nemo-pad\/#primaryimage"},"thumbnailUrl":"https:\/\/pharma-hemp.com\/wp-content\/uploads\/2025\/09\/Illumiel_AC_Solution_Milky_Clming_NEMO_Pad_01.jpg","datePublished":"2025-09-19T09:05:38+00:00","dateModified":"2026-03-04T08:37:49+00:00","description":"Ein weiches, quadratisches Ampullen-Pad mit einer n\u00e4hrstoffreichen, milchigen Fl\u00fcssigkeit f\u00fcr eine beruhigende Detailpflege, die hitzeempfindliche, gereizte Haut mit Feuchtigkeit versorgt und beruhigt und gleichzeitig die Textur verfeinert. Dieses Pad spendet sanfte Pflege und nachhaltige Feuchtigkeit.","breadcrumb":{"@id":"https:\/\/pharma-hemp.com\/de\/shop\/illumiel-ac-solution-milky-calming-nemo-pad\/#breadcrumb"},"inLanguage":"de","potentialAction":[{"@type":"ReadAction","target":["https:\/\/pharma-hemp.com\/de\/shop\/illumiel-ac-solution-milky-calming-nemo-pad\/"]}]},{"@type":"ImageObject","inLanguage":"de","@id":"https:\/\/pharma-hemp.com\/de\/shop\/illumiel-ac-solution-milky-calming-nemo-pad\/#primaryimage","url":"https:\/\/pharma-hemp.com\/wp-content\/uploads\/2025\/09\/Illumiel_AC_Solution_Milky_Clming_NEMO_Pad_01.jpg","contentUrl":"https:\/\/pharma-hemp.com\/wp-content\/uploads\/2025\/09\/Illumiel_AC_Solution_Milky_Clming_NEMO_Pad_01.jpg","width":998,"height":1000},{"@type":"BreadcrumbList","@id":"https:\/\/pharma-hemp.com\/de\/shop\/illumiel-ac-solution-milky-calming-nemo-pad\/#breadcrumb","itemListElement":[{"@type":"ListItem","position":1,"name":"Home","item":"https:\/\/pharma-hemp.com\/de\/"},{"@type":"ListItem","position":2,"name":"Shop","item":"https:\/\/pharma-hemp.com\/de\/shop\/"},{"@type":"ListItem","position":3,"name":"Illumiel AC Solution Milky Calming NEMO Pad"}]},{"@type":"WebSite","@id":"https:\/\/pharma-hemp.com\/de\/#website","url":"https:\/\/pharma-hemp.com\/de\/","name":"Pharma Hemp","description":"CBD store","publisher":{"@id":"https:\/\/pharma-hemp.com\/de\/#organization"},"potentialAction":[{"@type":"SearchAction","target":{"@type":"EntryPoint","urlTemplate":"https:\/\/pharma-hemp.com\/de\/?s={search_term_string}"},"query-input":{"@type":"PropertyValueSpecification","valueRequired":true,"valueName":"search_term_string"}}],"inLanguage":"de"},{"@type":"Organization","@id":"https:\/\/pharma-hemp.com\/de\/#organization","name":"PharmaHemp","url":"https:\/\/pharma-hemp.com\/de\/","logo":{"@type":"ImageObject","inLanguage":"de","@id":"https:\/\/pharma-hemp.com\/de\/#\/schema\/logo\/image\/","url":"https:\/\/pharma-hemp.com\/wp-content\/uploads\/2025\/04\/Pharma-Hemp-logo_crn-1.png","contentUrl":"https:\/\/pharma-hemp.com\/wp-content\/uploads\/2025\/04\/Pharma-Hemp-logo_crn-1.png","width":200,"height":44,"caption":"PharmaHemp"},"image":{"@id":"https:\/\/pharma-hemp.com\/de\/#\/schema\/logo\/image\/"}}]}},"_links":{"self":[{"href":"https:\/\/pharma-hemp.com\/de\/wp-json\/wp\/v2\/product\/577205","targetHints":{"allow":["GET"]}}],"collection":[{"href":"https:\/\/pharma-hemp.com\/de\/wp-json\/wp\/v2\/product"}],"about":[{"href":"https:\/\/pharma-hemp.com\/de\/wp-json\/wp\/v2\/types\/product"}],"wp:featuredmedia":[{"embeddable":true,"href":"https:\/\/pharma-hemp.com\/de\/wp-json\/wp\/v2\/media\/577212"}],"wp:attachment":[{"href":"https:\/\/pharma-hemp.com\/de\/wp-json\/wp\/v2\/media?parent=577205"}],"wp:term":[{"taxonomy":"product_brand","embeddable":true,"href":"https:\/\/pharma-hemp.com\/de\/wp-json\/wp\/v2\/product_brand?post=577205"},{"taxonomy":"product_cat","embeddable":true,"href":"https:\/\/pharma-hemp.com\/de\/wp-json\/wp\/v2\/product_cat?post=577205"},{"taxonomy":"product_tag","embeddable":true,"href":"https:\/\/pharma-hemp.com\/de\/wp-json\/wp\/v2\/product_tag?post=577205"}],"curies":[{"name":"wp","href":"https:\/\/api.w.org\/{rel}","templated":true}]}}