{"id":577185,"date":"2025-05-14T08:22:41","date_gmt":"2025-05-14T07:22:41","guid":{"rendered":"https:\/\/pharma-hemp.com\/?post_type=product&#038;p=577185"},"modified":"2026-03-05T12:12:02","modified_gmt":"2026-03-05T10:12:02","slug":"ganda-straffende-nachtcreme","status":"publish","type":"product","link":"https:\/\/pharma-hemp.com\/de\/shop\/ganda-straffende-nachtcreme\/","title":{"rendered":"Gan\u0111a straffende Nachtcreme"},"content":{"rendered":"","protected":false},"excerpt":{"rendered":"<ul>\n<li>Eine n\u00e4hrende Nachtcreme, die die Haut strafft und revitalisiert.<\/li>\n<li>Geeignet f\u00fcr die n\u00e4chtliche Pflege von Gesicht und Hals.<\/li>\n<\/ul>\n","protected":false},"featured_media":577186,"template":"","meta":[],"product_brand":[270],"product_cat":[349,348],"product_tag":[1172,1170,1192,1546,1165,1547,1549,1548,1195,1193],"class_list":{"0":"post-577185","1":"product","2":"type-product","3":"status-publish","4":"has-post-thumbnail","6":"product_brand-ganda","7":"product_cat-andere-marken","8":"product_cat-andere-produkte","9":"product_tag-anti-aging","10":"product_tag-fahler-teint","11":"product_tag-falten","12":"product_tag-fehlende-elastizitaet","13":"product_tag-feine-linien","14":"product_tag-naechtliche-trockenheit","15":"product_tag-nachtpflege","16":"product_tag-raue-haut","17":"product_tag-schlaffe-haut","18":"product_tag-trockene-haut","20":"first","21":"instock","22":"shipping-taxable","23":"purchasable","24":"product-type-simple"},"acf":{"konfigurator_product_name":"","konfigurator_product_description":"","konfigurator_product_image_url":""},"yoast_head":"<!-- This site is optimized with the Yoast SEO plugin v27.3 - https:\/\/yoast.com\/product\/yoast-seo-wordpress\/ -->\n<title>CBD Hanf Gesicht straffende Nachtcreme Gan\u0111a - Pharma Hemp<\/title>\n<meta name=\"description\" content=\"CBD Hanf Gesicht straffende Nachtcreme Gan\u0111a sch\u00fctzt die Haut vor oxidativem Stress mit Coenzym Q10, Hanfextrakt und Argan\u00f6l.\" \/>\n<meta name=\"robots\" content=\"index, follow, max-snippet:-1, max-image-preview:large, max-video-preview:-1\" \/>\n<link rel=\"canonical\" href=\"https:\/\/pharma-hemp.com\/de\/shop\/ganda-straffende-nachtcreme\/\" \/>\n<meta property=\"og:locale\" content=\"de_DE\" \/>\n<meta property=\"og:type\" content=\"article\" \/>\n<meta property=\"og:title\" content=\"CBD Hanf Gesicht straffende Nachtcreme Gan\u0111a - Pharma Hemp\" \/>\n<meta property=\"og:description\" content=\"CBD Hanf Gesicht straffende Nachtcreme Gan\u0111a sch\u00fctzt die Haut vor oxidativem Stress mit Coenzym Q10, Hanfextrakt und Argan\u00f6l.\" \/>\n<meta property=\"og:url\" content=\"https:\/\/pharma-hemp.com\/de\/shop\/ganda-straffende-nachtcreme\/\" \/>\n<meta property=\"og:site_name\" content=\"Pharma Hemp\" \/>\n<meta property=\"article:modified_time\" content=\"2026-03-05T10:12:02+00:00\" \/>\n<meta property=\"og:image\" content=\"https:\/\/pharma-hemp.com\/wp-content\/uploads\/2025\/05\/02-gandja-night-cream-jar-510x510.png.webp\" \/>\n\t<meta property=\"og:image:width\" content=\"510\" \/>\n\t<meta property=\"og:image:height\" content=\"510\" \/>\n\t<meta property=\"og:image:type\" content=\"image\/webp\" \/>\n<meta name=\"twitter:card\" content=\"summary_large_image\" \/>\n<meta name=\"twitter:label1\" content=\"Gesch\u00e4tzte Lesezeit\" \/>\n\t<meta name=\"twitter:data1\" content=\"1\u00a0Minute\" \/>\n<script type=\"application\/ld+json\" class=\"yoast-schema-graph\">{\"@context\":\"https:\\\/\\\/schema.org\",\"@graph\":[{\"@type\":\"WebPage\",\"@id\":\"https:\\\/\\\/pharma-hemp.com\\\/de\\\/shop\\\/ganda-straffende-nachtcreme\\\/\",\"url\":\"https:\\\/\\\/pharma-hemp.com\\\/de\\\/shop\\\/ganda-straffende-nachtcreme\\\/\",\"name\":\"CBD Hanf Gesicht straffende Nachtcreme Gan\u0111a - Pharma Hemp\",\"isPartOf\":{\"@id\":\"https:\\\/\\\/pharma-hemp.com\\\/de\\\/#website\"},\"primaryImageOfPage\":{\"@id\":\"https:\\\/\\\/pharma-hemp.com\\\/de\\\/shop\\\/ganda-straffende-nachtcreme\\\/#primaryimage\"},\"image\":{\"@id\":\"https:\\\/\\\/pharma-hemp.com\\\/de\\\/shop\\\/ganda-straffende-nachtcreme\\\/#primaryimage\"},\"thumbnailUrl\":\"https:\\\/\\\/pharma-hemp.com\\\/wp-content\\\/uploads\\\/2025\\\/05\\\/02-gandja-night-cream-jar-510x510.png.webp\",\"datePublished\":\"2025-05-14T07:22:41+00:00\",\"dateModified\":\"2026-03-05T10:12:02+00:00\",\"description\":\"CBD Hanf Gesicht straffende Nachtcreme Gan\u0111a sch\u00fctzt die Haut vor oxidativem Stress mit Coenzym Q10, Hanfextrakt und Argan\u00f6l.\",\"breadcrumb\":{\"@id\":\"https:\\\/\\\/pharma-hemp.com\\\/de\\\/shop\\\/ganda-straffende-nachtcreme\\\/#breadcrumb\"},\"inLanguage\":\"de\",\"potentialAction\":[{\"@type\":\"ReadAction\",\"target\":[\"https:\\\/\\\/pharma-hemp.com\\\/de\\\/shop\\\/ganda-straffende-nachtcreme\\\/\"]}]},{\"@type\":\"ImageObject\",\"inLanguage\":\"de\",\"@id\":\"https:\\\/\\\/pharma-hemp.com\\\/de\\\/shop\\\/ganda-straffende-nachtcreme\\\/#primaryimage\",\"url\":\"https:\\\/\\\/pharma-hemp.com\\\/wp-content\\\/uploads\\\/2025\\\/05\\\/02-gandja-night-cream-jar-510x510.png.webp\",\"contentUrl\":\"https:\\\/\\\/pharma-hemp.com\\\/wp-content\\\/uploads\\\/2025\\\/05\\\/02-gandja-night-cream-jar-510x510.png.webp\",\"width\":510,\"height\":510},{\"@type\":\"BreadcrumbList\",\"@id\":\"https:\\\/\\\/pharma-hemp.com\\\/de\\\/shop\\\/ganda-straffende-nachtcreme\\\/#breadcrumb\",\"itemListElement\":[{\"@type\":\"ListItem\",\"position\":1,\"name\":\"Home\",\"item\":\"https:\\\/\\\/pharma-hemp.com\\\/de\\\/\"},{\"@type\":\"ListItem\",\"position\":2,\"name\":\"Shop\",\"item\":\"https:\\\/\\\/pharma-hemp.com\\\/de\\\/shop\\\/\"},{\"@type\":\"ListItem\",\"position\":3,\"name\":\"Gan\u0111a straffende Nachtcreme\"}]},{\"@type\":\"WebSite\",\"@id\":\"https:\\\/\\\/pharma-hemp.com\\\/de\\\/#website\",\"url\":\"https:\\\/\\\/pharma-hemp.com\\\/de\\\/\",\"name\":\"Pharma Hemp\",\"description\":\"CBD store\",\"publisher\":{\"@id\":\"https:\\\/\\\/pharma-hemp.com\\\/de\\\/#organization\"},\"potentialAction\":[{\"@type\":\"SearchAction\",\"target\":{\"@type\":\"EntryPoint\",\"urlTemplate\":\"https:\\\/\\\/pharma-hemp.com\\\/de\\\/?s={search_term_string}\"},\"query-input\":{\"@type\":\"PropertyValueSpecification\",\"valueRequired\":true,\"valueName\":\"search_term_string\"}}],\"inLanguage\":\"de\"},{\"@type\":\"Organization\",\"@id\":\"https:\\\/\\\/pharma-hemp.com\\\/de\\\/#organization\",\"name\":\"PharmaHemp\",\"url\":\"https:\\\/\\\/pharma-hemp.com\\\/de\\\/\",\"logo\":{\"@type\":\"ImageObject\",\"inLanguage\":\"de\",\"@id\":\"https:\\\/\\\/pharma-hemp.com\\\/de\\\/#\\\/schema\\\/logo\\\/image\\\/\",\"url\":\"https:\\\/\\\/pharma-hemp.com\\\/wp-content\\\/uploads\\\/2025\\\/04\\\/Pharma-Hemp-logo_crn-1.png\",\"contentUrl\":\"https:\\\/\\\/pharma-hemp.com\\\/wp-content\\\/uploads\\\/2025\\\/04\\\/Pharma-Hemp-logo_crn-1.png\",\"width\":200,\"height\":44,\"caption\":\"PharmaHemp\"},\"image\":{\"@id\":\"https:\\\/\\\/pharma-hemp.com\\\/de\\\/#\\\/schema\\\/logo\\\/image\\\/\"}}]}<\/script>\n<!-- \/ Yoast SEO plugin. -->","yoast_head_json":{"title":"CBD Hanf Gesicht straffende Nachtcreme Gan\u0111a - Pharma Hemp","description":"CBD Hanf Gesicht straffende Nachtcreme Gan\u0111a sch\u00fctzt die Haut vor oxidativem Stress mit Coenzym Q10, Hanfextrakt und Argan\u00f6l.","robots":{"index":"index","follow":"follow","max-snippet":"max-snippet:-1","max-image-preview":"max-image-preview:large","max-video-preview":"max-video-preview:-1"},"canonical":"https:\/\/pharma-hemp.com\/de\/shop\/ganda-straffende-nachtcreme\/","og_locale":"de_DE","og_type":"article","og_title":"CBD Hanf Gesicht straffende Nachtcreme Gan\u0111a - Pharma Hemp","og_description":"CBD Hanf Gesicht straffende Nachtcreme Gan\u0111a sch\u00fctzt die Haut vor oxidativem Stress mit Coenzym Q10, Hanfextrakt und Argan\u00f6l.","og_url":"https:\/\/pharma-hemp.com\/de\/shop\/ganda-straffende-nachtcreme\/","og_site_name":"Pharma Hemp","article_modified_time":"2026-03-05T10:12:02+00:00","og_image":[{"width":510,"height":510,"url":"https:\/\/pharma-hemp.com\/wp-content\/uploads\/2025\/05\/02-gandja-night-cream-jar-510x510.png.webp","type":"image\/webp"}],"twitter_card":"summary_large_image","twitter_misc":{"Gesch\u00e4tzte Lesezeit":"1\u00a0Minute"},"schema":{"@context":"https:\/\/schema.org","@graph":[{"@type":"WebPage","@id":"https:\/\/pharma-hemp.com\/de\/shop\/ganda-straffende-nachtcreme\/","url":"https:\/\/pharma-hemp.com\/de\/shop\/ganda-straffende-nachtcreme\/","name":"CBD Hanf Gesicht straffende Nachtcreme Gan\u0111a - Pharma Hemp","isPartOf":{"@id":"https:\/\/pharma-hemp.com\/de\/#website"},"primaryImageOfPage":{"@id":"https:\/\/pharma-hemp.com\/de\/shop\/ganda-straffende-nachtcreme\/#primaryimage"},"image":{"@id":"https:\/\/pharma-hemp.com\/de\/shop\/ganda-straffende-nachtcreme\/#primaryimage"},"thumbnailUrl":"https:\/\/pharma-hemp.com\/wp-content\/uploads\/2025\/05\/02-gandja-night-cream-jar-510x510.png.webp","datePublished":"2025-05-14T07:22:41+00:00","dateModified":"2026-03-05T10:12:02+00:00","description":"CBD Hanf Gesicht straffende Nachtcreme Gan\u0111a sch\u00fctzt die Haut vor oxidativem Stress mit Coenzym Q10, Hanfextrakt und Argan\u00f6l.","breadcrumb":{"@id":"https:\/\/pharma-hemp.com\/de\/shop\/ganda-straffende-nachtcreme\/#breadcrumb"},"inLanguage":"de","potentialAction":[{"@type":"ReadAction","target":["https:\/\/pharma-hemp.com\/de\/shop\/ganda-straffende-nachtcreme\/"]}]},{"@type":"ImageObject","inLanguage":"de","@id":"https:\/\/pharma-hemp.com\/de\/shop\/ganda-straffende-nachtcreme\/#primaryimage","url":"https:\/\/pharma-hemp.com\/wp-content\/uploads\/2025\/05\/02-gandja-night-cream-jar-510x510.png.webp","contentUrl":"https:\/\/pharma-hemp.com\/wp-content\/uploads\/2025\/05\/02-gandja-night-cream-jar-510x510.png.webp","width":510,"height":510},{"@type":"BreadcrumbList","@id":"https:\/\/pharma-hemp.com\/de\/shop\/ganda-straffende-nachtcreme\/#breadcrumb","itemListElement":[{"@type":"ListItem","position":1,"name":"Home","item":"https:\/\/pharma-hemp.com\/de\/"},{"@type":"ListItem","position":2,"name":"Shop","item":"https:\/\/pharma-hemp.com\/de\/shop\/"},{"@type":"ListItem","position":3,"name":"Gan\u0111a straffende Nachtcreme"}]},{"@type":"WebSite","@id":"https:\/\/pharma-hemp.com\/de\/#website","url":"https:\/\/pharma-hemp.com\/de\/","name":"Pharma Hemp","description":"CBD store","publisher":{"@id":"https:\/\/pharma-hemp.com\/de\/#organization"},"potentialAction":[{"@type":"SearchAction","target":{"@type":"EntryPoint","urlTemplate":"https:\/\/pharma-hemp.com\/de\/?s={search_term_string}"},"query-input":{"@type":"PropertyValueSpecification","valueRequired":true,"valueName":"search_term_string"}}],"inLanguage":"de"},{"@type":"Organization","@id":"https:\/\/pharma-hemp.com\/de\/#organization","name":"PharmaHemp","url":"https:\/\/pharma-hemp.com\/de\/","logo":{"@type":"ImageObject","inLanguage":"de","@id":"https:\/\/pharma-hemp.com\/de\/#\/schema\/logo\/image\/","url":"https:\/\/pharma-hemp.com\/wp-content\/uploads\/2025\/04\/Pharma-Hemp-logo_crn-1.png","contentUrl":"https:\/\/pharma-hemp.com\/wp-content\/uploads\/2025\/04\/Pharma-Hemp-logo_crn-1.png","width":200,"height":44,"caption":"PharmaHemp"},"image":{"@id":"https:\/\/pharma-hemp.com\/de\/#\/schema\/logo\/image\/"}}]}},"_links":{"self":[{"href":"https:\/\/pharma-hemp.com\/de\/wp-json\/wp\/v2\/product\/577185","targetHints":{"allow":["GET"]}}],"collection":[{"href":"https:\/\/pharma-hemp.com\/de\/wp-json\/wp\/v2\/product"}],"about":[{"href":"https:\/\/pharma-hemp.com\/de\/wp-json\/wp\/v2\/types\/product"}],"wp:featuredmedia":[{"embeddable":true,"href":"https:\/\/pharma-hemp.com\/de\/wp-json\/wp\/v2\/media\/577186"}],"wp:attachment":[{"href":"https:\/\/pharma-hemp.com\/de\/wp-json\/wp\/v2\/media?parent=577185"}],"wp:term":[{"taxonomy":"product_brand","embeddable":true,"href":"https:\/\/pharma-hemp.com\/de\/wp-json\/wp\/v2\/product_brand?post=577185"},{"taxonomy":"product_cat","embeddable":true,"href":"https:\/\/pharma-hemp.com\/de\/wp-json\/wp\/v2\/product_cat?post=577185"},{"taxonomy":"product_tag","embeddable":true,"href":"https:\/\/pharma-hemp.com\/de\/wp-json\/wp\/v2\/product_tag?post=577185"}],"curies":[{"name":"wp","href":"https:\/\/api.w.org\/{rel}","templated":true}]}}