{"id":577165,"date":"2025-08-18T11:27:25","date_gmt":"2025-08-18T09:27:25","guid":{"rendered":"https:\/\/pharma-hemp.com\/?post_type=product&#038;p=577165"},"modified":"2026-03-04T10:34:13","modified_gmt":"2026-03-04T08:34:13","slug":"illumiel-ac-solution-foam-cleanser","status":"publish","type":"product","link":"https:\/\/pharma-hemp.com\/de\/shop\/illumiel-ac-solution-foam-cleanser\/","title":{"rendered":"Illumiel AC Solution Foam Cleanser"},"content":{"rendered":"<p>Ein sanfter, leicht s\u00e4urehaltiger Schaumreiniger. Diese cremige Reinigung entfernt Unreinheiten und abgestorbene Hautzellen, w\u00e4hrend sie die Haut n\u00e4hrt und mit Feuchtigkeit versorgt. Es beruhigt die Haut, ohne sie zu beschmutzen, und hinterl\u00e4sst sie weich, sauber und ausgeglichen. Geeignet f\u00fcr zu Akne neigende und empfindliche Haut.<\/p>\n","protected":false},"excerpt":{"rendered":"<p><span style=\"font-weight: 400;\">Ein Reinigungsmittel, das mehr als nur reinigt &#8211; es spendet Ihrer Haut Feuchtigkeit, beruhigt sie und stellt sie wieder her. Sie wurde f\u00fcr die t\u00e4gliche Anwendung auf Gesicht und Hals entwickelt und enth\u00e4lt hochwertige Inhaltsstoffe, die Ihre Haut erfrischen, n\u00e4hren und ausbalancieren, so dass sie auf alles vorbereitet ist, was als n\u00e4chstes kommt. <\/span><\/p>\n","protected":false},"featured_media":577200,"template":"","meta":[],"product_brand":[],"product_cat":[352,351],"product_tag":[1234,1169,1401,1227,1226,1163,1403,1164,1402,1231],"class_list":{"0":"post-577165","1":"product","2":"type-product","3":"status-publish","4":"has-post-thumbnail","6":"product_cat-illumiel","7":"product_cat-nach-marke-einkaufen","8":"product_tag-akne","9":"product_tag-empfindliche-haut","10":"product_tag-fettige-haut","11":"product_tag-mitesser","12":"product_tag-pickel","13":"product_tag-roetungen","14":"product_tag-taegliche-reinigung","15":"product_tag-trockene-stellen","16":"product_tag-unreine-haut","17":"product_tag-verstopfte-poren","19":"first","20":"instock","21":"shipping-taxable","22":"purchasable","23":"product-type-simple"},"acf":{"konfigurator_product_name":"","konfigurator_product_description":"","konfigurator_product_image_url":""},"yoast_head":"<!-- This site is optimized with the Yoast SEO plugin v27.3 - https:\/\/yoast.com\/product\/yoast-seo-wordpress\/ -->\n<title>Illumiel Schaumreiniger<\/title>\n<meta name=\"description\" content=\"Ein sanfter, leicht s\u00e4urehaltiger Schaumreiniger. Diese cremige Reinigung entfernt Unreinheiten und abgestorbene Hautzellen, w\u00e4hrend sie die Haut n\u00e4hrt und mit Feuchtigkeit versorgt. Sie beruhigt die Haut, ohne sie zu beschmutzen, und hinterl\u00e4sst sie weich, sauber und ausgeglichen. Geeignet f\u00fcr zu Akne neigende und empfindliche Haut.\" \/>\n<meta name=\"robots\" content=\"index, follow, max-snippet:-1, max-image-preview:large, max-video-preview:-1\" \/>\n<link rel=\"canonical\" href=\"https:\/\/pharma-hemp.com\/de\/shop\/illumiel-ac-solution-foam-cleanser\/\" \/>\n<meta property=\"og:locale\" content=\"de_DE\" \/>\n<meta property=\"og:type\" content=\"article\" \/>\n<meta property=\"og:title\" content=\"Illumiel Schaumreiniger\" \/>\n<meta property=\"og:description\" content=\"Ein sanfter, leicht s\u00e4urehaltiger Schaumreiniger. Diese cremige Reinigung entfernt Unreinheiten und abgestorbene Hautzellen, w\u00e4hrend sie die Haut n\u00e4hrt und mit Feuchtigkeit versorgt. Sie beruhigt die Haut, ohne sie zu beschmutzen, und hinterl\u00e4sst sie weich, sauber und ausgeglichen. Geeignet f\u00fcr zu Akne neigende und empfindliche Haut.\" \/>\n<meta property=\"og:url\" content=\"https:\/\/pharma-hemp.com\/de\/shop\/illumiel-ac-solution-foam-cleanser\/\" \/>\n<meta property=\"og:site_name\" content=\"Pharma Hemp\" \/>\n<meta property=\"article:modified_time\" content=\"2026-03-04T08:34:13+00:00\" \/>\n<meta property=\"og:image\" content=\"https:\/\/pharma-hemp.com\/wp-content\/uploads\/2025\/09\/Illumiel_AC_Solution_Foam_Cleanser_01.jpg\" \/>\n\t<meta property=\"og:image:width\" content=\"999\" \/>\n\t<meta property=\"og:image:height\" content=\"1000\" \/>\n\t<meta property=\"og:image:type\" content=\"image\/jpeg\" \/>\n<meta name=\"twitter:card\" content=\"summary_large_image\" \/>\n<meta name=\"twitter:label1\" content=\"Gesch\u00e4tzte Lesezeit\" \/>\n\t<meta name=\"twitter:data1\" content=\"1\u00a0Minute\" \/>\n<script type=\"application\/ld+json\" class=\"yoast-schema-graph\">{\"@context\":\"https:\\\/\\\/schema.org\",\"@graph\":[{\"@type\":\"WebPage\",\"@id\":\"https:\\\/\\\/pharma-hemp.com\\\/de\\\/shop\\\/illumiel-ac-solution-foam-cleanser\\\/\",\"url\":\"https:\\\/\\\/pharma-hemp.com\\\/de\\\/shop\\\/illumiel-ac-solution-foam-cleanser\\\/\",\"name\":\"Illumiel Schaumreiniger\",\"isPartOf\":{\"@id\":\"https:\\\/\\\/pharma-hemp.com\\\/de\\\/#website\"},\"primaryImageOfPage\":{\"@id\":\"https:\\\/\\\/pharma-hemp.com\\\/de\\\/shop\\\/illumiel-ac-solution-foam-cleanser\\\/#primaryimage\"},\"image\":{\"@id\":\"https:\\\/\\\/pharma-hemp.com\\\/de\\\/shop\\\/illumiel-ac-solution-foam-cleanser\\\/#primaryimage\"},\"thumbnailUrl\":\"https:\\\/\\\/pharma-hemp.com\\\/wp-content\\\/uploads\\\/2025\\\/09\\\/Illumiel_AC_Solution_Foam_Cleanser_01.jpg\",\"datePublished\":\"2025-08-18T09:27:25+00:00\",\"dateModified\":\"2026-03-04T08:34:13+00:00\",\"description\":\"Ein sanfter, leicht s\u00e4urehaltiger Schaumreiniger. Diese cremige Reinigung entfernt Unreinheiten und abgestorbene Hautzellen, w\u00e4hrend sie die Haut n\u00e4hrt und mit Feuchtigkeit versorgt. Sie beruhigt die Haut, ohne sie zu beschmutzen, und hinterl\u00e4sst sie weich, sauber und ausgeglichen. Geeignet f\u00fcr zu Akne neigende und empfindliche Haut.\",\"breadcrumb\":{\"@id\":\"https:\\\/\\\/pharma-hemp.com\\\/de\\\/shop\\\/illumiel-ac-solution-foam-cleanser\\\/#breadcrumb\"},\"inLanguage\":\"de\",\"potentialAction\":[{\"@type\":\"ReadAction\",\"target\":[\"https:\\\/\\\/pharma-hemp.com\\\/de\\\/shop\\\/illumiel-ac-solution-foam-cleanser\\\/\"]}]},{\"@type\":\"ImageObject\",\"inLanguage\":\"de\",\"@id\":\"https:\\\/\\\/pharma-hemp.com\\\/de\\\/shop\\\/illumiel-ac-solution-foam-cleanser\\\/#primaryimage\",\"url\":\"https:\\\/\\\/pharma-hemp.com\\\/wp-content\\\/uploads\\\/2025\\\/09\\\/Illumiel_AC_Solution_Foam_Cleanser_01.jpg\",\"contentUrl\":\"https:\\\/\\\/pharma-hemp.com\\\/wp-content\\\/uploads\\\/2025\\\/09\\\/Illumiel_AC_Solution_Foam_Cleanser_01.jpg\",\"width\":999,\"height\":1000},{\"@type\":\"BreadcrumbList\",\"@id\":\"https:\\\/\\\/pharma-hemp.com\\\/de\\\/shop\\\/illumiel-ac-solution-foam-cleanser\\\/#breadcrumb\",\"itemListElement\":[{\"@type\":\"ListItem\",\"position\":1,\"name\":\"Home\",\"item\":\"https:\\\/\\\/pharma-hemp.com\\\/de\\\/\"},{\"@type\":\"ListItem\",\"position\":2,\"name\":\"Shop\",\"item\":\"https:\\\/\\\/pharma-hemp.com\\\/de\\\/shop\\\/\"},{\"@type\":\"ListItem\",\"position\":3,\"name\":\"Illumiel AC Solution Foam Cleanser\"}]},{\"@type\":\"WebSite\",\"@id\":\"https:\\\/\\\/pharma-hemp.com\\\/de\\\/#website\",\"url\":\"https:\\\/\\\/pharma-hemp.com\\\/de\\\/\",\"name\":\"Pharma Hemp\",\"description\":\"CBD store\",\"publisher\":{\"@id\":\"https:\\\/\\\/pharma-hemp.com\\\/de\\\/#organization\"},\"potentialAction\":[{\"@type\":\"SearchAction\",\"target\":{\"@type\":\"EntryPoint\",\"urlTemplate\":\"https:\\\/\\\/pharma-hemp.com\\\/de\\\/?s={search_term_string}\"},\"query-input\":{\"@type\":\"PropertyValueSpecification\",\"valueRequired\":true,\"valueName\":\"search_term_string\"}}],\"inLanguage\":\"de\"},{\"@type\":\"Organization\",\"@id\":\"https:\\\/\\\/pharma-hemp.com\\\/de\\\/#organization\",\"name\":\"PharmaHemp\",\"url\":\"https:\\\/\\\/pharma-hemp.com\\\/de\\\/\",\"logo\":{\"@type\":\"ImageObject\",\"inLanguage\":\"de\",\"@id\":\"https:\\\/\\\/pharma-hemp.com\\\/de\\\/#\\\/schema\\\/logo\\\/image\\\/\",\"url\":\"https:\\\/\\\/pharma-hemp.com\\\/wp-content\\\/uploads\\\/2025\\\/04\\\/Pharma-Hemp-logo_crn-1.png\",\"contentUrl\":\"https:\\\/\\\/pharma-hemp.com\\\/wp-content\\\/uploads\\\/2025\\\/04\\\/Pharma-Hemp-logo_crn-1.png\",\"width\":200,\"height\":44,\"caption\":\"PharmaHemp\"},\"image\":{\"@id\":\"https:\\\/\\\/pharma-hemp.com\\\/de\\\/#\\\/schema\\\/logo\\\/image\\\/\"}}]}<\/script>\n<!-- \/ Yoast SEO plugin. -->","yoast_head_json":{"title":"Illumiel Schaumreiniger","description":"Ein sanfter, leicht s\u00e4urehaltiger Schaumreiniger. Diese cremige Reinigung entfernt Unreinheiten und abgestorbene Hautzellen, w\u00e4hrend sie die Haut n\u00e4hrt und mit Feuchtigkeit versorgt. Sie beruhigt die Haut, ohne sie zu beschmutzen, und hinterl\u00e4sst sie weich, sauber und ausgeglichen. Geeignet f\u00fcr zu Akne neigende und empfindliche Haut.","robots":{"index":"index","follow":"follow","max-snippet":"max-snippet:-1","max-image-preview":"max-image-preview:large","max-video-preview":"max-video-preview:-1"},"canonical":"https:\/\/pharma-hemp.com\/de\/shop\/illumiel-ac-solution-foam-cleanser\/","og_locale":"de_DE","og_type":"article","og_title":"Illumiel Schaumreiniger","og_description":"Ein sanfter, leicht s\u00e4urehaltiger Schaumreiniger. Diese cremige Reinigung entfernt Unreinheiten und abgestorbene Hautzellen, w\u00e4hrend sie die Haut n\u00e4hrt und mit Feuchtigkeit versorgt. Sie beruhigt die Haut, ohne sie zu beschmutzen, und hinterl\u00e4sst sie weich, sauber und ausgeglichen. Geeignet f\u00fcr zu Akne neigende und empfindliche Haut.","og_url":"https:\/\/pharma-hemp.com\/de\/shop\/illumiel-ac-solution-foam-cleanser\/","og_site_name":"Pharma Hemp","article_modified_time":"2026-03-04T08:34:13+00:00","og_image":[{"width":999,"height":1000,"url":"https:\/\/pharma-hemp.com\/wp-content\/uploads\/2025\/09\/Illumiel_AC_Solution_Foam_Cleanser_01.jpg","type":"image\/jpeg"}],"twitter_card":"summary_large_image","twitter_misc":{"Gesch\u00e4tzte Lesezeit":"1\u00a0Minute"},"schema":{"@context":"https:\/\/schema.org","@graph":[{"@type":"WebPage","@id":"https:\/\/pharma-hemp.com\/de\/shop\/illumiel-ac-solution-foam-cleanser\/","url":"https:\/\/pharma-hemp.com\/de\/shop\/illumiel-ac-solution-foam-cleanser\/","name":"Illumiel Schaumreiniger","isPartOf":{"@id":"https:\/\/pharma-hemp.com\/de\/#website"},"primaryImageOfPage":{"@id":"https:\/\/pharma-hemp.com\/de\/shop\/illumiel-ac-solution-foam-cleanser\/#primaryimage"},"image":{"@id":"https:\/\/pharma-hemp.com\/de\/shop\/illumiel-ac-solution-foam-cleanser\/#primaryimage"},"thumbnailUrl":"https:\/\/pharma-hemp.com\/wp-content\/uploads\/2025\/09\/Illumiel_AC_Solution_Foam_Cleanser_01.jpg","datePublished":"2025-08-18T09:27:25+00:00","dateModified":"2026-03-04T08:34:13+00:00","description":"Ein sanfter, leicht s\u00e4urehaltiger Schaumreiniger. Diese cremige Reinigung entfernt Unreinheiten und abgestorbene Hautzellen, w\u00e4hrend sie die Haut n\u00e4hrt und mit Feuchtigkeit versorgt. Sie beruhigt die Haut, ohne sie zu beschmutzen, und hinterl\u00e4sst sie weich, sauber und ausgeglichen. Geeignet f\u00fcr zu Akne neigende und empfindliche Haut.","breadcrumb":{"@id":"https:\/\/pharma-hemp.com\/de\/shop\/illumiel-ac-solution-foam-cleanser\/#breadcrumb"},"inLanguage":"de","potentialAction":[{"@type":"ReadAction","target":["https:\/\/pharma-hemp.com\/de\/shop\/illumiel-ac-solution-foam-cleanser\/"]}]},{"@type":"ImageObject","inLanguage":"de","@id":"https:\/\/pharma-hemp.com\/de\/shop\/illumiel-ac-solution-foam-cleanser\/#primaryimage","url":"https:\/\/pharma-hemp.com\/wp-content\/uploads\/2025\/09\/Illumiel_AC_Solution_Foam_Cleanser_01.jpg","contentUrl":"https:\/\/pharma-hemp.com\/wp-content\/uploads\/2025\/09\/Illumiel_AC_Solution_Foam_Cleanser_01.jpg","width":999,"height":1000},{"@type":"BreadcrumbList","@id":"https:\/\/pharma-hemp.com\/de\/shop\/illumiel-ac-solution-foam-cleanser\/#breadcrumb","itemListElement":[{"@type":"ListItem","position":1,"name":"Home","item":"https:\/\/pharma-hemp.com\/de\/"},{"@type":"ListItem","position":2,"name":"Shop","item":"https:\/\/pharma-hemp.com\/de\/shop\/"},{"@type":"ListItem","position":3,"name":"Illumiel AC Solution Foam Cleanser"}]},{"@type":"WebSite","@id":"https:\/\/pharma-hemp.com\/de\/#website","url":"https:\/\/pharma-hemp.com\/de\/","name":"Pharma Hemp","description":"CBD store","publisher":{"@id":"https:\/\/pharma-hemp.com\/de\/#organization"},"potentialAction":[{"@type":"SearchAction","target":{"@type":"EntryPoint","urlTemplate":"https:\/\/pharma-hemp.com\/de\/?s={search_term_string}"},"query-input":{"@type":"PropertyValueSpecification","valueRequired":true,"valueName":"search_term_string"}}],"inLanguage":"de"},{"@type":"Organization","@id":"https:\/\/pharma-hemp.com\/de\/#organization","name":"PharmaHemp","url":"https:\/\/pharma-hemp.com\/de\/","logo":{"@type":"ImageObject","inLanguage":"de","@id":"https:\/\/pharma-hemp.com\/de\/#\/schema\/logo\/image\/","url":"https:\/\/pharma-hemp.com\/wp-content\/uploads\/2025\/04\/Pharma-Hemp-logo_crn-1.png","contentUrl":"https:\/\/pharma-hemp.com\/wp-content\/uploads\/2025\/04\/Pharma-Hemp-logo_crn-1.png","width":200,"height":44,"caption":"PharmaHemp"},"image":{"@id":"https:\/\/pharma-hemp.com\/de\/#\/schema\/logo\/image\/"}}]}},"_links":{"self":[{"href":"https:\/\/pharma-hemp.com\/de\/wp-json\/wp\/v2\/product\/577165","targetHints":{"allow":["GET"]}}],"collection":[{"href":"https:\/\/pharma-hemp.com\/de\/wp-json\/wp\/v2\/product"}],"about":[{"href":"https:\/\/pharma-hemp.com\/de\/wp-json\/wp\/v2\/types\/product"}],"wp:featuredmedia":[{"embeddable":true,"href":"https:\/\/pharma-hemp.com\/de\/wp-json\/wp\/v2\/media\/577200"}],"wp:attachment":[{"href":"https:\/\/pharma-hemp.com\/de\/wp-json\/wp\/v2\/media?parent=577165"}],"wp:term":[{"taxonomy":"product_brand","embeddable":true,"href":"https:\/\/pharma-hemp.com\/de\/wp-json\/wp\/v2\/product_brand?post=577165"},{"taxonomy":"product_cat","embeddable":true,"href":"https:\/\/pharma-hemp.com\/de\/wp-json\/wp\/v2\/product_cat?post=577165"},{"taxonomy":"product_tag","embeddable":true,"href":"https:\/\/pharma-hemp.com\/de\/wp-json\/wp\/v2\/product_tag?post=577165"}],"curies":[{"name":"wp","href":"https:\/\/api.w.org\/{rel}","templated":true}]}}