{"id":577157,"date":"2025-11-28T09:55:47","date_gmt":"2025-11-28T07:55:47","guid":{"rendered":"https:\/\/pharma-hemp.com\/?post_type=product&#038;p=577157"},"modified":"2026-04-07T22:54:11","modified_gmt":"2026-04-07T20:54:11","slug":"essterra-traeumen-sie-weiter","status":"publish","type":"product","link":"https:\/\/pharma-hemp.com\/de\/shop\/essterra-traeumen-sie-weiter\/","title":{"rendered":"ESSTERRA &#8211; Tr\u00e4umen Sie weiter"},"content":{"rendered":"<h4><strong>Vollst\u00e4ndige Entspannung f\u00fcr ruhigen Schlaf<\/strong><\/h4>\n<ul>\n<li style=\"list-style-type: none;\">\n<ul>\n<li>F\u00f6rdert den Tiefschlaf<\/li>\n<li>Reduziert Stress<\/li>\n<li>Hilft bei Schlaflosigkeit<\/li>\n<\/ul>\n<\/li>\n<\/ul>\n","protected":false},"excerpt":{"rendered":"<h4><strong>Vollst\u00e4ndige Entspannung f\u00fcr ruhigen Schlaf<\/strong><\/h4>\n<ul>\n<li style=\"list-style-type: none;\">\n<ul>\n<li>F\u00f6rdert den Tiefschlaf<\/li>\n<li>Reduziert Stress<\/li>\n<li>Hilft bei Schlaflosigkeit<\/li>\n<\/ul>\n<\/li>\n<\/ul>\n","protected":false},"featured_media":577163,"template":"","meta":[],"product_brand":[],"product_cat":[349,348,350,354,347],"product_tag":[1673,1671,1332,1670,1021,1013,1674,1019,1672,1315],"class_list":{"0":"post-577157","1":"product","2":"type-product","3":"status-publish","4":"has-post-thumbnail","6":"product_cat-andere-marken","7":"product_cat-andere-produkte","8":"product_cat-essterra","9":"product_cat-kuhlen-sie","10":"product_cat-uncategorized","11":"product_tag-bettangst","12":"product_tag-einschlafprobleme","13":"product_tag-leichter-schlaf","14":"product_tag-nachtstress","15":"product_tag-rasende-gedanken","16":"product_tag-schlaflosigkeit","17":"product_tag-schlafstoerungen","18":"product_tag-schlechte-schlafqualitaet","19":"product_tag-ueberaktiver-geist","20":"product_tag-unruhe","22":"first","23":"instock","24":"shipping-taxable","25":"purchasable","26":"product-type-simple"},"acf":{"konfigurator_product_name":"","konfigurator_product_description":"","konfigurator_product_image_url":""},"yoast_head":"<!-- This site is optimized with the Yoast SEO plugin v27.3 - https:\/\/yoast.com\/product\/yoast-seo-wordpress\/ -->\n<title>ESSTERRA - Tr\u00e4umen Sie weiter - Pharma Hemp<\/title>\n<meta name=\"robots\" content=\"index, follow, max-snippet:-1, max-image-preview:large, max-video-preview:-1\" \/>\n<link rel=\"canonical\" href=\"https:\/\/pharma-hemp.com\/de\/shop\/essterra-traeumen-sie-weiter\/\" \/>\n<meta property=\"og:locale\" content=\"de_DE\" \/>\n<meta property=\"og:type\" content=\"article\" \/>\n<meta property=\"og:title\" content=\"ESSTERRA - Tr\u00e4umen Sie weiter - Pharma Hemp\" \/>\n<meta property=\"og:description\" content=\"Vollst\u00e4ndige Entspannung f\u00fcr ruhigen Schlaf      F\u00f6rdert den Tiefschlaf  Reduziert Stress  Hilft bei Schlaflosigkeit\" \/>\n<meta property=\"og:url\" content=\"https:\/\/pharma-hemp.com\/de\/shop\/essterra-traeumen-sie-weiter\/\" \/>\n<meta property=\"og:site_name\" content=\"Pharma Hemp\" \/>\n<meta property=\"article:modified_time\" content=\"2026-04-07T20:54:11+00:00\" \/>\n<meta property=\"og:image\" content=\"https:\/\/pharma-hemp.com\/wp-content\/uploads\/2025\/11\/dreamOn_01.png\" \/>\n\t<meta property=\"og:image:width\" content=\"1024\" \/>\n\t<meta property=\"og:image:height\" content=\"1024\" \/>\n\t<meta property=\"og:image:type\" content=\"image\/png\" \/>\n<meta name=\"twitter:card\" content=\"summary_large_image\" \/>\n<meta name=\"twitter:label1\" content=\"Gesch\u00e4tzte Lesezeit\" \/>\n\t<meta name=\"twitter:data1\" content=\"1\u00a0Minute\" \/>\n<script type=\"application\/ld+json\" class=\"yoast-schema-graph\">{\"@context\":\"https:\\\/\\\/schema.org\",\"@graph\":[{\"@type\":\"WebPage\",\"@id\":\"https:\\\/\\\/pharma-hemp.com\\\/de\\\/shop\\\/essterra-traeumen-sie-weiter\\\/\",\"url\":\"https:\\\/\\\/pharma-hemp.com\\\/de\\\/shop\\\/essterra-traeumen-sie-weiter\\\/\",\"name\":\"ESSTERRA - Tr\u00e4umen Sie weiter - Pharma Hemp\",\"isPartOf\":{\"@id\":\"https:\\\/\\\/pharma-hemp.com\\\/de\\\/#website\"},\"primaryImageOfPage\":{\"@id\":\"https:\\\/\\\/pharma-hemp.com\\\/de\\\/shop\\\/essterra-traeumen-sie-weiter\\\/#primaryimage\"},\"image\":{\"@id\":\"https:\\\/\\\/pharma-hemp.com\\\/de\\\/shop\\\/essterra-traeumen-sie-weiter\\\/#primaryimage\"},\"thumbnailUrl\":\"https:\\\/\\\/pharma-hemp.com\\\/wp-content\\\/uploads\\\/2025\\\/11\\\/dreamOn_01.png\",\"datePublished\":\"2025-11-28T07:55:47+00:00\",\"dateModified\":\"2026-04-07T20:54:11+00:00\",\"breadcrumb\":{\"@id\":\"https:\\\/\\\/pharma-hemp.com\\\/de\\\/shop\\\/essterra-traeumen-sie-weiter\\\/#breadcrumb\"},\"inLanguage\":\"de\",\"potentialAction\":[{\"@type\":\"ReadAction\",\"target\":[\"https:\\\/\\\/pharma-hemp.com\\\/de\\\/shop\\\/essterra-traeumen-sie-weiter\\\/\"]}]},{\"@type\":\"ImageObject\",\"inLanguage\":\"de\",\"@id\":\"https:\\\/\\\/pharma-hemp.com\\\/de\\\/shop\\\/essterra-traeumen-sie-weiter\\\/#primaryimage\",\"url\":\"https:\\\/\\\/pharma-hemp.com\\\/wp-content\\\/uploads\\\/2025\\\/11\\\/dreamOn_01.png\",\"contentUrl\":\"https:\\\/\\\/pharma-hemp.com\\\/wp-content\\\/uploads\\\/2025\\\/11\\\/dreamOn_01.png\",\"width\":1024,\"height\":1024},{\"@type\":\"BreadcrumbList\",\"@id\":\"https:\\\/\\\/pharma-hemp.com\\\/de\\\/shop\\\/essterra-traeumen-sie-weiter\\\/#breadcrumb\",\"itemListElement\":[{\"@type\":\"ListItem\",\"position\":1,\"name\":\"Home\",\"item\":\"https:\\\/\\\/pharma-hemp.com\\\/de\\\/\"},{\"@type\":\"ListItem\",\"position\":2,\"name\":\"Shop\",\"item\":\"https:\\\/\\\/pharma-hemp.com\\\/de\\\/shop\\\/\"},{\"@type\":\"ListItem\",\"position\":3,\"name\":\"ESSTERRA &#8211; Tr\u00e4umen Sie weiter\"}]},{\"@type\":\"WebSite\",\"@id\":\"https:\\\/\\\/pharma-hemp.com\\\/de\\\/#website\",\"url\":\"https:\\\/\\\/pharma-hemp.com\\\/de\\\/\",\"name\":\"Pharma Hemp\",\"description\":\"CBD store\",\"publisher\":{\"@id\":\"https:\\\/\\\/pharma-hemp.com\\\/de\\\/#organization\"},\"potentialAction\":[{\"@type\":\"SearchAction\",\"target\":{\"@type\":\"EntryPoint\",\"urlTemplate\":\"https:\\\/\\\/pharma-hemp.com\\\/de\\\/?s={search_term_string}\"},\"query-input\":{\"@type\":\"PropertyValueSpecification\",\"valueRequired\":true,\"valueName\":\"search_term_string\"}}],\"inLanguage\":\"de\"},{\"@type\":\"Organization\",\"@id\":\"https:\\\/\\\/pharma-hemp.com\\\/de\\\/#organization\",\"name\":\"PharmaHemp\",\"url\":\"https:\\\/\\\/pharma-hemp.com\\\/de\\\/\",\"logo\":{\"@type\":\"ImageObject\",\"inLanguage\":\"de\",\"@id\":\"https:\\\/\\\/pharma-hemp.com\\\/de\\\/#\\\/schema\\\/logo\\\/image\\\/\",\"url\":\"https:\\\/\\\/pharma-hemp.com\\\/wp-content\\\/uploads\\\/2025\\\/04\\\/Pharma-Hemp-logo_crn-1.png\",\"contentUrl\":\"https:\\\/\\\/pharma-hemp.com\\\/wp-content\\\/uploads\\\/2025\\\/04\\\/Pharma-Hemp-logo_crn-1.png\",\"width\":200,\"height\":44,\"caption\":\"PharmaHemp\"},\"image\":{\"@id\":\"https:\\\/\\\/pharma-hemp.com\\\/de\\\/#\\\/schema\\\/logo\\\/image\\\/\"}}]}<\/script>\n<!-- \/ Yoast SEO plugin. -->","yoast_head_json":{"title":"ESSTERRA - Tr\u00e4umen Sie weiter - Pharma Hemp","robots":{"index":"index","follow":"follow","max-snippet":"max-snippet:-1","max-image-preview":"max-image-preview:large","max-video-preview":"max-video-preview:-1"},"canonical":"https:\/\/pharma-hemp.com\/de\/shop\/essterra-traeumen-sie-weiter\/","og_locale":"de_DE","og_type":"article","og_title":"ESSTERRA - Tr\u00e4umen Sie weiter - Pharma Hemp","og_description":"Vollst\u00e4ndige Entspannung f\u00fcr ruhigen Schlaf      F\u00f6rdert den Tiefschlaf  Reduziert Stress  Hilft bei Schlaflosigkeit","og_url":"https:\/\/pharma-hemp.com\/de\/shop\/essterra-traeumen-sie-weiter\/","og_site_name":"Pharma Hemp","article_modified_time":"2026-04-07T20:54:11+00:00","og_image":[{"width":1024,"height":1024,"url":"https:\/\/pharma-hemp.com\/wp-content\/uploads\/2025\/11\/dreamOn_01.png","type":"image\/png"}],"twitter_card":"summary_large_image","twitter_misc":{"Gesch\u00e4tzte Lesezeit":"1\u00a0Minute"},"schema":{"@context":"https:\/\/schema.org","@graph":[{"@type":"WebPage","@id":"https:\/\/pharma-hemp.com\/de\/shop\/essterra-traeumen-sie-weiter\/","url":"https:\/\/pharma-hemp.com\/de\/shop\/essterra-traeumen-sie-weiter\/","name":"ESSTERRA - Tr\u00e4umen Sie weiter - Pharma Hemp","isPartOf":{"@id":"https:\/\/pharma-hemp.com\/de\/#website"},"primaryImageOfPage":{"@id":"https:\/\/pharma-hemp.com\/de\/shop\/essterra-traeumen-sie-weiter\/#primaryimage"},"image":{"@id":"https:\/\/pharma-hemp.com\/de\/shop\/essterra-traeumen-sie-weiter\/#primaryimage"},"thumbnailUrl":"https:\/\/pharma-hemp.com\/wp-content\/uploads\/2025\/11\/dreamOn_01.png","datePublished":"2025-11-28T07:55:47+00:00","dateModified":"2026-04-07T20:54:11+00:00","breadcrumb":{"@id":"https:\/\/pharma-hemp.com\/de\/shop\/essterra-traeumen-sie-weiter\/#breadcrumb"},"inLanguage":"de","potentialAction":[{"@type":"ReadAction","target":["https:\/\/pharma-hemp.com\/de\/shop\/essterra-traeumen-sie-weiter\/"]}]},{"@type":"ImageObject","inLanguage":"de","@id":"https:\/\/pharma-hemp.com\/de\/shop\/essterra-traeumen-sie-weiter\/#primaryimage","url":"https:\/\/pharma-hemp.com\/wp-content\/uploads\/2025\/11\/dreamOn_01.png","contentUrl":"https:\/\/pharma-hemp.com\/wp-content\/uploads\/2025\/11\/dreamOn_01.png","width":1024,"height":1024},{"@type":"BreadcrumbList","@id":"https:\/\/pharma-hemp.com\/de\/shop\/essterra-traeumen-sie-weiter\/#breadcrumb","itemListElement":[{"@type":"ListItem","position":1,"name":"Home","item":"https:\/\/pharma-hemp.com\/de\/"},{"@type":"ListItem","position":2,"name":"Shop","item":"https:\/\/pharma-hemp.com\/de\/shop\/"},{"@type":"ListItem","position":3,"name":"ESSTERRA &#8211; Tr\u00e4umen Sie weiter"}]},{"@type":"WebSite","@id":"https:\/\/pharma-hemp.com\/de\/#website","url":"https:\/\/pharma-hemp.com\/de\/","name":"Pharma Hemp","description":"CBD store","publisher":{"@id":"https:\/\/pharma-hemp.com\/de\/#organization"},"potentialAction":[{"@type":"SearchAction","target":{"@type":"EntryPoint","urlTemplate":"https:\/\/pharma-hemp.com\/de\/?s={search_term_string}"},"query-input":{"@type":"PropertyValueSpecification","valueRequired":true,"valueName":"search_term_string"}}],"inLanguage":"de"},{"@type":"Organization","@id":"https:\/\/pharma-hemp.com\/de\/#organization","name":"PharmaHemp","url":"https:\/\/pharma-hemp.com\/de\/","logo":{"@type":"ImageObject","inLanguage":"de","@id":"https:\/\/pharma-hemp.com\/de\/#\/schema\/logo\/image\/","url":"https:\/\/pharma-hemp.com\/wp-content\/uploads\/2025\/04\/Pharma-Hemp-logo_crn-1.png","contentUrl":"https:\/\/pharma-hemp.com\/wp-content\/uploads\/2025\/04\/Pharma-Hemp-logo_crn-1.png","width":200,"height":44,"caption":"PharmaHemp"},"image":{"@id":"https:\/\/pharma-hemp.com\/de\/#\/schema\/logo\/image\/"}}]}},"_links":{"self":[{"href":"https:\/\/pharma-hemp.com\/de\/wp-json\/wp\/v2\/product\/577157","targetHints":{"allow":["GET"]}}],"collection":[{"href":"https:\/\/pharma-hemp.com\/de\/wp-json\/wp\/v2\/product"}],"about":[{"href":"https:\/\/pharma-hemp.com\/de\/wp-json\/wp\/v2\/types\/product"}],"wp:featuredmedia":[{"embeddable":true,"href":"https:\/\/pharma-hemp.com\/de\/wp-json\/wp\/v2\/media\/577163"}],"wp:attachment":[{"href":"https:\/\/pharma-hemp.com\/de\/wp-json\/wp\/v2\/media?parent=577157"}],"wp:term":[{"taxonomy":"product_brand","embeddable":true,"href":"https:\/\/pharma-hemp.com\/de\/wp-json\/wp\/v2\/product_brand?post=577157"},{"taxonomy":"product_cat","embeddable":true,"href":"https:\/\/pharma-hemp.com\/de\/wp-json\/wp\/v2\/product_cat?post=577157"},{"taxonomy":"product_tag","embeddable":true,"href":"https:\/\/pharma-hemp.com\/de\/wp-json\/wp\/v2\/product_tag?post=577157"}],"curies":[{"name":"wp","href":"https:\/\/api.w.org\/{rel}","templated":true}]}}