{"id":577144,"date":"2025-11-28T11:38:30","date_gmt":"2025-11-28T09:38:30","guid":{"rendered":"https:\/\/pharma-hemp.com\/?post_type=product&#038;p=577144"},"modified":"2026-04-07T22:53:12","modified_gmt":"2026-04-07T20:53:12","slug":"essterra-leichtigkeit-fuer-den-bauch","status":"publish","type":"product","link":"https:\/\/pharma-hemp.com\/de\/shop\/essterra-leichtigkeit-fuer-den-bauch\/","title":{"rendered":"ESSTERRA &#8211; Leichtigkeit f\u00fcr den Bauch"},"content":{"rendered":"<h4><b><strong>Nat\u00fcrliche L\u00f6sung f\u00fcr Verdauungsprobleme<\/strong><\/b><\/h4>\n<ul>\n<li style=\"list-style-type: none;\">\n<ul>\n<li>Hilft bei Bl\u00e4hungen<\/li>\n<li>Hilft der Verdauung<\/li>\n<li>Hilft bei Magenproblemen<\/li>\n<\/ul>\n<\/li>\n<\/ul>\n","protected":false},"excerpt":{"rendered":"<h4><b><strong>Nat\u00fcrliche L\u00f6sung f\u00fcr Verdauungsprobleme<\/strong><\/b><\/h4>\n<ul>\n<li style=\"list-style-type: none;\">\n<ul>\n<li>Hilft bei Bl\u00e4hungen<\/li>\n<li>Hilft der Verdauung<\/li>\n<li>Hilft bei Magenproblemen<\/li>\n<\/ul>\n<\/li>\n<\/ul>\n","protected":false},"featured_media":577150,"template":"","meta":[],"product_brand":[],"product_cat":[349,348,353,350,354,347],"product_tag":[1590,1585,1584,1588,1589,1591,1587,1311,1592,1586],"class_list":{"0":"post-577144","1":"product","2":"type-product","3":"status-publish","4":"has-post-thumbnail","6":"product_cat-andere-marken","7":"product_cat-andere-produkte","8":"product_cat-erholung","9":"product_cat-essterra","10":"product_cat-kuhlen-sie","11":"product_cat-uncategorized","12":"product_tag-bauchbeschwerden","13":"product_tag-bauchschmerzen","14":"product_tag-blaehungen","15":"product_tag-kraempfe","16":"product_tag-langsame-verdauung","17":"product_tag-magenverstimmung","18":"product_tag-uebelkeit","19":"product_tag-verdauungsprobleme","20":"product_tag-verdauungsspannung","21":"product_tag-voellegefuehl","23":"first","24":"instock","25":"shipping-taxable","26":"purchasable","27":"product-type-simple"},"acf":{"konfigurator_product_name":"","konfigurator_product_description":"","konfigurator_product_image_url":""},"yoast_head":"<!-- This site is optimized with the Yoast SEO plugin v27.3 - https:\/\/yoast.com\/product\/yoast-seo-wordpress\/ -->\n<title>ESSTERRA - Leichtigkeit f\u00fcr den Bauch - Pharma Hemp<\/title>\n<meta name=\"robots\" content=\"index, follow, max-snippet:-1, max-image-preview:large, max-video-preview:-1\" \/>\n<link rel=\"canonical\" href=\"https:\/\/pharma-hemp.com\/de\/shop\/essterra-leichtigkeit-fuer-den-bauch\/\" \/>\n<meta property=\"og:locale\" content=\"de_DE\" \/>\n<meta property=\"og:type\" content=\"article\" \/>\n<meta property=\"og:title\" content=\"ESSTERRA - Leichtigkeit f\u00fcr den Bauch - Pharma Hemp\" \/>\n<meta property=\"og:description\" content=\"Nat\u00fcrliche L\u00f6sung f\u00fcr Verdauungsprobleme      Hilft bei Bl\u00e4hungen  Hilft der Verdauung  Hilft bei Magenproblemen\" \/>\n<meta property=\"og:url\" content=\"https:\/\/pharma-hemp.com\/de\/shop\/essterra-leichtigkeit-fuer-den-bauch\/\" \/>\n<meta property=\"og:site_name\" content=\"Pharma Hemp\" \/>\n<meta property=\"article:modified_time\" content=\"2026-04-07T20:53:12+00:00\" \/>\n<meta property=\"og:image\" content=\"https:\/\/pharma-hemp.com\/wp-content\/uploads\/2025\/11\/bellyEase_01.png\" \/>\n\t<meta property=\"og:image:width\" content=\"1024\" \/>\n\t<meta property=\"og:image:height\" content=\"1024\" \/>\n\t<meta property=\"og:image:type\" content=\"image\/png\" \/>\n<meta name=\"twitter:card\" content=\"summary_large_image\" \/>\n<meta name=\"twitter:label1\" content=\"Gesch\u00e4tzte Lesezeit\" \/>\n\t<meta name=\"twitter:data1\" content=\"1\u00a0Minute\" \/>\n<script type=\"application\/ld+json\" class=\"yoast-schema-graph\">{\"@context\":\"https:\\\/\\\/schema.org\",\"@graph\":[{\"@type\":\"WebPage\",\"@id\":\"https:\\\/\\\/pharma-hemp.com\\\/de\\\/shop\\\/essterra-leichtigkeit-fuer-den-bauch\\\/\",\"url\":\"https:\\\/\\\/pharma-hemp.com\\\/de\\\/shop\\\/essterra-leichtigkeit-fuer-den-bauch\\\/\",\"name\":\"ESSTERRA - Leichtigkeit f\u00fcr den Bauch - Pharma Hemp\",\"isPartOf\":{\"@id\":\"https:\\\/\\\/pharma-hemp.com\\\/de\\\/#website\"},\"primaryImageOfPage\":{\"@id\":\"https:\\\/\\\/pharma-hemp.com\\\/de\\\/shop\\\/essterra-leichtigkeit-fuer-den-bauch\\\/#primaryimage\"},\"image\":{\"@id\":\"https:\\\/\\\/pharma-hemp.com\\\/de\\\/shop\\\/essterra-leichtigkeit-fuer-den-bauch\\\/#primaryimage\"},\"thumbnailUrl\":\"https:\\\/\\\/pharma-hemp.com\\\/wp-content\\\/uploads\\\/2025\\\/11\\\/bellyEase_01.png\",\"datePublished\":\"2025-11-28T09:38:30+00:00\",\"dateModified\":\"2026-04-07T20:53:12+00:00\",\"breadcrumb\":{\"@id\":\"https:\\\/\\\/pharma-hemp.com\\\/de\\\/shop\\\/essterra-leichtigkeit-fuer-den-bauch\\\/#breadcrumb\"},\"inLanguage\":\"de\",\"potentialAction\":[{\"@type\":\"ReadAction\",\"target\":[\"https:\\\/\\\/pharma-hemp.com\\\/de\\\/shop\\\/essterra-leichtigkeit-fuer-den-bauch\\\/\"]}]},{\"@type\":\"ImageObject\",\"inLanguage\":\"de\",\"@id\":\"https:\\\/\\\/pharma-hemp.com\\\/de\\\/shop\\\/essterra-leichtigkeit-fuer-den-bauch\\\/#primaryimage\",\"url\":\"https:\\\/\\\/pharma-hemp.com\\\/wp-content\\\/uploads\\\/2025\\\/11\\\/bellyEase_01.png\",\"contentUrl\":\"https:\\\/\\\/pharma-hemp.com\\\/wp-content\\\/uploads\\\/2025\\\/11\\\/bellyEase_01.png\",\"width\":1024,\"height\":1024},{\"@type\":\"BreadcrumbList\",\"@id\":\"https:\\\/\\\/pharma-hemp.com\\\/de\\\/shop\\\/essterra-leichtigkeit-fuer-den-bauch\\\/#breadcrumb\",\"itemListElement\":[{\"@type\":\"ListItem\",\"position\":1,\"name\":\"Home\",\"item\":\"https:\\\/\\\/pharma-hemp.com\\\/de\\\/\"},{\"@type\":\"ListItem\",\"position\":2,\"name\":\"Shop\",\"item\":\"https:\\\/\\\/pharma-hemp.com\\\/de\\\/shop\\\/\"},{\"@type\":\"ListItem\",\"position\":3,\"name\":\"ESSTERRA &#8211; Leichtigkeit f\u00fcr den Bauch\"}]},{\"@type\":\"WebSite\",\"@id\":\"https:\\\/\\\/pharma-hemp.com\\\/de\\\/#website\",\"url\":\"https:\\\/\\\/pharma-hemp.com\\\/de\\\/\",\"name\":\"Pharma Hemp\",\"description\":\"CBD store\",\"publisher\":{\"@id\":\"https:\\\/\\\/pharma-hemp.com\\\/de\\\/#organization\"},\"potentialAction\":[{\"@type\":\"SearchAction\",\"target\":{\"@type\":\"EntryPoint\",\"urlTemplate\":\"https:\\\/\\\/pharma-hemp.com\\\/de\\\/?s={search_term_string}\"},\"query-input\":{\"@type\":\"PropertyValueSpecification\",\"valueRequired\":true,\"valueName\":\"search_term_string\"}}],\"inLanguage\":\"de\"},{\"@type\":\"Organization\",\"@id\":\"https:\\\/\\\/pharma-hemp.com\\\/de\\\/#organization\",\"name\":\"PharmaHemp\",\"url\":\"https:\\\/\\\/pharma-hemp.com\\\/de\\\/\",\"logo\":{\"@type\":\"ImageObject\",\"inLanguage\":\"de\",\"@id\":\"https:\\\/\\\/pharma-hemp.com\\\/de\\\/#\\\/schema\\\/logo\\\/image\\\/\",\"url\":\"https:\\\/\\\/pharma-hemp.com\\\/wp-content\\\/uploads\\\/2025\\\/04\\\/Pharma-Hemp-logo_crn-1.png\",\"contentUrl\":\"https:\\\/\\\/pharma-hemp.com\\\/wp-content\\\/uploads\\\/2025\\\/04\\\/Pharma-Hemp-logo_crn-1.png\",\"width\":200,\"height\":44,\"caption\":\"PharmaHemp\"},\"image\":{\"@id\":\"https:\\\/\\\/pharma-hemp.com\\\/de\\\/#\\\/schema\\\/logo\\\/image\\\/\"}}]}<\/script>\n<!-- \/ Yoast SEO plugin. -->","yoast_head_json":{"title":"ESSTERRA - Leichtigkeit f\u00fcr den Bauch - Pharma Hemp","robots":{"index":"index","follow":"follow","max-snippet":"max-snippet:-1","max-image-preview":"max-image-preview:large","max-video-preview":"max-video-preview:-1"},"canonical":"https:\/\/pharma-hemp.com\/de\/shop\/essterra-leichtigkeit-fuer-den-bauch\/","og_locale":"de_DE","og_type":"article","og_title":"ESSTERRA - Leichtigkeit f\u00fcr den Bauch - Pharma Hemp","og_description":"Nat\u00fcrliche L\u00f6sung f\u00fcr Verdauungsprobleme      Hilft bei Bl\u00e4hungen  Hilft der Verdauung  Hilft bei Magenproblemen","og_url":"https:\/\/pharma-hemp.com\/de\/shop\/essterra-leichtigkeit-fuer-den-bauch\/","og_site_name":"Pharma Hemp","article_modified_time":"2026-04-07T20:53:12+00:00","og_image":[{"width":1024,"height":1024,"url":"https:\/\/pharma-hemp.com\/wp-content\/uploads\/2025\/11\/bellyEase_01.png","type":"image\/png"}],"twitter_card":"summary_large_image","twitter_misc":{"Gesch\u00e4tzte Lesezeit":"1\u00a0Minute"},"schema":{"@context":"https:\/\/schema.org","@graph":[{"@type":"WebPage","@id":"https:\/\/pharma-hemp.com\/de\/shop\/essterra-leichtigkeit-fuer-den-bauch\/","url":"https:\/\/pharma-hemp.com\/de\/shop\/essterra-leichtigkeit-fuer-den-bauch\/","name":"ESSTERRA - Leichtigkeit f\u00fcr den Bauch - Pharma Hemp","isPartOf":{"@id":"https:\/\/pharma-hemp.com\/de\/#website"},"primaryImageOfPage":{"@id":"https:\/\/pharma-hemp.com\/de\/shop\/essterra-leichtigkeit-fuer-den-bauch\/#primaryimage"},"image":{"@id":"https:\/\/pharma-hemp.com\/de\/shop\/essterra-leichtigkeit-fuer-den-bauch\/#primaryimage"},"thumbnailUrl":"https:\/\/pharma-hemp.com\/wp-content\/uploads\/2025\/11\/bellyEase_01.png","datePublished":"2025-11-28T09:38:30+00:00","dateModified":"2026-04-07T20:53:12+00:00","breadcrumb":{"@id":"https:\/\/pharma-hemp.com\/de\/shop\/essterra-leichtigkeit-fuer-den-bauch\/#breadcrumb"},"inLanguage":"de","potentialAction":[{"@type":"ReadAction","target":["https:\/\/pharma-hemp.com\/de\/shop\/essterra-leichtigkeit-fuer-den-bauch\/"]}]},{"@type":"ImageObject","inLanguage":"de","@id":"https:\/\/pharma-hemp.com\/de\/shop\/essterra-leichtigkeit-fuer-den-bauch\/#primaryimage","url":"https:\/\/pharma-hemp.com\/wp-content\/uploads\/2025\/11\/bellyEase_01.png","contentUrl":"https:\/\/pharma-hemp.com\/wp-content\/uploads\/2025\/11\/bellyEase_01.png","width":1024,"height":1024},{"@type":"BreadcrumbList","@id":"https:\/\/pharma-hemp.com\/de\/shop\/essterra-leichtigkeit-fuer-den-bauch\/#breadcrumb","itemListElement":[{"@type":"ListItem","position":1,"name":"Home","item":"https:\/\/pharma-hemp.com\/de\/"},{"@type":"ListItem","position":2,"name":"Shop","item":"https:\/\/pharma-hemp.com\/de\/shop\/"},{"@type":"ListItem","position":3,"name":"ESSTERRA &#8211; Leichtigkeit f\u00fcr den Bauch"}]},{"@type":"WebSite","@id":"https:\/\/pharma-hemp.com\/de\/#website","url":"https:\/\/pharma-hemp.com\/de\/","name":"Pharma Hemp","description":"CBD store","publisher":{"@id":"https:\/\/pharma-hemp.com\/de\/#organization"},"potentialAction":[{"@type":"SearchAction","target":{"@type":"EntryPoint","urlTemplate":"https:\/\/pharma-hemp.com\/de\/?s={search_term_string}"},"query-input":{"@type":"PropertyValueSpecification","valueRequired":true,"valueName":"search_term_string"}}],"inLanguage":"de"},{"@type":"Organization","@id":"https:\/\/pharma-hemp.com\/de\/#organization","name":"PharmaHemp","url":"https:\/\/pharma-hemp.com\/de\/","logo":{"@type":"ImageObject","inLanguage":"de","@id":"https:\/\/pharma-hemp.com\/de\/#\/schema\/logo\/image\/","url":"https:\/\/pharma-hemp.com\/wp-content\/uploads\/2025\/04\/Pharma-Hemp-logo_crn-1.png","contentUrl":"https:\/\/pharma-hemp.com\/wp-content\/uploads\/2025\/04\/Pharma-Hemp-logo_crn-1.png","width":200,"height":44,"caption":"PharmaHemp"},"image":{"@id":"https:\/\/pharma-hemp.com\/de\/#\/schema\/logo\/image\/"}}]}},"_links":{"self":[{"href":"https:\/\/pharma-hemp.com\/de\/wp-json\/wp\/v2\/product\/577144","targetHints":{"allow":["GET"]}}],"collection":[{"href":"https:\/\/pharma-hemp.com\/de\/wp-json\/wp\/v2\/product"}],"about":[{"href":"https:\/\/pharma-hemp.com\/de\/wp-json\/wp\/v2\/types\/product"}],"wp:featuredmedia":[{"embeddable":true,"href":"https:\/\/pharma-hemp.com\/de\/wp-json\/wp\/v2\/media\/577150"}],"wp:attachment":[{"href":"https:\/\/pharma-hemp.com\/de\/wp-json\/wp\/v2\/media?parent=577144"}],"wp:term":[{"taxonomy":"product_brand","embeddable":true,"href":"https:\/\/pharma-hemp.com\/de\/wp-json\/wp\/v2\/product_brand?post=577144"},{"taxonomy":"product_cat","embeddable":true,"href":"https:\/\/pharma-hemp.com\/de\/wp-json\/wp\/v2\/product_cat?post=577144"},{"taxonomy":"product_tag","embeddable":true,"href":"https:\/\/pharma-hemp.com\/de\/wp-json\/wp\/v2\/product_tag?post=577144"}],"curies":[{"name":"wp","href":"https:\/\/api.w.org\/{rel}","templated":true}]}}