{"id":577135,"date":"2026-01-08T11:16:29","date_gmt":"2026-01-08T09:16:29","guid":{"rendered":"https:\/\/pharma-hemp.com\/?post_type=product&#038;p=577135"},"modified":"2026-02-05T14:35:54","modified_gmt":"2026-02-05T12:35:54","slug":"mikka-sanfte-feuchtigkeitsspendende-gesichtsreinigung-outlet","status":"publish","type":"product","link":"https:\/\/pharma-hemp.com\/de\/shop\/mikka-sanfte-feuchtigkeitsspendende-gesichtsreinigung-outlet\/","title":{"rendered":"Mikka Sanfte feuchtigkeitsspendende Gesichtsreinigung (Outlet)"},"content":{"rendered":"","protected":false},"excerpt":{"rendered":"<p><span style=\"font-weight: 400;\">Ein Reinigungsmittel, das mehr als nur reinigt &#8211; es spendet Ihrer Haut Feuchtigkeit, beruhigt sie und stellt sie wieder her. Sie wurde f\u00fcr die t\u00e4gliche Anwendung auf Gesicht und Hals entwickelt und enth\u00e4lt hochwertige Inhaltsstoffe, die Ihre Haut erfrischen, n\u00e4hren und ausbalancieren, so dass sie auf alles vorbereitet ist, was als n\u00e4chstes kommt. <\/span><\/p>\n<p><strong>Mindestens haltbar bis: 05.05.2026<\/strong><\/p>\n","protected":false},"featured_media":577136,"template":"","meta":[],"product_brand":[],"product_cat":[341],"product_tag":[],"class_list":{"0":"post-577135","1":"product","2":"type-product","3":"status-publish","4":"has-post-thumbnail","6":"product_cat-auslass","8":"first","9":"instock","10":"sale","11":"shipping-taxable","12":"purchasable","13":"product-type-simple"},"acf":{"konfigurator_product_name":"","konfigurator_product_description":"","konfigurator_product_image_url":""},"yoast_head":"<!-- This site is optimized with the Yoast SEO plugin v27.3 - https:\/\/yoast.com\/product\/yoast-seo-wordpress\/ -->\n<title>CBD Hanf Sanfte feuchtigkeitsspendende Gesichtsreinigung Mikka 150 mg cbd - Pharma Hemp%<\/title>\n<meta name=\"description\" content=\"CBD Hanf Sanfte feuchtigkeitsspendende Gesichtsreinigung Mikka entfernt sanft Unreinheiten, w\u00e4hrend es Ihre Haut mit Feuchtigkeit versorgt und ausgleicht.\" \/>\n<meta name=\"robots\" content=\"index, follow, max-snippet:-1, max-image-preview:large, max-video-preview:-1\" \/>\n<link rel=\"canonical\" href=\"https:\/\/pharma-hemp.com\/de\/shop\/mikka-sanfte-feuchtigkeitsspendende-gesichtsreinigung-outlet\/\" \/>\n<meta property=\"og:locale\" content=\"de_DE\" \/>\n<meta property=\"og:type\" content=\"article\" \/>\n<meta property=\"og:title\" content=\"CBD Hanf Sanfte feuchtigkeitsspendende Gesichtsreinigung Mikka 150 mg cbd - Pharma Hemp%\" \/>\n<meta property=\"og:description\" content=\"CBD Hanf Sanfte feuchtigkeitsspendende Gesichtsreinigung Mikka entfernt sanft Unreinheiten, w\u00e4hrend es Ihre Haut mit Feuchtigkeit versorgt und ausgleicht.\" \/>\n<meta property=\"og:url\" content=\"https:\/\/pharma-hemp.com\/de\/shop\/mikka-sanfte-feuchtigkeitsspendende-gesichtsreinigung-outlet\/\" \/>\n<meta property=\"og:site_name\" content=\"Pharma Hemp\" \/>\n<meta property=\"article:modified_time\" content=\"2026-02-05T12:35:54+00:00\" \/>\n<meta property=\"og:image\" content=\"https:\/\/pharma-hemp.com\/wp-content\/uploads\/2025\/05\/LiparDesignPhotography-01970.jpg\" \/>\n\t<meta property=\"og:image:width\" content=\"2048\" \/>\n\t<meta property=\"og:image:height\" content=\"2048\" \/>\n\t<meta property=\"og:image:type\" content=\"image\/jpeg\" \/>\n<meta name=\"twitter:card\" content=\"summary_large_image\" \/>\n<meta name=\"twitter:label1\" content=\"Gesch\u00e4tzte Lesezeit\" \/>\n\t<meta name=\"twitter:data1\" content=\"1\u00a0Minute\" \/>\n<script type=\"application\/ld+json\" class=\"yoast-schema-graph\">{\"@context\":\"https:\\\/\\\/schema.org\",\"@graph\":[{\"@type\":\"WebPage\",\"@id\":\"https:\\\/\\\/pharma-hemp.com\\\/de\\\/shop\\\/mikka-sanfte-feuchtigkeitsspendende-gesichtsreinigung-outlet\\\/\",\"url\":\"https:\\\/\\\/pharma-hemp.com\\\/de\\\/shop\\\/mikka-sanfte-feuchtigkeitsspendende-gesichtsreinigung-outlet\\\/\",\"name\":\"CBD Hanf Sanfte feuchtigkeitsspendende Gesichtsreinigung Mikka 150 mg cbd - Pharma Hemp%\",\"isPartOf\":{\"@id\":\"https:\\\/\\\/pharma-hemp.com\\\/de\\\/#website\"},\"primaryImageOfPage\":{\"@id\":\"https:\\\/\\\/pharma-hemp.com\\\/de\\\/shop\\\/mikka-sanfte-feuchtigkeitsspendende-gesichtsreinigung-outlet\\\/#primaryimage\"},\"image\":{\"@id\":\"https:\\\/\\\/pharma-hemp.com\\\/de\\\/shop\\\/mikka-sanfte-feuchtigkeitsspendende-gesichtsreinigung-outlet\\\/#primaryimage\"},\"thumbnailUrl\":\"https:\\\/\\\/pharma-hemp.com\\\/wp-content\\\/uploads\\\/2025\\\/05\\\/LiparDesignPhotography-01970.jpg\",\"datePublished\":\"2026-01-08T09:16:29+00:00\",\"dateModified\":\"2026-02-05T12:35:54+00:00\",\"description\":\"CBD Hanf Sanfte feuchtigkeitsspendende Gesichtsreinigung Mikka entfernt sanft Unreinheiten, w\u00e4hrend es Ihre Haut mit Feuchtigkeit versorgt und ausgleicht.\",\"breadcrumb\":{\"@id\":\"https:\\\/\\\/pharma-hemp.com\\\/de\\\/shop\\\/mikka-sanfte-feuchtigkeitsspendende-gesichtsreinigung-outlet\\\/#breadcrumb\"},\"inLanguage\":\"de\",\"potentialAction\":[{\"@type\":\"ReadAction\",\"target\":[\"https:\\\/\\\/pharma-hemp.com\\\/de\\\/shop\\\/mikka-sanfte-feuchtigkeitsspendende-gesichtsreinigung-outlet\\\/\"]}]},{\"@type\":\"ImageObject\",\"inLanguage\":\"de\",\"@id\":\"https:\\\/\\\/pharma-hemp.com\\\/de\\\/shop\\\/mikka-sanfte-feuchtigkeitsspendende-gesichtsreinigung-outlet\\\/#primaryimage\",\"url\":\"https:\\\/\\\/pharma-hemp.com\\\/wp-content\\\/uploads\\\/2025\\\/05\\\/LiparDesignPhotography-01970.jpg\",\"contentUrl\":\"https:\\\/\\\/pharma-hemp.com\\\/wp-content\\\/uploads\\\/2025\\\/05\\\/LiparDesignPhotography-01970.jpg\",\"width\":2048,\"height\":2048,\"caption\":\"Mikka Sanfte feuchtigkeitsspendende Gesichtsreinigungsmilch\"},{\"@type\":\"BreadcrumbList\",\"@id\":\"https:\\\/\\\/pharma-hemp.com\\\/de\\\/shop\\\/mikka-sanfte-feuchtigkeitsspendende-gesichtsreinigung-outlet\\\/#breadcrumb\",\"itemListElement\":[{\"@type\":\"ListItem\",\"position\":1,\"name\":\"Home\",\"item\":\"https:\\\/\\\/pharma-hemp.com\\\/de\\\/\"},{\"@type\":\"ListItem\",\"position\":2,\"name\":\"Shop\",\"item\":\"https:\\\/\\\/pharma-hemp.com\\\/de\\\/shop\\\/\"},{\"@type\":\"ListItem\",\"position\":3,\"name\":\"Mikka Sanfte feuchtigkeitsspendende Gesichtsreinigung (Outlet)\"}]},{\"@type\":\"WebSite\",\"@id\":\"https:\\\/\\\/pharma-hemp.com\\\/de\\\/#website\",\"url\":\"https:\\\/\\\/pharma-hemp.com\\\/de\\\/\",\"name\":\"Pharma Hemp\",\"description\":\"CBD store\",\"publisher\":{\"@id\":\"https:\\\/\\\/pharma-hemp.com\\\/de\\\/#organization\"},\"potentialAction\":[{\"@type\":\"SearchAction\",\"target\":{\"@type\":\"EntryPoint\",\"urlTemplate\":\"https:\\\/\\\/pharma-hemp.com\\\/de\\\/?s={search_term_string}\"},\"query-input\":{\"@type\":\"PropertyValueSpecification\",\"valueRequired\":true,\"valueName\":\"search_term_string\"}}],\"inLanguage\":\"de\"},{\"@type\":\"Organization\",\"@id\":\"https:\\\/\\\/pharma-hemp.com\\\/de\\\/#organization\",\"name\":\"PharmaHemp\",\"url\":\"https:\\\/\\\/pharma-hemp.com\\\/de\\\/\",\"logo\":{\"@type\":\"ImageObject\",\"inLanguage\":\"de\",\"@id\":\"https:\\\/\\\/pharma-hemp.com\\\/de\\\/#\\\/schema\\\/logo\\\/image\\\/\",\"url\":\"https:\\\/\\\/pharma-hemp.com\\\/wp-content\\\/uploads\\\/2025\\\/04\\\/Pharma-Hemp-logo_crn-1.png\",\"contentUrl\":\"https:\\\/\\\/pharma-hemp.com\\\/wp-content\\\/uploads\\\/2025\\\/04\\\/Pharma-Hemp-logo_crn-1.png\",\"width\":200,\"height\":44,\"caption\":\"PharmaHemp\"},\"image\":{\"@id\":\"https:\\\/\\\/pharma-hemp.com\\\/de\\\/#\\\/schema\\\/logo\\\/image\\\/\"}}]}<\/script>\n<!-- \/ Yoast SEO plugin. -->","yoast_head_json":{"title":"CBD Hanf Sanfte feuchtigkeitsspendende Gesichtsreinigung Mikka 150 mg cbd - Pharma Hemp%","description":"CBD Hanf Sanfte feuchtigkeitsspendende Gesichtsreinigung Mikka entfernt sanft Unreinheiten, w\u00e4hrend es Ihre Haut mit Feuchtigkeit versorgt und ausgleicht.","robots":{"index":"index","follow":"follow","max-snippet":"max-snippet:-1","max-image-preview":"max-image-preview:large","max-video-preview":"max-video-preview:-1"},"canonical":"https:\/\/pharma-hemp.com\/de\/shop\/mikka-sanfte-feuchtigkeitsspendende-gesichtsreinigung-outlet\/","og_locale":"de_DE","og_type":"article","og_title":"CBD Hanf Sanfte feuchtigkeitsspendende Gesichtsreinigung Mikka 150 mg cbd - Pharma Hemp%","og_description":"CBD Hanf Sanfte feuchtigkeitsspendende Gesichtsreinigung Mikka entfernt sanft Unreinheiten, w\u00e4hrend es Ihre Haut mit Feuchtigkeit versorgt und ausgleicht.","og_url":"https:\/\/pharma-hemp.com\/de\/shop\/mikka-sanfte-feuchtigkeitsspendende-gesichtsreinigung-outlet\/","og_site_name":"Pharma Hemp","article_modified_time":"2026-02-05T12:35:54+00:00","og_image":[{"width":2048,"height":2048,"url":"https:\/\/pharma-hemp.com\/wp-content\/uploads\/2025\/05\/LiparDesignPhotography-01970.jpg","type":"image\/jpeg"}],"twitter_card":"summary_large_image","twitter_misc":{"Gesch\u00e4tzte Lesezeit":"1\u00a0Minute"},"schema":{"@context":"https:\/\/schema.org","@graph":[{"@type":"WebPage","@id":"https:\/\/pharma-hemp.com\/de\/shop\/mikka-sanfte-feuchtigkeitsspendende-gesichtsreinigung-outlet\/","url":"https:\/\/pharma-hemp.com\/de\/shop\/mikka-sanfte-feuchtigkeitsspendende-gesichtsreinigung-outlet\/","name":"CBD Hanf Sanfte feuchtigkeitsspendende Gesichtsreinigung Mikka 150 mg cbd - Pharma Hemp%","isPartOf":{"@id":"https:\/\/pharma-hemp.com\/de\/#website"},"primaryImageOfPage":{"@id":"https:\/\/pharma-hemp.com\/de\/shop\/mikka-sanfte-feuchtigkeitsspendende-gesichtsreinigung-outlet\/#primaryimage"},"image":{"@id":"https:\/\/pharma-hemp.com\/de\/shop\/mikka-sanfte-feuchtigkeitsspendende-gesichtsreinigung-outlet\/#primaryimage"},"thumbnailUrl":"https:\/\/pharma-hemp.com\/wp-content\/uploads\/2025\/05\/LiparDesignPhotography-01970.jpg","datePublished":"2026-01-08T09:16:29+00:00","dateModified":"2026-02-05T12:35:54+00:00","description":"CBD Hanf Sanfte feuchtigkeitsspendende Gesichtsreinigung Mikka entfernt sanft Unreinheiten, w\u00e4hrend es Ihre Haut mit Feuchtigkeit versorgt und ausgleicht.","breadcrumb":{"@id":"https:\/\/pharma-hemp.com\/de\/shop\/mikka-sanfte-feuchtigkeitsspendende-gesichtsreinigung-outlet\/#breadcrumb"},"inLanguage":"de","potentialAction":[{"@type":"ReadAction","target":["https:\/\/pharma-hemp.com\/de\/shop\/mikka-sanfte-feuchtigkeitsspendende-gesichtsreinigung-outlet\/"]}]},{"@type":"ImageObject","inLanguage":"de","@id":"https:\/\/pharma-hemp.com\/de\/shop\/mikka-sanfte-feuchtigkeitsspendende-gesichtsreinigung-outlet\/#primaryimage","url":"https:\/\/pharma-hemp.com\/wp-content\/uploads\/2025\/05\/LiparDesignPhotography-01970.jpg","contentUrl":"https:\/\/pharma-hemp.com\/wp-content\/uploads\/2025\/05\/LiparDesignPhotography-01970.jpg","width":2048,"height":2048,"caption":"Mikka Sanfte feuchtigkeitsspendende Gesichtsreinigungsmilch"},{"@type":"BreadcrumbList","@id":"https:\/\/pharma-hemp.com\/de\/shop\/mikka-sanfte-feuchtigkeitsspendende-gesichtsreinigung-outlet\/#breadcrumb","itemListElement":[{"@type":"ListItem","position":1,"name":"Home","item":"https:\/\/pharma-hemp.com\/de\/"},{"@type":"ListItem","position":2,"name":"Shop","item":"https:\/\/pharma-hemp.com\/de\/shop\/"},{"@type":"ListItem","position":3,"name":"Mikka Sanfte feuchtigkeitsspendende Gesichtsreinigung (Outlet)"}]},{"@type":"WebSite","@id":"https:\/\/pharma-hemp.com\/de\/#website","url":"https:\/\/pharma-hemp.com\/de\/","name":"Pharma Hemp","description":"CBD store","publisher":{"@id":"https:\/\/pharma-hemp.com\/de\/#organization"},"potentialAction":[{"@type":"SearchAction","target":{"@type":"EntryPoint","urlTemplate":"https:\/\/pharma-hemp.com\/de\/?s={search_term_string}"},"query-input":{"@type":"PropertyValueSpecification","valueRequired":true,"valueName":"search_term_string"}}],"inLanguage":"de"},{"@type":"Organization","@id":"https:\/\/pharma-hemp.com\/de\/#organization","name":"PharmaHemp","url":"https:\/\/pharma-hemp.com\/de\/","logo":{"@type":"ImageObject","inLanguage":"de","@id":"https:\/\/pharma-hemp.com\/de\/#\/schema\/logo\/image\/","url":"https:\/\/pharma-hemp.com\/wp-content\/uploads\/2025\/04\/Pharma-Hemp-logo_crn-1.png","contentUrl":"https:\/\/pharma-hemp.com\/wp-content\/uploads\/2025\/04\/Pharma-Hemp-logo_crn-1.png","width":200,"height":44,"caption":"PharmaHemp"},"image":{"@id":"https:\/\/pharma-hemp.com\/de\/#\/schema\/logo\/image\/"}}]}},"_links":{"self":[{"href":"https:\/\/pharma-hemp.com\/de\/wp-json\/wp\/v2\/product\/577135","targetHints":{"allow":["GET"]}}],"collection":[{"href":"https:\/\/pharma-hemp.com\/de\/wp-json\/wp\/v2\/product"}],"about":[{"href":"https:\/\/pharma-hemp.com\/de\/wp-json\/wp\/v2\/types\/product"}],"wp:featuredmedia":[{"embeddable":true,"href":"https:\/\/pharma-hemp.com\/de\/wp-json\/wp\/v2\/media\/577136"}],"wp:attachment":[{"href":"https:\/\/pharma-hemp.com\/de\/wp-json\/wp\/v2\/media?parent=577135"}],"wp:term":[{"taxonomy":"product_brand","embeddable":true,"href":"https:\/\/pharma-hemp.com\/de\/wp-json\/wp\/v2\/product_brand?post=577135"},{"taxonomy":"product_cat","embeddable":true,"href":"https:\/\/pharma-hemp.com\/de\/wp-json\/wp\/v2\/product_cat?post=577135"},{"taxonomy":"product_tag","embeddable":true,"href":"https:\/\/pharma-hemp.com\/de\/wp-json\/wp\/v2\/product_tag?post=577135"}],"curies":[{"name":"wp","href":"https:\/\/api.w.org\/{rel}","templated":true}]}}