{"id":577123,"date":"2025-11-21T10:02:26","date_gmt":"2025-11-21T08:02:26","guid":{"rendered":"https:\/\/pharma-hemp.com\/?post_type=product&#038;p=577123"},"modified":"2026-04-02T10:32:12","modified_gmt":"2026-04-02T08:32:12","slug":"bundle-box-5-tropfen","status":"publish","type":"product","link":"https:\/\/pharma-hemp.com\/de\/shop\/bundle-box-5-tropfen\/","title":{"rendered":"BUNDLE BOX &#8211; 5 TROPFEN"},"content":{"rendered":"","protected":false},"excerpt":{"rendered":"<p><strong>Denken Sie \u00fcber den Tellerrand hinaus. Oder besser, denken Sie innerhalb der Box. <\/strong><\/p>\n<p>Stellen Sie sich Ihr eigenes B\u00fcndel zusammen. Mischen Sie PHIX-Tropfen, Pet-Tropfen oder einen Ihrer Favoriten. Legen Sie es unter den Weihnachtsbaum und machen Sie es zu einem pers\u00f6nlichen Ritual-Kit f\u00fcr sich selbst oder f\u00fcr jemanden, der Ihnen wichtig ist.<\/p>\n<p><strong>Ihre Box, Ihre Regeln. F\u00fcllen Sie sie mit dem, was sich richtig anf\u00fchlt. <\/strong><\/p>\n","protected":false},"featured_media":577126,"template":"","meta":[],"product_brand":[],"product_cat":[346,347],"product_tag":[1808,993,1809,1810,1316,1015,1077,1812,1093,1811],"class_list":{"0":"post-577123","1":"product","2":"type-product","3":"status-publish","4":"has-post-thumbnail","6":"product_cat-bundel","7":"product_cat-uncategorized","8":"product_tag-cbd-oel","9":"product_tag-cbd-tropfen","10":"product_tag-geschenkbox","11":"product_tag-immunsystem","12":"product_tag-konzentration","13":"product_tag-schlafhilfe","14":"product_tag-schmerzlinderung","15":"product_tag-starter-set","16":"product_tag-stressabbau","17":"product_tag-wellness-paket","19":"first","20":"instock","21":"shipping-taxable","22":"purchasable","23":"product-type-simple"},"acf":{"konfigurator_product_name":"","konfigurator_product_description":"","konfigurator_product_image_url":""},"yoast_head":"<!-- This site is optimized with the Yoast SEO plugin v27.3 - https:\/\/yoast.com\/product\/yoast-seo-wordpress\/ -->\n<title>BUNDLE BOX - 5 TROPFEN - Pharma Hemp<\/title>\n<meta name=\"robots\" content=\"index, follow, max-snippet:-1, max-image-preview:large, max-video-preview:-1\" \/>\n<link rel=\"canonical\" href=\"https:\/\/pharma-hemp.com\/de\/shop\/bundle-box-5-tropfen\/\" \/>\n<meta property=\"og:locale\" content=\"de_DE\" \/>\n<meta property=\"og:type\" content=\"article\" \/>\n<meta property=\"og:title\" content=\"BUNDLE BOX - 5 TROPFEN - Pharma Hemp\" \/>\n<meta property=\"og:description\" content=\"Denken Sie \u00fcber den Tellerrand hinaus. Oder besser, denken Sie innerhalb der Box.   Stellen Sie sich Ihr eigenes B\u00fcndel zusammen. Mischen Sie PHIX-Tropfen, Pet-Tropfen oder einen Ihrer Favoriten. Legen Sie es unter den Weihnachtsbaum und machen Sie es zu einem pers\u00f6nlichen Ritual-Kit f\u00fcr sich selbst oder f\u00fcr jemanden, der Ihnen wichtig ist.  Ihre Box, Ihre Regeln. F\u00fcllen Sie sie mit dem, was sich richtig anf\u00fchlt.\" \/>\n<meta property=\"og:url\" content=\"https:\/\/pharma-hemp.com\/de\/shop\/bundle-box-5-tropfen\/\" \/>\n<meta property=\"og:site_name\" content=\"Pharma Hemp\" \/>\n<meta property=\"article:modified_time\" content=\"2026-04-02T08:32:12+00:00\" \/>\n<meta property=\"og:image\" content=\"https:\/\/pharma-hemp.com\/wp-content\/uploads\/2025\/11\/phixBundle_5-empty-scaled.jpg\" \/>\n\t<meta property=\"og:image:width\" content=\"2560\" \/>\n\t<meta property=\"og:image:height\" content=\"1920\" \/>\n\t<meta property=\"og:image:type\" content=\"image\/jpeg\" \/>\n<meta name=\"twitter:card\" content=\"summary_large_image\" \/>\n<meta name=\"twitter:label1\" content=\"Gesch\u00e4tzte Lesezeit\" \/>\n\t<meta name=\"twitter:data1\" content=\"1\u00a0Minute\" \/>\n<script type=\"application\/ld+json\" class=\"yoast-schema-graph\">{\"@context\":\"https:\\\/\\\/schema.org\",\"@graph\":[{\"@type\":\"WebPage\",\"@id\":\"https:\\\/\\\/pharma-hemp.com\\\/de\\\/shop\\\/bundle-box-5-tropfen\\\/\",\"url\":\"https:\\\/\\\/pharma-hemp.com\\\/de\\\/shop\\\/bundle-box-5-tropfen\\\/\",\"name\":\"BUNDLE BOX - 5 TROPFEN - Pharma Hemp\",\"isPartOf\":{\"@id\":\"https:\\\/\\\/pharma-hemp.com\\\/de\\\/#website\"},\"primaryImageOfPage\":{\"@id\":\"https:\\\/\\\/pharma-hemp.com\\\/de\\\/shop\\\/bundle-box-5-tropfen\\\/#primaryimage\"},\"image\":{\"@id\":\"https:\\\/\\\/pharma-hemp.com\\\/de\\\/shop\\\/bundle-box-5-tropfen\\\/#primaryimage\"},\"thumbnailUrl\":\"https:\\\/\\\/pharma-hemp.com\\\/wp-content\\\/uploads\\\/2025\\\/11\\\/phixBundle_5-empty-scaled.jpg\",\"datePublished\":\"2025-11-21T08:02:26+00:00\",\"dateModified\":\"2026-04-02T08:32:12+00:00\",\"breadcrumb\":{\"@id\":\"https:\\\/\\\/pharma-hemp.com\\\/de\\\/shop\\\/bundle-box-5-tropfen\\\/#breadcrumb\"},\"inLanguage\":\"de\",\"potentialAction\":[{\"@type\":\"ReadAction\",\"target\":[\"https:\\\/\\\/pharma-hemp.com\\\/de\\\/shop\\\/bundle-box-5-tropfen\\\/\"]}]},{\"@type\":\"ImageObject\",\"inLanguage\":\"de\",\"@id\":\"https:\\\/\\\/pharma-hemp.com\\\/de\\\/shop\\\/bundle-box-5-tropfen\\\/#primaryimage\",\"url\":\"https:\\\/\\\/pharma-hemp.com\\\/wp-content\\\/uploads\\\/2025\\\/11\\\/phixBundle_5-empty-scaled.jpg\",\"contentUrl\":\"https:\\\/\\\/pharma-hemp.com\\\/wp-content\\\/uploads\\\/2025\\\/11\\\/phixBundle_5-empty-scaled.jpg\",\"width\":2560,\"height\":1920},{\"@type\":\"BreadcrumbList\",\"@id\":\"https:\\\/\\\/pharma-hemp.com\\\/de\\\/shop\\\/bundle-box-5-tropfen\\\/#breadcrumb\",\"itemListElement\":[{\"@type\":\"ListItem\",\"position\":1,\"name\":\"Home\",\"item\":\"https:\\\/\\\/pharma-hemp.com\\\/de\\\/\"},{\"@type\":\"ListItem\",\"position\":2,\"name\":\"Shop\",\"item\":\"https:\\\/\\\/pharma-hemp.com\\\/de\\\/shop\\\/\"},{\"@type\":\"ListItem\",\"position\":3,\"name\":\"BUNDLE BOX &#8211; 5 TROPFEN\"}]},{\"@type\":\"WebSite\",\"@id\":\"https:\\\/\\\/pharma-hemp.com\\\/de\\\/#website\",\"url\":\"https:\\\/\\\/pharma-hemp.com\\\/de\\\/\",\"name\":\"Pharma Hemp\",\"description\":\"CBD store\",\"publisher\":{\"@id\":\"https:\\\/\\\/pharma-hemp.com\\\/de\\\/#organization\"},\"potentialAction\":[{\"@type\":\"SearchAction\",\"target\":{\"@type\":\"EntryPoint\",\"urlTemplate\":\"https:\\\/\\\/pharma-hemp.com\\\/de\\\/?s={search_term_string}\"},\"query-input\":{\"@type\":\"PropertyValueSpecification\",\"valueRequired\":true,\"valueName\":\"search_term_string\"}}],\"inLanguage\":\"de\"},{\"@type\":\"Organization\",\"@id\":\"https:\\\/\\\/pharma-hemp.com\\\/de\\\/#organization\",\"name\":\"PharmaHemp\",\"url\":\"https:\\\/\\\/pharma-hemp.com\\\/de\\\/\",\"logo\":{\"@type\":\"ImageObject\",\"inLanguage\":\"de\",\"@id\":\"https:\\\/\\\/pharma-hemp.com\\\/de\\\/#\\\/schema\\\/logo\\\/image\\\/\",\"url\":\"https:\\\/\\\/pharma-hemp.com\\\/wp-content\\\/uploads\\\/2025\\\/04\\\/Pharma-Hemp-logo_crn-1.png\",\"contentUrl\":\"https:\\\/\\\/pharma-hemp.com\\\/wp-content\\\/uploads\\\/2025\\\/04\\\/Pharma-Hemp-logo_crn-1.png\",\"width\":200,\"height\":44,\"caption\":\"PharmaHemp\"},\"image\":{\"@id\":\"https:\\\/\\\/pharma-hemp.com\\\/de\\\/#\\\/schema\\\/logo\\\/image\\\/\"}}]}<\/script>\n<!-- \/ Yoast SEO plugin. -->","yoast_head_json":{"title":"BUNDLE BOX - 5 TROPFEN - Pharma Hemp","robots":{"index":"index","follow":"follow","max-snippet":"max-snippet:-1","max-image-preview":"max-image-preview:large","max-video-preview":"max-video-preview:-1"},"canonical":"https:\/\/pharma-hemp.com\/de\/shop\/bundle-box-5-tropfen\/","og_locale":"de_DE","og_type":"article","og_title":"BUNDLE BOX - 5 TROPFEN - Pharma Hemp","og_description":"Denken Sie \u00fcber den Tellerrand hinaus. Oder besser, denken Sie innerhalb der Box.   Stellen Sie sich Ihr eigenes B\u00fcndel zusammen. Mischen Sie PHIX-Tropfen, Pet-Tropfen oder einen Ihrer Favoriten. Legen Sie es unter den Weihnachtsbaum und machen Sie es zu einem pers\u00f6nlichen Ritual-Kit f\u00fcr sich selbst oder f\u00fcr jemanden, der Ihnen wichtig ist.  Ihre Box, Ihre Regeln. F\u00fcllen Sie sie mit dem, was sich richtig anf\u00fchlt.","og_url":"https:\/\/pharma-hemp.com\/de\/shop\/bundle-box-5-tropfen\/","og_site_name":"Pharma Hemp","article_modified_time":"2026-04-02T08:32:12+00:00","og_image":[{"width":2560,"height":1920,"url":"https:\/\/pharma-hemp.com\/wp-content\/uploads\/2025\/11\/phixBundle_5-empty-scaled.jpg","type":"image\/jpeg"}],"twitter_card":"summary_large_image","twitter_misc":{"Gesch\u00e4tzte Lesezeit":"1\u00a0Minute"},"schema":{"@context":"https:\/\/schema.org","@graph":[{"@type":"WebPage","@id":"https:\/\/pharma-hemp.com\/de\/shop\/bundle-box-5-tropfen\/","url":"https:\/\/pharma-hemp.com\/de\/shop\/bundle-box-5-tropfen\/","name":"BUNDLE BOX - 5 TROPFEN - Pharma Hemp","isPartOf":{"@id":"https:\/\/pharma-hemp.com\/de\/#website"},"primaryImageOfPage":{"@id":"https:\/\/pharma-hemp.com\/de\/shop\/bundle-box-5-tropfen\/#primaryimage"},"image":{"@id":"https:\/\/pharma-hemp.com\/de\/shop\/bundle-box-5-tropfen\/#primaryimage"},"thumbnailUrl":"https:\/\/pharma-hemp.com\/wp-content\/uploads\/2025\/11\/phixBundle_5-empty-scaled.jpg","datePublished":"2025-11-21T08:02:26+00:00","dateModified":"2026-04-02T08:32:12+00:00","breadcrumb":{"@id":"https:\/\/pharma-hemp.com\/de\/shop\/bundle-box-5-tropfen\/#breadcrumb"},"inLanguage":"de","potentialAction":[{"@type":"ReadAction","target":["https:\/\/pharma-hemp.com\/de\/shop\/bundle-box-5-tropfen\/"]}]},{"@type":"ImageObject","inLanguage":"de","@id":"https:\/\/pharma-hemp.com\/de\/shop\/bundle-box-5-tropfen\/#primaryimage","url":"https:\/\/pharma-hemp.com\/wp-content\/uploads\/2025\/11\/phixBundle_5-empty-scaled.jpg","contentUrl":"https:\/\/pharma-hemp.com\/wp-content\/uploads\/2025\/11\/phixBundle_5-empty-scaled.jpg","width":2560,"height":1920},{"@type":"BreadcrumbList","@id":"https:\/\/pharma-hemp.com\/de\/shop\/bundle-box-5-tropfen\/#breadcrumb","itemListElement":[{"@type":"ListItem","position":1,"name":"Home","item":"https:\/\/pharma-hemp.com\/de\/"},{"@type":"ListItem","position":2,"name":"Shop","item":"https:\/\/pharma-hemp.com\/de\/shop\/"},{"@type":"ListItem","position":3,"name":"BUNDLE BOX &#8211; 5 TROPFEN"}]},{"@type":"WebSite","@id":"https:\/\/pharma-hemp.com\/de\/#website","url":"https:\/\/pharma-hemp.com\/de\/","name":"Pharma Hemp","description":"CBD store","publisher":{"@id":"https:\/\/pharma-hemp.com\/de\/#organization"},"potentialAction":[{"@type":"SearchAction","target":{"@type":"EntryPoint","urlTemplate":"https:\/\/pharma-hemp.com\/de\/?s={search_term_string}"},"query-input":{"@type":"PropertyValueSpecification","valueRequired":true,"valueName":"search_term_string"}}],"inLanguage":"de"},{"@type":"Organization","@id":"https:\/\/pharma-hemp.com\/de\/#organization","name":"PharmaHemp","url":"https:\/\/pharma-hemp.com\/de\/","logo":{"@type":"ImageObject","inLanguage":"de","@id":"https:\/\/pharma-hemp.com\/de\/#\/schema\/logo\/image\/","url":"https:\/\/pharma-hemp.com\/wp-content\/uploads\/2025\/04\/Pharma-Hemp-logo_crn-1.png","contentUrl":"https:\/\/pharma-hemp.com\/wp-content\/uploads\/2025\/04\/Pharma-Hemp-logo_crn-1.png","width":200,"height":44,"caption":"PharmaHemp"},"image":{"@id":"https:\/\/pharma-hemp.com\/de\/#\/schema\/logo\/image\/"}}]}},"_links":{"self":[{"href":"https:\/\/pharma-hemp.com\/de\/wp-json\/wp\/v2\/product\/577123","targetHints":{"allow":["GET"]}}],"collection":[{"href":"https:\/\/pharma-hemp.com\/de\/wp-json\/wp\/v2\/product"}],"about":[{"href":"https:\/\/pharma-hemp.com\/de\/wp-json\/wp\/v2\/types\/product"}],"wp:featuredmedia":[{"embeddable":true,"href":"https:\/\/pharma-hemp.com\/de\/wp-json\/wp\/v2\/media\/577126"}],"wp:attachment":[{"href":"https:\/\/pharma-hemp.com\/de\/wp-json\/wp\/v2\/media?parent=577123"}],"wp:term":[{"taxonomy":"product_brand","embeddable":true,"href":"https:\/\/pharma-hemp.com\/de\/wp-json\/wp\/v2\/product_brand?post=577123"},{"taxonomy":"product_cat","embeddable":true,"href":"https:\/\/pharma-hemp.com\/de\/wp-json\/wp\/v2\/product_cat?post=577123"},{"taxonomy":"product_tag","embeddable":true,"href":"https:\/\/pharma-hemp.com\/de\/wp-json\/wp\/v2\/product_tag?post=577123"}],"curies":[{"name":"wp","href":"https:\/\/api.w.org\/{rel}","templated":true}]}}