{"id":577008,"date":"2025-04-28T21:50:14","date_gmt":"2025-04-28T19:50:14","guid":{"rendered":"https:\/\/pharma-hemp.com\/?page_id=577008"},"modified":"2026-01-25T17:13:41","modified_gmt":"2026-01-25T15:13:41","slug":"faq","status":"publish","type":"page","link":"https:\/\/pharma-hemp.com\/de\/faq\/","title":{"rendered":"FAQ"},"content":{"rendered":"\n\t<section class=\"section has-parallax\" id=\"section_114338570\">\n\t\t<div class=\"section-bg fill\" data-parallax-container=\".section\" data-parallax-background data-parallax=\"-2\">\n\t\t\t<img decoding=\"async\" width=\"1945\" height=\"2125\" src=\"https:\/\/pharma-hemp.com\/wp-content\/uploads\/2025\/09\/Pharma-hemp-background-faq-3.png\" class=\"bg attachment- size-\" alt=\"\" \/>\t\t\t\t\t\t\n\t\t\t\n\n\t\t<\/div>\n\n\t\t\n\n\t\t<div class=\"section-content relative\">\n\t\t\t\n<div class=\"row\"  id=\"row-28532498\">\n\n\t<div id=\"col-914299999\" class=\"col small-12 large-12\"  >\n\t\t\t\t<div class=\"col-inner\"  >\n\t\t\t\n\t\t\t\n\t<div id=\"text-127711855\" class=\"text\">\n\t\t\n<h2 class=\"title\">Ihre Fragen, beantwortet<\/h2>\n\t\t\n<style>\n#text-127711855 {\n  text-align: center;\n  color: rgb(0, 39, 85);\n}\n#text-127711855 > * {\n  color: rgb(0, 39, 85);\n}\n<\/style>\n\t<\/div>\n\t\n<div class=\"row row-collapse align-center\"  id=\"row-1100866209\">\n\n\t<div id=\"col-86159995\" class=\"col medium-10 small-11 large-10\"  >\n\t\t\t\t<div class=\"col-inner\"  >\n\t\t\t\n\t\t\t\n\t<div id=\"gap-893167128\" class=\"gap-element clearfix\" style=\"display:block; height:auto;\">\n\t\t\n<style>\n#gap-893167128 {\n  padding-top: 15px;\n}\n<\/style>\n\t<\/div>\n\t\n<div class=\"accordion\">\n\t<div id=\"accordion-300232755\" class=\"accordion-item\">\n\t\t<a id=\"accordion-300232755-label\" class=\"accordion-title plain\" href=\"#accordion-item-was-sind-cannabinoide?\" aria-expanded=\"false\" aria-controls=\"accordion-300232755-content\">\n\t\t\t<button class=\"toggle\" aria-label=\"Umschalten\"><i class=\"icon-angle-down\" aria-hidden=\"true\"><\/i><\/button>\n\t\t\t<span>Was sind Cannabinoide?<\/span>\n\t\t<\/a>\n\t\t<div id=\"accordion-300232755-content\" class=\"accordion-inner\" aria-labelledby=\"accordion-300232755-label\">\n\t\t\t\n\t<div id=\"text-3394596984\" class=\"text\">\n\t\t\n<p style=\"text-align: justify;\">Cannabinoide sind die Allesk\u00f6nner der Cannabispflanze. Sie arbeiten synchron mit dem Endocannabinoid-System (ECS) Ihres K\u00f6rpers, um das Gleichgewicht zu halten. Die gro\u00dfen Namen? CBD (Ruhe &amp; Ausgeglichenheit), CBG (Konzentration &amp; Klarheit), CBN (Tiefschlaf) und THC (das, was Sie high macht &#8211; keine Sorge, das lassen wir aus). Diese Verbindungen helfen bei der Regulierung von Stimmung, Schmerz, Schlaf und Immunit\u00e4t, was sie f\u00fcr das t\u00e4gliche Wohlbefinden unerl\u00e4sslich macht.   <\/p>\n\t\t\n<style>\n#text-3394596984 {\n  text-align: left;\n}\n<\/style>\n\t<\/div>\n\t\n\t\t<\/div>\n\t<\/div>\n\t\n\t<div id=\"accordion-1879797478\" class=\"accordion-item\">\n\t\t<a id=\"accordion-1879797478-label\" class=\"accordion-title plain\" href=\"#accordion-item-wird-cbd-(cannabidiol)-mich-high-machen?\" aria-expanded=\"false\" aria-controls=\"accordion-1879797478-content\">\n\t\t\t<button class=\"toggle\" aria-label=\"Umschalten\"><i class=\"icon-angle-down\" aria-hidden=\"true\"><\/i><\/button>\n\t\t\t<span>Wird CBD (Cannabidiol) mich high machen?<\/span>\n\t\t<\/a>\n\t\t<div id=\"accordion-1879797478-content\" class=\"accordion-inner\" aria-labelledby=\"accordion-1879797478-label\">\n\t\t\t\n\t<div id=\"text-3618634066\" class=\"text\">\n\t\t\n<p style=\"text-align: justify;\"><strong>Nein.<\/strong>  CBD ist ganz entspannt, kein Rausch. Im Gegensatz zu THC bringt es Ihren Kopf nicht durcheinander &#8211; es hilft Ihnen einfach, sich zu entspannen, zu resetten und Ihr Gleichgewicht zu finden. <\/p>\n\t\t\n<style>\n#text-3618634066 {\n  text-align: left;\n}\n<\/style>\n\t<\/div>\n\t\n\t\t<\/div>\n\t<\/div>\n\t\n\t<div id=\"accordion-905637891\" class=\"accordion-item\">\n\t\t<a id=\"accordion-905637891-label\" class=\"accordion-title plain\" href=\"#accordion-item-was-sind-die-vorteile-von-cbd-(cannabidiol)?\" aria-expanded=\"false\" aria-controls=\"accordion-905637891-content\">\n\t\t\t<button class=\"toggle\" aria-label=\"Umschalten\"><i class=\"icon-angle-down\" aria-hidden=\"true\"><\/i><\/button>\n\t\t\t<span>Was sind die Vorteile von CBD (Cannabidiol)?<\/span>\n\t\t<\/a>\n\t\t<div id=\"accordion-905637891-content\" class=\"accordion-inner\" aria-labelledby=\"accordion-905637891-label\">\n\t\t\t\n\t<div id=\"text-3639599550\" class=\"text\">\n\t\t\n<p>CBD ist daf\u00fcr bekannt, dass es unterst\u00fctzt:<\/p>\n<ul>\n<li><strong>Stress- und Angstlinderung<\/strong> &#8211; H\u00e4lt den Geist und den K\u00f6rper ruhig.<\/li>\n<li><strong>Besserer Schlaf<\/strong> &#8211; F\u00f6rdert eine tiefe, hochwertige Erholung.<\/li>\n<li><strong>Schmerzen &amp; Entz\u00fcndungen<\/strong> &#8211; Lindert Beschwerden und unterst\u00fctzt die Genesung.<\/li>\n<li><strong>Fokus und geistige Klarheit<\/strong> &#8211; Durchbricht den Gehirnnebel und verbessert die Konzentration.<\/li>\n<li><strong>Unterst\u00fctzung des Immunsystems<\/strong> &#8211; St\u00e4rkt die nat\u00fcrlichen Abwehrkr\u00e4fte des K\u00f6rpers.<\/li>\n<\/ul>\n<p>Einfach. Kraftvoll. Mit der Natur im R\u00fccken.<\/p>\n\t\t\n<style>\n#text-3639599550 {\n  text-align: left;\n}\n<\/style>\n\t<\/div>\n\t\n\t\t<\/div>\n\t<\/div>\n\t\n\t<div id=\"accordion-2155689398\" class=\"accordion-item\">\n\t\t<a id=\"accordion-2155689398-label\" class=\"accordion-title plain\" href=\"#accordion-item-wie-lange-dauert-es,-bis-cbd-wirkt?\" aria-expanded=\"false\" aria-controls=\"accordion-2155689398-content\">\n\t\t\t<button class=\"toggle\" aria-label=\"Umschalten\"><i class=\"icon-angle-down\" aria-hidden=\"true\"><\/i><\/button>\n\t\t\t<span>Wie lange dauert es, bis CBD wirkt?<\/span>\n\t\t<\/a>\n\t\t<div id=\"accordion-2155689398-content\" class=\"accordion-inner\" aria-labelledby=\"accordion-2155689398-label\">\n\t\t\t\n\t<div id=\"text-3405162305\" class=\"text\">\n\t\t\n<p style=\"text-align: justify;\">Das Timing h\u00e4ngt davon ab, wie Sie es einnehmen. Hier ist die Aufschl\u00fcsselung: <\/p>\n<ul>\n<li style=\"text-align: justify;\"><strong>CBD-\u00d6le<\/strong> (Tropfen unter der Zunge) &#8211; <strong>Wirkt innerhalb von 15-30 Minuten<\/strong> f\u00fcr schnelle Linderung.<\/li>\n<li style=\"text-align: justify;\"><strong>CBD-Esswaren<\/strong> (Kapseln, Gummib\u00e4rchen) &#8211; <strong>Es dauert 30-90 Minuten<\/strong>, bis sie vollst\u00e4ndig aufgenommen werden, aber die Wirkung h\u00e4lt l\u00e4nger an.<\/li>\n<li style=\"text-align: justify;\"><strong>CBD Topicals<\/strong> (Cremes, Balsame, Seren) &#8211; <strong>Wirkt in 15-45 Minuten<\/strong> genau dort, wo Sie es brauchen.<\/li>\n<\/ul>\n\t\t\n<style>\n#text-3405162305 {\n  text-align: left;\n}\n<\/style>\n\t<\/div>\n\t\n\t\t<\/div>\n\t<\/div>\n\t\n\t<div id=\"accordion-3530596104\" class=\"accordion-item\">\n\t\t<a id=\"accordion-3530596104-label\" class=\"accordion-title plain\" href=\"#accordion-item-ist-cbd-legal?\" aria-expanded=\"false\" aria-controls=\"accordion-3530596104-content\">\n\t\t\t<button class=\"toggle\" aria-label=\"Umschalten\"><i class=\"icon-angle-down\" aria-hidden=\"true\"><\/i><\/button>\n\t\t\t<span>Ist CBD legal?<\/span>\n\t\t<\/a>\n\t\t<div id=\"accordion-3530596104-content\" class=\"accordion-inner\" aria-labelledby=\"accordion-3530596104-label\">\n\t\t\t\n\t<div id=\"text-732597363\" class=\"text\">\n\t\t\n<p style=\"text-align: justify;\"><strong>Das h\u00e4ngt davon ab, wo Sie sind.<\/strong>  An vielen Orten ist aus Hanf gewonnenes CBD mit weniger als 0,3% THC unbedenklich. In einigen Regionen gibt es jedoch Einschr\u00e4nkungen. Pr\u00fcfen Sie daher vor dem Kauf immer die \u00f6rtlichen Gesetze. <\/p>\n\t\t\n<style>\n#text-732597363 {\n  text-align: left;\n}\n<\/style>\n\t<\/div>\n\t\n\t\t<\/div>\n\t<\/div>\n\t\n\t<div id=\"accordion-975182541\" class=\"accordion-item\">\n\t\t<a id=\"accordion-975182541-label\" class=\"accordion-title plain\" href=\"#accordion-item-kann-cbd-mit-medikamenten-interagieren?\" aria-expanded=\"false\" aria-controls=\"accordion-975182541-content\">\n\t\t\t<button class=\"toggle\" aria-label=\"Umschalten\"><i class=\"icon-angle-down\" aria-hidden=\"true\"><\/i><\/button>\n\t\t\t<span>Kann CBD mit Medikamenten interagieren?<\/span>\n\t\t<\/a>\n\t\t<div id=\"accordion-975182541-content\" class=\"accordion-inner\" aria-labelledby=\"accordion-975182541-label\">\n\t\t\t\n\t<div id=\"text-738182022\" class=\"text\">\n\t\t\n<p>Ja, das kann es. CBD beeinflusst die Leberenzyme (CYP450), die viele Medikamente verarbeiten.   <strong>Wenn Sie verschreibungspflichtige Medikamente einnehmen, sprechen Sie mit Ihrem Arzt, bevor Sie CBD verwenden.<\/strong><\/p>\n\t\t\n<style>\n#text-738182022 {\n  text-align: left;\n}\n<\/style>\n\t<\/div>\n\t\n\t\t<\/div>\n\t<\/div>\n\t\n\t<div id=\"accordion-212504420\" class=\"accordion-item\">\n\t\t<a id=\"accordion-212504420-label\" class=\"accordion-title plain\" href=\"#accordion-item-woher-wei\u00df-ich,-welche-cbd-dosierung-ich-einnehmen-soll?\" aria-expanded=\"false\" aria-controls=\"accordion-212504420-content\">\n\t\t\t<button class=\"toggle\" aria-label=\"Umschalten\"><i class=\"icon-angle-down\" aria-hidden=\"true\"><\/i><\/button>\n\t\t\t<span>Woher wei\u00df ich, welche CBD-Dosierung ich einnehmen soll?<\/span>\n\t\t<\/a>\n\t\t<div id=\"accordion-212504420-content\" class=\"accordion-inner\" aria-labelledby=\"accordion-212504420-label\">\n\t\t\t\n\t<div id=\"text-339235785\" class=\"text\">\n\t\t\n<p>Die Dosierung h\u00e4ngt von Ihrem K\u00f6rper, Ihrem Stoffwechsel und dem Zweck ab, f\u00fcr den Sie es verwenden. Hier ist ein einfacher Leitfaden: <\/p>\n<ul>\n<li><strong>Niedrige Dosis (30 mg)<\/strong> &#8211; Perfekt f\u00fcr Anf\u00e4nger oder zur leichten Linderung.<\/li>\n<li><strong>Mittlere Dosis (60 mg)<\/strong> &#8211; Ideal f\u00fcr m\u00e4\u00dfigen Stress, Schlaf oder Entspannung.<\/li>\n<li><strong>Hohe Dosis (100+ mg)<\/strong> &#8211; Am besten f\u00fcr chronische Schmerzen oder schwere Angstzust\u00e4nde.<\/li>\n<\/ul>\n<p>Goldene Regel? Beginnen Sie niedrig, gehen Sie langsam vor. Passen Sie den Wert nach Bedarf an, bis Sie Ihren Sweet Spot gefunden haben.<\/p>\n\t\t\n<style>\n#text-339235785 {\n  text-align: left;\n}\n<\/style>\n\t<\/div>\n\t\n\t\t<\/div>\n\t<\/div>\n\t\n\t<div id=\"accordion-1826504844\" class=\"accordion-item\">\n\t\t<a id=\"accordion-1826504844-label\" class=\"accordion-title plain\" href=\"#accordion-item-was-sind-terpene-und-warum-sind-sie-wichtig?\" aria-expanded=\"false\" aria-controls=\"accordion-1826504844-content\">\n\t\t\t<button class=\"toggle\" aria-label=\"Umschalten\"><i class=\"icon-angle-down\" aria-hidden=\"true\"><\/i><\/button>\n\t\t\t<span>Was sind Terpene und warum sind sie wichtig?<\/span>\n\t\t<\/a>\n\t\t<div id=\"accordion-1826504844-content\" class=\"accordion-inner\" aria-labelledby=\"accordion-1826504844-label\">\n\t\t\t\n\t<div id=\"text-4183369150\" class=\"text\">\n\t\t\n<p style=\"text-align: justify;\"><strong>Terpene sind die aromatischen Kraftpakete der Pflanzen<\/strong>, einschlie\u00dflich Cannabis. Sie verleihen dem Hanf seinen unverwechselbaren Duft und sind ein wahres Kraftpaket, wenn es um die Vorteile f\u00fcr das Wohlbefinden geht. <\/p>\n<p style=\"text-align: left;\">Hier ist, was einige der bekanntesten Terpene bewirken k\u00f6nnen:<\/p>\n<ul>\n<li style=\"text-align: left;\"><strong>Linalool<\/strong> &#8211; F\u00f6rdert die Entspannung, gut f\u00fcr den Schlaf.<\/li>\n<li style=\"text-align: left;\"><strong>Limonen<\/strong> &#8211; Aufmunternd, hilft Stress abzubauen.<\/li>\n<li style=\"text-align: left;\"><strong>Myrcen<\/strong> &#8211; Beruhigungsmittel, unterst\u00fctzt Schmerzlinderung und tiefe Ruhe.<\/li>\n<li style=\"text-align: left;\"><strong>Pinen<\/strong> &#8211; Sch\u00e4rft den Blick, bek\u00e4mpft Entz\u00fcndungen.<\/li>\n<li style=\"text-align: left;\"><strong>Terpinolen<\/strong> &#8211; Belebend, antioxidativ, leichtes Beruhigungsmittel.<\/li>\n<li style=\"text-align: left;\"><strong>Ocimene<\/strong> &#8211; Frisch, entz\u00fcndungshemmend, abschwellend.<\/li>\n<li style=\"text-align: left;\"><strong>Humulen<\/strong> &#8211; Erdig, reduziert Entz\u00fcndungen und z\u00fcgelt den Appetit.<\/li>\n<li style=\"text-align: left;\"><strong>Eucalyptol<\/strong> &#8211; Minzartig, antibakteriell, kognitiv f\u00f6rdernd.<\/li>\n<\/ul>\n<p style=\"text-align: justify;\">Spa\u00dffakt: <strong>Terpene + Cannabinoide = Synergie.<\/strong> Der Entourage-Effekt bedeutet eine bessere Absorption, st\u00e4rkere Vorteile und verbesserte Ergebnisse.<\/p>\n\t\t\n<style>\n#text-4183369150 {\n  text-align: left;\n}\n<\/style>\n\t<\/div>\n\t\n\t\t<\/div>\n\t<\/div>\n\t\n\t<div id=\"accordion-3220549460\" class=\"accordion-item\">\n\t\t<a id=\"accordion-3220549460-label\" class=\"accordion-title plain\" href=\"#accordion-item-worauf-sollte-ich-beim-kauf-von-cbd-achten?\" aria-expanded=\"false\" aria-controls=\"accordion-3220549460-content\">\n\t\t\t<button class=\"toggle\" aria-label=\"Umschalten\"><i class=\"icon-angle-down\" aria-hidden=\"true\"><\/i><\/button>\n\t\t\t<span>Worauf sollte ich beim Kauf von CBD achten?<\/span>\n\t\t<\/a>\n\t\t<div id=\"accordion-3220549460-content\" class=\"accordion-inner\" aria-labelledby=\"accordion-3220549460-label\">\n\t\t\t\n\t<div id=\"text-296123518\" class=\"text\">\n\t\t\n<p><strong>Nicht alles CBD ist gleich.<\/strong>  Das ist es, was die Guten von den Gro\u00dfen trennt:<\/p>\n<ul>\n<li><strong>Laborgepr\u00fcft<\/strong> &#8211; Garantiert Reinheit und Potenz. Kein R\u00e4tselraten. <\/li>\n<li><strong>Bio &amp; Zertifiziert<\/strong>&#8211; H\u00f6here Qualit\u00e4t, kein Schrott.<\/li>\n<li><strong>Transparente Marken<\/strong> &#8211; Klare Zutaten, klare Beschaffung, keine Geheimnisse.<\/li>\n<\/ul>\n<p>Die Quintessenz: Sie sollten wissen, was Sie Ihrem K\u00f6rper zuf\u00fchren. Qualit\u00e4t ist wichtig.<\/p>\n\t\t\n<style>\n#text-296123518 {\n  text-align: left;\n}\n<\/style>\n\t<\/div>\n\t\n\t\t<\/div>\n\t<\/div>\n\t\n<\/div>\n\t\t<\/div>\n\t\t\t\t\t<\/div>\n\n\t\n<\/div>\n\t\t<\/div>\n\t\t\t\t\n<style>\n#col-914299999 > .col-inner {\n  margin: 0px 0px 30px 0px;\n}\n@media (min-width:550px) {\n  #col-914299999 > .col-inner {\n    margin: 20px 0px 30px 0px;\n  }\n}\n<\/style>\n\t<\/div>\n\n\t\n<\/div>\n\t\t<\/div>\n\n\t\t\n<style>\n#section_114338570 {\n  padding-top: 30px;\n  padding-bottom: 30px;\n}\n#section_114338570 .section-bg img {\n  object-position: 73% 29%;\n}\n<\/style>\n\t<\/section>\n\t\n","protected":false},"excerpt":{"rendered":"","protected":false},"author":24310,"featured_media":577013,"parent":0,"menu_order":0,"comment_status":"closed","ping_status":"closed","template":"","meta":{"footnotes":""},"class_list":["post-577008","page","type-page","status-publish","has-post-thumbnail","hentry"],"acf":[],"yoast_head":"<!-- This site is optimized with the Yoast SEO plugin v27.3 - https:\/\/yoast.com\/product\/yoast-seo-wordpress\/ -->\n<title>FAQ - Pharma Hemp<\/title>\n<meta name=\"robots\" content=\"index, follow, max-snippet:-1, max-image-preview:large, max-video-preview:-1\" \/>\n<link rel=\"canonical\" href=\"https:\/\/pharma-hemp.com\/de\/faq\/\" \/>\n<meta property=\"og:locale\" content=\"de_DE\" \/>\n<meta property=\"og:type\" content=\"article\" \/>\n<meta property=\"og:title\" content=\"FAQ - Pharma Hemp\" \/>\n<meta property=\"og:url\" content=\"https:\/\/pharma-hemp.com\/de\/faq\/\" \/>\n<meta property=\"og:site_name\" content=\"Pharma Hemp\" \/>\n<meta property=\"article:modified_time\" content=\"2026-01-25T15:13:41+00:00\" \/>\n<meta property=\"og:image\" content=\"https:\/\/pharma-hemp.com\/wp-content\/uploads\/2025\/05\/Faq.png\" \/>\n\t<meta property=\"og:image:width\" content=\"312\" \/>\n\t<meta property=\"og:image:height\" content=\"312\" \/>\n\t<meta property=\"og:image:type\" content=\"image\/png\" \/>\n<meta name=\"twitter:card\" content=\"summary_large_image\" \/>\n<meta name=\"twitter:label1\" content=\"Gesch\u00e4tzte Lesezeit\" \/>\n\t<meta name=\"twitter:data1\" content=\"4\u00a0Minuten\" \/>\n<script type=\"application\/ld+json\" class=\"yoast-schema-graph\">{\"@context\":\"https:\\\/\\\/schema.org\",\"@graph\":[{\"@type\":\"WebPage\",\"@id\":\"https:\\\/\\\/pharma-hemp.com\\\/de\\\/faq\\\/\",\"url\":\"https:\\\/\\\/pharma-hemp.com\\\/de\\\/faq\\\/\",\"name\":\"FAQ - Pharma Hemp\",\"isPartOf\":{\"@id\":\"https:\\\/\\\/pharma-hemp.com\\\/de\\\/#website\"},\"primaryImageOfPage\":{\"@id\":\"https:\\\/\\\/pharma-hemp.com\\\/de\\\/faq\\\/#primaryimage\"},\"image\":{\"@id\":\"https:\\\/\\\/pharma-hemp.com\\\/de\\\/faq\\\/#primaryimage\"},\"thumbnailUrl\":\"https:\\\/\\\/pharma-hemp.com\\\/wp-content\\\/uploads\\\/2025\\\/05\\\/Faq.png\",\"datePublished\":\"2025-04-28T19:50:14+00:00\",\"dateModified\":\"2026-01-25T15:13:41+00:00\",\"breadcrumb\":{\"@id\":\"https:\\\/\\\/pharma-hemp.com\\\/de\\\/faq\\\/#breadcrumb\"},\"inLanguage\":\"de\",\"potentialAction\":[{\"@type\":\"ReadAction\",\"target\":[\"https:\\\/\\\/pharma-hemp.com\\\/de\\\/faq\\\/\"]}]},{\"@type\":\"ImageObject\",\"inLanguage\":\"de\",\"@id\":\"https:\\\/\\\/pharma-hemp.com\\\/de\\\/faq\\\/#primaryimage\",\"url\":\"https:\\\/\\\/pharma-hemp.com\\\/wp-content\\\/uploads\\\/2025\\\/05\\\/Faq.png\",\"contentUrl\":\"https:\\\/\\\/pharma-hemp.com\\\/wp-content\\\/uploads\\\/2025\\\/05\\\/Faq.png\",\"width\":312,\"height\":312},{\"@type\":\"BreadcrumbList\",\"@id\":\"https:\\\/\\\/pharma-hemp.com\\\/de\\\/faq\\\/#breadcrumb\",\"itemListElement\":[{\"@type\":\"ListItem\",\"position\":1,\"name\":\"Home\",\"item\":\"https:\\\/\\\/pharma-hemp.com\\\/de\\\/\"},{\"@type\":\"ListItem\",\"position\":2,\"name\":\"Private: FAQ\"}]},{\"@type\":\"WebSite\",\"@id\":\"https:\\\/\\\/pharma-hemp.com\\\/de\\\/#website\",\"url\":\"https:\\\/\\\/pharma-hemp.com\\\/de\\\/\",\"name\":\"Pharma Hemp\",\"description\":\"CBD store\",\"publisher\":{\"@id\":\"https:\\\/\\\/pharma-hemp.com\\\/de\\\/#organization\"},\"potentialAction\":[{\"@type\":\"SearchAction\",\"target\":{\"@type\":\"EntryPoint\",\"urlTemplate\":\"https:\\\/\\\/pharma-hemp.com\\\/de\\\/?s={search_term_string}\"},\"query-input\":{\"@type\":\"PropertyValueSpecification\",\"valueRequired\":true,\"valueName\":\"search_term_string\"}}],\"inLanguage\":\"de\"},{\"@type\":\"Organization\",\"@id\":\"https:\\\/\\\/pharma-hemp.com\\\/de\\\/#organization\",\"name\":\"PharmaHemp\",\"url\":\"https:\\\/\\\/pharma-hemp.com\\\/de\\\/\",\"logo\":{\"@type\":\"ImageObject\",\"inLanguage\":\"de\",\"@id\":\"https:\\\/\\\/pharma-hemp.com\\\/de\\\/#\\\/schema\\\/logo\\\/image\\\/\",\"url\":\"https:\\\/\\\/pharma-hemp.com\\\/wp-content\\\/uploads\\\/2025\\\/04\\\/Pharma-Hemp-logo_crn-1.png\",\"contentUrl\":\"https:\\\/\\\/pharma-hemp.com\\\/wp-content\\\/uploads\\\/2025\\\/04\\\/Pharma-Hemp-logo_crn-1.png\",\"width\":200,\"height\":44,\"caption\":\"PharmaHemp\"},\"image\":{\"@id\":\"https:\\\/\\\/pharma-hemp.com\\\/de\\\/#\\\/schema\\\/logo\\\/image\\\/\"}}]}<\/script>\n<!-- \/ Yoast SEO plugin. -->","yoast_head_json":{"title":"FAQ - Pharma Hemp","robots":{"index":"index","follow":"follow","max-snippet":"max-snippet:-1","max-image-preview":"max-image-preview:large","max-video-preview":"max-video-preview:-1"},"canonical":"https:\/\/pharma-hemp.com\/de\/faq\/","og_locale":"de_DE","og_type":"article","og_title":"FAQ - Pharma Hemp","og_url":"https:\/\/pharma-hemp.com\/de\/faq\/","og_site_name":"Pharma Hemp","article_modified_time":"2026-01-25T15:13:41+00:00","og_image":[{"width":312,"height":312,"url":"https:\/\/pharma-hemp.com\/wp-content\/uploads\/2025\/05\/Faq.png","type":"image\/png"}],"twitter_card":"summary_large_image","twitter_misc":{"Gesch\u00e4tzte Lesezeit":"4\u00a0Minuten"},"schema":{"@context":"https:\/\/schema.org","@graph":[{"@type":"WebPage","@id":"https:\/\/pharma-hemp.com\/de\/faq\/","url":"https:\/\/pharma-hemp.com\/de\/faq\/","name":"FAQ - Pharma Hemp","isPartOf":{"@id":"https:\/\/pharma-hemp.com\/de\/#website"},"primaryImageOfPage":{"@id":"https:\/\/pharma-hemp.com\/de\/faq\/#primaryimage"},"image":{"@id":"https:\/\/pharma-hemp.com\/de\/faq\/#primaryimage"},"thumbnailUrl":"https:\/\/pharma-hemp.com\/wp-content\/uploads\/2025\/05\/Faq.png","datePublished":"2025-04-28T19:50:14+00:00","dateModified":"2026-01-25T15:13:41+00:00","breadcrumb":{"@id":"https:\/\/pharma-hemp.com\/de\/faq\/#breadcrumb"},"inLanguage":"de","potentialAction":[{"@type":"ReadAction","target":["https:\/\/pharma-hemp.com\/de\/faq\/"]}]},{"@type":"ImageObject","inLanguage":"de","@id":"https:\/\/pharma-hemp.com\/de\/faq\/#primaryimage","url":"https:\/\/pharma-hemp.com\/wp-content\/uploads\/2025\/05\/Faq.png","contentUrl":"https:\/\/pharma-hemp.com\/wp-content\/uploads\/2025\/05\/Faq.png","width":312,"height":312},{"@type":"BreadcrumbList","@id":"https:\/\/pharma-hemp.com\/de\/faq\/#breadcrumb","itemListElement":[{"@type":"ListItem","position":1,"name":"Home","item":"https:\/\/pharma-hemp.com\/de\/"},{"@type":"ListItem","position":2,"name":"Private: FAQ"}]},{"@type":"WebSite","@id":"https:\/\/pharma-hemp.com\/de\/#website","url":"https:\/\/pharma-hemp.com\/de\/","name":"Pharma Hemp","description":"CBD store","publisher":{"@id":"https:\/\/pharma-hemp.com\/de\/#organization"},"potentialAction":[{"@type":"SearchAction","target":{"@type":"EntryPoint","urlTemplate":"https:\/\/pharma-hemp.com\/de\/?s={search_term_string}"},"query-input":{"@type":"PropertyValueSpecification","valueRequired":true,"valueName":"search_term_string"}}],"inLanguage":"de"},{"@type":"Organization","@id":"https:\/\/pharma-hemp.com\/de\/#organization","name":"PharmaHemp","url":"https:\/\/pharma-hemp.com\/de\/","logo":{"@type":"ImageObject","inLanguage":"de","@id":"https:\/\/pharma-hemp.com\/de\/#\/schema\/logo\/image\/","url":"https:\/\/pharma-hemp.com\/wp-content\/uploads\/2025\/04\/Pharma-Hemp-logo_crn-1.png","contentUrl":"https:\/\/pharma-hemp.com\/wp-content\/uploads\/2025\/04\/Pharma-Hemp-logo_crn-1.png","width":200,"height":44,"caption":"PharmaHemp"},"image":{"@id":"https:\/\/pharma-hemp.com\/de\/#\/schema\/logo\/image\/"}}]}},"_links":{"self":[{"href":"https:\/\/pharma-hemp.com\/de\/wp-json\/wp\/v2\/pages\/577008","targetHints":{"allow":["GET"]}}],"collection":[{"href":"https:\/\/pharma-hemp.com\/de\/wp-json\/wp\/v2\/pages"}],"about":[{"href":"https:\/\/pharma-hemp.com\/de\/wp-json\/wp\/v2\/types\/page"}],"author":[{"embeddable":true,"href":"https:\/\/pharma-hemp.com\/de\/wp-json\/wp\/v2\/users\/24310"}],"replies":[{"embeddable":true,"href":"https:\/\/pharma-hemp.com\/de\/wp-json\/wp\/v2\/comments?post=577008"}],"version-history":[{"count":3,"href":"https:\/\/pharma-hemp.com\/de\/wp-json\/wp\/v2\/pages\/577008\/revisions"}],"predecessor-version":[{"id":577016,"href":"https:\/\/pharma-hemp.com\/de\/wp-json\/wp\/v2\/pages\/577008\/revisions\/577016"}],"wp:featuredmedia":[{"embeddable":true,"href":"https:\/\/pharma-hemp.com\/de\/wp-json\/wp\/v2\/media\/577013"}],"wp:attachment":[{"href":"https:\/\/pharma-hemp.com\/de\/wp-json\/wp\/v2\/media?parent=577008"}],"curies":[{"name":"wp","href":"https:\/\/api.w.org\/{rel}","templated":true}]}}