{"id":576903,"date":"2025-04-15T07:51:32","date_gmt":"2025-04-15T05:51:32","guid":{"rendered":"https:\/\/pharma-hemp.com\/?page_id=576903"},"modified":"2026-02-06T14:24:19","modified_gmt":"2026-02-06T12:24:19","slug":"cbd-einblicke","status":"publish","type":"page","link":"https:\/\/pharma-hemp.com\/de\/cbd-einblicke\/","title":{"rendered":"CBD Einblicke"},"content":{"rendered":"\r\n\n\t<section class=\"section\" id=\"section_324841865\">\n\t\t<div class=\"section-bg fill\" >\n\t\t\t\t\t\t\t\t\t\n\t\t\t\n\n\t\t<\/div>\n\n\t\t\n\n\t\t<div class=\"section-content relative\">\n\t\t\t <div class=\"row\"  id=\"row-1133189252\"> \n\t<div id=\"col-1638790754\" class=\"col small-12 large-12\"  >\n\t\t\t\t<div class=\"col-inner\"  >\n\t\t\t\n\t\t\t \r\n<div class=\"pharma-breadcrumbs\"><span><span><a href=\"https:\/\/pharma-hemp.com\/de\/\">Home<\/a><\/span><\/span><\/div>\r\n \t\t<\/div>\n\t\t\t\t\t<\/div>\n\n\t <\/div> \t\t<\/div>\n\n\t\t\n<style>\n#section_324841865 {\n  padding-top: 30px;\n  padding-bottom: 30px;\n}\n<\/style>\n\t<\/section>\n\t \n\t<section class=\"section\" id=\"section_191222613\">\n\t\t<div class=\"section-bg fill\" >\n\t\t\t\t\t\t\t\t\t\n\t\t\t\n\n\t\t<\/div>\n\n\t\t\n\n\t\t<div class=\"section-content relative\">\n\t\t\t <div class=\"row\"  id=\"row-644979918\"> \n\t<div id=\"col-350181366\" class=\"col small-12 large-12\"  >\n\t\t\t\t<div class=\"col-inner\"  >\n\t\t\t\n\t\t\t\r\n<h2 class=\"title\">CBD Einblicke<\/h2>\r\n\t<div id=\"text-1506988678\" class=\"text\">\n\t\t\r\n<p>Willkommen in der Welt von CBD &#8211; hier finden Sie ausf\u00fchrliche Einblicke,<br \/>die neueste Forschung und n\u00fctzliche Informationen f\u00fcr Ihre Gesundheit und Ihr Wohlbefinden.<\/p>\r\n\t\t\n<style>\n#text-1506988678 {\n  text-align: center;\n}\n<\/style>\n\t<\/div>\n\t \t\t<\/div>\n\t\t\t\t\t<\/div>\n\n\t <\/div> \t\t<\/div>\n\n\t\t\n<style>\n#section_191222613 {\n  padding-top: 15px;\n  padding-bottom: 15px;\n}\n@media (min-width:550px) {\n  #section_191222613 {\n    padding-top: 30px;\n    padding-bottom: 30px;\n  }\n}\n<\/style>\n\t<\/section>\n\t \n\t<section class=\"section\" id=\"section_1498525991\">\n\t\t<div class=\"section-bg fill\" >\n\t\t\t\t\t\t\t\t\t\n\t\t\t\n\n\t\t<\/div>\n\n\t\t\n\n\t\t<div class=\"section-content relative\">\n\t\t\t <div class=\"row\"  id=\"row-1915748252\"> \n\t<div id=\"col-571052218\" class=\"col small-12 large-12\"  >\n\t\t\t\t<div class=\"col-inner\"  >\n\t\t\t\n\t\t\t  \n    <div class=\"cbd-blog-archive-wrapper max-w-[1280px] mx-auto px-4 py-12\">\n        <div class=\"cbd-blog-archive-inner flex flex-col lg:flex-row gap-[60px]\">\n        \n        <!-- Sidebar: Category Filter -->\n        <aside class=\"cbd-sidebar\">\n            <h3 class=\"sidebar-title mb-4 text-[24px] font-extrabold text-[#002755]\">Kategorien<\/h3>\n            <ul class=\"space-y-2 font-semibold text-[17px]\">\n                                    <li>\n                        <a href=\"https:\/\/pharma-hemp.com\/de\/cbd-einblicke\/?blog_cat=336\"\n                           class=\"\">\n                            Nicht kategorisiert                        <\/a>\n                    <\/li>\n                                    <li>\n                        <a href=\"https:\/\/pharma-hemp.com\/de\/cbd-einblicke\/?blog_cat=573\"\n                           class=\"\">\n                            PHIX                        <\/a>\n                    <\/li>\n                            <\/ul>\n        <\/aside>\n\n        <!-- Blog Posts Grid -->\n        <section class=\"w-full\">\n                            <div class=\"blog-post-grid\">\n                                            <div class=\"blog-post-grid-item\">\n    <a href=\"https:\/\/pharma-hemp.com\/de\/konzentrationsschwaeche-warum-sie-auftritt-und-wie-sie-sich-helfen-koennen\/\" class=\"blog-post-large\">\n        <div class=\"blog-post-image\">\n            <img decoding=\"async\" width=\"850\" height=\"567\" src=\"https:\/\/pharma-hemp.com\/wp-content\/uploads\/2026\/02\/pharma-hemp-blog-focus-fokus-1.png\" class=\"attachment-large size-large wp-post-image\" alt=\"lack of concentration\" srcset=\"https:\/\/pharma-hemp.com\/wp-content\/uploads\/2026\/02\/pharma-hemp-blog-focus-fokus-1.png 850w, https:\/\/pharma-hemp.com\/wp-content\/uploads\/2026\/02\/pharma-hemp-blog-focus-fokus-1-300x200.png 300w, https:\/\/pharma-hemp.com\/wp-content\/uploads\/2026\/02\/pharma-hemp-blog-focus-fokus-1-768x512.png 768w, https:\/\/pharma-hemp.com\/wp-content\/uploads\/2026\/02\/pharma-hemp-blog-focus-fokus-1-800x534.png 800w\" sizes=\"(max-width: 850px) 100vw, 850px\" \/>        <\/div>\n        <div class=\"blog-post-content\">\n            <h3 class=\"blog-title\">Konzentrationsschw\u00e4che: Warum sie auftritt und wie Sie sich helfen k\u00f6nnen<\/h3>\n            <div class=\"blog-excerpt\">Entdecken Sie die Ursachen und nat\u00fcrlichen L\u00f6sungen Haben Sie schon einmal vor Ihrem Computer gesessen und festgestellt, dass Sie zehn&hellip;<\/div>\n            <div class=\"blog-read-more\">\n\t\t\t\tRead More\t\t\t\t<img decoding=\"async\" src=\"\/wp-content\/uploads\/2025\/04\/Arrow-18.png\" alt=\"arrow\" \/>\n\t\t\t<\/div>\n        <\/div>\n    <\/a>\n<\/div>\n                                            <div class=\"blog-post-grid-item\">\n    <a href=\"https:\/\/pharma-hemp.com\/de\/cbd-fuer-haustiere-was-die-wissenschaft-ueber-cbd-fuer-tiere-sagt\/\" class=\"blog-post-large\">\n        <div class=\"blog-post-image\">\n            <img decoding=\"async\" width=\"850\" height=\"567\" src=\"https:\/\/pharma-hemp.com\/wp-content\/uploads\/2026\/02\/pharma-hemp-cbd-for-pets-dogs-cats.png\" class=\"attachment-large size-large wp-post-image\" alt=\"\" srcset=\"https:\/\/pharma-hemp.com\/wp-content\/uploads\/2026\/02\/pharma-hemp-cbd-for-pets-dogs-cats.png 850w, https:\/\/pharma-hemp.com\/wp-content\/uploads\/2026\/02\/pharma-hemp-cbd-for-pets-dogs-cats-300x200.png 300w, https:\/\/pharma-hemp.com\/wp-content\/uploads\/2026\/02\/pharma-hemp-cbd-for-pets-dogs-cats-768x512.png 768w, https:\/\/pharma-hemp.com\/wp-content\/uploads\/2026\/02\/pharma-hemp-cbd-for-pets-dogs-cats-800x534.png 800w\" sizes=\"(max-width: 850px) 100vw, 850px\" \/>        <\/div>\n        <div class=\"blog-post-content\">\n            <h3 class=\"blog-title\">CBD f\u00fcr Haustiere &#8211; Was die Wissenschaft \u00fcber CBD f\u00fcr Tiere sagt<\/h3>\n            <div class=\"blog-excerpt\">CBD ist nicht mehr nur f\u00fcr Menschen. Heutzutage erforschen viele Haustierbesitzer CBD f\u00fcr Haustiere um ihren pelzigen Freunden bei Problemen&hellip;<\/div>\n            <div class=\"blog-read-more\">\n\t\t\t\tRead More\t\t\t\t<img decoding=\"async\" src=\"\/wp-content\/uploads\/2025\/04\/Arrow-18.png\" alt=\"arrow\" \/>\n\t\t\t<\/div>\n        <\/div>\n    <\/a>\n<\/div>\n                                            <div class=\"blog-post-grid-item\">\n    <a href=\"https:\/\/pharma-hemp.com\/de\/stadien-des-burnout\/\" class=\"blog-post-large\">\n        <div class=\"blog-post-image\">\n            <img decoding=\"async\" width=\"866\" height=\"578\" src=\"https:\/\/pharma-hemp.com\/wp-content\/uploads\/2026\/01\/burn-out-stopnje-izgorelosti.png\" class=\"attachment-large size-large wp-post-image\" alt=\"\" srcset=\"https:\/\/pharma-hemp.com\/wp-content\/uploads\/2026\/01\/burn-out-stopnje-izgorelosti.png 866w, https:\/\/pharma-hemp.com\/wp-content\/uploads\/2026\/01\/burn-out-stopnje-izgorelosti-300x200.png 300w, https:\/\/pharma-hemp.com\/wp-content\/uploads\/2026\/01\/burn-out-stopnje-izgorelosti-768x513.png 768w, https:\/\/pharma-hemp.com\/wp-content\/uploads\/2026\/01\/burn-out-stopnje-izgorelosti-800x534.png 800w\" sizes=\"(max-width: 866px) 100vw, 866px\" \/>        <\/div>\n        <div class=\"blog-post-content\">\n            <h3 class=\"blog-title\">Stadien des Burnout<\/h3>\n            <div class=\"blog-excerpt\">Einf\u00fchrung Burnout tritt nicht \u00fcber Nacht auf. Es ist ein langsamer, oft unbemerkter Prozess, der durch anhaltende \u00dcberlastung, unzureichende Erholung&hellip;<\/div>\n            <div class=\"blog-read-more\">\n\t\t\t\tRead More\t\t\t\t<img decoding=\"async\" src=\"\/wp-content\/uploads\/2025\/04\/Arrow-18.png\" alt=\"arrow\" \/>\n\t\t\t<\/div>\n        <\/div>\n    <\/a>\n<\/div>\n                                            <div class=\"blog-post-grid-item\">\n    <a href=\"https:\/\/pharma-hemp.com\/de\/vagusnerv\/\" class=\"blog-post-large\">\n        <div class=\"blog-post-image\">\n            <img decoding=\"async\" width=\"1020\" height=\"680\" src=\"https:\/\/pharma-hemp.com\/wp-content\/uploads\/2026\/01\/vagus-nerve-vagus-z\u030civec-1024x683.png\" class=\"attachment-large size-large wp-post-image\" alt=\"\" srcset=\"https:\/\/pharma-hemp.com\/wp-content\/uploads\/2026\/01\/vagus-nerve-vagus-z\u030civec-1024x683.png 1024w, https:\/\/pharma-hemp.com\/wp-content\/uploads\/2026\/01\/vagus-nerve-vagus-z\u030civec-300x200.png 300w, https:\/\/pharma-hemp.com\/wp-content\/uploads\/2026\/01\/vagus-nerve-vagus-z\u030civec-768x512.png 768w, https:\/\/pharma-hemp.com\/wp-content\/uploads\/2026\/01\/vagus-nerve-vagus-z\u030civec-800x534.png 800w, https:\/\/pharma-hemp.com\/wp-content\/uploads\/2026\/01\/vagus-nerve-vagus-z\u030civec.png 1120w\" sizes=\"(max-width: 1020px) 100vw, 1020px\" \/>        <\/div>\n        <div class=\"blog-post-content\">\n            <h3 class=\"blog-title\">Vagusnerv<\/h3>\n            <div class=\"blog-excerpt\">Der Vagusnerv spielt eine Schl\u00fcsselrolle dabei, wie der K\u00f6rper auf Stress reagiert, wie er Nahrung verdaut und wie er nach&hellip;<\/div>\n            <div class=\"blog-read-more\">\n\t\t\t\tRead More\t\t\t\t<img decoding=\"async\" src=\"\/wp-content\/uploads\/2025\/04\/Arrow-18.png\" alt=\"arrow\" \/>\n\t\t\t<\/div>\n        <\/div>\n    <\/a>\n<\/div>\n                                            <div class=\"blog-post-grid-item\">\n    <a href=\"https:\/\/pharma-hemp.com\/de\/eine-vision-teilen-mit-simply-green\/\" class=\"blog-post-large\">\n        <div class=\"blog-post-image\">\n            <img decoding=\"async\" width=\"1020\" height=\"649\" src=\"https:\/\/pharma-hemp.com\/wp-content\/uploads\/2025\/12\/pharma-hemp-blog-simply-green-e1765543377408-1024x652.png\" class=\"attachment-large size-large wp-post-image\" alt=\"\" srcset=\"https:\/\/pharma-hemp.com\/wp-content\/uploads\/2025\/12\/pharma-hemp-blog-simply-green-e1765543377408-1024x652.png 1024w, https:\/\/pharma-hemp.com\/wp-content\/uploads\/2025\/12\/pharma-hemp-blog-simply-green-e1765543377408-300x191.png 300w, https:\/\/pharma-hemp.com\/wp-content\/uploads\/2025\/12\/pharma-hemp-blog-simply-green-e1765543377408-768x489.png 768w, https:\/\/pharma-hemp.com\/wp-content\/uploads\/2025\/12\/pharma-hemp-blog-simply-green-e1765543377408-800x510.png 800w, https:\/\/pharma-hemp.com\/wp-content\/uploads\/2025\/12\/pharma-hemp-blog-simply-green-e1765543377408.png 1410w\" sizes=\"(max-width: 1020px) 100vw, 1020px\" \/>        <\/div>\n        <div class=\"blog-post-content\">\n            <h3 class=\"blog-title\">Eine Vision teilen mit Simply Green<\/h3>\n            <div class=\"blog-excerpt\">Eine auf Vertrauen basierende Partnerschaft seit 2020 Bei PharmaHemp haben wir die Zusammenarbeit mit Einfach Gr\u00fcn im Jahr 2020, vereint&hellip;<\/div>\n            <div class=\"blog-read-more\">\n\t\t\t\tRead More\t\t\t\t<img decoding=\"async\" src=\"\/wp-content\/uploads\/2025\/04\/Arrow-18.png\" alt=\"arrow\" \/>\n\t\t\t<\/div>\n        <\/div>\n    <\/a>\n<\/div>\n                                            <div class=\"blog-post-grid-item\">\n    <a href=\"https:\/\/pharma-hemp.com\/de\/cbd-tropfen-medizinische-wirkungen\/\" class=\"blog-post-large\">\n        <div class=\"blog-post-image\">\n            <img decoding=\"async\" width=\"850\" height=\"567\" src=\"https:\/\/pharma-hemp.com\/wp-content\/uploads\/2025\/12\/pharma-hemp-blog-cbd.png\" class=\"attachment-large size-large wp-post-image\" alt=\"\" srcset=\"https:\/\/pharma-hemp.com\/wp-content\/uploads\/2025\/12\/pharma-hemp-blog-cbd.png 850w, https:\/\/pharma-hemp.com\/wp-content\/uploads\/2025\/12\/pharma-hemp-blog-cbd-300x200.png 300w, https:\/\/pharma-hemp.com\/wp-content\/uploads\/2025\/12\/pharma-hemp-blog-cbd-768x512.png 768w, https:\/\/pharma-hemp.com\/wp-content\/uploads\/2025\/12\/pharma-hemp-blog-cbd-800x534.png 800w\" sizes=\"(max-width: 850px) 100vw, 850px\" \/>        <\/div>\n        <div class=\"blog-post-content\">\n            <h3 class=\"blog-title\">CBD-Tropfen Medizinische Wirkungen<\/h3>\n            <div class=\"blog-excerpt\">CBD-Tropfen gelten als eine der interessantesten nat\u00fcrlichen Nahrungserg\u00e4nzungen der Neuzeit. Sie sind ein Extrakt aus Industriehanf, der reich an Cannabinoiden,&hellip;<\/div>\n            <div class=\"blog-read-more\">\n\t\t\t\tRead More\t\t\t\t<img decoding=\"async\" src=\"\/wp-content\/uploads\/2025\/04\/Arrow-18.png\" alt=\"arrow\" \/>\n\t\t\t<\/div>\n        <\/div>\n    <\/a>\n<\/div>\n                                    <\/div>\n\n                <!-- Pagination -->\n                <div class=\"mt-10\">\n                    <span aria-label=\"Seite 1\" aria-current=\"page\" class=\"page-numbers current\">1<\/span>\n<a aria-label=\"Seite 2\" class=\"page-numbers\" href=\"https:\/\/pharma-hemp.com\/de\/wp-json\/wp\/v2\/pages\/576903\/?paged=2\">2<\/a>\n<a aria-label=\"Seite 3\" class=\"page-numbers\" href=\"https:\/\/pharma-hemp.com\/de\/wp-json\/wp\/v2\/pages\/576903\/?paged=3\">3<\/a>\n<a class=\"next page-numbers\" href=\"https:\/\/pharma-hemp.com\/de\/wp-json\/wp\/v2\/pages\/576903\/?paged=2\">&raquo;<\/a>                <\/div>\n                                <\/section>\n        <\/div>\n    <\/div>\n\n      \t\t<\/div>\n\t\t\t\t\t<\/div>\n\n\t <\/div> \t\t<\/div>\n\n\t\t\n<style>\n#section_1498525991 {\n  padding-top: 15px;\n  padding-bottom: 15px;\n}\n@media (min-width:550px) {\n  #section_1498525991 {\n    padding-top: 30px;\n    padding-bottom: 30px;\n  }\n}\n<\/style>\n\t<\/section>\n\t\r\n","protected":false},"excerpt":{"rendered":"","protected":false},"author":24310,"featured_media":0,"parent":0,"menu_order":0,"comment_status":"closed","ping_status":"closed","template":"","meta":{"footnotes":""},"class_list":["post-576903","page","type-page","status-publish","hentry"],"acf":[],"yoast_head":"<!-- This site is optimized with the Yoast SEO plugin v27.3 - https:\/\/yoast.com\/product\/yoast-seo-wordpress\/ -->\n<title>CBD Einblicke - Pharma Hemp<\/title>\n<meta name=\"robots\" content=\"index, follow, max-snippet:-1, max-image-preview:large, max-video-preview:-1\" \/>\n<link rel=\"canonical\" href=\"https:\/\/pharma-hemp.com\/de\/cbd-einblicke\/\" \/>\n<meta property=\"og:locale\" content=\"de_DE\" \/>\n<meta property=\"og:type\" content=\"article\" \/>\n<meta property=\"og:title\" content=\"CBD Einblicke - Pharma Hemp\" \/>\n<meta property=\"og:url\" content=\"https:\/\/pharma-hemp.com\/de\/cbd-einblicke\/\" \/>\n<meta property=\"og:site_name\" content=\"Pharma Hemp\" \/>\n<meta property=\"article:modified_time\" content=\"2026-02-06T12:24:19+00:00\" \/>\n<meta property=\"og:image\" content=\"https:\/\/pharma-hemp.com\/wp-content\/uploads\/2025\/04\/Pharma-Hemp-logo_crn-1.png\" \/>\n\t<meta property=\"og:image:width\" content=\"200\" \/>\n\t<meta property=\"og:image:height\" content=\"44\" \/>\n\t<meta property=\"og:image:type\" content=\"image\/png\" \/>\n<meta name=\"twitter:card\" content=\"summary_large_image\" \/>\n<meta name=\"twitter:label1\" content=\"Gesch\u00e4tzte Lesezeit\" \/>\n\t<meta name=\"twitter:data1\" content=\"1\u00a0Minute\" \/>\n<script type=\"application\/ld+json\" class=\"yoast-schema-graph\">{\"@context\":\"https:\\\/\\\/schema.org\",\"@graph\":[{\"@type\":\"WebPage\",\"@id\":\"https:\\\/\\\/pharma-hemp.com\\\/de\\\/cbd-einblicke\\\/\",\"url\":\"https:\\\/\\\/pharma-hemp.com\\\/de\\\/cbd-einblicke\\\/\",\"name\":\"CBD Einblicke - Pharma Hemp\",\"isPartOf\":{\"@id\":\"https:\\\/\\\/pharma-hemp.com\\\/de\\\/#website\"},\"datePublished\":\"2025-04-15T05:51:32+00:00\",\"dateModified\":\"2026-02-06T12:24:19+00:00\",\"breadcrumb\":{\"@id\":\"https:\\\/\\\/pharma-hemp.com\\\/de\\\/cbd-einblicke\\\/#breadcrumb\"},\"inLanguage\":\"de\",\"potentialAction\":[{\"@type\":\"ReadAction\",\"target\":[\"https:\\\/\\\/pharma-hemp.com\\\/de\\\/cbd-einblicke\\\/\"]}]},{\"@type\":\"BreadcrumbList\",\"@id\":\"https:\\\/\\\/pharma-hemp.com\\\/de\\\/cbd-einblicke\\\/#breadcrumb\",\"itemListElement\":[{\"@type\":\"ListItem\",\"position\":1,\"name\":\"Home\",\"item\":\"https:\\\/\\\/pharma-hemp.com\\\/de\\\/\"},{\"@type\":\"ListItem\",\"position\":2,\"name\":\"CBD Einblicke\"}]},{\"@type\":\"WebSite\",\"@id\":\"https:\\\/\\\/pharma-hemp.com\\\/de\\\/#website\",\"url\":\"https:\\\/\\\/pharma-hemp.com\\\/de\\\/\",\"name\":\"Pharma Hemp\",\"description\":\"CBD store\",\"publisher\":{\"@id\":\"https:\\\/\\\/pharma-hemp.com\\\/de\\\/#organization\"},\"potentialAction\":[{\"@type\":\"SearchAction\",\"target\":{\"@type\":\"EntryPoint\",\"urlTemplate\":\"https:\\\/\\\/pharma-hemp.com\\\/de\\\/?s={search_term_string}\"},\"query-input\":{\"@type\":\"PropertyValueSpecification\",\"valueRequired\":true,\"valueName\":\"search_term_string\"}}],\"inLanguage\":\"de\"},{\"@type\":\"Organization\",\"@id\":\"https:\\\/\\\/pharma-hemp.com\\\/de\\\/#organization\",\"name\":\"PharmaHemp\",\"url\":\"https:\\\/\\\/pharma-hemp.com\\\/de\\\/\",\"logo\":{\"@type\":\"ImageObject\",\"inLanguage\":\"de\",\"@id\":\"https:\\\/\\\/pharma-hemp.com\\\/de\\\/#\\\/schema\\\/logo\\\/image\\\/\",\"url\":\"https:\\\/\\\/pharma-hemp.com\\\/wp-content\\\/uploads\\\/2025\\\/04\\\/Pharma-Hemp-logo_crn-1.png\",\"contentUrl\":\"https:\\\/\\\/pharma-hemp.com\\\/wp-content\\\/uploads\\\/2025\\\/04\\\/Pharma-Hemp-logo_crn-1.png\",\"width\":200,\"height\":44,\"caption\":\"PharmaHemp\"},\"image\":{\"@id\":\"https:\\\/\\\/pharma-hemp.com\\\/de\\\/#\\\/schema\\\/logo\\\/image\\\/\"}}]}<\/script>\n<!-- \/ Yoast SEO plugin. -->","yoast_head_json":{"title":"CBD Einblicke - Pharma Hemp","robots":{"index":"index","follow":"follow","max-snippet":"max-snippet:-1","max-image-preview":"max-image-preview:large","max-video-preview":"max-video-preview:-1"},"canonical":"https:\/\/pharma-hemp.com\/de\/cbd-einblicke\/","og_locale":"de_DE","og_type":"article","og_title":"CBD Einblicke - Pharma Hemp","og_url":"https:\/\/pharma-hemp.com\/de\/cbd-einblicke\/","og_site_name":"Pharma Hemp","article_modified_time":"2026-02-06T12:24:19+00:00","og_image":[{"width":200,"height":44,"url":"https:\/\/pharma-hemp.com\/wp-content\/uploads\/2025\/04\/Pharma-Hemp-logo_crn-1.png","type":"image\/png"}],"twitter_card":"summary_large_image","twitter_misc":{"Gesch\u00e4tzte Lesezeit":"1\u00a0Minute"},"schema":{"@context":"https:\/\/schema.org","@graph":[{"@type":"WebPage","@id":"https:\/\/pharma-hemp.com\/de\/cbd-einblicke\/","url":"https:\/\/pharma-hemp.com\/de\/cbd-einblicke\/","name":"CBD Einblicke - Pharma Hemp","isPartOf":{"@id":"https:\/\/pharma-hemp.com\/de\/#website"},"datePublished":"2025-04-15T05:51:32+00:00","dateModified":"2026-02-06T12:24:19+00:00","breadcrumb":{"@id":"https:\/\/pharma-hemp.com\/de\/cbd-einblicke\/#breadcrumb"},"inLanguage":"de","potentialAction":[{"@type":"ReadAction","target":["https:\/\/pharma-hemp.com\/de\/cbd-einblicke\/"]}]},{"@type":"BreadcrumbList","@id":"https:\/\/pharma-hemp.com\/de\/cbd-einblicke\/#breadcrumb","itemListElement":[{"@type":"ListItem","position":1,"name":"Home","item":"https:\/\/pharma-hemp.com\/de\/"},{"@type":"ListItem","position":2,"name":"CBD Einblicke"}]},{"@type":"WebSite","@id":"https:\/\/pharma-hemp.com\/de\/#website","url":"https:\/\/pharma-hemp.com\/de\/","name":"Pharma Hemp","description":"CBD store","publisher":{"@id":"https:\/\/pharma-hemp.com\/de\/#organization"},"potentialAction":[{"@type":"SearchAction","target":{"@type":"EntryPoint","urlTemplate":"https:\/\/pharma-hemp.com\/de\/?s={search_term_string}"},"query-input":{"@type":"PropertyValueSpecification","valueRequired":true,"valueName":"search_term_string"}}],"inLanguage":"de"},{"@type":"Organization","@id":"https:\/\/pharma-hemp.com\/de\/#organization","name":"PharmaHemp","url":"https:\/\/pharma-hemp.com\/de\/","logo":{"@type":"ImageObject","inLanguage":"de","@id":"https:\/\/pharma-hemp.com\/de\/#\/schema\/logo\/image\/","url":"https:\/\/pharma-hemp.com\/wp-content\/uploads\/2025\/04\/Pharma-Hemp-logo_crn-1.png","contentUrl":"https:\/\/pharma-hemp.com\/wp-content\/uploads\/2025\/04\/Pharma-Hemp-logo_crn-1.png","width":200,"height":44,"caption":"PharmaHemp"},"image":{"@id":"https:\/\/pharma-hemp.com\/de\/#\/schema\/logo\/image\/"}}]}},"_links":{"self":[{"href":"https:\/\/pharma-hemp.com\/de\/wp-json\/wp\/v2\/pages\/576903","targetHints":{"allow":["GET"]}}],"collection":[{"href":"https:\/\/pharma-hemp.com\/de\/wp-json\/wp\/v2\/pages"}],"about":[{"href":"https:\/\/pharma-hemp.com\/de\/wp-json\/wp\/v2\/types\/page"}],"author":[{"embeddable":true,"href":"https:\/\/pharma-hemp.com\/de\/wp-json\/wp\/v2\/users\/24310"}],"replies":[{"embeddable":true,"href":"https:\/\/pharma-hemp.com\/de\/wp-json\/wp\/v2\/comments?post=576903"}],"version-history":[{"count":2,"href":"https:\/\/pharma-hemp.com\/de\/wp-json\/wp\/v2\/pages\/576903\/revisions"}],"predecessor-version":[{"id":578434,"href":"https:\/\/pharma-hemp.com\/de\/wp-json\/wp\/v2\/pages\/576903\/revisions\/578434"}],"wp:attachment":[{"href":"https:\/\/pharma-hemp.com\/de\/wp-json\/wp\/v2\/media?parent=576903"}],"curies":[{"name":"wp","href":"https:\/\/api.w.org\/{rel}","templated":true}]}}